{"id":9999,"date":"2016-05-23T10:06:40","date_gmt":"2016-05-23T08:06:40","guid":{"rendered":"http:\/\/ssemp.pl\/wordpress\/?page_id=9999"},"modified":"2025-10-07T12:12:02","modified_gmt":"2025-10-07T10:12:02","slug":"do-pobrania","status":"publish","type":"page","link":"https:\/\/old-ssemp.sowiak.dev\/?page_id=9999","title":{"rendered":"Do pobrania"},"content":{"rendered":"<p>[vc_row][vc_column][vc_column_text]<\/p>\n<table>\n<tbody>\n<tr>\n<td><a href=\"https:\/\/old-ssemp.sowiak.dev\/wordpress\/wp-content\/uploads\/2016\/05\/Lista-wymaganych-dokument%C3%B3w.docx\" target=\"_blank\"><strong>KSSEMP LISTA WYMAGANYCH DOKUMENT\u00d3W DO WNIOSKU<\/strong><\/a><\/td>\n<td>Nr o\u015bwiadczenia<\/td>\n<\/tr>\n<tr>\n<td><a href=\"https:\/\/old-ssemp.sowiak.dev\/wordpress\/wp-content\/uploads\/2016\/05\/wz\u00f3r-wniosku-word.docx\" target=\"_blank\">Wniosek o wydanie decyzji o wsparciu<\/a><\/td>\n<td><\/td>\n<\/tr>\n<tr>\n<td><a href=\"https:\/\/old-ssemp.sowiak.dev\/wordpress\/wp-content\/uploads\/2016\/05\/za\u0142\u0105cznik-nr-2.docx\" target=\"_blank\">Formularz informacji przedstawianych przy ubieganiu si\u0119 o pomoc inn\u0105<\/a><br \/>\nni\u017c pomoc w rolnictwie i rybo\u0142\u00f3wstwie, pomoc de minimis lub pomoc<br \/>\nde minimis w\u00a0rolnictwie lub rybo\u0142\u00f3wstwie<\/td>\n<td><\/td>\n<\/tr>\n<tr>\n<td>Sprawozdania finansowe za okres 3 ostatnich lat obrotowych, sporz\u0105dzone zgodnie z przepisami o rachunkowo\u015bci (tylko dla \u015brednich i du\u017cych przedsi\u0119biorc\u00f3w)<\/td>\n<td><\/td>\n<\/tr>\n<tr>\n<td><a href=\"https:\/\/old-ssemp.sowiak.dev\/wordpress\/wp-content\/uploads\/2016\/05\/1.-O%C5%9Bwiadczenie-o-niezaleganiu-US-i-ZUS.doc\" target=\"_blank\">O\u015bwiadczenie przedsi\u0119biorcy o braku zaleg\u0142o\u015bci wobec US i ZUS<\/a><\/td>\n<td>\u00a01<\/td>\n<\/tr>\n<tr>\n<td><a href=\"https:\/\/old-ssemp.sowiak.dev\/wordpress\/wp-content\/uploads\/2016\/05\/6.-O%C5%9Bwiadczenie-o-odpowiedzialno%C5%9Bci-karnej.doc\" target=\"_blank\">O\u015bwiadczenie o odpowiedzialno\u015bci karnej<\/a><\/td>\n<td>\u00a02<\/td>\n<\/tr>\n<tr>\n<td><a href=\"https:\/\/old-ssemp.sowiak.dev\/wordpress\/wp-content\/uploads\/2016\/05\/8.-Zobowi%C4%85zanie-do-umieszczenia-planszy-informacyjnej.doc\" target=\"_blank\">Zobowi\u0105zanie do umieszczenia planszy informacyjnej<\/a><\/td>\n<td>\u00a03<\/td>\n<\/tr>\n<tr>\n<td><a href=\"https:\/\/old-ssemp.sowiak.dev\/wordpress\/wp-content\/uploads\/2016\/05\/9.-Zgoda-na-przetwarzanie-danych-osobowych.doc\" target=\"_blank\">Zgoda na przetwarzanie danych osobowych<\/a><\/td>\n<td>\u00a04<\/td>\n<\/tr>\n<tr>\n<td><a href=\"https:\/\/old-ssemp.sowiak.dev\/wordpress\/wp-content\/uploads\/2016\/05\/01.01.2023-kryteria-jako\u015bciowe-sektor-przemys\u0142owy.pdf\" target=\"_blank\">Za\u0142\u0105cznik kryteria zr\u00f3wnowa\u017conego rozwoju gospodarczego (SEKTOR PRZEMYS\u0141OWY)<\/a><a href=\"https:\/\/old-ssemp.sowiak.dev\/wordpress\/wp-content\/uploads\/2016\/05\/01.01.2023-kryteria-jako\u015bciowe-sektor-us\u0142ug.pdf\" target=\"_blank\">Za\u0142\u0105cznik kryteria zr\u00f3wnowa\u017conego rozwoju gospodarczego (SEKTOR US\u0141UGOWY)<\/a><\/td>\n<td>\u00a0I<\/td>\n<\/tr>\n<tr>\n<td><a href=\"https:\/\/old-ssemp.sowiak.dev\/wordpress\/wp-content\/uploads\/2016\/05\/01.01.2023-kryteria-jako\u015bciowe-sektor-przemys\u0142owy.pdf\" target=\"_blank\">Za\u0142\u0105cznik kryteria zr\u00f3wnowa\u017conego rozwoju spo\u0142ecznego\u00a0(SEKTOR PRZEMYS\u0141OWY)<\/a><a href=\"https:\/\/old-ssemp.sowiak.dev\/wordpress\/wp-content\/uploads\/2016\/05\/01.01.2023-kryteria-jako\u015bciowe-sektor-us\u0142ug.pdf\" target=\"_blank\">Za\u0142\u0105cznik kryteria zr\u00f3wnowa\u017conego rozwoju spo\u0142ecznego\u00a0(SEKTOR US\u0141UGOWY)<\/a><\/td>\n<td>\u00a0II<\/td>\n<\/tr>\n<\/tbody>\n<\/table>\n<p style=\"text-align: justify;\"><a href=\"https:\/\/old-ssemp.sowiak.dev\/wordpress\/wp-content\/uploads\/2025\/10\/25.09.2024-KRYTERIA-ILO\u015aCIOWE-nowoczesne-us\u0142ugi-1.docx\" target=\"_blank\"><strong>Szczeg\u00f3\u0142owe kryteria ilo\u015bciowe\u00a0\u2013 nowoczesne us\u0142ugi<\/strong><\/a><\/p>\n<p style=\"text-align: justify;\"><a href=\"https:\/\/old-ssemp.sowiak.dev\/wordpress\/wp-content\/uploads\/2016\/05\/3-25.09.2024-kryteria-ilo\u015bciowe-sektor-przemys\u0142owy-1.pdf\" target=\"_blank\"><strong>Szczeg\u00f3\u0142owe kryteria ilo\u015bciowe \u2013 sektor przemys\u0142owy i us\u0142ugowy<\/strong><\/a><\/p>\n<p>[\/vc_column_text][vc_empty_space height=&#8221;40px&#8221;]\t\t\t\r\n\t\t<a id=\"ct_custom_5441605271720\" href=\"https:\/\/old-ssemp.sowiak.dev\/wordpress\/wp-content\/uploads\/2016\/05\/KSSEMP-kalkulator-pomocy-publicznej-zmiana-01.01.2022-1.xlsx\"  class=\"btn btn-default  \">\r\n\t\t\t<span class=\"add-style\">\r\n\t\t\t\t \r\n\t\t\t\t<span>KALKULATOR POMOCY PUBLICZNEJ<\/span>\t\t\t<\/span>    \r\n\t\t<\/a>\r\n\t\t        \r\n\t\t\t\t\t\r\n\t\t<a id=\"ct_custom_5441605271720\" href=\"https:\/\/old-ssemp.sowiak.dev\/wordpress\/wp-content\/uploads\/2016\/05\/01.01.2022-KRYTERIA-JAKO\u015aCIOWE-sektor-przemys\u0142owy.pdf\"  class=\"btn btn-default  \">\r\n\t\t\t<span class=\"add-style\">\r\n\t\t\t\t \r\n\t\t\t\t<span>KRYTERIA JAKO\u015aCIOWE W SEKTORZE PRZEMYS\u0141OWYM<\/span>\t\t\t<\/span>    \r\n\t\t<\/a>\r\n\t\t        \r\n\t\t\t\t\t\r\n\t\t<a id=\"ct_custom_5441605271720\" href=\"https:\/\/old-ssemp.sowiak.dev\/wordpress\/wp-content\/uploads\/2016\/05\/01.01.2022-KRYTERIA-JAKO\u015aCIOWE-us\u0142ugi.pdf\"  class=\"btn btn-default  \">\r\n\t\t\t<span class=\"add-style\">\r\n\t\t\t\t \r\n\t\t\t\t<span>KRYTERIA JAKO\u015aCIOWE W SEKTORZE US\u0141UG<\/span>\t\t\t<\/span>    \r\n\t\t<\/a>\r\n\t\t        \r\n\t\t\t\t        \r\n\t\t[vc_separator][\/vc_column][\/vc_row][vc_row][vc_column width=&#8221;1\/4&#8243;][vc_column_text css_animation=&#8221;appear&#8221;]<a href=\"https:\/\/old-ssemp.sowiak.dev\/wordpress\/wp-content\/uploads\/2016\/05\/Brochure-KSSEMP-EN.pdf\"><img loading=\"lazy\" decoding=\"async\" class=\"aligncenter wp-image-15591\" src=\"https:\/\/old-ssemp.sowiak.dev\/wordpress\/wp-content\/uploads\/2016\/05\/brochure-kssemp.jpg\" width=\"75\" height=\"75\" srcset=\"https:\/\/old-ssemp.sowiak.dev\/wp-content\/uploads\/2016\/05\/brochure-kssemp.jpg 1400w, https:\/\/old-ssemp.sowiak.dev\/wp-content\/uploads\/2016\/05\/brochure-kssemp-150x150.jpg 150w, https:\/\/old-ssemp.sowiak.dev\/wp-content\/uploads\/2016\/05\/brochure-kssemp-300x300.jpg 300w, https:\/\/old-ssemp.sowiak.dev\/wp-content\/uploads\/2016\/05\/brochure-kssemp-768x768.jpg 768w, https:\/\/old-ssemp.sowiak.dev\/wp-content\/uploads\/2016\/05\/brochure-kssemp-1024x1024.jpg 1024w, https:\/\/old-ssemp.sowiak.dev\/wp-content\/uploads\/2016\/05\/brochure-kssemp-460x460.jpg 460w, https:\/\/old-ssemp.sowiak.dev\/wp-content\/uploads\/2016\/05\/brochure-kssemp-920x920.jpg 920w, https:\/\/old-ssemp.sowiak.dev\/wp-content\/uploads\/2016\/05\/brochure-kssemp-80x80.jpg 80w, https:\/\/old-ssemp.sowiak.dev\/wp-content\/uploads\/2016\/05\/brochure-kssemp-160x160.jpg 160w\" sizes=\"auto, (max-width: 75px) 100vw, 75px\" \/><\/a><\/p>\n<p style=\"text-align: center;\">Broszura informacyjna KSSEMP<br \/>\nWersja angloj\u0119zyczna.<\/p>\n<p style=\"text-align: justify;\"><em>The brochure contains basic information about the public aid in the form of tax exemption through an investment in the Kamienna G\u00f3ra SEZ area.<\/em><\/p>\n<p style=\"text-align: justify;\"><a href=\"http:\/\/www.paiz.gov.pl\/publikacje\/o_polsce\" target=\"_blank\">\u0179r\u00f3d\u0142o<\/a><\/p>\n<p>[\/vc_column_text][\/vc_column][vc_column width=&#8221;1\/4&#8243;][vc_column_text css_animation=&#8221;appear&#8221;]<a href=\"https:\/\/old-ssemp.sowiak.dev\/wordpress\/wp-content\/uploads\/2016\/05\/kssemp_broszura.pdf\"><img loading=\"lazy\" decoding=\"async\" class=\"aligncenter wp-image-15591\" src=\"https:\/\/old-ssemp.sowiak.dev\/wordpress\/wp-content\/uploads\/2016\/05\/brochure-kssemp.jpg\" width=\"75\" height=\"75\" srcset=\"https:\/\/old-ssemp.sowiak.dev\/wp-content\/uploads\/2016\/05\/brochure-kssemp.jpg 1400w, https:\/\/old-ssemp.sowiak.dev\/wp-content\/uploads\/2016\/05\/brochure-kssemp-150x150.jpg 150w, https:\/\/old-ssemp.sowiak.dev\/wp-content\/uploads\/2016\/05\/brochure-kssemp-300x300.jpg 300w, https:\/\/old-ssemp.sowiak.dev\/wp-content\/uploads\/2016\/05\/brochure-kssemp-768x768.jpg 768w, https:\/\/old-ssemp.sowiak.dev\/wp-content\/uploads\/2016\/05\/brochure-kssemp-1024x1024.jpg 1024w, https:\/\/old-ssemp.sowiak.dev\/wp-content\/uploads\/2016\/05\/brochure-kssemp-460x460.jpg 460w, https:\/\/old-ssemp.sowiak.dev\/wp-content\/uploads\/2016\/05\/brochure-kssemp-920x920.jpg 920w, https:\/\/old-ssemp.sowiak.dev\/wp-content\/uploads\/2016\/05\/brochure-kssemp-80x80.jpg 80w, https:\/\/old-ssemp.sowiak.dev\/wp-content\/uploads\/2016\/05\/brochure-kssemp-160x160.jpg 160w\" sizes=\"auto, (max-width: 75px) 100vw, 75px\" \/><\/a><\/p>\n<p style=\"text-align: center;\">Broszura informacyjna KSSEMP<br \/>\nWersja polska.<\/p>\n<p style=\"text-align: justify;\">Broszura informacyjna zawiera podstawowe informacje o mo\u017cliwo\u015bciach skorzystania z pomocy publicznej w formie zwolnienia podatkowego poprzez inwestycj\u0119 w obszarze Kamiennog\u00f3rskiej SSEMP.<\/p>\n<p style=\"text-align: justify;\"><a href=\"http:\/\/www.paiz.gov.pl\/publikacje\/o_polsce\" target=\"_blank\">\u0179r\u00f3d\u0142o<\/a><\/p>\n<p>[\/vc_column_text][\/vc_column][vc_column][vc_empty_space height=&#8221;40px&#8221;][\/vc_column][\/vc_row][vc_row][vc_column width=&#8221;1\/4&#8243;][vc_column_text css_animation=&#8221;appear&#8221;]<a href=\"http:\/\/www.paiz.gov.pl\/files\/?id_plik=25959\"><img loading=\"lazy\" decoding=\"async\" class=\"size-full wp-image-10586 aligncenter\" src=\"https:\/\/old-ssemp.sowiak.dev\/wordpress\/wp-content\/uploads\/2016\/08\/ikonka-plik-do-pobrania1.jpg\" alt=\"ikona-download\" width=\"75\" height=\"75\" \/><\/a><\/p>\n<p style=\"text-align: center;\"><a href=\"http:\/\/www.paiz.gov.pl\/files\/?id_plik=25959\">Atrakcyjno\u015b\u0107 inwestycyjna region\u00f3w 2015<\/a><\/p>\n<p style=\"text-align: center;\">\u00a0wojew\u00f3dztwo dolno\u015bl\u0105skie<\/p>\n<p style=\"text-align: justify;\">Prezentujemy publikacj\u0119 <strong>&#8222;Atrakcyjno\u015b\u0107 inwestycyjna region\u00f3w 2015&#8221;<\/strong> przygotowan\u0105 na zlecenie PAIiIZ w Instytucie Przedsi\u0119biorstwa Szko\u0142y G\u0142\u00f3wnej Handlowej pod kierunkiem prof. dr hab. Hanny Godlewskiej-Majkowskiej.<\/p>\n<p style=\"text-align: justify;\"><a href=\"http:\/\/www.paiz.gov.pl\/publikacje\/wojewodztwa\" target=\"_blank\">\u0179r\u00f3d\u0142o<\/a><\/p>\n<p>[\/vc_column_text][\/vc_column][vc_column width=&#8221;1\/4&#8243;][vc_column_text css_animation=&#8221;appear&#8221;]<a href=\"http:\/\/www.paiz.gov.pl\/files\/?id_plik=26190\"><img loading=\"lazy\" decoding=\"async\" class=\"size-full wp-image-10586 aligncenter\" src=\"https:\/\/old-ssemp.sowiak.dev\/wordpress\/wp-content\/uploads\/2016\/08\/ikonka-plik-do-pobrania2.jpg\" alt=\"ikona-download\" width=\"75\" height=\"75\" \/><\/a><\/p>\n<p style=\"text-align: center;\"><a href=\"http:\/\/www.paiz.gov.pl\/files\/?id_plik=26190\"><b>Invest in Poland<\/b>, Warszawa 2015<\/a><br \/>\nWersja rosyjska.<\/p>\n<p style=\"text-align: justify;\">Publikacja <strong>&#8222;Invest in Poland&#8221;<\/strong> zawiera najwa\u017cniejsze informacje o Polsce, polskiej gospodarce, zach\u0119tach inwestycyjnych oraz o sektorach o priorytetowym znaczeniu dla polskiej gospodarki &#8211; wersja rosyjska.<\/p>\n<p style=\"text-align: justify;\"><a href=\"http:\/\/www.paiz.gov.pl\/publikacje\/o_polsce\" target=\"_blank\">\u0179r\u00f3d\u0142o<\/a><\/p>\n<p>[\/vc_column_text][\/vc_column][vc_column width=&#8221;1\/4&#8243;][vc_column_text css_animation=&#8221;appear&#8221;]<a href=\"http:\/\/www.paiz.gov.pl\/files\/?id_plik=26188\"><img loading=\"lazy\" decoding=\"async\" class=\"size-full wp-image-10586 aligncenter\" src=\"https:\/\/old-ssemp.sowiak.dev\/wordpress\/wp-content\/uploads\/2016\/08\/ikonka-plik-do-pobrania2.jpg\" alt=\"ikona-download\" width=\"75\" height=\"75\" \/><\/a><\/p>\n<p style=\"text-align: center;\"><a href=\"http:\/\/www.paiz.gov.pl\/files\/?id_plik=26188\"><b>Invest in Poland<\/b>, Warszawa 2015<\/a><br \/>\nWersja angielska<\/p>\n<p style=\"text-align: justify;\">Publikacja <strong>&#8222;Invest in Poland&#8221;<\/strong> zawiera najwa\u017cniejsze informacje o Polsce, polskiej gospodarce, zach\u0119tach inwestycyjnych oraz o sektorach o priorytetowym znaczeniu dla polskiej gospodarki &#8211; wersja angielska.<\/p>\n<p style=\"text-align: justify;\"><a href=\"http:\/\/www.paiz.gov.pl\/\" target=\"_blank\">\u0179r\u00f3d\u0142o<\/a><\/p>\n<p>[\/vc_column_text][\/vc_column][vc_column width=&#8221;1\/4&#8243;][vc_column_text css_animation=&#8221;appear&#8221;]<a href=\"http:\/\/www.paiz.gov.pl\/files\/?id_plik=26189\"><img loading=\"lazy\" decoding=\"async\" class=\"size-full wp-image-10586 aligncenter\" src=\"https:\/\/old-ssemp.sowiak.dev\/wordpress\/wp-content\/uploads\/2016\/08\/ikonka-plik-do-pobrania2.jpg\" alt=\"ikona-download\" width=\"75\" height=\"75\" \/><\/a><\/p>\n<p style=\"text-align: center;\"><a href=\"http:\/\/www.paiz.gov.pl\/files\/?id_plik=26189\"><b>Invest in Poland<\/b>, Warszawa 2015<\/a><br \/>\nWersja niemiecka.<\/p>\n<p style=\"text-align: justify;\">Publikacja <strong>&#8222;Invest in Poland&#8221;<\/strong> zawiera najwa\u017cniejsze informacje o Polsce, polskiej gospodarce, zach\u0119tach inwestycyjnych oraz o sektorach o priorytetowym znaczeniu dla polskiej gospodarki wersja niemiecka.<\/p>\n<p style=\"text-align: justify;\"><a href=\"http:\/\/www.paiz.gov.pl\/publikacje\/o_polsce\" target=\"_blank\">\u0179r\u00f3d\u0142o<\/a><\/p>\n<p>[\/vc_column_text][\/vc_column][vc_column][vc_empty_space height=&#8221;40px&#8221;][\/vc_column][\/vc_row][vc_row][vc_column width=&#8221;1\/4&#8243;][vc_column_text css_animation=&#8221;appear&#8221;]<\/p>\n<p style=\"text-align: center;\"><a href=\"https:\/\/www.kpmg.com\/PL\/pl\/IssuesAndInsights\/ArticlesPublications\/Documents\/2014\/Raport-KPMG-Polands-Position-as-a-Business-Partner-for-Japan-2014-online.pdf\" target=\"_blank\"><img loading=\"lazy\" decoding=\"async\" class=\"size-full wp-image-10586 aligncenter\" src=\"https:\/\/old-ssemp.sowiak.dev\/wordpress\/wp-content\/uploads\/2016\/08\/ikonka-plik-do-pobrania3.jpg\" alt=\"ikona-download\" width=\"75\" height=\"75\" \/><\/a><\/p>\n<p style=\"text-align: center;\"><a href=\"https:\/\/www.kpmg.com\/PL\/pl\/IssuesAndInsights\/ArticlesPublications\/Documents\/2014\/Raport-KPMG-Polands-Position-as-a-Business-Partner-for-Japan-2014-online.pdf\" target=\"_blank\">Poland\u2019s Position as a Business Partner for Japan<\/a><\/p>\n<p>&nbsp;<\/p>\n<div style=\"text-align: justify;\" data-canvas-width=\"393.9999999999999\">\u65e5\u672c\u306e\u6295\u8cc7\u5bb6\u306f\u30dd\u30fc\u30e9\u30f3\u30c9\u3092\u3069\u3046\u898b\u3066\u3044\u308b\u304b<\/div>\n<div style=\"text-align: justify;\" data-canvas-width=\"406.06\">How Japanese Investors are Looking at Poland<\/div>\n<div style=\"text-align: justify;\" data-canvas-width=\"406.06\"><\/div>\n<div style=\"text-align: justify;\" data-canvas-width=\"406.06\"><a href=\"https:\/\/www.kpmg.com\" target=\"_blank\">\u0179r\u00f3d\u0142o<\/a><\/div>\n<p>[\/vc_column_text][\/vc_column][vc_column width=&#8221;1\/4&#8243;][vc_column_text css_animation=&#8221;appear&#8221;]<a href=\"http:\/\/www.paiz.gov.pl\/files\/?id_plik=26096\"><img loading=\"lazy\" decoding=\"async\" class=\"size-full wp-image-10586 aligncenter\" src=\"https:\/\/old-ssemp.sowiak.dev\/wordpress\/wp-content\/uploads\/2016\/08\/ikonka-plik-do-pobrania4.jpg\" alt=\"ikona-download\" width=\"75\" height=\"75\" \/><\/a><\/p>\n<p style=\"text-align: center;\"><a href=\"http:\/\/www.paiz.gov.pl\/files\/?id_plik=26096\">Investor&#8217;s Guide &#8211; Poland. How to do Business.<\/a><\/p>\n<p style=\"text-align: justify;\">Kompendium wiedzy na temat warunk\u00f3w prowadzenia dzia\u0142alno\u015bci gospodarczej w Polsce (wersja angielska).<\/p>\n<p style=\"text-align: justify;\"><a href=\"http:\/\/www.paiz.gov.pl\/publikacje\/jak_prowadzic_dzialalnosc_gospodarcza_w_polsce\" target=\"_blank\">\u0179r\u00f3d\u0142o<\/a><\/p>\n<p>[\/vc_column_text][\/vc_column][vc_column width=&#8221;1\/4&#8243;][vc_column_text css_animation=&#8221;appear&#8221;]<a href=\"http:\/\/www.paiz.gov.pl\/files\/?id_plik=26097\"><img loading=\"lazy\" decoding=\"async\" class=\"size-full wp-image-10586 aligncenter\" src=\"https:\/\/old-ssemp.sowiak.dev\/wordpress\/wp-content\/uploads\/2016\/08\/ikonka-plik-do-pobrania4.jpg\" alt=\"ikona-download\" width=\"75\" height=\"75\" \/><\/a><\/p>\n<p style=\"text-align: center;\"><a href=\"http:\/\/www.paiz.gov.pl\/files\/?id_plik=26097\">Investor&#8217;s Guide &#8211; Poland. How to do Business.<\/a><\/p>\n<p style=\"text-align: justify;\">Kompendium wiedzy na temat warunk\u00f3w prowadzenia dzia\u0142alno\u015bci gospodarczej w Polsce (wersja rosyjska).<\/p>\n<p style=\"text-align: justify;\"><a href=\"http:\/\/www.paiz.gov.pl\/publikacje\/jak_prowadzic_dzialalnosc_gospodarcza_w_polsce\" target=\"_blank\">\u0179r\u00f3d\u0142o<\/a><\/p>\n<p>[\/vc_column_text][\/vc_column][vc_column width=&#8221;1\/4&#8243;][vc_column_text css_animation=&#8221;appear&#8221;]<a href=\"http:\/\/www.paiz.gov.pl\/files\/?id_plik=26098\"><img loading=\"lazy\" decoding=\"async\" class=\"size-full wp-image-10586 aligncenter\" src=\"https:\/\/old-ssemp.sowiak.dev\/wordpress\/wp-content\/uploads\/2016\/08\/ikonka-plik-do-pobrania4.jpg\" alt=\"ikona-download\" width=\"75\" height=\"75\" \/><\/a><\/p>\n<p style=\"text-align: center;\"><a href=\"http:\/\/www.paiz.gov.pl\/files\/?id_plik=26098\">Investor&#8217;s Guide &#8211; Poland. How to do Business.<\/a><\/p>\n<p style=\"text-align: justify;\">Kompendium wiedzy na temat warunk\u00f3w prowadzenia dzia\u0142alno\u015bci gospodarczej w Polsce (wersja niemiecka).<\/p>\n<p style=\"text-align: justify;\"><a href=\"http:\/\/www.paiz.gov.pl\/publikacje\/jak_prowadzic_dzialalnosc_gospodarcza_w_polsce\" target=\"_blank\">\u0179r\u00f3d\u0142o<\/a><\/p>\n<p>[\/vc_column_text][\/vc_column][vc_column][vc_empty_space height=&#8221;40px&#8221;][\/vc_column][\/vc_row][vc_row][vc_column][vc_empty_space height=&#8221;40px&#8221;][\/vc_column][\/vc_row]<\/p>\n","protected":false},"excerpt":{"rendered":"<p>[vc_row][vc_column][vc_column_text] KSSEMP LISTA WYMAGANYCH DOKUMENT\u00d3W DO WNIOSKU Nr o\u015bwiadczenia Wniosek o wydanie decyzji o wsparciu Formularz informacji przedstawianych przy ubieganiu si\u0119 o pomoc inn\u0105 ni\u017c pomoc w rolnictwie i rybo\u0142\u00f3wstwie, pomoc de minimis lub pomoc de minimis w\u00a0rolnictwie lub rybo\u0142\u00f3wstwie Sprawozdania finansowe za okres 3 ostatnich lat obrotowych, sporz\u0105dzone zgodnie z przepisami o rachunkowo\u015bci (tylko [&hellip;]<\/p>\n","protected":false},"author":1,"featured_media":0,"parent":0,"menu_order":0,"comment_status":"closed","ping_status":"closed","template":"page-templates\/front-page.php","meta":{"footnotes":""},"class_list":["post-9999","page","type-page","status-publish","hentry"],"_links":{"self":[{"href":"https:\/\/old-ssemp.sowiak.dev\/index.php?rest_route=\/wp\/v2\/pages\/9999","targetHints":{"allow":["GET"]}}],"collection":[{"href":"https:\/\/old-ssemp.sowiak.dev\/index.php?rest_route=\/wp\/v2\/pages"}],"about":[{"href":"https:\/\/old-ssemp.sowiak.dev\/index.php?rest_route=\/wp\/v2\/types\/page"}],"author":[{"embeddable":true,"href":"https:\/\/old-ssemp.sowiak.dev\/index.php?rest_route=\/wp\/v2\/users\/1"}],"replies":[{"embeddable":true,"href":"https:\/\/old-ssemp.sowiak.dev\/index.php?rest_route=%2Fwp%2Fv2%2Fcomments&post=9999"}],"version-history":[{"count":70,"href":"https:\/\/old-ssemp.sowiak.dev\/index.php?rest_route=\/wp\/v2\/pages\/9999\/revisions"}],"predecessor-version":[{"id":21508,"href":"https:\/\/old-ssemp.sowiak.dev\/index.php?rest_route=\/wp\/v2\/pages\/9999\/revisions\/21508"}],"wp:attachment":[{"href":"https:\/\/old-ssemp.sowiak.dev\/index.php?rest_route=%2Fwp%2Fv2%2Fmedia&parent=9999"}],"curies":[{"name":"wp","href":"https:\/\/api.w.org\/{rel}","templated":true}]}}