{"id":9992,"date":"2016-05-23T09:57:09","date_gmt":"2016-05-23T07:57:09","guid":{"rendered":"http:\/\/ssemp.pl\/wordpress\/?page_id=9992"},"modified":"2025-10-07T12:15:14","modified_gmt":"2025-10-07T10:15:14","slug":"wspolpraca","status":"publish","type":"page","link":"https:\/\/old-ssemp.sowiak.dev\/?page_id=9992","title":{"rendered":"Polska Strefa Inwestycji"},"content":{"rendered":"<p>[vc_row][vc_column][vc_column_text]Ustawa z dnia 10 maja 2018r. o wspieraniu nowych inwestycji daje mo\u017cliwo\u015b\u0107 dokonywania inwestycji obj\u0119tych pomoc\u0105 publiczn\u0105 nie tylko na terenie dawnych stref ekonomicznych, ale tak\u017ce na dowolnie wybranej przez inwestora nieruchomo\u015bci.<\/p>\n<p>Zgodnie z zapisami w Ustawie z dnia 10 maja 2018 r. nowa inwestycja to inwestycja w\u00a0rzeczowe aktywa trwa\u0142e lub warto\u015bci niematerialne i prawne zwi\u0105zane z <strong>za\u0142o\u017ceniem nowego przedsi\u0119biorstwa,\u00a0zwi\u0119kszeniem zdolno\u015bci produkcyjnej istniej\u0105cego przedsi\u0119biorstwa, dywersyfikacj\u0119 produkcji przedsi\u0119biorstwa przez wprowadzenie produkt\u00f3w uprzednio nieprodukowanych w\u00a0przedsi\u0119biorstwie lub zasadnicz\u0105 zmian\u0119 dotycz\u0105ca procesu produkcyjnego istniej\u0105cego przedsi\u0119biorstwa<\/strong>. <strong>Za now\u0105 inwestycj\u0119 uznaje si\u0119 r\u00f3wnie\u017c zakup przedsi\u0119biorstwa, kt\u00f3re jest w likwidacji albo zosta\u0142oby zlikwidowane, gdyby nie by\u0142o zakupione, przy czym przedsi\u0119biorstwo jest nabywane przez niezale\u017cnego inwestora. Nie jest dopuszczalna pomoc przeznaczona na inwestycje odtworzeniowe.<\/strong><\/p>\n<p>Je\u015bli firma planuje w najbli\u017cszym czasie budow\u0119 hali produkcyjnej, zakup nowej maszyny, linii technologicznej, dywersyfikacj\u0119 lub zwi\u0119kszenie mocy produkcyjnych to przy spe\u0142nieniu okre\u015blonych kryteri\u00f3w, mo\u017ce si\u0119 ubiega\u0107 o decyzj\u0119 o wsparciu, a co za tym idzie pomoc publiczn\u0105.<\/p>\n<p>Otrzymanie decyzji o wsparciu jest jednoznaczne z otrzymaniem pomocy publicznej w formie zwolnienia z podatku dochodowego od os\u00f3b prawnych lub os\u00f3b fizycznych. Pula zwolnienia zale\u017cy od wielko\u015bci przedsi\u0119biorstwa i lokalizacji przedsi\u0119wzi\u0119cia. Dla wojew\u00f3dztwa dolno\u015bl\u0105skiego du\u017cy przedsi\u0119biorca mo\u017ce odzyska\u0107 25%, \u015bredni 35%, a ma\u0142y i mikro 45% nak\u0142ad\u00f3w (koszt\u00f3w kwalifikowanych), w\u00a0<strong>postaci zwolnienia z podatku dochodowego<\/strong>.<\/p>\n<p>Aktualnie, \u017ceby otrzyma\u0107 decyzj\u0119 o wsparciu nale\u017cy spe\u0142ni\u0107 kryteria jako\u015bciowe i ilo\u015bciowe. Kryteria ilo\u015bciowe to minimalny poziom nak\u0142ad\u00f3w inwestycyjnych, kt\u00f3ry zale\u017cy od wielko\u015bci przedsi\u0119biorstwa oraz od stopy bezrobocia w powiecie.<\/p>\n<p>Kryteria ilo\u015bciowe zawarte s\u0105 w za\u0142\u0105czonym Rozporz\u0105dzeniu Rady Ministr\u00f3w z dnia 27 grudnia 2022 r. w sprawie pomocy publicznej udzielanej niekt\u00f3rym przedsi\u0119biorcom na realizacj\u0119 nowych inwestycji \u2013 Tabela nr 2 Kryteria jako\u015bciowe dla nowych inwestycji realizowanych w sektorze przemys\u0142owym.\u00a0Za spe\u0142nienie kryteri\u00f3w jako\u015bciowych przez przedsi\u0119biorc\u0119 realizuj\u0105cego now\u0105 inwestycj\u0119 w danym sektorze uznaje si\u0119 uzyskanie \u0142\u0105cznie nie mniej ni\u017c\u00a0<strong><u>6 punkt\u00f3w<\/u>,<\/strong>\u00a0ale nie mniej ni\u017c jeden punkt za ka\u017cde z kryteri\u00f3w.<\/p>\n<p>Rozporz\u0105dzenie z dnia 27 grudnia 2022 r. okre\u015bla, na jaki rodzaj dzia\u0142alno\u015bci gospodarczej\u00a0<strong><u>nie jest wydawana<\/u><\/strong>\u00a0decyzja o wsparciu, czyli na jakie PKWiU nie mo\u017cna wyda\u0107 decyzji.<\/p>\n<p><strong>Wsparcie z tytu\u0142u koszt\u00f3w kwalifikowanych nowej inwestycji przys\u0142uguje przedsi\u0119biorcy pocz\u0105wszy od miesi\u0105ca, w kt\u00f3rym up\u0142yn\u0105\u0142 termin zako\u0144czenia inwestycji okre\u015blony w decyzji o wsparciu, a\u017c do wyga\u015bni\u0119cia decyzji o wsparciu lub wyczerpania maksymalnej dopuszczalnej pomocy regionalnej, w zale\u017cno\u015bci od tego, kt\u00f3re zdarzenie wyst\u0105pi wcze\u015bniej. <\/strong><\/p>\n<p><strong>Wszystkie koszty, np. koszt budowy hali produkcyjnej, koszt zwi\u0105zany z zakupem \u015brodk\u00f3w trwa\u0142ych, warto\u015bci niematerialnych i\u00a0prawnych, mo\u017ce by\u0107 zaliczany do koszt\u00f3w kwalifikuj\u0105cych si\u0119 do obj\u0119cia wsparciem na nowe inwestycje, dopiero po uzyskaniu przez przedsi\u0119biorc\u0119 decyzji o wsparciu!<\/strong><\/p>\n<p>Decyzja ma okres wa\u017cno\u015bci 10 lat (15 lat w przypadku inwestycji na terenach obj\u0119tych granicami SSE przed wej\u015bciem w \u017cycie ustawy o wspieraniu nowych inwestycji \u2013 dost\u0119pne pod linkiem:\u00a0<a href=\"http:\/\/www.mapa.ssemp.pl\/\">www.mapa.ssemp.pl<\/a>\u00a0).<\/p>\n<p>\u017beby ubiega\u0107 si\u0119 o decyzj\u0119 o wsparciu nale\u017cy oficjalnie z\u0142o\u017cy\u0107 wype\u0142niony wniosek o decyzj\u0119 o\u00a0wsparciu.<\/p>\n<p>Wniosek rozpatrujemy niezw\u0142ocznie, maksymalnie do 14 dni, pod warunkiem \u017ce wniosek i\u00a0wymagane za\u0142\u0105czniki s\u0105 kompletne i nie wymagaj\u0105 uzupe\u0142nienia.<\/p>\n<p>Poni\u017cej wymagany katalog za\u0142\u0105cznik\u00f3w do wniosku:<\/p>\n<table>\n<tbody>\n<tr>\n<td><a href=\"https:\/\/old-ssemp.sowiak.dev\/wordpress\/wp-content\/uploads\/2016\/05\/Lista-wymaganych-dokument%C3%B3w.docx\" target=\"_blank\"><strong>KSSEMP LISTA WYMAGANYCH DOKUMENT\u00d3W DO WNIOSKU<\/strong><\/a><\/td>\n<td>Nr o\u015bwiadczenia<\/td>\n<\/tr>\n<tr>\n<td><a href=\"https:\/\/old-ssemp.sowiak.dev\/wordpress\/wp-content\/uploads\/2016\/05\/wz\u00f3r-wniosku-word.docx\" target=\"_blank\">Wniosek o wydanie decyzji o wsparciu<\/a><\/td>\n<td><\/td>\n<\/tr>\n<tr>\n<td><a href=\"https:\/\/old-ssemp.sowiak.dev\/wordpress\/wp-content\/uploads\/2016\/05\/za\u0142\u0105cznik-nr-2.docx\" target=\"_blank\">Formularz informacji przedstawianych przy ubieganiu si\u0119 o pomoc inn\u0105<\/a><br \/>\nni\u017c pomoc w rolnictwie i rybo\u0142\u00f3wstwie, pomoc de minimis lub pomoc<br \/>\nde minimis w\u00a0rolnictwie lub rybo\u0142\u00f3wstwie<\/td>\n<td><\/td>\n<\/tr>\n<tr>\n<td>Sprawozdania finansowe za okres 3 ostatnich lat obrotowych, sporz\u0105dzone zgodnie z przepisami o rachunkowo\u015bci (tylko dla \u015brednich i du\u017cych przedsi\u0119biorc\u00f3w)<\/td>\n<td><\/td>\n<\/tr>\n<tr>\n<td><a href=\"https:\/\/old-ssemp.sowiak.dev\/wordpress\/wp-content\/uploads\/2016\/05\/1.-O%C5%9Bwiadczenie-o-niezaleganiu-US-i-ZUS.doc\" target=\"_blank\">O\u015bwiadczenie przedsi\u0119biorcy o braku zaleg\u0142o\u015bci wobec US i ZUS<\/a><\/td>\n<td>\u00a01<\/td>\n<\/tr>\n<tr>\n<td><a href=\"https:\/\/old-ssemp.sowiak.dev\/wordpress\/wp-content\/uploads\/2016\/05\/6.-O%C5%9Bwiadczenie-o-odpowiedzialno%C5%9Bci-karnej.doc\" target=\"_blank\">O\u015bwiadczenie o odpowiedzialno\u015bci karnej<\/a><\/td>\n<td>\u00a02<\/td>\n<\/tr>\n<tr>\n<td><a href=\"https:\/\/old-ssemp.sowiak.dev\/wordpress\/wp-content\/uploads\/2016\/05\/8.-Zobowi%C4%85zanie-do-umieszczenia-planszy-informacyjnej.doc\" target=\"_blank\">Zobowi\u0105zanie do umieszczenia planszy informacyjnej<\/a><\/td>\n<td>\u00a03<\/td>\n<\/tr>\n<tr>\n<td><a href=\"https:\/\/old-ssemp.sowiak.dev\/wordpress\/wp-content\/uploads\/2016\/05\/9.-Zgoda-na-przetwarzanie-danych-osobowych.doc\" target=\"_blank\">Zgoda na przetwarzanie danych osobowych<\/a><\/td>\n<td>\u00a04<\/td>\n<\/tr>\n<tr>\n<td><a href=\"https:\/\/old-ssemp.sowiak.dev\/wordpress\/wp-content\/uploads\/2016\/05\/01.01.2023-kryteria-jako\u015bciowe-sektor-przemys\u0142owy.pdf\" target=\"_blank\">Za\u0142\u0105cznik kryteria zr\u00f3wnowa\u017conego rozwoju gospodarczego (SEKTOR PRZEMYS\u0141OWY)<\/a><a href=\"https:\/\/old-ssemp.sowiak.dev\/wordpress\/wp-content\/uploads\/2016\/05\/01.01.2023-kryteria-jako\u015bciowe-sektor-us\u0142ug.pdf\" target=\"_blank\">Za\u0142\u0105cznik kryteria zr\u00f3wnowa\u017conego rozwoju gospodarczego (SEKTOR US\u0141UGOWY)<\/a><\/td>\n<td>\u00a0I<\/td>\n<\/tr>\n<tr>\n<td><a href=\"https:\/\/old-ssemp.sowiak.dev\/wordpress\/wp-content\/uploads\/2016\/05\/01.01.2023-kryteria-jako\u015bciowe-sektor-przemys\u0142owy.pdf\" target=\"_blank\">Za\u0142\u0105cznik kryteria zr\u00f3wnowa\u017conego rozwoju spo\u0142ecznego\u00a0(SEKTOR PRZEMYS\u0141OWY)<\/a><a href=\"https:\/\/old-ssemp.sowiak.dev\/wordpress\/wp-content\/uploads\/2016\/05\/01.01.2023-kryteria-jako\u015bciowe-sektor-us\u0142ug.pdf\" target=\"_blank\">Za\u0142\u0105cznik kryteria zr\u00f3wnowa\u017conego rozwoju spo\u0142ecznego\u00a0(SEKTOR US\u0141UGOWY)<\/a><\/td>\n<td>\u00a0II<\/td>\n<\/tr>\n<\/tbody>\n<\/table>\n<p style=\"text-align: justify;\"><a href=\"https:\/\/old-ssemp.sowiak.dev\/wordpress\/wp-content\/uploads\/2025\/10\/25.09.2024-KRYTERIA-ILO\u015aCIOWE-nowoczesne-us\u0142ugi-1.docx\" target=\"_blank\"><strong>Szczeg\u00f3\u0142owe kryteria ilo\u015bciowe\u00a0\u2013 nowoczesne us\u0142ugi<\/strong><\/a><\/p>\n<p style=\"text-align: justify;\"><a href=\"https:\/\/old-ssemp.sowiak.dev\/wordpress\/wp-content\/uploads\/2016\/05\/3-25.09.2024-kryteria-ilo\u015bciowe-sektor-przemys\u0142owy-1.pdf\" target=\"_blank\"><strong>Szczeg\u00f3\u0142owe kryteria ilo\u015bciowe \u2013 sektor przemys\u0142owy i us\u0142ugowy<\/strong><\/a><\/p>\n<h5 style=\"text-align: justify;\">Przedsi\u0119biorca\u00a0zobowi\u0105zany jest p\u0142aci\u0107 Zarz\u0105dzaj\u0105cemu obszarem, w ka\u017cdym miesi\u0105cu, przez ca\u0142y okres obowi\u0105zywania decyzji, czyli przez 10 lat (15 lat w przypadku inwestycji na terenach obj\u0119tych granicami SSE przed wej\u015bciem w \u017cycie ustawy o wspieraniu nowych inwestycji \u2013 dost\u0119pne pod linkiem:\u00a0<a href=\"http:\/\/www.mapa.ssemp.pl\/\"><u>www.mapa.ssemp.pl<\/u>), wynagrodzenie za us\u0142ugi inne ni\u017c informacyjne,\u00a0wspomagaj\u0105ce dzia\u0142alno\u015b\u0107 przedsi\u0119biorcy na podstawie decyzji.<\/a><\/h5>\n<p style=\"text-align: justify;\">Wysoko\u015b\u0107 wynagrodzenia jest okre\u015blana na podstawie wzoru i zale\u017cy\u00a0od kilku czynnik\u00f3w, mi\u0119dzy innymi od wielko\u015bci przedsi\u0119biorstwa, wysoko\u015bci deklarowanych koszt\u00f3w kwalifikowanych nowej inwestycji i powierzchni nieruchomo\u015bci.<\/p>\n<p>[\/vc_column_text][\/vc_column][\/vc_row]<\/p>\n","protected":false},"excerpt":{"rendered":"<p>[vc_row][vc_column][vc_column_text]Ustawa z dnia 10 maja 2018r. o wspieraniu nowych inwestycji daje mo\u017cliwo\u015b\u0107 dokonywania inwestycji obj\u0119tych pomoc\u0105 publiczn\u0105 nie tylko na terenie dawnych stref ekonomicznych, ale tak\u017ce na dowolnie wybranej przez inwestora nieruchomo\u015bci. Zgodnie z zapisami w Ustawie z dnia 10 maja 2018 r. nowa inwestycja to inwestycja w\u00a0rzeczowe aktywa trwa\u0142e lub warto\u015bci niematerialne i prawne [&hellip;]<\/p>\n","protected":false},"author":1,"featured_media":0,"parent":0,"menu_order":0,"comment_status":"closed","ping_status":"closed","template":"","meta":{"footnotes":""},"class_list":["post-9992","page","type-page","status-publish","hentry"],"_links":{"self":[{"href":"https:\/\/old-ssemp.sowiak.dev\/index.php?rest_route=\/wp\/v2\/pages\/9992","targetHints":{"allow":["GET"]}}],"collection":[{"href":"https:\/\/old-ssemp.sowiak.dev\/index.php?rest_route=\/wp\/v2\/pages"}],"about":[{"href":"https:\/\/old-ssemp.sowiak.dev\/index.php?rest_route=\/wp\/v2\/types\/page"}],"author":[{"embeddable":true,"href":"https:\/\/old-ssemp.sowiak.dev\/index.php?rest_route=\/wp\/v2\/users\/1"}],"replies":[{"embeddable":true,"href":"https:\/\/old-ssemp.sowiak.dev\/index.php?rest_route=%2Fwp%2Fv2%2Fcomments&post=9992"}],"version-history":[{"count":26,"href":"https:\/\/old-ssemp.sowiak.dev\/index.php?rest_route=\/wp\/v2\/pages\/9992\/revisions"}],"predecessor-version":[{"id":21509,"href":"https:\/\/old-ssemp.sowiak.dev\/index.php?rest_route=\/wp\/v2\/pages\/9992\/revisions\/21509"}],"wp:attachment":[{"href":"https:\/\/old-ssemp.sowiak.dev\/index.php?rest_route=%2Fwp%2Fv2%2Fmedia&parent=9992"}],"curies":[{"name":"wp","href":"https:\/\/api.w.org\/{rel}","templated":true}]}}