{"id":9931,"date":"2016-05-20T23:50:15","date_gmt":"2016-05-20T21:50:15","guid":{"rendered":"http:\/\/ssemp.pl\/wordpress\/?page_id=9931"},"modified":"2025-10-07T12:18:09","modified_gmt":"2025-10-07T10:18:09","slug":"poradnik-inwestora","status":"publish","type":"page","link":"https:\/\/old-ssemp.sowiak.dev\/?page_id=9931","title":{"rendered":"Poradnik Inwestora"},"content":{"rendered":"<p>[vc_row][vc_column][vc_column_text]<\/p>\n<p style=\"text-align: justify;\">[\/vc_column_text][\/vc_column][\/vc_row][vc_row][vc_column width=&#8221;1\/2&#8243;][vc_column_text]<strong>Pomoc publiczna<\/strong><\/p>\n<p>Przedsi\u0119biorca inwestuj\u0105cy na terenie Kamiennog\u00f3rskiej Specjalnej Strefy Ekonomicznej Ma\u0142ej Przedsi\u0119biorczo\u015bci nabywa prawo do korzystania z pomocy publicznej <strong>w formie zwolnienia podatkowego. <\/strong><\/p>\n<p>Zapewniamy:<\/p>\n<p>\u2013 pomoc publiczn\u0105 w wysoko\u015bci 25 proc. nak\u0142ad\u00f3w inwestycyjnych dla du\u017cych przedsi\u0119biorstw, 45 proc. i 35 proc. w przypadku ma\u0142ych i \u015brednich przedsi\u0119biorstw<\/p>\n<p>lub<\/p>\n<p>\u2013 pomoc publiczn\u0105 z tytu\u0142u tworzenia nowych miejsc pracy, utrzymanych przez okres co najmniej 5 lat, w wysoko\u015bci 25 proc. warto\u015bci dwuletnich koszt\u00f3w pracy nowo zatrudnionych pracownik\u00f3w (45 proc. i 35 proc. w przypadku ma\u0142ych i \u015brednich przedsi\u0119biorstw \u2013 miejsca pracy utrzymane co najmniej 3 lata).<\/p>\n<p>Zgodnie z zapisami w Ustawie z dnia 10 maja 2018 r. nowa inwestycja to inwestycja w\u00a0rzeczowe aktywa trwa\u0142e lub warto\u015bci niematerialne i prawne zwi\u0105zane z za\u0142o\u017ceniem nowego przedsi\u0119biorstwa, zwi\u0119kszeniem zdolno\u015bci produkcyjnych istniej\u0105cego przedsi\u0119biorstwa, dywersyfikacj\u0105 produkcji przedsi\u0119biorstwa przez wprowadzenie produkt\u00f3w uprzednio nieprodukowanych w\u00a0przedsi\u0119biorstwie lub zasadnicz\u0105 zmian\u0105 dotycz\u0105c\u0105 procesu produkcyjnego istniej\u0105cego przedsi\u0119biorstwa lub nabyciem aktyw\u00f3w nale\u017c\u0105cych do zak\u0142adu, kt\u00f3ry zosta\u0142 zamkni\u0119ty lub zosta\u0142by zamkni\u0119ty, gdyby zakup nie nast\u0105pi\u0142, przy czym aktywa nabywane s\u0105 przez przedsi\u0119biorc\u0119 niezwi\u0105zanego ze sprzedawc\u0105 i wyklucza si\u0119 samo nabycie akcji lub udzia\u0142\u00f3w przedsi\u0119biorstwa.<\/p>\n<p>W przypadku pomocy udzielanej przedsi\u0119biorcy na realizacj\u0119 du\u017cego projektu inwestycyjnego (koszty kwalifikuj\u0105ce si\u0119 do obj\u0119cia pomoc\u0105 publiczn\u0105 przekraczaj\u0105 50.000.000 Euro) maksymalna wielko\u015b\u0107 pomocy ustalana jest wed\u0142ug wzoru:<\/p>\n<p><strong>I = R x (50 mln Euro + 0,5 x B + 0 x C)<\/strong><\/p>\n<p>gdzie poszczeg\u00f3lne symbole oznaczaj\u0105:<\/p>\n<p><strong>I<\/strong> \u2013 maksymalna warto\u015b\u0107 pomocy dla du\u017cego projektu inwestycyjnego, R \u2013 intensywno\u015b\u0107 pomocy dla obszaru lokalizacji inwestycji, okre\u015blon\u0105 zgodnie z ust. 1,<\/p>\n<p><strong>B<\/strong> \u2013 wielko\u015b\u0107 koszt\u00f3w kwalifikuj\u0105cych si\u0119 do obj\u0119cia pomoc\u0105, powy\u017cej r\u00f3wnowarto\u015bci 50 mln Euro nieprzekraczaj\u0105ca jednak 100 mln Euro,<\/p>\n<p><strong>C <\/strong>\u2013 wielko\u015b\u0107 koszt\u00f3w kwalifikuj\u0105cych si\u0119 do obj\u0119cia pomoc\u0105 przekraczaj\u0105c\u0105 r\u00f3wnowarto\u015b\u0107 100 mln Euro.<\/p>\n<p><strong>Podstaw\u0105 do korzystania z pomocy publicznej jest decyzja o wsparciu udzielana przez zarz\u0105d strefy.<\/strong><\/p>\n<p>Przedsi\u0119biorca mo\u017ce tak\u017ce uzyska\u0107 zwolnienie z podatku od nieruchomo\u015bci. Decyzj\u0119 tak\u0105 wydaje gmina, na terenie kt\u00f3rej realizowana jest inwestycja.[\/vc_column_text][\/vc_column][vc_column width=&#8221;1\/2&#8243;][vc_gallery type=&#8221;image_grid&#8221; images=&#8221;12615&#8243; img_size=&#8221;large&#8221; title=&#8221;Szansa dla Twojej firmy ! &#8222;][vc_gallery type=&#8221;image_grid&#8221; images=&#8221;12620&#8243; img_size=&#8221;large&#8221; title=&#8221;Szansa dla Twojego regionu !&#8221;][\/vc_column][\/vc_row][vc_row][vc_column][\/vc_column][\/vc_row][vc_row][vc_column][vc_column_text]Ustawa z dnia 10 maja 2018r. o wspieraniu nowych inwestycji daje mo\u017cliwo\u015b\u0107 dokonywania inwestycji obj\u0119tych pomoc\u0105 publiczn\u0105 nie tylko na terenie dawnych stref ekonomicznych, ale tak\u017ce na dowolnie wybranej przez inwestora nieruchomo\u015bci.<\/p>\n<p>Je\u015bli firma planuje w najbli\u017cszym czasie budow\u0119 hali produkcyjnej, zakup nowej maszyny, linii technologicznej, dywersyfikacj\u0119 lub zwi\u0119kszenie mocy produkcyjnych to przy spe\u0142nieniu okre\u015blonych kryteri\u00f3w, mo\u017ce si\u0119 ubiega\u0107 o decyzj\u0119 o wsparciu, a co za tym idzie pomoc publiczn\u0105.<\/p>\n<p>Aktualnie, \u017ceby otrzyma\u0107 decyzj\u0119 o wsparciu nale\u017cy spe\u0142ni\u0107 kryteria jako\u015bciowe i ilo\u015bciowe. Kryteria ilo\u015bciowe to minimalny poziom nak\u0142ad\u00f3w inwestycyjnych, kt\u00f3ry zale\u017cy od wielko\u015bci przedsi\u0119biorstwa oraz od stopy bezrobocia w powiecie.<\/p>\n<p>Kryteria ilo\u015bciowe zawarte s\u0105 w za\u0142\u0105czonym Rozporz\u0105dzeniu Rady Ministr\u00f3w z dnia 27 grudnia 2022 r. w sprawie pomocy publicznej udzielanej niekt\u00f3rym przedsi\u0119biorcom na realizacj\u0119 nowych inwestycji \u2013 Tabela nr 2 Kryteria jako\u015bciowe dla nowych inwestycji realizowanych w sektorze przemys\u0142owym.\u00a0Za spe\u0142nienie kryteri\u00f3w jako\u015bciowych przez przedsi\u0119biorc\u0119 realizuj\u0105cego now\u0105 inwestycj\u0119 w danym sektorze uznaje si\u0119 uzyskanie \u0142\u0105cznie nie mniej ni\u017c\u00a0<strong><u>6 punkt\u00f3w<\/u>,<\/strong>\u00a0ale nie mniej ni\u017c jeden punkt za ka\u017cde z kryteri\u00f3w.<\/p>\n<p>Rozporz\u0105dzenie z dnia 27 grudnia 2022 r. okre\u015bla, na jaki rodzaj dzia\u0142alno\u015bci gospodarczej\u00a0<strong><u>nie jest wydawana<\/u><\/strong>\u00a0decyzja o wsparciu, czyli na jakie PKWiU nie mo\u017cna wyda\u0107 decyzji.<\/p>\n<p><strong>Wsparcie z tytu\u0142u koszt\u00f3w kwalifikowanych nowej inwestycji przys\u0142uguje przedsi\u0119biorcy pocz\u0105wszy od miesi\u0105ca, w kt\u00f3rym up\u0142yn\u0105\u0142 termin zako\u0144czenia inwestycji okre\u015blony w decyzji o wsparciu, a\u017c do wyga\u015bni\u0119cia decyzji o wsparciu lub wyczerpania maksymalnej dopuszczalnej pomocy regionalnej, w zale\u017cno\u015bci od tego, kt\u00f3re zdarzenie wyst\u0105pi wcze\u015bniej, z zastrze\u017ceniem wyj\u0105tku, o kt\u00f3rym mowa w \u00a7 5 ust. 6. <\/strong><\/p>\n<p><strong>Wszystkie koszty, np. koszt budowy hali produkcyjnej, koszt zwi\u0105zany z zakupem \u015brodk\u00f3w trwa\u0142ych, warto\u015bci niematerialnych i\u00a0prawnych, mo\u017ce by\u0107 zaliczany do koszt\u00f3w kwalifikuj\u0105cych si\u0119 do obj\u0119cia wsparciem na nowe inwestycje, dopiero po uzyskaniu przez przedsi\u0119biorc\u0119 decyzji o wsparciu!<\/strong><\/p>\n<p>Decyzja ma okres wa\u017cno\u015bci 10 lat (15 lat w przypadku inwestycji na terenach obj\u0119tych granicami SSE przed wej\u015bciem w \u017cycie ustawy o wspieraniu nowych inwestycji \u2013 dost\u0119pne pod linkiem:\u00a0<a href=\"http:\/\/www.mapa.ssemp.pl\/\">www.mapa.ssemp.pl<\/a>\u00a0).<\/p>\n<p>\u017beby ubiega\u0107 si\u0119 o decyzj\u0119 o wsparciu nale\u017cy oficjalnie z\u0142o\u017cy\u0107 wype\u0142niony wniosek o decyzj\u0119 o\u00a0wsparciu. Nie jest wymagane za\u0142\u0105czanie biznesplanu, ale przygotowanie takiego dokumentu pozwoli unikn\u0105\u0107 pyta\u0144 szczeg\u00f3\u0142owych z naszej strony, a co za tym idzie przed\u0142u\u017cania procedury wydania decyzji.<\/p>\n<p>Wniosek rozpatrujemy niezw\u0142ocznie, maksymalnie do 14 dni, pod warunkiem \u017ce wniosek i\u00a0wymagane za\u0142\u0105czniki s\u0105 kompletne i nie wymagaj\u0105 uzupe\u0142nienia.<\/p>\n<p>Poni\u017cej wymagany katalog za\u0142\u0105cznik\u00f3w do wniosku:<\/p>\n<table>\n<tbody>\n<tr>\n<td><a href=\"https:\/\/old-ssemp.sowiak.dev\/wordpress\/wp-content\/uploads\/2016\/05\/Lista-wymaganych-dokument%C3%B3w.docx\" target=\"_blank\"><strong>KSSEMP LISTA WYMAGANYCH DOKUMENT\u00d3W DO WNIOSKU<\/strong><\/a><\/td>\n<td>Nr o\u015bwiadczenia<\/td>\n<\/tr>\n<tr>\n<td><a href=\"https:\/\/old-ssemp.sowiak.dev\/wordpress\/wp-content\/uploads\/2016\/05\/wz\u00f3r-wniosku-word.docx\" target=\"_blank\">Wniosek o wydanie decyzji o wsparciu<\/a><\/td>\n<td><\/td>\n<\/tr>\n<tr>\n<td><a href=\"https:\/\/old-ssemp.sowiak.dev\/wordpress\/wp-content\/uploads\/2016\/05\/za\u0142\u0105cznik-nr-2.docx\" target=\"_blank\">Formularz informacji przedstawianych przy ubieganiu si\u0119 o pomoc inn\u0105<\/a><br \/>\nni\u017c pomoc w rolnictwie i rybo\u0142\u00f3wstwie, pomoc de minimis lub pomoc<br \/>\nde minimis w\u00a0rolnictwie lub rybo\u0142\u00f3wstwie<\/td>\n<td><\/td>\n<\/tr>\n<tr>\n<td>Sprawozdania finansowe za okres 3 ostatnich lat obrotowych, sporz\u0105dzone zgodnie z przepisami o rachunkowo\u015bci (tylko dla \u015brednich i du\u017cych przedsi\u0119biorc\u00f3w)<\/td>\n<td><\/td>\n<\/tr>\n<tr>\n<td><a href=\"https:\/\/old-ssemp.sowiak.dev\/wordpress\/wp-content\/uploads\/2016\/05\/1.-O%C5%9Bwiadczenie-o-niezaleganiu-US-i-ZUS.doc\" target=\"_blank\">O\u015bwiadczenie przedsi\u0119biorcy o braku zaleg\u0142o\u015bci wobec US i ZUS<\/a><\/td>\n<td>\u00a01<\/td>\n<\/tr>\n<tr>\n<td><a href=\"https:\/\/old-ssemp.sowiak.dev\/wordpress\/wp-content\/uploads\/2016\/05\/6.-O%C5%9Bwiadczenie-o-odpowiedzialno%C5%9Bci-karnej.doc\" target=\"_blank\">O\u015bwiadczenie o odpowiedzialno\u015bci karnej<\/a><\/td>\n<td>\u00a02<\/td>\n<\/tr>\n<tr>\n<td><a href=\"https:\/\/old-ssemp.sowiak.dev\/wordpress\/wp-content\/uploads\/2016\/05\/8.-Zobowi%C4%85zanie-do-umieszczenia-planszy-informacyjnej.doc\" target=\"_blank\">Zobowi\u0105zanie do umieszczenia planszy informacyjnej<\/a><\/td>\n<td>\u00a03<\/td>\n<\/tr>\n<tr>\n<td><a href=\"https:\/\/old-ssemp.sowiak.dev\/wordpress\/wp-content\/uploads\/2016\/05\/9.-Zgoda-na-przetwarzanie-danych-osobowych.doc\" target=\"_blank\">Zgoda na przetwarzanie danych osobowych<\/a><\/td>\n<td>\u00a04<\/td>\n<\/tr>\n<tr>\n<td><a href=\"https:\/\/old-ssemp.sowiak.dev\/wordpress\/wp-content\/uploads\/2016\/05\/01.01.2023-kryteria-jako\u015bciowe-sektor-przemys\u0142owy.pdf\" target=\"_blank\">Za\u0142\u0105cznik kryteria zr\u00f3wnowa\u017conego rozwoju gospodarczego (SEKTOR PRZEMYS\u0141OWY)<\/a><a href=\"https:\/\/old-ssemp.sowiak.dev\/wordpress\/wp-content\/uploads\/2016\/05\/01.01.2023-kryteria-jako\u015bciowe-sektor-us\u0142ug.pdf\" target=\"_blank\">Za\u0142\u0105cznik kryteria zr\u00f3wnowa\u017conego rozwoju gospodarczego (SEKTOR US\u0141UGOWY)<\/a><\/td>\n<td>\u00a0I<\/td>\n<\/tr>\n<tr>\n<td><a href=\"https:\/\/old-ssemp.sowiak.dev\/wordpress\/wp-content\/uploads\/2016\/05\/01.01.2023-kryteria-jako\u015bciowe-sektor-przemys\u0142owy.pdf\" target=\"_blank\">Za\u0142\u0105cznik kryteria zr\u00f3wnowa\u017conego rozwoju spo\u0142ecznego\u00a0(SEKTOR PRZEMYS\u0141OWY)<\/a><a href=\"https:\/\/old-ssemp.sowiak.dev\/wordpress\/wp-content\/uploads\/2016\/05\/01.01.2023-kryteria-jako\u015bciowe-sektor-us\u0142ug.pdf\" target=\"_blank\">Za\u0142\u0105cznik kryteria zr\u00f3wnowa\u017conego rozwoju spo\u0142ecznego\u00a0(SEKTOR US\u0141UGOWY)<\/a><\/td>\n<td>\u00a0II<\/td>\n<\/tr>\n<\/tbody>\n<\/table>\n<p style=\"text-align: justify;\"><a href=\"https:\/\/old-ssemp.sowiak.dev\/wordpress\/wp-content\/uploads\/2025\/10\/25.09.2024-KRYTERIA-ILO\u015aCIOWE-nowoczesne-us\u0142ugi-1.docx\" target=\"_blank\"><strong>Szczeg\u00f3\u0142owe kryteria ilo\u015bciowe\u00a0\u2013 nowoczesne us\u0142ugi<\/strong><\/a><\/p>\n<p style=\"text-align: justify;\"><a href=\"https:\/\/old-ssemp.sowiak.dev\/wordpress\/wp-content\/uploads\/2016\/05\/3-25.09.2024-kryteria-ilo\u015bciowe-sektor-przemys\u0142owy-1.pdf\" target=\"_blank\"><strong>Szczeg\u00f3\u0142owe kryteria ilo\u015bciowe \u2013 sektor przemys\u0142owy i us\u0142ugowy<\/strong><\/a><\/p>\n<p><strong>Przedsi\u0119biorca\u00a0zobowi\u0105zany jest p\u0142aci\u0107 Zarz\u0105dzaj\u0105cemu obszarem, w ka\u017cdym miesi\u0105cu, przez ca\u0142y okres obowi\u0105zywania decyzji, czyli przez 10 lat (15 lat w przypadku inwestycji na terenach obj\u0119tych granicami SSE przed wej\u015bciem w \u017cycie ustawy o wspieraniu nowych inwestycji \u2013 dost\u0119pne pod linkiem:\u00a0<\/strong><a href=\"http:\/\/www.mapa.ssemp.pl\/\"><strong>www.mapa.ssemp.pl<\/strong><strong>), wynagrodzenie za us\u0142ugi inne ni\u017c informacyjne,\u00a0wspomagaj\u0105ce dzia\u0142alno\u015b\u0107 przedsi\u0119biorcy na podstawie decyzji.<\/strong><\/a><\/p>\n<p>Wysoko\u015b\u0107 wynagrodzenia jest okre\u015blana na podstawie wzoru i zale\u017cy\u00a0od kilku czynnik\u00f3w, mi\u0119dzy innymi od wielko\u015bci przedsi\u0119biorstwa, wysoko\u015bci deklarowanych koszt\u00f3w kwalifikowanych nowej inwestycji i powierzchni nieruchomo\u015bci.[\/vc_column_text][\/vc_column][\/vc_row]<\/p>\n","protected":false},"excerpt":{"rendered":"<p>[vc_row][vc_column][vc_column_text] [\/vc_column_text][\/vc_column][\/vc_row][vc_row][vc_column width=&#8221;1\/2&#8243;][vc_column_text]Pomoc publiczna Przedsi\u0119biorca inwestuj\u0105cy na terenie Kamiennog\u00f3rskiej Specjalnej Strefy Ekonomicznej Ma\u0142ej Przedsi\u0119biorczo\u015bci nabywa prawo do korzystania z pomocy publicznej w formie zwolnienia podatkowego. Zapewniamy: \u2013 pomoc publiczn\u0105 w wysoko\u015bci 25 proc. nak\u0142ad\u00f3w inwestycyjnych dla du\u017cych przedsi\u0119biorstw, 45 proc. i 35 proc. w przypadku ma\u0142ych i \u015brednich przedsi\u0119biorstw lub \u2013 pomoc publiczn\u0105 z tytu\u0142u [&hellip;]<\/p>\n","protected":false},"author":1,"featured_media":0,"parent":0,"menu_order":0,"comment_status":"closed","ping_status":"closed","template":"page-templates\/front-page.php","meta":{"footnotes":""},"class_list":["post-9931","page","type-page","status-publish","hentry"],"_links":{"self":[{"href":"https:\/\/old-ssemp.sowiak.dev\/index.php?rest_route=\/wp\/v2\/pages\/9931","targetHints":{"allow":["GET"]}}],"collection":[{"href":"https:\/\/old-ssemp.sowiak.dev\/index.php?rest_route=\/wp\/v2\/pages"}],"about":[{"href":"https:\/\/old-ssemp.sowiak.dev\/index.php?rest_route=\/wp\/v2\/types\/page"}],"author":[{"embeddable":true,"href":"https:\/\/old-ssemp.sowiak.dev\/index.php?rest_route=\/wp\/v2\/users\/1"}],"replies":[{"embeddable":true,"href":"https:\/\/old-ssemp.sowiak.dev\/index.php?rest_route=%2Fwp%2Fv2%2Fcomments&post=9931"}],"version-history":[{"count":51,"href":"https:\/\/old-ssemp.sowiak.dev\/index.php?rest_route=\/wp\/v2\/pages\/9931\/revisions"}],"predecessor-version":[{"id":21510,"href":"https:\/\/old-ssemp.sowiak.dev\/index.php?rest_route=\/wp\/v2\/pages\/9931\/revisions\/21510"}],"wp:attachment":[{"href":"https:\/\/old-ssemp.sowiak.dev\/index.php?rest_route=%2Fwp%2Fv2%2Fmedia&parent=9931"}],"curies":[{"name":"wp","href":"https:\/\/api.w.org\/{rel}","templated":true}]}}