{"id":9924,"date":"2016-05-20T11:16:59","date_gmt":"2016-05-20T09:16:59","guid":{"rendered":"http:\/\/ssemp.pl\/wordpress\/?page_id=9924"},"modified":"2016-05-20T11:16:59","modified_gmt":"2016-05-20T09:16:59","slug":"informacja-o-wyborze-novoferm-door-sp-z-o-o-18-05-2016r","status":"publish","type":"page","link":"https:\/\/old-ssemp.sowiak.dev\/?page_id=9924","title":{"rendered":"Informacja o wyborze &#8211; Novoferm Door Sp. z o.o. &#8211; 18.05.2016r."},"content":{"rendered":"<p><center><strong>INFORMACJA O WYBORZE OFERTY<\/strong><br \/>\n<strong>z dnia 18 maja 2016 roku<\/strong><\/p>\n<p>(dotyczy zaproszenia do rokowa\u0144 og\u0142oszonego dnia 20 kwietnia 2016 r.)<\/p>\n<p><\/center>Zgodnie z \u00a7 8, pkt. 1 Rozporz\u0105dzenie Ministra Gospodarki i Pracy z dnia 15 listopada 2004 r. w sprawie przetarg\u00f3w i rokowa\u0144 oraz kryteri\u00f3w oceny zamierze\u0144 co do przedsi\u0119wzi\u0119\u0107 gospodarczych, kt\u00f3re maj\u0105 by\u0107 podj\u0119te przez przedsi\u0119biorc\u00f3w na terenie Kamiennog\u00f3rskiej Specjalnej Strefy Ekonomicznej Ma\u0142ej Przedsi\u0119biorczo\u015bci (t.j. Dz. U. z 2015 r. poz. 1730).<\/p>\n<p>Zarz\u0105dzaj\u0105cy Kamiennog\u00f3rsk\u0105 Specjaln\u0105 Stref\u0105 Ekonomiczn\u0105 Ma\u0142ej Przedsi\u0119biorczo\u015bci informuje,<\/p>\n<p>\u017ce w wyniku rokowa\u0144 maj\u0105cych na celu ustalenie przedsi\u0119biorcy, kt\u00f3ry uzyska Zezwolenie na prowadzenie dzia\u0142alno\u015bci gospodarczej na terenie<br \/>\nPodstrefy Nowogrodziec<br \/>\nwybrano ofert\u0119 przedsi\u0119biorcy:<\/p>\n<p><center><br \/>\n<strong>Novoferm Door Sp. z o.o.<\/strong><br \/>\n<strong>ul. Wyzwolenia 46, Wykroty<\/strong><br \/>\n<strong>59-730 Nowogrodziec<\/strong><\/p>\n<p><\/center><br \/>\nPrzewodnicz\u0105ca Komisji Rokowa\u0144<\/p>\n<p>Danuta Lewandowska<\/p>\n","protected":false},"excerpt":{"rendered":"<p>INFORMACJA O WYBORZE OFERTY z dnia 18 maja 2016 roku (dotyczy zaproszenia do rokowa\u0144 og\u0142oszonego dnia 20 kwietnia 2016 r.) Zgodnie z \u00a7 8, pkt. 1 Rozporz\u0105dzenie Ministra Gospodarki i Pracy z dnia 15 listopada 2004 r. w sprawie przetarg\u00f3w i rokowa\u0144 oraz kryteri\u00f3w oceny zamierze\u0144 co do przedsi\u0119wzi\u0119\u0107 gospodarczych, kt\u00f3re maj\u0105 by\u0107 podj\u0119te przez [&hellip;]<\/p>\n","protected":false},"author":1,"featured_media":0,"parent":0,"menu_order":0,"comment_status":"closed","ping_status":"closed","template":"","meta":{"footnotes":""},"class_list":["post-9924","page","type-page","status-publish","hentry"],"_links":{"self":[{"href":"https:\/\/old-ssemp.sowiak.dev\/index.php?rest_route=\/wp\/v2\/pages\/9924","targetHints":{"allow":["GET"]}}],"collection":[{"href":"https:\/\/old-ssemp.sowiak.dev\/index.php?rest_route=\/wp\/v2\/pages"}],"about":[{"href":"https:\/\/old-ssemp.sowiak.dev\/index.php?rest_route=\/wp\/v2\/types\/page"}],"author":[{"embeddable":true,"href":"https:\/\/old-ssemp.sowiak.dev\/index.php?rest_route=\/wp\/v2\/users\/1"}],"replies":[{"embeddable":true,"href":"https:\/\/old-ssemp.sowiak.dev\/index.php?rest_route=%2Fwp%2Fv2%2Fcomments&post=9924"}],"version-history":[{"count":1,"href":"https:\/\/old-ssemp.sowiak.dev\/index.php?rest_route=\/wp\/v2\/pages\/9924\/revisions"}],"predecessor-version":[{"id":9925,"href":"https:\/\/old-ssemp.sowiak.dev\/index.php?rest_route=\/wp\/v2\/pages\/9924\/revisions\/9925"}],"wp:attachment":[{"href":"https:\/\/old-ssemp.sowiak.dev\/index.php?rest_route=%2Fwp%2Fv2%2Fmedia&parent=9924"}],"curies":[{"name":"wp","href":"https:\/\/api.w.org\/{rel}","templated":true}]}}