{"id":9910,"date":"2016-05-19T17:42:34","date_gmt":"2016-05-19T15:42:34","guid":{"rendered":"http:\/\/ssemp.pl\/wordpress\/?page_id=9910"},"modified":"2016-05-19T17:42:35","modified_gmt":"2016-05-19T15:42:35","slug":"nowogrodziec-20-11-2015","status":"publish","type":"page","link":"https:\/\/old-ssemp.sowiak.dev\/?page_id=9910","title":{"rendered":"NOWOGRODZIEC &#8211; 20.11.2015"},"content":{"rendered":"<p><center><strong>Og\u0142oszenie<br \/>\nSpecjalna Strefa Ekonomiczna Ma\u0142ej Przedsi\u0119biorczo\u015bci S.A.<br \/>\nz siedzib\u0105 w Kamiennej G\u00f3rze<br \/>\n58-400 Kamienna G\u00f3ra, ul. Papie\u017ca Jana Paw\u0142a II 11 a<br \/>\ntel.: (+48 75) 645 20 30, fax: (+48 75) 645 20 33<\/strong><\/center>jako Zarz\u0105dzaj\u0105cy Specjaln\u0105 Stref\u0105 Ekonomiczn\u0105 Ma\u0142ej Przedsi\u0119biorczo\u015bci S.A. w Kamiennej G\u00f3rze oraz dzia\u0142aj\u0105c na zlecenie Gminy Nowogrodziec oraz na podstawie rozporz\u0105dzenia Ministra Gospodarki i Pracy z dnia 15 listopada 2004r. w sprawie przetarg\u00f3w i rokowa\u0144 oraz kryteri\u00f3w oceny zamierze\u0144 co do przedsi\u0119wzi\u0119\u0107 gospodarczych, kt\u00f3re maj\u0105 by\u0107 podj\u0119te przez przedsi\u0119biorc\u00f3w na terenie Specjalnej Strefy Ekonomicznej Ma\u0142ej Przedsi\u0119biorczo\u015bci S.A. w Kamiennej G\u00f3rze (Dz. U. Nr 254, poz. 2539 z p\u00f3\u017an. zmianami) oraz Rozporz\u0105dzenia Ministra Gospodarki z dnia 2 lipca 2009 r. w sprawie powierzenia Specjalnej Strefie Ekonomicznej Ma\u0142ej Przedsi\u0119biorczo\u015bci S.A. udzielania zezwole\u0144 na prowadzenie dzia\u0142alno\u015bci gospodarczej na terenie Kamiennog\u00f3rskiej Specjalnej Strefy Ekonomicznej Ma\u0142ej Przedsi\u0119biorczo\u015bci oraz wykonywania kontroli realizacji warunk\u00f3w zezwolenia<br \/>\n<center><strong>zaprasza do uczestnictwa w przetargu pisemnym ograniczonym \u0142\u0105cznym<\/strong><\/center><br \/>\nmaj\u0105cym na celu wy\u0142onienie przedsi\u0119biorcy, kt\u00f3ry uzyska zezwolenie na prowadzenie dzia\u0142alno\u015bci gospodarczej na terenie Kamiennog\u00f3rskiej Specjalnej Strefy Ekonomicznej Ma\u0142ej Przedsi\u0119biorczo\u015bci uprawniaj\u0105ce do korzystania z pomocy publicznej <strong>(\u201eZezwolenie\u201d)<\/strong> oraz nab\u0119dzie prawo w\u0142asno\u015bci nieruchomo\u015bci opisanej w punkcie 2 poni\u017cej, na kt\u00f3rej b\u0119dzie prowadzona dzia\u0142alno\u015b\u0107 gospodarcza <strong>(\u201eNieruchomo\u015b\u0107\u201d)<\/strong>.<\/p>\n<ol>\n<li>W przetargu mog\u0105 uczestniczy\u0107 wy\u0142\u0105cznie przedsi\u0119biorcy zamierzaj\u0105cy podj\u0105\u0107 na terenie Kamiennog\u00f3rskiej Specjalnej Strefy Ekonomicznej Ma\u0142ej Przedsi\u0119biorczo\u015bci dzia\u0142alno\u015b\u0107 gospodarcz\u0105 na podstawie Zezwolenia, spe\u0142niaj\u0105cy wymogi okre\u015blone w ustawie z dnia 20.10.1994r. o specjalnych strefach ekonomicznych (tekst jednolity Dz. U. z 2015 poz. 282), w rozporz\u0105dzeniu Rady Ministr\u00f3w z dnia 10.12.2008 r. w sprawie pomocy publicznej udzielanej przedsi\u0119biorcom dzia\u0142aj\u0105cym na podstawie zezwolenia na prowadzenie dzia\u0142alno\u015bci gospodarczej na terenach specjalnych stref ekonomicznych (tekst jednolity Dz. U. z 2015 r. poz. 465).<\/li>\n<li>Przedmiotem przetargu jest nieruchomo\u015b\u0107 niezabudowana o \u0142\u0105cznej powierzchni 22,6851 ha, sk\u0142adaj\u0105ca si\u0119 z nast\u0119puj\u0105cych dzia\u0142ek- nr 1026\/5 o pow. 0,6851 ha, nr 1026\/13 o pow.0,4848 ha, nr 1026\/17 o pow. 7,1256 ha, nr 1026\/14 o pow. 0,7667 ha, nr 1026\/15 o pow. 11,1596 ha i nr 1026\/16 o pow. 2,4633 ha \u2013 stanowi\u0105ce w\u0142asno\u015b\u0107 Gminy Nowogrodziec \u2013 po\u0142o\u017cone oko\u0142o 1 km od zjazdu autostrady A4 w Godzieszowie, w s\u0105siedztwie skrzy\u017cowania drogi krajowej nr 94 (Zgorzelec-Wroc\u0142aw) z drog\u0105 wojew\u00f3dzk\u0105 nr 296 (Jelenia G\u00f3ra-Zielona G\u00f3ra), w obr\u0119bie Wykroty, dla kt\u00f3rych S\u0105d Rejonowy w Boles\u0142awcu prowadzi ksi\u0119g\u0119 wieczyst\u0105 Nr JG1B\/00021784\/2 (Nieruchomo\u015b\u0107).<br \/>\nNieruchomo\u015b\u0107 po\u0142o\u017cona jest w odleg\u0142o\u015bci ok. 17 km od granicy z Niemcami w J\u0119drzychowicach, w obszarze Kamiennog\u00f3rskiej Specjalnej Strefy Ekonomicznej Ma\u0142ej Przedsi\u0119biorczo\u015bci.<\/li>\n<li>Cen\u0119 wywo\u0142awcz\u0105 Nieruchomo\u015bci okre\u015blono na kwot\u0119 <strong>9.209.020,00 PLN brutto<\/strong> (s\u0142ownie: dziewi\u0119\u0107 milion\u00f3w dwie\u015bcie dziewi\u0119\u0107 tysi\u0119cy dwadzie\u015bcia z\u0142otych). Podana cena jest cen\u0105 brutto, kt\u00f3ra zawiera podatek VAT zgodnie z obowi\u0105zuj\u0105cymi przepisami.<strong><br \/>\nMinimalne post\u0105pienie wynosi:<\/strong> 1% ceny wywo\u0142awczej brutto nieruchomo\u015bci w zaokr\u0105gleniu do pe\u0142nych dziesi\u0105tek z\u0142otych tj. <strong>92.090,00 z\u0142 brutto<\/strong> ( dziewi\u0119\u0107dziesi\u0105t dwa tysi\u0105ce dziewi\u0119\u0107dziesi\u0105t z\u0142otych).<br \/>\nPrawo w\u0142asno\u015bci b\u0119dzie zbywane w drodze przetargu pisemnego ograniczonego \u0142\u0105cznego zgodnie z ustaw\u0105 z dnia 21.08.1997 r. o gospodarce nieruchomo\u015bciami (t.j. Dz.U. z 2015 r. poz. 782 z p\u00f3\u017an. zm.) oraz Rozporz\u0105dzeniem Rady Ministr\u00f3w z dnia 14.09.2004 r. w sprawie sposobu i trybu przeprowadzania przetarg\u00f3w oraz rokowa\u0144 na zbycie nieruchomo\u015bci (Dz.U. z 2004 r. Nr 207 poz. 2108 z p\u00f3\u017an.zm).<br \/>\nPrawo w\u0142asno\u015bci Nieruchomo\u015bci jest wolne od wszelkich obci\u0105\u017ce\u0144 i zobowi\u0105za\u0144 na rzecz os\u00f3b trzecich.<br \/>\nW przypadku, gdy przebiegaj\u0105ce sieci i urz\u0105dzenia wyst\u0119puj\u0105ce na nieruchomo\u015bci koliduj\u0105 z realizacj\u0105 zamierzonej inwestycji, nabywca zobowi\u0105zany jest do ich prze\u0142o\u017cenia w\u0142asnym kosztem i staraniem w uzgodnieniu z jednostkami bran\u017cowymi i w\u0142a\u015bcicielami sieci.<\/li>\n<li>Warunkiem udzia\u0142u w przetargu jest:<br \/>\n&#8211; wykupienie od Specjalnej Strefy Ekonomicznej Specyfikacji Istotnych Warunk\u00f3w Przetargu \u0141\u0105cznego (Specyfikacji)<br \/>\n&#8211; wp\u0142acenie wadium<br \/>\n&#8211; z\u0142o\u017cenie pisemnej oferty wraz z warunkami planowanego na terenie strefy przedsi\u0119wzi\u0119cia<\/li>\n<li>Wadium w pieni\u0105dzu wynosi <strong>750.000,00 PLN<\/strong> (s\u0142ownie: siedemset pi\u0119\u0107dziesi\u0105t tysi\u0119cy z\u0142otych ) i p\u0142atne jest do dnia <strong>25 stycznia 2016r.<\/strong> na rachunek bankowy Specjalnej Strefy Ekonomicznej Ma\u0142ej Przedsi\u0119biorczo\u015bci. Szczeg\u00f3\u0142y na temat wysoko\u015bci, formy i termin wnoszenia wadium oraz przes\u0142anki jego przepadku okre\u015bla \u201eSpecyfikacja Istotnych Warunk\u00f3w Przetargu \u0141\u0105cznego\u201d.<\/li>\n<li>Specyfikacj\u0119, kt\u00f3ra zawiera szczeg\u00f3\u0142owe warunki przetargu mo\u017cna otrzyma\u0107 codziennie \u2013 opr\u00f3cz sob\u00f3t, niedziel i \u015bwi\u0105t \u2013w godzinach 8:00 \u2013 15:30 w siedzibie Specjalnej Strefy Ekonomicznej Ma\u0142ej Przedsi\u0119biorczo\u015bci S.A. w Kamiennej G\u00f3rze, po wp\u0142aceniu kwoty <strong>10.000,00 z<\/strong>\u0142 (s\u0142ownie: dziesi\u0119\u0107 tysi\u0119cy z\u0142otych) netto plus podatek VAT wg przepis\u00f3w obowi\u0105zuj\u0105cych \u2013 na rachunek bankowy Specjalnej Strefy Ekonomicznej Ma\u0142ej Przedsi\u0119biorczo\u015bci <strong>nr 02 1090 1942 0000 0005 1800 9564 w BZ WBK S.A.<\/strong> O\/Kamienna G\u00f3ra. Nie przewiduje si\u0119 dodatkowych warunk\u00f3w przetargu, poza opisanymi w niniejszym zaproszeniu i w Specyfikacji.<\/li>\n<li>W planie zagospodarowania przestrzennego &#8211; Uchwa\u0142a Nr VII\/70\/99 Rady Gminy i Miasta Nowogrodziec z dnia 16.06.1999r. w sprawie uchwalenia zmian miejscowych plan\u00f3w zagospodarowania przestrzennego wsi Wykroty i teren\u00f3w otwartych gminy Nowogrodziec &#8211; przedmiotowa Nieruchomo\u015b\u0107 wchodzi w sk\u0142ad teren\u00f3w oznaczonych symbolem <strong>SGA 03 P\/S,U<\/strong> \u2013 teren lokalizacji obiekt\u00f3w produkcyjnych i magazynowo-sk\u0142adowych oraz us\u0142ugowych.<\/li>\n<li>Oferty i przedstawione w nich przedsi\u0119wzi\u0119cia gospodarcze podlegaj\u0105 ocenie w oparciu o kryteria zawarte w \u201eSpecyfikacji Istotnych Warunk\u00f3w Przetargu \u0141\u0105cznego\u201d i rozporz\u0105dzeniu Ministra Gospodarki i Pracy z dnia 15.11.2004 r. w sprawie przetarg\u00f3w i rokowa\u0144 oraz kryteri\u00f3w oceny zamierze\u0144, co do przedsi\u0119wzi\u0119\u0107 gospodarczych, kt\u00f3re maj\u0105 by\u0107 podj\u0119te przez przedsi\u0119biorc\u00f3w na terenie Kamiennog\u00f3rskiej Specjalnej Strefy Ekonomicznej Ma\u0142ej Przedsi\u0119biorczo\u015bci (Dz.U. Nr 254, poz.2539 z p\u00f3\u017an. zmianami).<\/li>\n<li>Oferty pisemne nale\u017cy sk\u0142ada\u0107 w zamkni\u0119tych kopertach w siedzibie Specjalnej Strefy Ekonomicznej Ma\u0142ej Przedsi\u0119biorczo\u015bci S.A. (w Sekretariacie),58-400 Kamienna G\u00f3ra, ul. Papie\u017ca Jana Paw\u0142a II 11 A w terminie do dnia<strong> 25 stycznia 2016r. do godz. 15:00.<\/strong> Spos\u00f3b przygotowania oferty okre\u015bla Specyfikacja.<\/li>\n<li>Otwarcie ofert nast\u0105pi w siedzibie Specjalnej Strefy Ekonomicznej Ma\u0142ej Przedsi\u0119biorczo\u015bci w dniu<strong> 29 stycznia 2016r. o godz. 12:00.<\/strong><\/li>\n<li>W przypadku uchylenia si\u0119 przez przedsi\u0119biorc\u0119 wy\u0142onionego w trakcie przetargu od zawarcia umowy sprzeda\u017cy, wadium nie podlega zwrotowi.<\/li>\n<li>Zarz\u0105dzaj\u0105cy Kamiennog\u00f3rsk\u0105 Specjaln\u0105 Stref\u0105 Ekonomiczn\u0105 Ma\u0142ej Przedsi\u0119biorczo\u015bci lub Burmistrz Nowogrod\u017aca mog\u0105 zamkn\u0105\u0107 przetarg bez wybrania kt\u00f3rejkolwiek z ofert lub odwo\u0142a\u0107 og\u0142oszony przetarg jedynie z wa\u017cnych powod\u00f3w. W takim przypadku stosowna informacja zostanie podana do publicznej wiadomo\u015bci ze wskazaniem przyczyny odwo\u0142ania przetargu. W takim przypadku wadium podlega zwrotowi.<\/li>\n<li>Zarz\u0105dzaj\u0105cy Kamiennog\u00f3rsk\u0105 Specjaln\u0105 Stref\u0105 Ekonomiczn\u0105 Ma\u0142ej Przedsi\u0119biorczo\u015bci mo\u017ce uniewa\u017cni\u0107 przetarg w przypadku, gdy wyst\u0105pi istotna zmiana okoliczno\u015bci powoduj\u0105ca, \u017ce prowadzenie post\u0119powania nie le\u017cy w interesie publicznym, czego nie mo\u017cna by\u0142o wcze\u015bniej przewidzie\u0107 lub\/i gdy post\u0119powanie obarczone b\u0119dzie wad\u0105 uniemo\u017cliwiaj\u0105c\u0105 wydanie Zezwolenia lub zawarcie wa\u017cnej umowy sprzeda\u017cy Nieruchomo\u015bci. O uniewa\u017cnieniu post\u0119powania Zarz\u0105dzaj\u0105cy zawiadomi pisemnie r\u00f3wnocze\u015bnie wszystkich oferent\u00f3w podaj\u0105c uzasadnienie faktyczne i prawne.<\/li>\n<li>W odniesieniu do Nieruchomo\u015bci prawo pierwokupu w zakresie prawa w\u0142asno\u015bci przys\u0142uguje: Specjalnej Strefie Ekonomicznej Ma\u0142ej Przedsi\u0119biorczo\u015bci\u2013 zgodnie z art. 8 ust. 2 ustawy z dnia 20 pa\u017adziernika 1994r. o specjalnych strefach ekonomicznych (tekst jednolity Dz. U. z 2015 poz. 282). Prawo pierwokupu mo\u017ce by\u0107 wykonane w terminie jednego miesi\u0105ca od daty zawiadomienia o zawarciu warunkowej umowy sprzeda\u017cy prawa w\u0142asno\u015bci Nieruchomo\u015bci.<\/li>\n<li>W <strong>6-tygodniowym<\/strong> terminie wyznaczonym obwieszczeniem Burmistrza Nowogrod\u017aca w sprawie ustalenia wykazu nieruchomo\u015bci przeznaczonych do zbycia, kt\u00f3re to obj\u0119te s\u0105 niniejszym og\u0142oszeniem, nie wp\u0142yn\u0119\u0142y \u017cadne wnioski od os\u00f3b, kt\u00f3rym przys\u0142uguje pierwsze\u0144stwo w nabyciu Nieruchomo\u015bci na podstawie art. 34 ust. 1 pkt 1 i 2 ustawy o gospodarce nieruchomo\u015bciami (t.j. Dz.U. z 2015 r. poz. 782).<\/li>\n<li>Przed przyst\u0105pieniem do przetargu uczestnik zobowi\u0105zany jest zapozna\u0107 si\u0119 z przedmiotem przetargu.<\/li>\n<li>Nabywca przejmuje nieruchomo\u015b\u0107 w stanie istniej\u0105cym.<\/li>\n<li>Cena dzia\u0142ek nie zawiera wznowienia znak\u00f3w granicznych. W przypadku ewentualnej potrzeby okazania granic nabywca ustali warunki tego okazania z wybranym przez siebie geodet\u0105. Okazanie granic nast\u0105pi na koszt <strong>nabywcy<\/strong>.<\/li>\n<li>The content of the following invitation in English version has been published on the website of the Special Economic Zone for Medium Business PLC. (SSEMP S.A.).: www.ssemp.pl<\/li>\n<\/ol>\n","protected":false},"excerpt":{"rendered":"<p>Og\u0142oszenie Specjalna Strefa Ekonomiczna Ma\u0142ej Przedsi\u0119biorczo\u015bci S.A. z siedzib\u0105 w Kamiennej G\u00f3rze 58-400 Kamienna G\u00f3ra, ul. Papie\u017ca Jana Paw\u0142a II 11 a tel.: (+48 75) 645 20 30, fax: (+48 75) 645 20 33jako Zarz\u0105dzaj\u0105cy Specjaln\u0105 Stref\u0105 Ekonomiczn\u0105 Ma\u0142ej Przedsi\u0119biorczo\u015bci S.A. w Kamiennej G\u00f3rze oraz dzia\u0142aj\u0105c na zlecenie Gminy Nowogrodziec oraz na podstawie rozporz\u0105dzenia Ministra [&hellip;]<\/p>\n","protected":false},"author":1,"featured_media":0,"parent":0,"menu_order":0,"comment_status":"closed","ping_status":"closed","template":"","meta":{"footnotes":""},"class_list":["post-9910","page","type-page","status-publish","hentry"],"_links":{"self":[{"href":"https:\/\/old-ssemp.sowiak.dev\/index.php?rest_route=\/wp\/v2\/pages\/9910","targetHints":{"allow":["GET"]}}],"collection":[{"href":"https:\/\/old-ssemp.sowiak.dev\/index.php?rest_route=\/wp\/v2\/pages"}],"about":[{"href":"https:\/\/old-ssemp.sowiak.dev\/index.php?rest_route=\/wp\/v2\/types\/page"}],"author":[{"embeddable":true,"href":"https:\/\/old-ssemp.sowiak.dev\/index.php?rest_route=\/wp\/v2\/users\/1"}],"replies":[{"embeddable":true,"href":"https:\/\/old-ssemp.sowiak.dev\/index.php?rest_route=%2Fwp%2Fv2%2Fcomments&post=9910"}],"version-history":[{"count":1,"href":"https:\/\/old-ssemp.sowiak.dev\/index.php?rest_route=\/wp\/v2\/pages\/9910\/revisions"}],"predecessor-version":[{"id":9917,"href":"https:\/\/old-ssemp.sowiak.dev\/index.php?rest_route=\/wp\/v2\/pages\/9910\/revisions\/9917"}],"wp:attachment":[{"href":"https:\/\/old-ssemp.sowiak.dev\/index.php?rest_route=%2Fwp%2Fv2%2Fmedia&parent=9910"}],"curies":[{"name":"wp","href":"https:\/\/api.w.org\/{rel}","templated":true}]}}