{"id":9908,"date":"2016-05-19T17:42:02","date_gmt":"2016-05-19T15:42:02","guid":{"rendered":"http:\/\/ssemp.pl\/wordpress\/?page_id=9908"},"modified":"2016-05-19T17:42:02","modified_gmt":"2016-05-19T15:42:02","slug":"gryfow-slaski-10-09-2015r","status":"publish","type":"page","link":"https:\/\/old-ssemp.sowiak.dev\/?page_id=9908","title":{"rendered":"GRYF\u00d3W \u015aL\u0104SKI &#8211; 10.09.2015r"},"content":{"rendered":"<p><center><strong>Og\u0142oszenie<\/strong><strong>Specjalna Strefa Ekonomiczna Ma\u0142ej Przedsi\u0119biorczo\u015bci S.A.<\/strong><\/p>\n<p><strong>z siedzib\u0105 w Kamiennej G\u00f3rze<\/strong><\/p>\n<p><strong>58-400 Kamienna G\u00f3ra, ul. Papie\u017ca Jana Paw\u0142a II 11 a<\/strong><\/p>\n<p><strong>tel.: (+48 75) 645 20 30, fax: (+48 75) 645 20 33<\/strong><\/p>\n<p><\/center>jako Zarz\u0105dzaj\u0105cy Specjaln\u0105 Stref\u0105 Ekonomiczn\u0105 Ma\u0142ej Przedsi\u0119biorczo\u015bci S.A. w Kamiennej G\u00f3rze oraz dzia\u0142aj\u0105c na zlecenie Miasta Gryf\u00f3w \u015al\u0105ski oraz na podstawie rozporz\u0105dzenia Ministra Gospodarki i Pracy z dnia 15 listopada 2004r. w sprawie przetarg\u00f3w i\u00a0rokowa\u0144 oraz kryteri\u00f3w oceny zamierze\u0144 co do przedsi\u0119wzi\u0119\u0107 gospodarczych, kt\u00f3re maj\u0105 by\u0107 podj\u0119te przez przedsi\u0119biorc\u00f3w na terenie Specjalnej Strefy Ekonomicznej Ma\u0142ej Przedsi\u0119biorczo\u015bci S.A. w\u00a0Kamiennej G\u00f3rze (Dz. U. Nr 254, poz. 2539 z p\u00f3\u017an. zmianami) oraz Rozporz\u0105dzenia Ministra Gospodarki z\u00a0dnia 2 lipca 2009 r. w sprawie powierzenia Specjalnej Strefie Ekonomicznej Ma\u0142ej Przedsi\u0119biorczo\u015bci S.A. udzielania zezwole\u0144 na prowadzenie dzia\u0142alno\u015bci gospodarczej na terenie Kamiennog\u00f3rskiej Specjalnej Strefy Ekonomicznej Ma\u0142ej Przedsi\u0119biorczo\u015bci oraz wykonywania kontroli realizacji warunk\u00f3w zezwolenia<\/p>\n<p><strong>zaprasza do uczestnictwa w przetargu pisemnym ograniczonym \u0142\u0105cznym<\/strong><\/p>\n<p>maj\u0105cym na celu wy\u0142onienie przedsi\u0119biorcy, kt\u00f3ry uzyska zezwolenie na prowadzenie dzia\u0142alno\u015bci gospodarczej na terenie Kamiennog\u00f3rskiej Specjalnej Strefy Ekonomicznej Ma\u0142ej Przedsi\u0119biorczo\u015bci uprawniaj\u0105ce do korzystania z\u00a0pomocy publicznej <strong><em>(\u201eZezwolenie\u201d<\/em>)<\/strong> oraz nab\u0119dzie prawo w\u0142asno\u015bci nieruchomo\u015bci opisanej w punkcie 2\u00a0poni\u017cej, na kt\u00f3rej b\u0119dzie prowadzona dzia\u0142alno\u015b\u0107 gospodarcza(\u201e<strong><em>Nieruchomo\u015b\u0107\u201d<\/em><\/strong>).<\/p>\n<p><strong>1.\u00a0\u00a0\u00a0\u00a0\u00a0<\/strong>Wprzetargu mog\u0105 uczestniczy\u0107 wy\u0142\u0105cznie przedsi\u0119biorcy zamierzaj\u0105cy podj\u0105\u0107 na terenie Kamiennog\u00f3rskiej Specjalnej Strefy Ekonomicznej Ma\u0142ej Przedsi\u0119biorczo\u015bci dzia\u0142alno\u015b\u0107 gospodarcz\u0105 na podstawie Zezwolenia, spe\u0142niaj\u0105cy wymogi okre\u015blone w\u00a0ustawie z\u00a0dnia 20.10.1994r. o\u00a0specjalnych strefach ekonomicznych (tekst jednolity Dz. U. z 2015 poz. 282), w\u00a0rozporz\u0105dzeniu Rady Ministr\u00f3w z dnia 10.12.2008 r. w sprawie pomocy publicznej udzielanej przedsi\u0119biorcom dzia\u0142aj\u0105cym na podstawie zezwolenia na prowadzenie dzia\u0142alno\u015bci gospodarczej na terenach specjalnych stref ekonomicznych (tekst jednolity Dz. U. z 2015 r. poz. 465) oraz w Koncepcji rozwoju specjalnych stref ekonomicznych, dokumentu przyj\u0119tego przez Rad\u0119 Ministr\u00f3w dnia 27 stycznia 2009 r.<\/p>\n<p>2.\u00a0 \u00a0Przedmiotem przetargu jest nieruchomo\u015b\u0107 niezabudowana, dzia\u0142ka \u2013 stanowi\u0105ca w\u0142asno\u015b\u0107 Gminy Gryf\u00f3w \u015al\u0105ski \u2013\u00a0 po\u0142o\u017cona przy drodze krajowej nr 30, oznaczona geodezyjnie jako dzia\u0142ka nr 54\/28 o powierzchni 1,0447 ha, w obr\u0119bie 1 Gryf\u00f3w \u015al\u0105ski, dla kt\u00f3rej S\u0105d Rejonowy w Lw\u00f3wku \u015al\u0105skim prowadzi ksi\u0119g\u0119 wieczyst\u0105 Nr JG1S\/00030461\/4 (Nieruchomo\u015b\u0107).<\/p>\n<p>Nieruchomo\u015b\u0107 po\u0142o\u017cona jest w Gryfowie \u015al\u0105skim, w cz\u0119\u015bci us\u0142ugowej miasta przy drodze krajowej nr 30 w kierunku Zgorzelca, w\u00a0obszarze Kamiennog\u00f3rskiej Specjalnej Strefy Ekonomicznej Ma\u0142ej Przedsi\u0119biorczo\u015bci. Nieruchomo\u015b\u0107 nieu\u017cytkowana.<\/p>\n<p>3.\u00a0\u00a0 Cen\u0119 wywo\u0142awcz\u0105 Nieruchomo\u015bci okre\u015blono na kwot\u0119 <strong>209.000,00 PLN<\/strong> (s\u0142ownie: dwie\u015bcie dziewi\u0119\u0107 tysi\u0119cy z\u0142otych). Podana cena jest cen\u0105 netto, do kt\u00f3rej nale\u017cy doliczy\u0107 podatek VAT zgodnie z obowi\u0105zuj\u0105c\u0105 ustaw\u0105 o podatku od towar\u00f3w i us\u0142ug.<\/p>\n<p><strong>\u00a0\u00a0\u00a0\u00a0\u00a0\u00a0 Minimalne post\u0105pienie wynosi: <\/strong>1% ceny wywo\u0142awczej nieruchomo\u015bci w zaokr\u0105gleniu do pe\u0142nych dziesi\u0105tek z\u0142otych tj. 2.090,00 z\u0142. ( dwa tysi\u0105ce dziewi\u0119\u0107dziesi\u0105t z\u0142otych).<\/p>\n<p>Prawo w\u0142asno\u015bci b\u0119dzie zbywane w drodze przetargu pisemnego ograniczonego \u0142\u0105cznego zgodnie z ustaw\u0105 z dnia 21.08.1997 r. o gospodarce nieruchomo\u015bciami (t.j. Dz.U. z 2015 r. poz. 782 z p\u00f3\u017an. zm.) oraz Rozporz\u0105dzeniem Rady Ministr\u00f3w z dnia 14.09.2004 r. w sprawie sposobu i trybu przeprowadzania przetarg\u00f3w oraz rokowa\u0144 na zbycie nieruchomo\u015bci (Dz.U. z 2004 r. Nr 207 poz. 2108 z p\u00f3\u017an.zm).<\/p>\n<p>Prawo w\u0142asno\u015bci Nieruchomo\u015bci jest wolne od wszelkich obci\u0105\u017ce\u0144 i zobowi\u0105za\u0144 na rzecz os\u00f3b trzecich.<\/p>\n<p>W przypadku, gdy przebiegaj\u0105ce sieci i urz\u0105dzenia wyst\u0119puj\u0105ce na nieruchomo\u015bci koliduj\u0105 z realizacj\u0105 zamierzonej inwestycji, nabywca zobowi\u0105zany jest do ich prze\u0142o\u017cenia w\u0142asnym kosztem i staraniem w\u00a0uzgodnieniu z jednostkami bran\u017cowymi i\u00a0w\u0142a\u015bcicielami sieci.<\/p>\n<p><strong>4.\u00a0\u00a0\u00a0\u00a0\u00a0<\/strong>Warunkiem udzia\u0142u w przetargu jest:<br \/>\n<strong> &#8211;<\/strong> wykupienie od Specjalnej Strefy Ekonomicznej Specyfikacji istotnych warunk\u00f3w przetargu \u0142\u0105cznego (Specyfikacji)<br \/>\n<strong> &#8211;<\/strong> wp\u0142acenie wadium<br \/>\n<strong>&#8211;<\/strong> z\u0142o\u017cenie pisemnej oferty wraz z warunkami planowanego na terenie strefy przedsi\u0119wzi\u0119cia<\/p>\n<p><strong>5.\u00a0\u00a0\u00a0\u00a0<\/strong>Wadium w pieni\u0105dzu wynosi 10 % ceny wywo\u0142awczej netto Nieruchomo\u015bci tj. <strong>20.900,00 PLN <\/strong>(s\u0142ownie: dwadzie\u015bcia tysi\u0119cy dziewi\u0119\u0107set z\u0142otych ) i\u00a0p\u0142atne jest do dnia <strong>12 pa\u017adziernika 2015r.<\/strong> na rachunek bankowy Specjalnej Strefy Ekonomicznej Ma\u0142ej Przedsi\u0119biorczo\u015bci. Szczeg\u00f3\u0142y na temat wysoko\u015bci, formy i\u00a0termin wnoszenia wadium oraz przes\u0142anki jego przepadku okre\u015bla \u201eSpecyfikacja Istotnych Warunk\u00f3w Przetargu \u0141\u0105cznego\u201d.<\/p>\n<p><strong>6.\u00a0 \u00a0<\/strong>Specyfikacj\u0119, kt\u00f3ra zawiera szczeg\u00f3\u0142owe warunki przetargu mo\u017cna otrzyma\u0107 codziennie \u2013 opr\u00f3cz sob\u00f3t, niedziel i\u00a0\u015bwi\u0105t \u2013\u00a0 w\u00a0godzinach <strong>8<sup>00 <\/sup><\/strong>\u2013 <strong>15<sup>30<\/sup><\/strong>w siedzibie Specjalnej Strefy Ekonomicznej Ma\u0142ej Przedsi\u0119biorczo\u015bci S.A. w Kamiennej G\u00f3rze, po\u00a0wp\u0142aceniu kwoty <strong>10.000,00 <\/strong>z\u0142 (s\u0142ownie: dziesi\u0119\u0107 tysi\u0119cy z\u0142otych) netto plus podatek VAT wg przepis\u00f3w obowi\u0105zuj\u0105cych \u2013 na rachunek bankowy Specjalnej Strefy Ekonomicznej Ma\u0142ej Przedsi\u0119biorczo\u015bci <strong>nr\u00a002 1090 1942 0000 0005 1800 9564 w BZ WBK S.A<\/strong>. O\/Kamienna G\u00f3ra. Nie przewiduje si\u0119 dodatkowych warunk\u00f3w przetargu, poza opisanymi w\u00a0niniejszym zaproszeniu i\u00a0w\u00a0Specyfikacji.<\/p>\n<p><strong>7.<\/strong> \u00a0\u00a0W miejscowym planie zagospodarowania przestrzennego p\u00f3\u0142nocnej cz\u0119\u015bci miasta Gryf\u00f3w \u015al\u0105ski zatwierdzonym Uchwa\u0142\u0105 Nr XL\/131\/04 Rady Miejskiej Gryf\u00f3w \u015al\u0105ski z dnia 30.12.2004 r. ze zmian\u0105 zatwierdzon\u0105 Uchwa\u0142\u0105 Nr XLIII\/296\/10 Rady Miejskiej Gryf\u00f3w \u015al\u0105ski z dnia 24.09.2010 r. przedmiotowa Nieruchomo\u015b\u0107 wchodzi w sk\u0142ad teren\u00f3w oznaczonych symbolem <strong>\u201e1P,U\u201d<\/strong> &#8211; o przeznaczeniu podstawowym \u2013 obiekty produkcyjne, magazyny, magazynowo-sk\u0142adowe, zak\u0142ady rzemie\u015blnicze.<\/p>\n<p><strong>\u00a08.\u00a0\u00a0 <\/strong>Oferty i przedstawione w nich przedsi\u0119wzi\u0119cia gospodarcze podlegaj\u0105 ocenie w oparciu o kryteria zawarte w\u00a0\u201eSpecyfikacji Istotnych Warunk\u00f3w Przetargu \u0141\u0105cznego\u201d i\u00a0rozporz\u0105dzeniu Ministra Gospodarki i Pracy z dnia 15.11.2004 r. w sprawie przetarg\u00f3w i rokowa\u0144 oraz kryteri\u00f3w oceny zamierze\u0144, co do przedsi\u0119wzi\u0119\u0107 gospodarczych, kt\u00f3re maj\u0105 by\u0107 podj\u0119te przez przedsi\u0119biorc\u00f3w na terenie Kamiennog\u00f3rskiej Specjalnej Strefy Ekonomicznej Ma\u0142ej Przedsi\u0119biorczo\u015bci (Dz.U. Nr 254, poz.2539 z p\u00f3\u017an. zmianami).<\/p>\n<p><strong>9. \u00a0<\/strong>Oferty pisemne nale\u017cy sk\u0142ada\u0107 w zamkni\u0119tych kopertach w siedzibie Specjalnej Strefy Ekonomicznej Ma\u0142ej Przedsi\u0119biorczo\u015bci S.A. (w\u00a0Sekretariacie),58-400 Kamienna G\u00f3ra, ul. Papie\u017ca Jana Paw\u0142a II 11 A w\u00a0terminie do <strong>dnia 12 pa\u017adziernika 2015r.<\/strong> do godz. <strong>15<sup>00<\/sup><\/strong>. Spos\u00f3b przygotowania oferty okre\u015bla Specyfikacja.<\/p>\n<p><strong>\u00a010. <\/strong>Otwarcie ofert nast\u0105pi w siedzibie Specjalnej Strefy Ekonomicznej Ma\u0142ej Przedsi\u0119biorczo\u015bci w dniu <strong>16 pa\u017adziernika 2015<\/strong><strong>r. o\u00a0godz. 12.00<\/strong>.<\/p>\n<p><strong>11.\u00a0 <\/strong>W przypadku uchylenia si\u0119 przez przedsi\u0119biorc\u0119 wy\u0142onionego w trakcie przetargu od zawarcia umowy sprzeda\u017cy, wadium nie podlega zwrotowi.<\/p>\n<p><strong>12.\u00a0 <\/strong>Zarz\u0105dzaj\u0105cy Kamiennog\u00f3rsk\u0105 Specjaln\u0105 Stref\u0105 Ekonomiczn\u0105 Ma\u0142ej Przedsi\u0119biorczo\u015bci lub Burmistrz Miasta Gryf\u00f3w \u015al\u0105ski mog\u0105 zamkn\u0105\u0107 przetarg bez wybrania kt\u00f3rejkolwiek z ofert lub odwo\u0142a\u0107 og\u0142oszony przetarg jedynie z wa\u017cnych powod\u00f3w. W takim przypadku stosowna informacja zostanie podana do publicznej wiadomo\u015bci ze wskazaniem przyczyny odwo\u0142ania przetargu. W takim przypadku wadium podlega zwrotowi.<\/p>\n<p><strong>13<\/strong>. Zarz\u0105dzaj\u0105cy Kamiennog\u00f3rsk\u0105 Specjaln\u0105 Stref\u0105 Ekonomiczn\u0105 Ma\u0142ej Przedsi\u0119biorczo\u015bci mo\u017ce uniewa\u017cni\u0107 przetarg w\u00a0przypadku, gdy wyst\u0105pi istotna zmiana okoliczno\u015bci powoduj\u0105ca, \u017ce prowadzenie post\u0119powania nie le\u017cy w\u00a0interesie publicznym, czego nie mo\u017cna by\u0142o wcze\u015bniej przewidzie\u0107 lub\/i gdy post\u0119powanie obarczone b\u0119dzie wad\u0105 uniemo\u017cliwiaj\u0105c\u0105 wydanie Zezwolenia lub zawarcie wa\u017cnej umowy sprzeda\u017cy Nieruchomo\u015bci. O\u00a0uniewa\u017cnieniu post\u0119powania Zarz\u0105dzaj\u0105cy zawiadomi pisemnie r\u00f3wnocze\u015bnie wszystkich oferent\u00f3w podaj\u0105c uzasadnienie faktyczne i prawne.<\/p>\n<p><strong>14. <\/strong>W odniesieniu do Nieruchomo\u015bci prawo pierwokupu w zakresie prawa w\u0142asno\u015bci przys\u0142uguje: Specjalnej Strefie Ekonomicznej Ma\u0142ej Przedsi\u0119biorczo\u015bci\u2013 zgodnie z art. 8 ust. 2 ustawy z dnia 20 pa\u017adziernika 1994r. o specjalnych strefach ekonomicznych (tekst jednolity Dz. U. z 2015 poz. 282). Prawo pierwokupu mo\u017ce by\u0107 wykonane w terminie jednego miesi\u0105ca od daty zawiadomienia o zawarciu warunkowej umowy sprzeda\u017cy prawa w\u0142asno\u015bci Nieruchomo\u015bci.<\/p>\n<p><strong>15.\u00a0 <\/strong>W <strong>6-tygodniowym <\/strong>terminie wyznaczonym obwieszczeniem Burmistrza Miasta Gryf\u00f3w \u015al\u0105ski w\u00a0sprawie ustalenia wykazu nieruchomo\u015bci przeznaczonych do zbycia, kt\u00f3re to obj\u0119te s\u0105 niniejszym og\u0142oszeniem, nie wp\u0142yn\u0119\u0142y \u017cadne wnioski od os\u00f3b, kt\u00f3rym przys\u0142uguje pierwsze\u0144stwo w nabyciu Nieruchomo\u015bci na podstawie art. 34 ust. 1 pkt 1 i 2 ustawy o gospodarce nieruchomo\u015bciami (t.j. Dz.U. z 2015 r. poz. 782).<\/p>\n<p><strong>16.\u00a0 <\/strong>Nabywca nieruchomo\u015bci gruntowej zobowi\u0105zany jest do jej zagospodarowania zgodnie z warunkami udzielonego zezwolenia na prowadzenie dzia\u0142alno\u015bci gospodarczej na terenie Kamiennog\u00f3rskiej Specjalnej Strefy Ekonomicznej Ma\u0142ej Przedsi\u0119biorczo\u015bci.<\/p>\n<p><strong>17<\/strong>.\u00a0 Przed przyst\u0105pieniem do przetargu uczestnik zobowi\u0105zany jest zapozna\u0107 si\u0119 z przedmiotem przetargu.<\/p>\n<p><strong>18.\u00a0 <\/strong>Nabywca przejmuje nieruchomo\u015b\u0107 w stanie istniej\u0105cym.<\/p>\n<p><strong>19.\u00a0 <\/strong>Cena dzia\u0142ki nie zawiera wznowienia znak\u00f3w granicznych. W przypadku ewentualnej potrzeby okazania granic nabywca ustali warunki tego okazania z wybranym przez siebie geodet\u0105. Okazanie granic nast\u0105pi na koszt <strong>nabywcy.<\/strong><\/p>\n<p><strong>20.\u00a0 <\/strong>The content of the following invitation in English version has been published on the website of the Special Economic Zone\u00a0\u00a0 for Medium Business PLC. (SSEMP S.A.).: <a href=\"https:\/\/old-ssemp.sowiak.dev\/\"> www.ssemp.pl<\/a><\/p>\n","protected":false},"excerpt":{"rendered":"<p>Og\u0142oszenieSpecjalna Strefa Ekonomiczna Ma\u0142ej Przedsi\u0119biorczo\u015bci S.A. z siedzib\u0105 w Kamiennej G\u00f3rze 58-400 Kamienna G\u00f3ra, ul. Papie\u017ca Jana Paw\u0142a II 11 a tel.: (+48 75) 645 20 30, fax: (+48 75) 645 20 33 jako Zarz\u0105dzaj\u0105cy Specjaln\u0105 Stref\u0105 Ekonomiczn\u0105 Ma\u0142ej Przedsi\u0119biorczo\u015bci S.A. w Kamiennej G\u00f3rze oraz dzia\u0142aj\u0105c na zlecenie Miasta Gryf\u00f3w \u015al\u0105ski oraz na podstawie rozporz\u0105dzenia [&hellip;]<\/p>\n","protected":false},"author":1,"featured_media":0,"parent":0,"menu_order":0,"comment_status":"closed","ping_status":"closed","template":"","meta":{"footnotes":""},"class_list":["post-9908","page","type-page","status-publish","hentry"],"_links":{"self":[{"href":"https:\/\/old-ssemp.sowiak.dev\/index.php?rest_route=\/wp\/v2\/pages\/9908","targetHints":{"allow":["GET"]}}],"collection":[{"href":"https:\/\/old-ssemp.sowiak.dev\/index.php?rest_route=\/wp\/v2\/pages"}],"about":[{"href":"https:\/\/old-ssemp.sowiak.dev\/index.php?rest_route=\/wp\/v2\/types\/page"}],"author":[{"embeddable":true,"href":"https:\/\/old-ssemp.sowiak.dev\/index.php?rest_route=\/wp\/v2\/users\/1"}],"replies":[{"embeddable":true,"href":"https:\/\/old-ssemp.sowiak.dev\/index.php?rest_route=%2Fwp%2Fv2%2Fcomments&post=9908"}],"version-history":[{"count":1,"href":"https:\/\/old-ssemp.sowiak.dev\/index.php?rest_route=\/wp\/v2\/pages\/9908\/revisions"}],"predecessor-version":[{"id":9915,"href":"https:\/\/old-ssemp.sowiak.dev\/index.php?rest_route=\/wp\/v2\/pages\/9908\/revisions\/9915"}],"wp:attachment":[{"href":"https:\/\/old-ssemp.sowiak.dev\/index.php?rest_route=%2Fwp%2Fv2%2Fmedia&parent=9908"}],"curies":[{"name":"wp","href":"https:\/\/api.w.org\/{rel}","templated":true}]}}