{"id":9894,"date":"2016-05-19T17:36:47","date_gmt":"2016-05-19T15:36:47","guid":{"rendered":"http:\/\/ssemp.pl\/wordpress\/?page_id=9894"},"modified":"2016-05-19T17:36:48","modified_gmt":"2016-05-19T15:36:48","slug":"zmigrod-2014-04-22-pl","status":"publish","type":"page","link":"https:\/\/old-ssemp.sowiak.dev\/?page_id=9894","title":{"rendered":"\u017bmigr\u00f3d &#8211; 2014.04.22 [PL]"},"content":{"rendered":"<p><center><strong>Og\u0142oszenie<br \/>\nSpecjalna Strefa Ekonomiczna Ma\u0142ej Przedsi\u0119biorczo\u015bci S.A.<br \/>\nz siedzib\u0105 w Kamiennej G\u00f3rze<br \/>\n58-400 Kamienna G\u00f3ra, ul. Papie\u017ca Jana Paw\u0142a II 11 a<br \/>\ntel.: (+48 75) 645 20 30, fax: (+48 75) 645 20 33<\/strong><\/center>jako Zarz\u0105dzaj\u0105cy Specjaln\u0105 Stref\u0105 Ekonomiczn\u0105 Ma\u0142ej Przedsi\u0119biorczo\u015bci S.A. w Kamiennej G\u00f3rze oraz dzia\u0142aj\u0105c na zlecenie Burmistrza Gminy \u017bmigr\u00f3d oraz na podstawie rozporz\u0105dzenia Ministra Gospodarki i Pracy z dnia 15 listopada 2004r. w sprawie przetarg\u00f3w i rokowa\u0144 oraz kryteri\u00f3w oceny zamierze\u0144 co do przedsi\u0119wzi\u0119\u0107 gospodarczych, kt\u00f3re maj\u0105 by\u0107 podj\u0119te przez przedsi\u0119biorc\u00f3w na terenie Specjalnej Strefy Ekonomicznej Ma\u0142ej Przedsi\u0119biorczo\u015bci S.A. w Kamiennej G\u00f3rze (Dz. U. Nr 254, poz. 2539 z p\u00f3\u017an. zmianami) oraz Rozporz\u0105dzenia Ministra Gospodarki z dnia 2 lipca 2009 r. w sprawie powierzenia Specjalnej Strefie Ekonomicznej Ma\u0142ej Przedsi\u0119biorczo\u015bci S.A. udzielania zezwole\u0144 na prowadzenie dzia\u0142alno\u015bci gospodarczej na terenie Kamiennog\u00f3rskiej Specjalnej Strefy Ekonomicznej Ma\u0142ej Przedsi\u0119biorczo\u015bci oraz wykonywania kontroli realizacji warunk\u00f3w zezwolenia<\/p>\n<p><center><strong>zaprasza do uczestnictwa w przetargu \u0142\u0105cznym<\/strong><\/center>maj\u0105cym na celu wy\u0142onienie przedsi\u0119biorcy, kt\u00f3ry uzyska zezwolenie na prowadzenie dzia\u0142alno\u015bci gospodarczej na terenie Kamiennog\u00f3rskiej Specjalnej Strefy Ekonomicznej Ma\u0142ej Przedsi\u0119biorczo\u015bci uprawniaj\u0105ce do korzystania z pomocy publicznej <strong>(\u201eZezwolenie\u201d)<\/strong> oraz nab\u0119dzie w ramach umowy dzier\u017cawy prawo do nieruchomo\u015bci opisanej w punkcie 2 poni\u017cej, na kt\u00f3rej b\u0119dzie prowadzona dzia\u0142alno\u015b\u0107 gospodarcza<strong>(\u201eNieruchomo\u015b\u0107\u201d)<\/strong>.<\/p>\n<ol>\n<li>1. W przetargu mog\u0105 uczestniczy\u0107 wy\u0142\u0105cznie przedsi\u0119biorcy zamierzaj\u0105cy podj\u0105\u0107 na terenie Kamiennog\u00f3rskiej SpecjalnejStrefy Ekonomicznej Ma\u0142ej Przedsi\u0119biorczo\u015bci dzia\u0142alno\u015b\u0107 gospodarcz\u0105 na podstawie Zezwolenia, spe\u0142niaj\u0105cy wymogi okre\u015blone w ustawie z dnia 20.10.1994r. o specjalnych strefach ekonomicznych (tekst jednolity z 2007r. Dz. U. Nr 42,poz. 274 z p\u00f3\u017an. zm.) i w rozporz\u0105dzeniu Rady Ministr\u00f3w z dnia 10.12.2008 r. w sprawie pomocy publicznej udzielanej przedsi\u0119biorcom dzia\u0142aj\u0105cym na podstawie zezwolenia na prowadzenie dzia\u0142alno\u015bci gospodarczej na terenach specjalnych stref ekonomicznych (Dz. U. Nr 232, poz. 1548, z p\u00f3\u017an. zm.).<\/li>\n<li>W sk\u0142ad mienia obj\u0119tego przetargiem wchodzi w ramach umowy dzier\u017cawy prawo do nieruchomo\u015bci (niezabudowanej) o \u0142\u0105cznej powierzchni <strong>7,8402 ha<\/strong>, po\u0142o\u017conej w wojew\u00f3dztwie dolno\u015bl\u0105skim, powiecie trzebnickim, miejscowo\u015bci \u017bmigr\u00f3d obr\u0119b geodezyjny \u017bmigr\u00f3d, w Podstrefie \u017bmigr\u00f3d Kamiennog\u00f3rskiej Specjalnej Strefy Ekonomicznej, <strong>b\u0119d\u0105cej w\u0142asno\u015bci\u0105 Gminy \u017bmigr\u00f3d<\/strong>, sk\u0142adaj\u0105cej si\u0119 z dzia\u0142ek <strong>Nr 8\/24 AM 16, 14\/3, 14\/4, 14\/5, 14\/6, 14\/7<\/strong> ksi\u0119ga wieczysta WR1W\/00035982\/1, <strong>15\/2, 15\/3 AM 17<\/strong> ksi\u0119ga wieczysta WR1W\/00045768\/8. W ramach umowy dzier\u017cawy prawo do Nieruchomo\u015bci b\u0119dzie ustanawiane w drodze przetargu zgodnie z ustaw\u0105 z dnia 21.08.1997 r. o gospodarce nieruchomo\u015bciami (tj. Dz. U. z 2010 r. Nr 102 pz.651 z p\u00f3\u017an. zm.) Nieruchomo\u015b\u0107 jest wolna od wszelkich obci\u0105\u017ce\u0144 i zobowi\u0105za\u0144 na rzecz os\u00f3b trzecich.- za wyj\u0105tkiem obci\u0105\u017ce\u0144 faktycznych, o kt\u00f3rych mowa poni\u017cej.<\/li>\n<li>Wysoko\u015b\u0107 miesi\u0119cznego czynszu wywo\u0142awczego Nieruchomo\u015bci okre\u015blona zosta\u0142a na <strong>0,02 z\u0142 za 1 m2<\/strong> powierzchni Nieruchomo\u015bci. Podana cena jest cen\u0105 netto, do kt\u00f3rej nale\u017cy doliczy\u0107 podatek od towar\u00f3w i us\u0142ug wg przepis\u00f3w obowi\u0105zuj\u0105cych.<\/li>\n<li><strong>Minimalne post\u0105pienie wysoko\u015bci czynszu dzier\u017cawnego wynosi: 0,01 z\u0142 netto za 1 m2<\/strong> powierzchni Nieruchomo\u015bci.<\/li>\n<li>Warunkiem udzia\u0142u w przetargu jest<br \/>\n&#8211; wykupienie od Specjalnej Strefy Ekonomicznej Specyfikacji istotnych warunk\u00f3w przetargu \u0142\u0105cznego (Specyfikacji)<br \/>\n&#8211; wp\u0142acenie wadium<br \/>\n&#8211; z\u0142o\u017cenie pisemnej oferty wraz z warunkami planowanego na terenie strefy przedsi\u0119wzi\u0119cia<\/li>\n<li>Wadium w pieni\u0105dzu wynosi wysoko\u015b\u0107 2-miesi\u0119cznego czynszu wywo\u0142awczego Nieruchomo\u015bci w zaokr\u0105gleniu do pe\u0142nych z\u0142otych tj. <strong>3.136,00 PLN<\/strong> (s\u0142ownie: trzy tysi\u0105ce sto trzydzie\u015bci sze\u015b\u0107 00\/100 z\u0142otych) i p\u0142atne jest do dnia <strong>26.05.2014r.<\/strong> na rachunek bankowy Specjalnej Strefy Ekonomicznej Ma\u0142ej Przedsi\u0119biorczo\u015bci.<\/li>\n<li>Specyfikacj\u0119, kt\u00f3ra zawiera szczeg\u00f3\u0142owe warunki przetargu mo\u017cna otrzyma\u0107 codziennie \u2013 opr\u00f3cz sob\u00f3t, niedziel i \u015bwi\u0105t \u2013 w godzinach <strong>7:45 \u2013 15:30<\/strong> w siedzibie Specjalnej Strefy Ekonomicznej Ma\u0142ej Przedsi\u0119biorczo\u015bci S.A. w Kamiennej G\u00f3rze, po wp\u0142aceniu kwoty <strong>10.000,00 z\u0142<\/strong> (s\u0142ownie: dziesi\u0119\u0107 tysi\u0119cy z\u0142otych) netto plus podatek VAT wg przepis\u00f3w obowi\u0105zuj\u0105cych \u2013 na rachunek bankowy Specjalnej Strefy Ekonomicznej Ma\u0142ej Przedsi\u0119biorczo\u015bci nr 02 1090 1942 0000 0005 1800 9564 w BZ WBK S.A. O\/Kamienna G\u00f3ra. Nie przewiduje si\u0119 dodatkowych warunk\u00f3w przetargu, poza opisanymi w niniejszym zaproszeniu i w Specyfikacji.<\/li>\n<li>Opis Nieruchomo\u015bci: nieruchomo\u015b\u0107 niezabudowana po\u0142o\u017cona wzd\u0142u\u017c obwodnicy miasta \u017bmigr\u00f3d. Dzia\u0142ki po\u0142o\u017cone s\u0105 na obszarze oznaczonym w planie zagospodarowania przestrzennego symbolem 6P, U &#8211; tereny obiekt\u00f3w produkcyjnych, sk\u0142ad\u00f3w i magazyn\u00f3w oraz tereny zabudowy us\u0142ugowej, za wyj\u0105tkiem us\u0142ug chronionych.<\/li>\n<li>Przedsi\u0119wzi\u0119cia gospodarcze, kt\u00f3re maj\u0105 by\u0107 podj\u0119te na terenie Kamiennog\u00f3rskiej Specjalnej Strefy Ekonomicznej Ma\u0142ej Przedsi\u0119biorczo\u015bci i okre\u015blone w ofertach podlegaj\u0105 ocenie w oparciu o kryteria zawarte w \u00a7 11 rozporz\u0105dzenia Ministra Gospodarki i Pracy z dnia 15 listopada 2004r. w sprawie przetarg\u00f3w i rokowa\u0144 oraz kryteri\u00f3w oceny zamierze\u0144 co do przedsi\u0119wzi\u0119\u0107 gospodarczych, kt\u00f3re maj\u0105 by\u0107 podj\u0119te przez przedsi\u0119biorc\u00f3w na terenie Kamiennog\u00f3rskiej Specjalnej Strefy Ekonomicznej Ma\u0142ej Przedsi\u0119biorczo\u015bci (Dz. U. Nr 254, poz. 2539 z p\u00f3\u017a. zm).<\/li>\n<li>Oferty pisemne nale\u017cy sk\u0142ada\u0107 w zamkni\u0119tych kopertach w siedzibie Specjalnej Strefy Ekonomicznej Ma\u0142ej Przedsi\u0119biorczo\u015bci S.A. (w Sekretariacie) w terminie do dnia <strong>26.05.2014r.<\/strong> do godz. <strong>15:30<\/strong>. Spos\u00f3b przygotowania oferty okre\u015bla Specyfikacja.<\/li>\n<li>Otwarcie ofert nast\u0105pi w siedzibie Specjalnej Strefy Ekonomicznej Ma\u0142ej Przedsi\u0119biorczo\u015bci w dniu <strong>29.05.2014r. o godz. 10:00<\/strong><\/li>\n<li>W przypadku uchylenia si\u0119 przez przedsi\u0119biorc\u0119 wybranego w trakcie przetargu od zawarcia umowy dzier\u017cawy, wadium nie podlega zwrotowi.<\/li>\n<li>Zarz\u0105dzaj\u0105cy Kamiennog\u00f3rsk\u0105 Specjaln\u0105 Stref\u0105 Ekonomiczn\u0105 Ma\u0142ej Przedsi\u0119biorczo\u015bci lub Burmistrz Gminy \u017bmigr\u00f3d mog\u0105 zamkn\u0105\u0107 przetarg bez wybrania kt\u00f3rejkolwiek z ofert lub odwo\u0142a\u0107 og\u0142oszony przetarg jedynie z wa\u017cnych powod\u00f3w. W takim przypadku stosowna informacja zostanie podana do publicznej wiadomo\u015bci ze wskazaniem przyczyny odwo\u0142ania przetargu. W takim przypadku wadium podlega zwrotowi.<\/li>\n<li>Zarz\u0105dzaj\u0105cy Kamiennog\u00f3rsk\u0105 Specjaln\u0105 Stref\u0105 Ekonomiczn\u0105 Ma\u0142ej Przedsi\u0119biorczo\u015bci mo\u017ce uniewa\u017cni\u0107 przetarg w przypadku, gdy wyst\u0105pi istotna zmiana okoliczno\u015bci powoduj\u0105ca, \u017ce prowadzenie post\u0119powania nie le\u017cy w interesie publicznym, czego nie mo\u017cna by\u0142o wcze\u015bniej przewidzie\u0107 lub\/i gdy post\u0119powanie obarczone b\u0119dzie wad\u0105 uniemo\u017cliwiaj\u0105c\u0105 wydanie Zezwolenia lub zawarcie wa\u017cnej umowy dzier\u017cawy Nieruchomo\u015bci. O uniewa\u017cnieniu post\u0119powania Zarz\u0105dzaj\u0105cy zawiadomi pisemnie r\u00f3wnocze\u015bnie wszystkich oferent\u00f3w podaj\u0105c uzasadnienie faktyczne i prawne.<\/li>\n<li>The content of the following invitation in English version has been published on the website of the Special Economic Zone for Medium Business PLC. (SSEMP S.A.).: www.ssemp.pl<\/li>\n<\/ol>\n","protected":false},"excerpt":{"rendered":"<p>Og\u0142oszenie Specjalna Strefa Ekonomiczna Ma\u0142ej Przedsi\u0119biorczo\u015bci S.A. z siedzib\u0105 w Kamiennej G\u00f3rze 58-400 Kamienna G\u00f3ra, ul. Papie\u017ca Jana Paw\u0142a II 11 a tel.: (+48 75) 645 20 30, fax: (+48 75) 645 20 33jako Zarz\u0105dzaj\u0105cy Specjaln\u0105 Stref\u0105 Ekonomiczn\u0105 Ma\u0142ej Przedsi\u0119biorczo\u015bci S.A. w Kamiennej G\u00f3rze oraz dzia\u0142aj\u0105c na zlecenie Burmistrza Gminy \u017bmigr\u00f3d oraz na podstawie rozporz\u0105dzenia [&hellip;]<\/p>\n","protected":false},"author":1,"featured_media":0,"parent":0,"menu_order":0,"comment_status":"closed","ping_status":"closed","template":"","meta":{"footnotes":""},"class_list":["post-9894","page","type-page","status-publish","hentry"],"_links":{"self":[{"href":"https:\/\/old-ssemp.sowiak.dev\/index.php?rest_route=\/wp\/v2\/pages\/9894","targetHints":{"allow":["GET"]}}],"collection":[{"href":"https:\/\/old-ssemp.sowiak.dev\/index.php?rest_route=\/wp\/v2\/pages"}],"about":[{"href":"https:\/\/old-ssemp.sowiak.dev\/index.php?rest_route=\/wp\/v2\/types\/page"}],"author":[{"embeddable":true,"href":"https:\/\/old-ssemp.sowiak.dev\/index.php?rest_route=\/wp\/v2\/users\/1"}],"replies":[{"embeddable":true,"href":"https:\/\/old-ssemp.sowiak.dev\/index.php?rest_route=%2Fwp%2Fv2%2Fcomments&post=9894"}],"version-history":[{"count":1,"href":"https:\/\/old-ssemp.sowiak.dev\/index.php?rest_route=\/wp\/v2\/pages\/9894\/revisions"}],"predecessor-version":[{"id":9905,"href":"https:\/\/old-ssemp.sowiak.dev\/index.php?rest_route=\/wp\/v2\/pages\/9894\/revisions\/9905"}],"wp:attachment":[{"href":"https:\/\/old-ssemp.sowiak.dev\/index.php?rest_route=%2Fwp%2Fv2%2Fmedia&parent=9894"}],"curies":[{"name":"wp","href":"https:\/\/api.w.org\/{rel}","templated":true}]}}