{"id":9893,"date":"2016-05-19T17:36:30","date_gmt":"2016-05-19T15:36:30","guid":{"rendered":"http:\/\/ssemp.pl\/wordpress\/?page_id=9893"},"modified":"2016-05-19T17:36:30","modified_gmt":"2016-05-19T15:36:30","slug":"sprostowanie-do-ogloszenia-z-dnia-23-10-2013","status":"publish","type":"page","link":"https:\/\/old-ssemp.sowiak.dev\/?page_id=9893","title":{"rendered":"SPROSTOWANIE DO OG\u0141OSZENIA z dnia 23.10.2013"},"content":{"rendered":"<p><center><strong> Sprostowanie do og\u0142oszenia z dnia 23.10.2013 r.<br \/>\nSpecjalnej Strefy Ekonomicznej<br \/>\nMa\u0142ej Przedsi\u0119biorczo\u015bci S.A. z siedzib\u0105 w Kamiennej G\u00f3rze<br \/>\no przetargu \u0142\u0105cznym<\/strong><\/center><\/p>\n<p>maj\u0105cym na celu wy\u0142onienie przedsi\u0119biorcy, kt\u00f3ry uzyska zezwolenie na prowadzenie dzia\u0142alno\u015bci gospodarczej na terenie Kamiennog\u00f3rskiej Specjalnej Strefy Ekonomicznej Ma\u0142ej Przedsi\u0119biorczo\u015bci uprawniaj\u0105ce do korzystania z pomocy publicznej <strong>(\u201eZezwolenie\u201d)<\/strong> oraz nab\u0119dzie w ramach umowy dzier\u017cawy prawo do nieruchomo\u015bci (niezabudowanej) o \u0142\u0105cznej powierzchni <strong>7,8402 ha,<\/strong> po\u0142o\u017conej w wojew\u00f3dztwie dolno\u015bl\u0105skim, powiecie trzebnickim, miejscowo\u015bci \u017bmigr\u00f3d obr\u0119b geodezyjny \u017bmigr\u00f3d, w Podstrefie \u017bmigr\u00f3d Kamiennog\u00f3rskiej Specjalnej Strefy Ekonomicznej, <strong>b\u0119d\u0105cej w\u0142asno\u015bci\u0105 Gminy \u017bmigr\u00f3d,<\/strong> sk\u0142adaj\u0105cej si\u0119 z dzia\u0142ek <strong>Nr 8\/24 AM 16, 14\/3, 14\/4, 14\/5, 14\/6, 14\/7 AM 17<\/strong> ksi\u0119ga wieczysta WR1W\/00035982\/1, <strong>15\/2, 15\/3 AM 17<\/strong> ksi\u0119ga wieczysta WR1W\/00045768\/8, na kt\u00f3rej b\u0119dzie prowadzona dzia\u0142alno\u015b\u0107 gospodarcza <strong>(\u201eNieruchomo\u015b\u0107\u201d).<\/strong><\/p>\n<p><strong> SSEMP S.A. prostuje pomy\u0142k\u0119 pisarsk\u0105 w og\u0142oszeniu w nast\u0119puj\u0105cy spos\u00f3b:<\/strong><br \/>\nW punkcie 6. dotycz\u0105cym terminu wp\u0142aty wadium:<br \/>\n<strong>&#8211; jest zapis o tre\u015bci:<\/strong> \u201e&#8230;p\u0142atne jest do dnia <strong>25.10.2013r.\u201d<\/strong><br \/>\n<strong>&#8211; powinno by\u0107:<\/strong> \u201e&#8230;p\u0142atne jest do dnia <strong>25.11.2013r.\u201d<\/strong><\/p>\n<p>W punkcie 10. dotycz\u0105cym terminu sk\u0142adania ofert:<br \/>\n<strong>&#8211; jest zapis o tre\u015bci<\/strong>: \u201e\u2026w terminie do dnia <strong>25.10.2013 r.\u201d<\/strong><br \/>\n<strong>&#8211; powinno by\u0107:<\/strong> \u201e&#8230;w terminie do dnia <strong>25.11.2013 r.\u201d<\/strong><\/p>\n<p>W punkcie 11. dotycz\u0105cym terminu otwarcia ofert:<br \/>\n<strong>&#8211; jest zapis o tre\u015bci:<\/strong> \u201e\u2026w dniu <strong>29.10.2013 r.\u201d<\/strong><br \/>\n<strong>&#8211; powinno by\u0107:<\/strong> \u201e&#8230;w dniu <strong>29.11.2013 r.\u201d<\/strong><\/p>\n<p>Pozosta\u0142e tre\u015bci nie ulegaj\u0105 zmianie.<\/p>\n","protected":false},"excerpt":{"rendered":"<p>Sprostowanie do og\u0142oszenia z dnia 23.10.2013 r. Specjalnej Strefy Ekonomicznej Ma\u0142ej Przedsi\u0119biorczo\u015bci S.A. z siedzib\u0105 w Kamiennej G\u00f3rze o przetargu \u0142\u0105cznym maj\u0105cym na celu wy\u0142onienie przedsi\u0119biorcy, kt\u00f3ry uzyska zezwolenie na prowadzenie dzia\u0142alno\u015bci gospodarczej na terenie Kamiennog\u00f3rskiej Specjalnej Strefy Ekonomicznej Ma\u0142ej Przedsi\u0119biorczo\u015bci uprawniaj\u0105ce do korzystania z pomocy publicznej (\u201eZezwolenie\u201d) oraz nab\u0119dzie w ramach umowy dzier\u017cawy prawo [&hellip;]<\/p>\n","protected":false},"author":1,"featured_media":0,"parent":0,"menu_order":0,"comment_status":"closed","ping_status":"closed","template":"","meta":{"footnotes":""},"class_list":["post-9893","page","type-page","status-publish","hentry"],"_links":{"self":[{"href":"https:\/\/old-ssemp.sowiak.dev\/index.php?rest_route=\/wp\/v2\/pages\/9893","targetHints":{"allow":["GET"]}}],"collection":[{"href":"https:\/\/old-ssemp.sowiak.dev\/index.php?rest_route=\/wp\/v2\/pages"}],"about":[{"href":"https:\/\/old-ssemp.sowiak.dev\/index.php?rest_route=\/wp\/v2\/types\/page"}],"author":[{"embeddable":true,"href":"https:\/\/old-ssemp.sowiak.dev\/index.php?rest_route=\/wp\/v2\/users\/1"}],"replies":[{"embeddable":true,"href":"https:\/\/old-ssemp.sowiak.dev\/index.php?rest_route=%2Fwp%2Fv2%2Fcomments&post=9893"}],"version-history":[{"count":2,"href":"https:\/\/old-ssemp.sowiak.dev\/index.php?rest_route=\/wp\/v2\/pages\/9893\/revisions"}],"predecessor-version":[{"id":9904,"href":"https:\/\/old-ssemp.sowiak.dev\/index.php?rest_route=\/wp\/v2\/pages\/9893\/revisions\/9904"}],"wp:attachment":[{"href":"https:\/\/old-ssemp.sowiak.dev\/index.php?rest_route=%2Fwp%2Fv2%2Fmedia&parent=9893"}],"curies":[{"name":"wp","href":"https:\/\/api.w.org\/{rel}","templated":true}]}}