{"id":9890,"date":"2016-05-19T17:35:39","date_gmt":"2016-05-19T15:35:39","guid":{"rendered":"http:\/\/ssemp.pl\/wordpress\/?page_id=9890"},"modified":"2016-05-19T17:35:40","modified_gmt":"2016-05-19T15:35:40","slug":"jelenia-gora-dz-nr-775-2013-07-12-pl","status":"publish","type":"page","link":"https:\/\/old-ssemp.sowiak.dev\/?page_id=9890","title":{"rendered":"Jelenia G\u00f3ra (dz nr 77\/5) &#8211; 2013-07-12 &#8211; PL"},"content":{"rendered":"<p align=\"center\"><strong>Og\u0142oszenie<\/strong><\/p>\n<p align=\"center\"><strong>Specjalna Strefa Ekonomiczna Ma\u0142ej Przedsi\u0119biorczo\u015bci S.A.<\/strong><\/p>\n<p align=\"center\"><strong>z siedzib\u0105 w Kamiennej G\u00f3rze<\/strong><\/p>\n<p align=\"center\"><strong>58-400 Kamienna G\u00f3ra, ul. Papie\u017ca Jana Paw\u0142a II 11 a<\/strong><\/p>\n<p align=\"center\"><strong>tel.: (+48 75) 645 20 30, fax: (+48 75) <\/strong><strong>645 20 33<\/strong><\/p>\n<p><strong>\u00a0<\/strong><\/p>\n<p>jako Zarz\u0105dzaj\u0105cy Specjaln\u0105 Stref\u0105 Ekonomiczn\u0105 Ma\u0142ej Przedsi\u0119biorczo\u015bci S.A. w Kamiennej G\u00f3rze oraz dzia\u0142aj\u0105c na zlecenie Miasta Jelenia G\u00f3ra oraz na podstawie rozporz\u0105dzenia Ministra Gospodarki i Pracy z dnia 15 listopada 2004r. w sprawie przetarg\u00f3w i\u00a0rokowa\u0144 oraz kryteri\u00f3w oceny zamierze\u0144 co do przedsi\u0119wzi\u0119\u0107 gospodarczych, kt\u00f3re maj\u0105 by\u0107 podj\u0119te przez przedsi\u0119biorc\u00f3w na terenie Specjalnej Strefy Ekonomicznej Ma\u0142ej Przedsi\u0119biorczo\u015bci S.A. w\u00a0Kamiennej G\u00f3rze (Dz. U. Nr 254, poz. 2539 z p\u00f3\u017an. zmianami) oraz Rozporz\u0105dzenia Ministra Gospodarki z\u00a0dnia 2 lipca 2009 r. w sprawie powierzenia Specjalnej Strefie Ekonomicznej Ma\u0142ej Przedsi\u0119biorczo\u015bci S.A. udzielania zezwole\u0144 na prowadzenie dzia\u0142alno\u015bci gospodarczej na terenie Kamiennog\u00f3rskiej Specjalnej Strefy Ekonomicznej Ma\u0142ej Przedsi\u0119biorczo\u015bci oraz wykonywania kontroli realizacji warunk\u00f3w zezwolenia<strong>\u00a0<\/strong><\/p>\n<p align=\"center\"><strong>zaprasza do uczestnictwa w przetargu pisemnym ograniczonym \u0142\u0105cznym<\/strong><\/p>\n<p>maj\u0105cym na celu wy\u0142onienie przedsi\u0119biorcy, kt\u00f3ry uzyska zezwolenie na prowadzenie dzia\u0142alno\u015bci gospodarczej na terenie Kamiennog\u00f3rskiej Specjalnej Strefy Ekonomicznej Ma\u0142ej Przedsi\u0119biorczo\u015bci uprawniaj\u0105ce do korzystania z\u00a0pomocy publicznej <strong><em>(\u201eZezwolenie\u201d<\/em>)<\/strong> oraz nab\u0119dzie prawo w\u0142asno\u015bci nieruchomo\u015bci opisanej w punkcie 2\u00a0poni\u017cej, na kt\u00f3rej b\u0119dzie prowadzona dzia\u0142alno\u015b\u0107 gospodarcza(\u201e<strong><em>Nieruchomo\u015b\u0107\u201d<\/em><\/strong>).<\/p>\n<p><strong>1.\u00a0\u00a0\u00a0\u00a0\u00a0<\/strong>W przetargu mog\u0105 uczestniczy\u0107 wy\u0142\u0105cznie przedsi\u0119biorcy zamierzaj\u0105cy podj\u0105\u0107 na terenie Kamiennog\u00f3rskiej Specjalnej Strefy Ekonomicznej Ma\u0142ej Przedsi\u0119biorczo\u015bci dzia\u0142alno\u015b\u0107 gospodarcz\u0105 na podstawie Zezwolenia, spe\u0142niaj\u0105cy wymogi okre\u015blone w\u00a0ustawie z\u00a0dnia 20.10.1994r. o\u00a0specjalnych strefach ekonomicznych (tekst jednolity z 2007r. Dz. U. Nr 42, poz. 274 z p\u00f3\u017an. zm.) i\u00a0w\u00a0rozporz\u0105dzeniu Rady Ministr\u00f3w z dnia 10.12.2008 r. w sprawie pomocy publicznej udzielanej przedsi\u0119biorcom dzia\u0142aj\u0105cym na podstawie zezwolenia na prowadzenie dzia\u0142alno\u015bci gospodarczej na terenach specjalnych stref ekonomicznych (Dz. U. Nr 232, poz. 1548, z\u00a0p\u00f3\u017an. zm.).<\/p>\n<p>2.\u00a0\u00a0\u00a0 Przedmiotem przetargu jest nieruchomo\u015b\u0107 niezabudowana, dzia\u0142ka \u2013 stanowi\u0105ca w\u0142asno\u015b\u0107 Gminy Jelenia G\u00f3ra \u2013\u00a0 po\u0142o\u017cona przy ul. Objazdowej, oznaczona geodezyjnie jako dzia\u0142ka nr 77\/5 o powierzchni 1,7989 ha, obr\u0119b Cieplice II, AM-4,nr dla kt\u00f3rej S\u0105d Rejonowy w Jeleniej G\u00f3rze prowadzi ksi\u0119g\u0119 wieczyst\u0105 Nr JG1J\/00072654\/2 (Nieruchomo\u015b\u0107).<\/p>\n<p>Nieruchomo\u015b\u0107 po\u0142o\u017cona jest w Jeleniej G\u00f3rze przy ul. Objazdowej w dzielnicy przemys\u0142owej, w zachodniej cz\u0119\u015bci miasta, w\u00a0obszarze Kamiennog\u00f3rskiej Specjalnej Strefy Ekonomicznej Ma\u0142ej Przedsi\u0119biorczo\u015bci , oko\u0142o 1 km od drogi krajowej nr 3. S\u0105siedztwo to powstaj\u0105ca zabudowa produkcyjna, rozproszona mieszkalna i tereny rolne. Dojazd do nieruchomo\u015bci ulic\u0105 Sp\u00f3\u0142dzielcz\u0105, a nast\u0119pnie drog\u0105 gruntow\u0105. Nieruchomo\u015b\u0107 nieu\u017cytkowana, o\u00a0p\u0142askiej topografii.<\/p>\n<p>3.\u00a0\u00a0 Cen\u0119 wywo\u0142awcz\u0105 Nieruchomo\u015bci okre\u015blono na kwot\u0119 <strong>1.026.000,00 PLN<\/strong> (s\u0142ownie: jeden milion dwadzie\u015bcia sze\u015b\u0107 tysi\u0119cy z\u0142otych). Podana cena jest cen\u0105 netto, do kt\u00f3rej nale\u017cy doliczy\u0107 podatek VAT zgodnie z obowi\u0105zuj\u0105c\u0105 ustaw\u0105 o podatku od towar\u00f3w i us\u0142ug.<\/p>\n<p><strong>\u00a0\u00a0\u00a0\u00a0\u00a0\u00a0 Minimalne post\u0105pienie wynosi: <\/strong>1% ceny wywo\u0142awczej nieruchomo\u015bci w zaokr\u0105gleniu do pe\u0142nych dziesi\u0105tek z\u0142otych tj. 10.260,00 z\u0142. ( dziesi\u0119\u0107 tysi\u0119cy dwie\u015bcie sze\u015b\u0107dziesi\u0105t z\u0142otych).<\/p>\n<p>Prawo w\u0142asno\u015bci b\u0119dzie zbywane w drodze przetargu pisemnego ograniczonego \u0142\u0105cznego zgodnie z ustaw\u0105 z dnia 21.08.1997 r. o gospodarce nieruchomo\u015bciami (t.j. Dz.U. z 2010 r. Nr 102 pz.651 z p\u00f3\u017an.zm.) oraz Rozporz\u0105dzeniem Rady Ministr\u00f3w z dnia 14.09.2004 r. w sprawie sposobu i trybu przeprowadzania przetarg\u00f3w oraz rokowa\u0144 na zbycie nieruchomo\u015bci (Dz.U. z 2004 r. Nr 207 poz. 2108).<\/p>\n<p><strong>\u00a0\u00a0\u00a0\u00a0\u00a0\u00a0 <\/strong>Prawo w\u0142asno\u015bci Nieruchomo\u015bci jest wolne od wszelkich obci\u0105\u017ce\u0144 i zobowi\u0105za\u0144 na rzecz os\u00f3b trzecich.<\/p>\n<p>W przypadku, gdy przebiegaj\u0105ce sieci i urz\u0105dzenia wyst\u0119puj\u0105ce na nieruchomo\u015bci koliduj\u0105 z realizacj\u0105 zamierzonej inwestycji, nabywca zobowi\u0105zany jest do ich prze\u0142o\u017cenia w\u0142asnym kosztem i staraniem w\u00a0uzgodnieniu z jednostkami bran\u017cowymi i\u00a0w\u0142a\u015bcicielami sieci.<\/p>\n<p><strong>4.\u00a0\u00a0\u00a0\u00a0\u00a0<\/strong>Warunkiem udzia\u0142u w przetargu jest<\/p>\n<p><strong>\u00a0\u00a0\u00a0\u00a0\u00a0\u00a0\u00a0 &#8211;<\/strong> wykupienie od Specjalnej Strefy Ekonomicznej Specyfikacji istotnych warunk\u00f3w przetargu \u0142\u0105cznego (Specyfikacji)<\/p>\n<p><strong>\u00a0\u00a0\u00a0\u00a0\u00a0\u00a0\u00a0 &#8211;<\/strong> wp\u0142acenie wadium<\/p>\n<p><strong>\u00a0\u00a0\u00a0\u00a0\u00a0\u00a0\u00a0 &#8211;<\/strong> z\u0142o\u017cenie pisemnej oferty wraz z warunkami planowanego na terenie strefy przedsi\u0119wzi\u0119cia<\/p>\n<p><strong>5.\u00a0\u00a0\u00a0\u00a0<\/strong>Wadium w pieni\u0105dzu wynosi 10 % ceny wywo\u0142awczej netto Nieruchomo\u015bci tj. <strong>102.600,00 PLN <\/strong>(s\u0142ownie: sto dwa tysi\u0105ce sze\u015b\u0107set z\u0142otych ) i\u00a0p\u0142atne jest do dnia <strong>13 wrze\u015bnia 2013r.<\/strong> na rachunek bankowy Specjalnej Strefy Ekonomicznej Ma\u0142ej Przedsi\u0119biorczo\u015bci. Szczeg\u00f3\u0142y na temat wysoko\u015bci, formy i\u00a0termin wnoszenia wadium oraz przes\u0142anki jego przepadku okre\u015bla \u201eSpecyfikacja Istotnych Warunk\u00f3w Przetargu \u0141\u0105cznego\u201d.<\/p>\n<p><strong>6.\u00a0 <\/strong>Specyfikacj\u0119, kt\u00f3ra zawiera szczeg\u00f3\u0142owe warunki przetargu mo\u017cna otrzyma\u0107 codziennie \u2013 opr\u00f3cz sob\u00f3t, niedziel i\u00a0\u015bwi\u0105t \u2013<\/p>\n<p>w\u00a0godzinach <strong>8<sup>00 <\/sup><\/strong>\u2013 <strong>15<sup>30<\/sup><\/strong> w siedzibie Specjalnej Strefy Ekonomicznej Ma\u0142ej Przedsi\u0119biorczo\u015bci S.A. w Kamiennej G\u00f3rze, po<\/p>\n<p>wp\u0142aceniu kwoty <strong>10.000,00 <\/strong>z\u0142 (s\u0142ownie: dziesi\u0119\u0107 tysi\u0119cy z\u0142otych) netto plus podatek VAT wg przepis\u00f3w obowi\u0105zuj\u0105cych \u2013 na rachunek bankowy Specjalnej Strefy Ekonomicznej Ma\u0142ej Przedsi\u0119biorczo\u015bci <strong>nr\u00a002 1090 1942 0000 0005 1800 9564 w BZ WBK S.A<\/strong>. O\/Kamienna G\u00f3ra. Nie przewiduje si\u0119 dodatkowych warunk\u00f3w przetargu, poza opisanymi w\u00a0niniejszym zaproszeniu i\u00a0w\u00a0Specyfikacji.<\/p>\n<p><strong>7.<\/strong> Dnia 22 listopada 2011 roku Uchwa\u0142\u0105 Nr 157.XIX.2011 Rady Miejskiej Jeleniej G\u00f3ry uchwalony zosta\u0142 miejscowy plan zagospodarowania przestrzennego rejonu ulic Sp\u00f3\u0142dzielcza \u2013 Luba\u0144ska obejmuj\u0105cy przedmiotow\u0105 Nieruchomo\u015b\u0107. Zgodnie z\u00a0planem teren ten oznaczony jest symbolem <strong>P, U3 <\/strong>\u2013 dla kt\u00f3rego jako przeznaczenie podstawowe ustalono tereny zabudowy produkcyjnej, tereny zabudowy us\u0142ugowej z wykluczeniem us\u0142ug obj\u0119tych ochron\u0105 akustyczn\u0105 w my\u015bl obowi\u0105zuj\u0105cych przepis\u00f3w szczeg\u00f3lnych.<\/p>\n<p><strong>\u00a08.\u00a0\u00a0<\/strong>Oferty i przedstawione w nich przedsi\u0119wzi\u0119cia gospodarcze podlegaj\u0105 ocenie w oparciu o kryteria zawarte w\u00a0\u201eSpecyfikacji Istotnych Warunk\u00f3w Przetargu \u0141\u0105cznego\u201d i\u00a0rozporz\u0105dzeniu Ministra Gospodarki i Pracy z dnia 15.11.2004 r. w sprawie przetarg\u00f3w i rokowa\u0144 oraz kryteri\u00f3w oceny zamierze\u0144, co do przedsi\u0119wzi\u0119\u0107 gospodarczych, kt\u00f3re maj\u0105 by\u0107 podj\u0119te przez przedsi\u0119biorc\u00f3w na terenie Kamiennog\u00f3rskiej Specjalnej Strefy Ekonomicznej Ma\u0142ej Przedsi\u0119biorczo\u015bci (Dz.U. Nr 254, poz.2539 z p\u00f3\u017an. zmianami).<\/p>\n<p><strong>9. \u00a0<\/strong>Oferty pisemne nale\u017cy sk\u0142ada\u0107 w zamkni\u0119tych kopertach w siedzibie Specjalnej Strefy Ekonomicznej Ma\u0142ej Przedsi\u0119biorczo\u015bci S.A. (w\u00a0Sekretariacie),58-400 Kamienna G\u00f3ra, ul. Papie\u017ca Jana Paw\u0142a II 11 A w\u00a0terminie do <strong>dnia 13 wrze\u015bnia 2013 r.<\/strong> do godz. <strong>15<sup>00<\/sup><\/strong>. Spos\u00f3b przygotowania oferty okre\u015bla Specyfikacja.<\/p>\n<p><strong>\u00a010. <\/strong>Otwarcie ofert nast\u0105pi w siedzibie Specjalnej Strefy Ekonomicznej Ma\u0142ej Przedsi\u0119biorczo\u015bci w dniu <strong>18 wrze\u015bnia 2013<\/strong><strong> r. o\u00a0godz. 12.00<\/strong>.<\/p>\n<p><strong>11.\u00a0 <\/strong>W przypadku uchylenia si\u0119 przez przedsi\u0119biorc\u0119 wy\u0142onionego w trakcie przetargu od zawarcia umowy sprzeda\u017cy, wadium nie podlega zwrotowi.<\/p>\n<p><strong>12.\u00a0 <\/strong>Zarz\u0105dzaj\u0105cy Kamiennog\u00f3rsk\u0105 Specjaln\u0105 Stref\u0105 Ekonomiczn\u0105 Ma\u0142ej Przedsi\u0119biorczo\u015bci lub Prezydent Miasta Jelenia G\u00f3ra mog\u0105 zamkn\u0105\u0107 przetarg bez wybrania kt\u00f3rejkolwiek z ofert lub odwo\u0142a\u0107 og\u0142oszony przetarg jedynie z wa\u017cnych powod\u00f3w. W takim przypadku stosowna informacja zostanie podana do publicznej wiadomo\u015bci ze wskazaniem przyczyny odwo\u0142ania przetargu. W takim przypadku wadium podlega zwrotowi.<\/p>\n<p><strong>13<\/strong>. Zarz\u0105dzaj\u0105cy Kamiennog\u00f3rsk\u0105 Specjaln\u0105 Stref\u0105 Ekonomiczn\u0105 Ma\u0142ej Przedsi\u0119biorczo\u015bci mo\u017ce uniewa\u017cni\u0107 przetarg w\u00a0przypadku, gdy wyst\u0105pi istotna zmiana okoliczno\u015bci powoduj\u0105ca, \u017ce prowadzenie post\u0119powania nie le\u017cy w\u00a0interesie publicznym, czego nie mo\u017cna by\u0142o wcze\u015bniej przewidzie\u0107 lub\/i gdy post\u0119powanie obarczone b\u0119dzie wad\u0105 uniemo\u017cliwiaj\u0105c\u0105 wydanie Zezwolenia lub zawarcie wa\u017cnej umowy sprzeda\u017cy Nieruchomo\u015bci. O\u00a0uniewa\u017cnieniu post\u0119powania Zarz\u0105dzaj\u0105cy zawiadomi pisemnie r\u00f3wnocze\u015bnie wszystkich oferent\u00f3w podaj\u0105c uzasadnienie faktyczne i prawne.<\/p>\n<p><strong>14. <\/strong>W odniesieniu do Nieruchomo\u015bci prawo pierwokupu w zakresie prawa w\u0142asno\u015bci przys\u0142uguje: Specjalnej Strefie Ekonomicznej Ma\u0142ej Przedsi\u0119biorczo\u015bci\u2013 zgodnie z art. 8 ust. 2 ustawy z dnia 20 pa\u017adziernika 1994r. o specjalnych strefach ekonomicznych (tekst jednolity z 2007r. Dz. U. Nr 42, poz. 274 z p\u00f3\u017an. zm.). Prawo pierwokupu mo\u017ce by\u0107 wykonane w terminie jednego miesi\u0105ca od daty zawiadomienia o zawarciu warunkowej umowy sprzeda\u017cy prawa w\u0142asno\u015bci Nieruchomo\u015bci.<\/p>\n<p><strong>15. \u00a0<\/strong>W <strong>6-tygodniowym <\/strong>terminie wyznaczonym obwieszczeniem Prezydenta Miasta Jeleniej G\u00f3ry w\u00a0sprawie ustalenia wykazu nieruchomo\u015bci przeznaczonych do zbycia, kt\u00f3re to obj\u0119te s\u0105 niniejszym og\u0142oszeniem, nie wp\u0142yn\u0119\u0142y \u017cadne wnioski od os\u00f3b, kt\u00f3rym przys\u0142uguje pierwsze\u0144stwo w nabyciu Nieruchomo\u015bci na podstawie art. 34 ust. 1 pkt 1 i 2 ustawy o gospodarce nieruchomo\u015bciami (tekst jednolity 2010 r. Dz. U. Nr 102, poz. 651 ze zmianami).<\/p>\n<p><strong>16.\u00a0 <\/strong>Nabywca nieruchomo\u015bci gruntowej zobowi\u0105zany jest do jej zabudowy <strong>w terminie 5 lat, <\/strong>co oznacza wybudowanie budynku w stanie surowym zamkni\u0119tym. Termin ten biegnie od dnia zawarcia umowy sprzeda\u017cy nieruchomo\u015bci w formie aktu notarialnego. Po wybudowaniu budynku zgodnie z przeznaczeniem, nabywca zobowi\u0105zany jest do jego zg\u0142oszenia do u\u017cytkowania we w\u0142a\u015bciwym Urz\u0119dzie.<\/p>\n<p>W razie niedotrzymania wy\u017cej okre\u015blonego terminu zabudowy gruntu nabywca zobowi\u0105zany jest do zap\u0142aty Gminie Jelenia G\u00f3ra kar umownych w wysoko\u015bci: 10% wylicytowanej ceny nabycia prawa w\u0142asno\u015bci nieruchomo\u015bci gruntowej. Obowi\u0105zek zap\u0142aty kar umownych powstaje z pierwszym dniem nast\u0119puj\u0105cym po dniu, w kt\u00f3rym bezskutecznie up\u0142yn\u0105\u0142 termin zagospodarowania nieruchomo\u015bci. W\u00a0przypadku zagospodarowania nieruchomo\u015bci w trakcie danego roku, jednak\u017ce po up\u0142ywie terminu zagospodarowania nieruchomo\u015bci, kara umowna naliczona b\u0119dzie proporcjonalnie do okresu, w jakim nieruchomo\u015b\u0107 pozostawa\u0142a niezagospodarowana. Kary umowne wnosi si\u0119 w terminie 14 dni od daty otrzymania pisemnego wezwania do zap\u0142aty.<\/p>\n<p>Zap\u0142ata kar umownych zabezpieczona zostanie poprzez ustanowienie na nieruchomo\u015bci hipoteki do kwoty 20% tej ceny lub wp\u0142at\u0119 kaucji na konto Urz\u0119du w wysoko\u015bci 20 % wylicytowanej ceny nieruchomo\u015bci, kt\u00f3r\u0105 to form\u0119 nabywca okre\u015bli po zako\u0144czeniu licytacji, przed podpisaniem protoko\u0142u z przetargu.<\/p>\n<p><strong>\u00a0\u00a0\u00a0\u00a0\u00a0\u00a0\u00a0 <\/strong>W celu zabezpieczenia roszcze\u0144 Gminy Jelenia G\u00f3ra, kt\u00f3re mog\u0105 powsta\u0107 z tytu\u0142u niezap\u0142acenia kary umownej (dotyczy hipoteki kaucyjnej), nabywca poddaje si\u0119 rygorom egzekucji na podstawie <strong>art.777 \u00a7 1 pkt.5 k.p.c. <\/strong>do kwoty <strong>20% <\/strong>ceny nieruchomo\u015bci na rzecz Gminy Jelenia G\u00f3ra.<\/p>\n<p>W przypadku wyboru wp\u0142aty kaucji jako formy zabezpieczenia terminu realizacji zagospodarowania nieruchomo\u015bci; w\u00a0pierwszym roku po bezskutecznym up\u0142ywie terminu jej zagospodarowania nast\u0119puje przepadek 50% kwoty kaucji na rzecz Miasta (co stanowi 10% ceny nabycia nieruchomo\u015bci) a w drugim roku kolejne 50 % kwoty kaucji.<\/p>\n<p>Zwrot kaucji nast\u0105pi wraz z odsetkami wynikaj\u0105cymi z umowy rachunku bankowego, na kt\u00f3rym by\u0142a ona przechowywana, pomniejszona o koszty prowadzenia rachunku bankowego oraz prowizji bankowej za przelew pieni\u0119dzy na rachunek bankowy wskazany przez w\u0142a\u015bciciela nieruchomo\u015bci z chwil\u0105 zagospodarowania nieruchomo\u015bci.<\/p>\n<p><strong>17<\/strong>.\u00a0 Przed przyst\u0105pieniem do przetargu uczestnik zobowi\u0105zany jest zapozna\u0107 si\u0119 z przedmiotem przetargu.<\/p>\n<p><strong>18.\u00a0 <\/strong>Nabywca przejmuje nieruchomo\u015b\u0107 w stanie istniej\u0105cym.<\/p>\n<p><strong>19.\u00a0 <\/strong>Cena dzia\u0142ki nie zawiera wznowienia znak\u00f3w granicznych. W przypadku ewentualnej potrzeby okazania granic nabywca ustali warunki tego okazania z wybranym przez siebie geodet\u0105. Okazanie granic nast\u0105pi na koszt <strong>nabywcy.<\/strong><\/p>\n<p><strong>20.\u00a0 <\/strong>The content of the following invitation in English version has been published on the website of the Special Economic Zone\u00a0\u00a0 for Medium Business PLC. (SSEMP S.A.).: <a href=\"https:\/\/old-ssemp.sowiak.dev\/\">www.ssemp.pl<\/a><\/p>\n","protected":false},"excerpt":{"rendered":"<p>Og\u0142oszenie Specjalna Strefa Ekonomiczna Ma\u0142ej Przedsi\u0119biorczo\u015bci S.A. z siedzib\u0105 w Kamiennej G\u00f3rze 58-400 Kamienna G\u00f3ra, ul. Papie\u017ca Jana Paw\u0142a II 11 a tel.: (+48 75) 645 20 30, fax: (+48 75) 645 20 33 \u00a0 jako Zarz\u0105dzaj\u0105cy Specjaln\u0105 Stref\u0105 Ekonomiczn\u0105 Ma\u0142ej Przedsi\u0119biorczo\u015bci S.A. w Kamiennej G\u00f3rze oraz dzia\u0142aj\u0105c na zlecenie Miasta Jelenia G\u00f3ra oraz na [&hellip;]<\/p>\n","protected":false},"author":1,"featured_media":0,"parent":0,"menu_order":0,"comment_status":"closed","ping_status":"closed","template":"","meta":{"footnotes":""},"class_list":["post-9890","page","type-page","status-publish","hentry"],"_links":{"self":[{"href":"https:\/\/old-ssemp.sowiak.dev\/index.php?rest_route=\/wp\/v2\/pages\/9890","targetHints":{"allow":["GET"]}}],"collection":[{"href":"https:\/\/old-ssemp.sowiak.dev\/index.php?rest_route=\/wp\/v2\/pages"}],"about":[{"href":"https:\/\/old-ssemp.sowiak.dev\/index.php?rest_route=\/wp\/v2\/types\/page"}],"author":[{"embeddable":true,"href":"https:\/\/old-ssemp.sowiak.dev\/index.php?rest_route=\/wp\/v2\/users\/1"}],"replies":[{"embeddable":true,"href":"https:\/\/old-ssemp.sowiak.dev\/index.php?rest_route=%2Fwp%2Fv2%2Fcomments&post=9890"}],"version-history":[{"count":1,"href":"https:\/\/old-ssemp.sowiak.dev\/index.php?rest_route=\/wp\/v2\/pages\/9890\/revisions"}],"predecessor-version":[{"id":9900,"href":"https:\/\/old-ssemp.sowiak.dev\/index.php?rest_route=\/wp\/v2\/pages\/9890\/revisions\/9900"}],"wp:attachment":[{"href":"https:\/\/old-ssemp.sowiak.dev\/index.php?rest_route=%2Fwp%2Fv2%2Fmedia&parent=9890"}],"curies":[{"name":"wp","href":"https:\/\/api.w.org\/{rel}","templated":true}]}}