{"id":9886,"date":"2016-05-19T17:34:29","date_gmt":"2016-05-19T15:34:29","guid":{"rendered":"http:\/\/ssemp.pl\/wordpress\/?page_id=9886"},"modified":"2016-05-19T17:34:29","modified_gmt":"2016-05-19T15:34:29","slug":"ostrow-wielkopolski-dz-167-168-pl","status":"publish","type":"page","link":"https:\/\/old-ssemp.sowiak.dev\/?page_id=9886","title":{"rendered":"Ostr\u00f3w Wielkopolski (dz. 1\/67, 1\/68) [PL]"},"content":{"rendered":"<p align=\"center\"><strong>Og\u0142oszenie<\/strong><\/p>\n<p align=\"center\"><strong>Specjalna Strefa Ekonomiczna Ma\u0142ej Przedsi\u0119biorczo\u015bci S.A.<\/strong><\/p>\n<p align=\"center\"><strong>z siedzib\u0105 w Kamiennej G\u00f3rze<\/strong><\/p>\n<p align=\"center\"><strong>58-400 Kamienna G\u00f3ra, ul. Papie\u017ca Jana Paw\u0142a II 11 a<\/strong><\/p>\n<p align=\"center\"><strong>tel.: (+48 75) 645 20 30, fax: (+48 75) 645 20 33<\/strong><\/p>\n<p><strong>\u00a0<\/strong><\/p>\n<p>jako Zarz\u0105dzaj\u0105cy Specjaln\u0105 Stref\u0105 Ekonomiczn\u0105 Ma\u0142ej Przedsi\u0119biorczo\u015bci S.A. w Kamiennej G\u00f3rze oraz dzia\u0142aj\u0105c na zlecenie Gminy Miasto Ostr\u00f3w Wielkopolski oraz na podstawie rozporz\u0105dzenia Ministra Gospodarki i Pracy z\u00a0dnia 15 listopada 2004r. w sprawie przetarg\u00f3w i\u00a0rokowa\u0144 oraz kryteri\u00f3w oceny zamierze\u0144 co do przedsi\u0119wzi\u0119\u0107 gospodarczych, kt\u00f3re maj\u0105 by\u0107 podj\u0119te przez przedsi\u0119biorc\u00f3w na terenie Specjalnej Strefy Ekonomicznej Ma\u0142ej Przedsi\u0119biorczo\u015bci S.A. w\u00a0Kamiennej G\u00f3rze (Dz. U. Nr 254, poz. 2539 z p\u00f3\u017an. zmianami) oraz Rozporz\u0105dzenia Ministra Gospodarki z\u00a0dnia 2 lipca 2009 r. w sprawie powierzenia Specjalnej Strefie Ekonomicznej Ma\u0142ej Przedsi\u0119biorczo\u015bci S.A. udzielania zezwole\u0144 na prowadzenie dzia\u0142alno\u015bci gospodarczej na terenie Kamiennog\u00f3rskiej Specjalnej Strefy Ekonomicznej Ma\u0142ej Przedsi\u0119biorczo\u015bci oraz wykonywania kontroli realizacji warunk\u00f3w zezwolenia<\/p>\n<p align=\"center\"><strong>zaprasza do uczestnictwa w przetargu \u0142\u0105cznym<\/strong><\/p>\n<p align=\"center\"><strong>\u00a0<\/strong><\/p>\n<p>maj\u0105cym na celu wy\u0142onienie przedsi\u0119biorcy, kt\u00f3ry uzyska zezwolenie na prowadzenie dzia\u0142alno\u015bci gospodarczej na terenie Kamiennog\u00f3rskiej Specjalnej Strefy Ekonomicznej Ma\u0142ej Przedsi\u0119biorczo\u015bci uprawniaj\u0105ce do korzystania z\u00a0pomocy publicznej <strong><em>(\u201eZezwolenie\u201d<\/em>)<\/strong> oraz nab\u0119dzie prawo u\u017cytkowania wieczystego nieruchomo\u015bci opisanej w\u00a0punkcie 2\u00a0poni\u017cej, na kt\u00f3rej b\u0119dzie prowadzona dzia\u0142alno\u015b\u0107 gospodarcza(\u201e<strong><em>Nieruchomo\u015b\u0107\u201d<\/em><\/strong>).<\/p>\n<ol>\n<li><strong>1.\u00a0\u00a0\u00a0 <\/strong>W przetargu mog\u0105 uczestniczy\u0107 wy\u0142\u0105cznie przedsi\u0119biorcy zamierzaj\u0105cy podj\u0105\u0107 na terenie Kamiennog\u00f3rskiej Specjalnej Strefy Ekonomicznej Ma\u0142ej Przedsi\u0119biorczo\u015bci dzia\u0142alno\u015b\u0107 gospodarcz\u0105 na podstawie Zezwolenia, spe\u0142niaj\u0105cy wymogi okre\u015blone w\u00a0ustawie z\u00a0dnia 20.10.1994r. o\u00a0specjalnych strefach ekonomicznych (tekst jednolity z 2007r. Dz. U. Nr 42, poz. 274 z p\u00f3\u017an. zm.) i\u00a0w\u00a0rozporz\u0105dzeniu Rady Ministr\u00f3w z dnia 10.12.2008 r. w sprawie pomocy publicznej udzielanej przedsi\u0119biorcom dzia\u0142aj\u0105cym na podstawie zezwolenia na prowadzenie dzia\u0142alno\u015bci gospodarczej na terenach specjalnych stref ekonomicznych (Dz. U. Nr 232, poz. 1548, z\u00a0p\u00f3\u017an. zm.).<\/li>\n<li><strong>2.\u00a0\u00a0\u00a0 <\/strong>W sk\u0142ad mienia obj\u0119tego przetargiem wchodzi prawo u\u017cytkowania wieczystego nieruchomo\u015bci niezabudowanej o\u00a0\u0142\u0105cznej powierzchni<strong> 11 047 m2, <\/strong>po\u0142o\u017conej w\u00a0wojew\u00f3dztwie wielkopolskim, powiecie ostrowskim, mie\u015bcie Ostr\u00f3w Wielkopolski, obr\u0119b 0123, w Podstrefie Ostr\u00f3w\u00a0 Wielkopolski Kamiennog\u00f3rskiej Specjalnej Strefy Ekonomicznej <strong>b\u0119d\u0105cej w\u0142asno\u015bci\u0105 Skarbu Pa\u0144stwa, w\u00a0u\u017cytkowaniu wieczystym Gminy Miasto Ostr\u00f3w Wielkopolski,<\/strong> sk\u0142adaj\u0105cej si\u0119 z \u00a0dzia\u0142ek <strong>Nr 1\/67 oraz Nr 1\/68<\/strong>, dla kt\u00f3rych\u00a0 S\u0105d Rejonowy w Ostrowie Wielkopolskim prowadzi ksi\u0119g\u0119 wieczyst\u0105 KZ1W\/00080061\/7. Prawo u\u017cytkowania wieczystego b\u0119dzie zbywane w drodze przetargu zgodnie z\u00a0ustaw\u0105 z dnia 21.08.1997 r. o gospodarce nieruchomo\u015bciami (t.j. Dz.U. z 2010 r. Nr 102 pz.651). Prawo u\u017cytkowania wieczystego Nieruchomo\u015bci jest wolne od wszelkich obci\u0105\u017ce\u0144 i\u00a0zobowi\u0105za\u0144 na rzecz os\u00f3b trzecich. Dzia\u0142ki opisane powy\u017cej po\u0142o\u017cone s\u0105 w strefie po\u015bredniej miasta Ostrowa Wlkp. przy ulicy Wroc\u0142awskiej, kt\u00f3ra jest drog\u0105 krajow\u0105 dwukierunkow\u0105, utwardzon\u0105 asfaltem o bardzo du\u017cym nat\u0119\u017ceniu ruchu ko\u0142owego. Nieruchomo\u015b\u0107 poprzednio wchodzi\u0142a w sk\u0142ad Europejskiego Konsorcjum Kolejowego WAGON Sp. z o.o. Posiada dost\u0119p do sieci energetycznej, wodoci\u0105gowej, ciep\u0142owniczej, telefonicznej. Dojazd odbywa si\u0119 z\u00a0wewn\u0119trznych dr\u00f3g komunikacyjnych. W bezpo\u015brednim s\u0105siedztwie znajduj\u0105 si\u0119 tereny Elektrociep\u0142owni i Ku\u017ani oraz tereny EKK WAGON, a w dalszym s\u0105siedztwie ogr\u00f3dki dzia\u0142kowe i\u00a0zabudowa mieszkaniowa wielorodzinna i jednorodzinna. Centrum miasta oddalone jest ok. 2 km.<\/li>\n<li><strong>3.\u00a0\u00a0\u00a0 <\/strong>Cena wywo\u0142awcza Nieruchomo\u015bci okre\u015blona zosta\u0142a na kwot\u0119 <strong>549.000,00 PLN<\/strong> (s\u0142ownie: pi\u0119\u0107set czterdzie\u015bci dziewi\u0119\u0107 tysi\u0119cy z\u0142otych). Podana cena jest cen\u0105 netto, do kt\u00f3rej nale\u017cy doliczy\u0107 podatek od towar\u00f3w i us\u0142ug\u00a0 wg. przepis\u00f3w obowi\u0105zuj\u0105cych.<\/li>\n<li><strong>4.\u00a0\u00a0\u00a0 <\/strong><strong>Minimalne post\u0105pienie wynosi: <\/strong>1% ceny wywo\u0142awczej nieruchomo\u015bci w zaokr\u0105gleniu do pe\u0142nych z\u0142otych tj. 5.490,00 z\u0142.<\/li>\n<li><strong>5.\u00a0\u00a0\u00a0 <\/strong>Warunkiem udzia\u0142u w przetargu jest wykupienie od Specjalnej Strefy Ekonomicznej Specyfikacji istotnych warunk\u00f3w przetargu \u0142\u0105cznego (Specyfikacji) i wp\u0142acenie wadium.<\/li>\n<li><strong>6.\u00a0\u00a0\u00a0 <\/strong>Wadium w pieni\u0105dzu wynosi 10 % ceny wywo\u0142awczej netto Nieruchomo\u015bci tj. <strong>54.900,00 PLN <\/strong>(s\u0142ownie: pi\u0119\u0107dziesi\u0105t cztery tysi\u0105ce dziewi\u0119\u0107set z\u0142otych) i\u00a0p\u0142atne jest do dnia <strong>11 marca<\/strong> <strong>2013 r.<\/strong> na rachunek bankowy Specjalnej Strefy Ekonomicznej Ma\u0142ej Przedsi\u0119biorczo\u015bci.<\/li>\n<li><strong>7.\u00a0\u00a0\u00a0 <\/strong>Specyfikacj\u0119, kt\u00f3ra zawiera szczeg\u00f3\u0142owe warunki przetargu mo\u017cna otrzyma\u0107 codziennie \u2013 opr\u00f3cz sob\u00f3t, niedziel i\u00a0\u015bwi\u0105t \u2013 w godzinach <strong>7<sup>45 <\/sup><\/strong>\u2013 <strong>15<sup>00<\/sup><\/strong> w siedzibie Specjalnej Strefy Ekonomicznej Ma\u0142ej Przedsi\u0119biorczo\u015bci S.A. w Kamiennej G\u00f3rze, po wp\u0142aceniu kwoty <strong>10.000,00 <\/strong>z\u0142 (s\u0142ownie: dziesi\u0119\u0107 tysi\u0119cy z\u0142otych) netto plus 23% VAT \u2013 na rachunek bankowy Specjalnej Strefy Ekonomicznej Ma\u0142ej Przedsi\u0119biorczo\u015bci <strong>nr\u00a002109 0194 0000 0005 1800 9564 w BZ WBK S.A<\/strong>. O\/Kamienna G\u00f3ra. Nie przewiduje si\u0119 dodatkowych warunk\u00f3w przetargu, poza opisanymi w niniejszym zaproszeniu i\u00a0w\u00a0Specyfikacji.<\/li>\n<li><strong>8.\u00a0\u00a0\u00a0 <\/strong>Od dnia 1 stycznia 2004 roku gmina Miasto Ostr\u00f3w Wielkopolski nie ma obowi\u0105zuj\u0105cego planu zagospodarowania przestrzennego na teren, na kt\u00f3rym po\u0142o\u017cona jest Nieruchomo\u015b\u0107. Natomiast w\u00a0Studium Uwarunkowa\u0144 i Kierunk\u00f3w Zagospodarowania Przestrzennego Gminy Miasto Ostr\u00f3w Wielkopolski przyj\u0119tego Uchwa\u0142\u0105 Rady Miejskiej Ostrowa Wielkopolskiego z\u00a0dnia 24 lutego 2000 roku Nr XIV\/269\/2000, teren ten oznaczony jest symbolem <strong>P <\/strong>\u2013 oznaczaj\u0105cym tereny, na kt\u00f3rych preferuje si\u0119 skoncentrowan\u0105 dzia\u0142alno\u015b\u0107 gospodarcz\u0105, bez prawa wznoszenia nowego mieszkalnictwa, wi\u0119ksze zak\u0142ady produkcyjne, magazyny, sk\u0142ady, bazy (w tym bazy budowlane), wi\u0119ksze zak\u0142ady naprawcze, us\u0142ugi, obiekty i urz\u0105dzenia obs\u0142ugi technicznej miasta (zw\u0142aszcza istotne w skali miasta).<\/li>\n<li><strong>9.\u00a0\u00a0\u00a0 <\/strong>Przedsi\u0119wzi\u0119cia gospodarcze, kt\u00f3re maj\u0105 by\u0107 podj\u0119te na terenie Kamiennog\u00f3rskiej Specjalnej Strefy Ekonomicznej Ma\u0142ej Przedsi\u0119biorczo\u015bci i okre\u015blone w ofertach podlegaj\u0105 ocenie w\u00a0oparciu o\u00a0kryteria zawarte w\u00a0\u00a7\u00a011 rozporz\u0105dzenia Ministra Gospodarki i Pracy z dnia 15 listopada 2004r. w\u00a0sprawie przetarg\u00f3w i rokowa\u0144 oraz kryteri\u00f3w oceny zamierze\u0144 co do przedsi\u0119wzi\u0119\u0107 gospodarczych, kt\u00f3re maj\u0105 by\u0107 podj\u0119te przez przedsi\u0119biorc\u00f3w na terenie Kamiennog\u00f3rskiej Specjalnej Strefy Ekonomicznej Ma\u0142ej Przedsi\u0119biorczo\u015bci (Dz. U. Nr 254, poz.\u00a02539 z p\u00f3\u017an. zmianami).<\/li>\n<\/ol>\n<p><strong>10.\u00a0 <\/strong>Oferty pisemne nale\u017cy sk\u0142ada\u0107 w zamkni\u0119tych kopertach w siedzibie Specjalnej Strefy Ekonomicznej Ma\u0142ej Przedsi\u0119biorczo\u015bci S.A. (w Sekretariacie) w\u00a0terminie do <strong>dnia 11<\/strong> <strong>marca 2013 r.<\/strong> do godz. <strong>15<sup>00<\/sup><\/strong>. Spos\u00f3b przygotowania oferty okre\u015bla Specyfikacja.<\/p>\n<p><strong>11.\u00a0 <\/strong>Otwarcie ofert nast\u0105pi w siedzibie Specjalnej Strefy Ekonomicznej Ma\u0142ej Przedsi\u0119biorczo\u015bci w\u00a0dniu <strong>18 marca 2013r. <\/strong>o<strong> godz. 12.00<\/strong>.<\/p>\n<p><strong>12.\u00a0 <\/strong>W przypadku uchylenia si\u0119 przez przedsi\u0119biorc\u0119 wybranego w trakcie przetargu od zawarcia umowy sprzeda\u017cy, wadium nie podlega zwrotowi.<\/p>\n<p><strong>13.\u00a0 <\/strong>Zarz\u0105dzaj\u0105cy Kamiennog\u00f3rsk\u0105 Specjaln\u0105 Stref\u0105 Ekonomiczn\u0105 Ma\u0142ej Przedsi\u0119biorczo\u015bci lub Prezydent Miasta Ostrowa Wielkopolskiego mog\u0105 zamkn\u0105\u0107 przetarg bez wybrania kt\u00f3rejkolwiek z\u00a0ofert lub odwo\u0142a\u0107 og\u0142oszony przetarg jedynie z wa\u017cnych powod\u00f3w. W takim przypadku stosowna informacja zostanie podana do publicznej wiadomo\u015bci ze wskazaniem przyczyny odwo\u0142ania przetargu.<\/p>\n<p><strong>14.\u00a0 <\/strong>Zarz\u0105dzaj\u0105cy Kamiennog\u00f3rsk\u0105 Specjaln\u0105 Stref\u0105 Ekonomiczn\u0105 Ma\u0142ej Przedsi\u0119biorczo\u015bci mo\u017ce uniewa\u017cni\u0107 przetarg w\u00a0przypadku, gdy wyst\u0105pi istotna zmiana okoliczno\u015bci powoduj\u0105ca, \u017ce prowadzenie post\u0119powania nie le\u017cy w\u00a0interesie publicznym, czego nie mo\u017cna by\u0142o wcze\u015bniej przewidzie\u0107 lub\/i gdy post\u0119powanie obarczone b\u0119dzie wad\u0105 uniemo\u017cliwiaj\u0105c\u0105 wydanie Zezwolenia lub zawarcie wa\u017cnej umowy sprzeda\u017cy Nieruchomo\u015bci. O\u00a0uniewa\u017cnieniu post\u0119powania Zarz\u0105dzaj\u0105cy zawiadomi pisemnie r\u00f3wnocze\u015bnie wszystkich oferent\u00f3w podaj\u0105c uzasadnienie faktyczne i prawne.<\/p>\n<p><strong>15.\u00a0 <\/strong>W odniesieniu do Nieruchomo\u015bci prawo pierwokupu w zakresie u\u017cytkowania wieczystego przys\u0142uguje: Specjalnej Strefie Ekonomicznej Ma\u0142ej Przedsi\u0119biorczo\u015bci\u2013 zgodnie z art. 8 ust. 2 ustawy z dnia 20 pa\u017adziernika 1994r. o specjalnych strefach ekonomicznych (tekst jednolity z\u00a02007r. Dz. U. Nr 42, poz. 274). Prawo pierwokupu mo\u017ce by\u0107 wykonane w\u00a0terminie jednego miesi\u0105ca od daty zawiadomienia o\u00a0zawarciu warunkowej umowy sprzeda\u017cy prawa u\u017cytkowania wieczystego Nieruchomo\u015bci.<\/p>\n<p><strong>16.\u00a0 <\/strong>Osobom, o kt\u00f3rych mowa w art. 34 ust. 1 ustawy z dnia 21 sierpnia 1997r. o gospodarce nieruchomo\u015bciami (tekst jednolity z 2010r. Dz. U. nr 102, poz. 651) przys\u0142uguje pierwsze\u0144stwo w\u00a0nabyciu Nieruchomo\u015bci na podstawie art. 34 ust. 1 pkt 1 i 2 tej\u017ce ustawy, o\u00a0ile z\u0142o\u017cy\u0142y w tej sprawie wniosek w terminie 6 tygodni od dnia wywieszenia wykazu nieruchomo\u015bci przeznaczonych do sprzeda\u017cy w trybie przetargu tj. do dnia<strong> 07.01. <\/strong><strong>2013r.<\/strong><\/p>\n<p><strong>17.\u00a0 <\/strong><strong>\u00a0<\/strong>The content of the following invitation in English version is published on the website of the Special Economic Zone\u00a0\u00a0 for Medium Business Inc. (SSEMP S.A.).: <a href=\"https:\/\/old-ssemp.sowiak.dev\/\">www.ssemp.pl<\/a><\/p>\n","protected":false},"excerpt":{"rendered":"<p>Og\u0142oszenie Specjalna Strefa Ekonomiczna Ma\u0142ej Przedsi\u0119biorczo\u015bci S.A. z siedzib\u0105 w Kamiennej G\u00f3rze 58-400 Kamienna G\u00f3ra, ul. Papie\u017ca Jana Paw\u0142a II 11 a tel.: (+48 75) 645 20 30, fax: (+48 75) 645 20 33 \u00a0 jako Zarz\u0105dzaj\u0105cy Specjaln\u0105 Stref\u0105 Ekonomiczn\u0105 Ma\u0142ej Przedsi\u0119biorczo\u015bci S.A. w Kamiennej G\u00f3rze oraz dzia\u0142aj\u0105c na zlecenie Gminy Miasto Ostr\u00f3w Wielkopolski oraz [&hellip;]<\/p>\n","protected":false},"author":1,"featured_media":0,"parent":0,"menu_order":0,"comment_status":"closed","ping_status":"closed","template":"","meta":{"footnotes":""},"class_list":["post-9886","page","type-page","status-publish","hentry"],"_links":{"self":[{"href":"https:\/\/old-ssemp.sowiak.dev\/index.php?rest_route=\/wp\/v2\/pages\/9886","targetHints":{"allow":["GET"]}}],"collection":[{"href":"https:\/\/old-ssemp.sowiak.dev\/index.php?rest_route=\/wp\/v2\/pages"}],"about":[{"href":"https:\/\/old-ssemp.sowiak.dev\/index.php?rest_route=\/wp\/v2\/types\/page"}],"author":[{"embeddable":true,"href":"https:\/\/old-ssemp.sowiak.dev\/index.php?rest_route=\/wp\/v2\/users\/1"}],"replies":[{"embeddable":true,"href":"https:\/\/old-ssemp.sowiak.dev\/index.php?rest_route=%2Fwp%2Fv2%2Fcomments&post=9886"}],"version-history":[{"count":1,"href":"https:\/\/old-ssemp.sowiak.dev\/index.php?rest_route=\/wp\/v2\/pages\/9886\/revisions"}],"predecessor-version":[{"id":9896,"href":"https:\/\/old-ssemp.sowiak.dev\/index.php?rest_route=\/wp\/v2\/pages\/9886\/revisions\/9896"}],"wp:attachment":[{"href":"https:\/\/old-ssemp.sowiak.dev\/index.php?rest_route=%2Fwp%2Fv2%2Fmedia&parent=9886"}],"curies":[{"name":"wp","href":"https:\/\/api.w.org\/{rel}","templated":true}]}}