{"id":9885,"date":"2016-05-19T17:34:12","date_gmt":"2016-05-19T15:34:12","guid":{"rendered":"http:\/\/ssemp.pl\/wordpress\/?page_id=9885"},"modified":"2016-05-19T17:34:12","modified_gmt":"2016-05-19T15:34:12","slug":"ostrow-wielkopolski-dz-167-168-en","status":"publish","type":"page","link":"https:\/\/old-ssemp.sowiak.dev\/?page_id=9885","title":{"rendered":"Ostr\u00f3w Wielkopolski (dz. 1\/67, 1\/68) [EN]"},"content":{"rendered":"<p align=\"center\"><strong>SPECJALNA STREFA EKONOMICZNA<\/strong><\/p>\n<p align=\"center\"><strong>MA\u0141EJ PRZEDSI\u0118BIORCZO\u015aCI S.A.<\/strong><\/p>\n<p align=\"center\"><strong>(Special Economic Zone for Medium Business Inc)<\/strong><\/p>\n<p align=\"center\"><strong>in KAMIENNA G\u00d3RA<\/strong><\/p>\n<p align=\"center\">58-400 Kamienna G\u00f3ra, ul. Papie\u017ca Jana Paw\u0142a II 11 A<\/p>\n<p align=\"center\">phone. 75 \/ 645 20 30 do 06, fax 75 \/ 645 20 33<\/p>\n<p>\u00a0\u00a0\u00a0\u00a0\u00a0\u00a0\u00a0\u00a0\u00a0\u00a0\u00a0\u00a0\u00a0\u00a0\u00a0\u00a0\u00a0\u00a0\u00a0\u00a0\u00a0\u00a0\u00a0\u00a0\u00a0\u00a0\u00a0\u00a0\u00a0\u00a0 \u00a0\u00a0\u00a0\u00a0\u00a0\u00a0\u00a0\u00a0\u00a0\u00a0\u00a0\u00a0\u00a0\u00a0\u00a0\u00a0\u00a0\u00a0\u00a0\u00a0\u00a0\u00a0\u00a0\u00a0\u00a0\u00a0e-mail:strefa@ssemp.pl\u00a0\u00a0\u00a0 <a href=\"https:\/\/old-ssemp.sowiak.dev\/\">www.ssemp.pl<\/a><\/p>\n<p><strong>as the managing company of Kamienna G\u00f3ra Special Economic Zone for Medium Business (Kamiennog\u00f3rska Specjalna Strefa Ekonomiczna Ma\u0142ej Przedsi\u0119biorczo\u015bci) <\/strong>on the basis of the Decree of the Minister of Economy and Labour dated on the 15th November 2004 (Journal of Laws No. 254, item 2539 as amended) regarding tenders and negotiations as well as the intentions\u2019 evaluation criteria concerning business activities to be taken by entrepreneurs within the area of the Kamienna G\u00f3ra Special Economic Zone for Medium Business, on the basis of the Decree of the Minister of Economy dated July 2nd 2009 on entrusting the SSEMP S.A with granting permits for on economic activity and executing\u00a0 supervision over business activities\u00a0 in the Kamienna G\u00f3ra Special Economic Zone<\/p>\n<p align=\"center\">announces an<strong> INVITATION TO JOINT TENDER<\/strong><\/p>\n<p>aimed at selecting an entrepreneur who will receive the permission to conduct a business activity within the territory of the Special Economic Zone for Medium Business shall obtain the ownership rights to the property described below in\u00a0 point 2 where the business activities will be conducted (Property)<\/p>\n<p>&nbsp;<\/p>\n<p>1.The tender is solely opened to the entrepreneurs who intend to conduct their business activities within Kamienna Gora Economic Zone for Medium Business based on the Permit, fulfilling requirements laid by the law dated 20 October 1994 regarding special economic zones (consolidated text of 2007 published in the Journal of Laws No 42, position 274 with further amendments), by the ordinance of the Council of Ministers dated 15. December 2008 regarding Kamienna Gora special economic zone (Journal of Laws No 232, position 1549 with further amendments) and by the ordinance of the Council of Ministers dated 10. December 2008 regarding public aids given to the entrepreneurs conducting their business activity on the basic of\u00a0 the permit to conduct business within the areas of special economic zones (Journal of Laws No 232, position 1548 with further amendments).<\/p>\n<p>2.The estate to be tendered includes <strong>a right of\u00a0 permanent user\u00a0 of<\/strong> not developed real estate with\u00a0 the total\u00a0 surface area of <strong>11 047 m<sup>2<\/sup> <\/strong>located\u00a0 in Ostr\u00f3w Wielkopolski, wielkopolskie\u00a0 voivodship, Ostr\u00f3w Wielkopolski district,\u00a0 0123 boundary consisting of not developed plots No 1\/67 and 1\/68 covered by the Land and Mortgage Register KZ1W\/00080061\/7 kept by the District Court in Ostr\u00f3w Wielkopolski. The real estate, which is the subject to\u00a0the tender procedure, is owned by the State Treasury, in the permanent use of the Commune of Ostr\u00f3w Wielkopolski and\u00a0is free from any encumbrances and\u00a0obligations for\u00a0third persons. The right of permanent user will be sold by tender pursuant to the law dated 21 August 1997 regarding the property management (Journal of Laws 2010 No 102, position 651 with further amendments).<\/p>\n<p>3.Initial price for the Real Property is specified in amount of <strong>549.000,00 PLN<\/strong> (say: five hundred forty nine thousand zlotys ). This is a net price.<\/p>\n<p>4. Bidding &#8211; 1% of\u00a0 the initial\u00a0 price \u2013 which is: 5.490,00 PLN<\/p>\n<p>5.<strong>\u00a0<\/strong>The condition to participate in the tender is purchase of the \u201cSpecification of material terms and conditions of joint tender\u201d (\u201c<strong><em>Specification<\/em><\/strong>\u201d) and payment of the tender deposit.<\/p>\n<p>6.The tender deposit in money amounts 10% of the initial net price for the Real Property, i.e. <strong>54.900,00 PLN <\/strong>(say: fifty four thousand nine hundred zlotys), paid by <strong>March 11<sup>th<\/sup>, 2013<\/strong> to the \u00a0bank account of Special Economic Zone for Medium Business.<\/p>\n<p>7.The Specification which contains the detailed terms and conditions of the tender, is available everyday, except for Saturdays, Sundays and holidays, from <strong>7<sup>45 <\/sup><\/strong>a.m. to\u00a0 <strong>3<sup>00<\/sup><\/strong> p.m. at the seat of the\u00a0 Special Economic Zone for Medium Business, upon payment of PLN <strong>10,000.00 PLN<\/strong> net (say: ten thousand zlotys net) plus 23% VAT to the following bank account <strong>nr\u00a002109 0194 0000 0005 1800 9564 in BZ WBK S.A<\/strong> Additional terms and conditions of tender are not anticipated, except for those defined in the present invitation and in the Specification.<\/p>\n<p>8. Since January 1<sup>st<\/sup> 2004 Commune of the City Ostr\u00f3w Wielkopolski has not a valid local land-use plan, for the area within the area of the real estate. According to the Study of conditions and directions of land use adopted as a Resolution No XIV\/269\/2000 of the Commune of City Ostr\u00f3w Wielkopolski dated on February 24<sup>th<\/sup> 2000, the real estate is located in the area marked with the symbol P for which basic destination is described as production and services area.<\/p>\n<p>9. Any economic endeavours to be taken within Kamienna Gora Special Economic Zone and described in the\u00a0 tender\u00a0 offers are to be apprised pursuant to section 11 of the ordinance of the Minister of Economics and Labour\u00a0\u00a0 dated 15 November 2004 regarding tenders and negotiations and the appraisal criteria of the intentions regarding the economic endeavours that are to be undertaken within the area of Kamienna Gora Special Economic Zone (Journal of Laws No 254, position\u00a02539 with further amendments)<\/p>\n<p>10.The written offers should be submitted in closed envelope at the seat of the Special Economic Zone for Medium Business (the secretary\u2019s office) in Kamienna G\u00f3ra, ul. Papie\u017ca Jana II 11 A, until the March 11<sup>th<\/sup> 2013 , till 3<strong>:00 p.m<\/strong>.: the manner of preparing the offer is defined in the Specification.<\/p>\n<p>11. The offers will be opened by the committee in the seat of the Kamienna Gora on March 18 2013 at 12:00 a.m.<\/p>\n<p>12. In case the business entity chosen during the tender evades concluding conditional sale agreement or agreement which transfers the ownership of the Real Property, the tender deposit will not be returned.<\/p>\n<p>13.The Special Economic Zone for Medium Business Inc. (SSEMP S.A) or the President\u00a0of the Ostr\u00f3w Wielkopolski City may close the tender without choosing of any offer or they may cancel the announced tender only in case of some important reasons; in this case proper information will be given to the public information with indication of the reason of tender\u2019s cancellation.<\/p>\n<p>14. The Special Economic Zone for Medium Business Inc. (SSEMP S.A) may invalidate the tender procedure in\u00a0the event of\u00a0a\u00a0material change of\u00a0circumstances resulting in\u00a0that the continuation of\u00a0the tender procedure is not in\u00a0the public interest, which could not have been predicted earlier or\/and when the tender procedure has a\u00a0defect which makes it impossible to\u00a0issue the Permit. The Special Economic Zone for Medium Business Inc. (SSEMP S.A)will inform all tenderers at the same time, in\u00a0writing, about invalidation of\u00a0the procedure, giving the factual and\u00a0legal reasons thereof.<\/p>\n<p>15. Regarding the right of\u00a0 permanent user of R\\real Property the\u00a0 Special Economic Zone for Medium Business Inc. (SSEMP S.A) \u00a0has a pre-emption right, according to article 8 item 2 of the special economic zones Act dated October 20<sup>th<\/sup>, 1994 (uniform text 2007, Journal of Laws No. 42, Item 274). The pre-emption right can be executed within one month from the date of notification about concluding of the conditional sale agreement.<\/p>\n<p>16.The persons who are described in article 34 item 1 of the Act dated August 21<sup>st<\/sup>, 1997 on administration of real properties (uniform text of year 2010, Journal of Laws No. 102, Item 651) have priority right for purchase of the Real Property based on article 34 item 1 point 1 and point 2 of this Act, under condition they submitted application in this matter till 6 weeks up giving to the public information the notice of up to \u00a0<strong>January 7<sup>th<\/sup>, 2013<\/strong>.<\/p>\n<p>17. The content of the following invitation in Polish version is published on the website of the Special Economic Zone for Medium Business Inc. (SSEMP S.A.).: <a href=\"https:\/\/old-ssemp.sowiak.dev\/\">www.ssemp.pl<\/a><\/p>\n","protected":false},"excerpt":{"rendered":"<p>SPECJALNA STREFA EKONOMICZNA MA\u0141EJ PRZEDSI\u0118BIORCZO\u015aCI S.A. (Special Economic Zone for Medium Business Inc) in KAMIENNA G\u00d3RA 58-400 Kamienna G\u00f3ra, ul. Papie\u017ca Jana Paw\u0142a II 11 A phone. 75 \/ 645 20 30 do 06, fax 75 \/ 645 20 33 \u00a0\u00a0\u00a0\u00a0\u00a0\u00a0\u00a0\u00a0\u00a0\u00a0\u00a0\u00a0\u00a0\u00a0\u00a0\u00a0\u00a0\u00a0\u00a0\u00a0\u00a0\u00a0\u00a0\u00a0\u00a0\u00a0\u00a0\u00a0\u00a0\u00a0 \u00a0\u00a0\u00a0\u00a0\u00a0\u00a0\u00a0\u00a0\u00a0\u00a0\u00a0\u00a0\u00a0\u00a0\u00a0\u00a0\u00a0\u00a0\u00a0\u00a0\u00a0\u00a0\u00a0\u00a0\u00a0\u00a0e-mail:strefa@ssemp.pl\u00a0\u00a0\u00a0 www.ssemp.pl as the managing company of Kamienna G\u00f3ra Special Economic Zone for Medium [&hellip;]<\/p>\n","protected":false},"author":1,"featured_media":0,"parent":0,"menu_order":0,"comment_status":"closed","ping_status":"closed","template":"","meta":{"footnotes":""},"class_list":["post-9885","page","type-page","status-publish","hentry"],"_links":{"self":[{"href":"https:\/\/old-ssemp.sowiak.dev\/index.php?rest_route=\/wp\/v2\/pages\/9885","targetHints":{"allow":["GET"]}}],"collection":[{"href":"https:\/\/old-ssemp.sowiak.dev\/index.php?rest_route=\/wp\/v2\/pages"}],"about":[{"href":"https:\/\/old-ssemp.sowiak.dev\/index.php?rest_route=\/wp\/v2\/types\/page"}],"author":[{"embeddable":true,"href":"https:\/\/old-ssemp.sowiak.dev\/index.php?rest_route=\/wp\/v2\/users\/1"}],"replies":[{"embeddable":true,"href":"https:\/\/old-ssemp.sowiak.dev\/index.php?rest_route=%2Fwp%2Fv2%2Fcomments&post=9885"}],"version-history":[{"count":1,"href":"https:\/\/old-ssemp.sowiak.dev\/index.php?rest_route=\/wp\/v2\/pages\/9885\/revisions"}],"predecessor-version":[{"id":9895,"href":"https:\/\/old-ssemp.sowiak.dev\/index.php?rest_route=\/wp\/v2\/pages\/9885\/revisions\/9895"}],"wp:attachment":[{"href":"https:\/\/old-ssemp.sowiak.dev\/index.php?rest_route=%2Fwp%2Fv2%2Fmedia&parent=9885"}],"curies":[{"name":"wp","href":"https:\/\/api.w.org\/{rel}","templated":true}]}}