{"id":9872,"date":"2016-05-19T17:31:16","date_gmt":"2016-05-19T15:31:16","guid":{"rendered":"http:\/\/ssemp.pl\/wordpress\/?page_id=9872"},"modified":"2016-05-19T17:31:17","modified_gmt":"2016-05-19T15:31:17","slug":"zgorzelec-dz-nr-4313-174-2012-06-05-pl","status":"publish","type":"page","link":"https:\/\/old-ssemp.sowiak.dev\/?page_id=9872","title":{"rendered":"Zgorzelec dz. nr 4\/3,1\/3, 17\/4 &#8211; 2012.06.05 &#8211; [PL]"},"content":{"rendered":"<p align=\"center\"><strong>Og\u0142oszenie<br \/>\nSpecjalna Strefa Ekonomiczna Ma\u0142ej Przedsi\u0119biorczo\u015bci S.A.<br \/>\nz siedzib\u0105 w Kamiennej G\u00f3rze<br \/>\n58-400 Kamienna G\u00f3ra, ul. Papie\u017ca Jana Paw\u0142a II 11 a<br \/>\ntel.: (+48 75) 645 20 30, fax: (+48 75) 645 20 33<\/strong><\/p>\n<p>jako Zarz\u0105dzaj\u0105cy Specjaln\u0105 Stref\u0105 Ekonomiczn\u0105 Ma\u0142ej Przedsi\u0119biorczo\u015bci S.A. w Kamiennej G\u00f3rze oraz dzia\u0142aj\u0105c na zlecenie Burmistrza Gminy Zgorzelec oraz na podstawie rozporz\u0105dzenia Ministra Gospodarki i Pracy z dnia 15 listopada 2004r. w sprawie przetarg\u00f3w i\u00a0rokowa\u0144 oraz kryteri\u00f3w oceny zamierze\u0144 co do przedsi\u0119wzi\u0119\u0107 gospodarczych, kt\u00f3re maj\u0105 by\u0107 podj\u0119te przez przedsi\u0119biorc\u00f3w na terenie Specjalnej Strefy Ekonomicznej Ma\u0142ej Przedsi\u0119biorczo\u015bci S.A. w\u00a0Kamiennej G\u00f3rze (Dz. U. Nr 254, poz. 2539 z p\u00f3\u017an. zmianami) oraz Rozporz\u0105dzenia Ministra Gospodarki z\u00a0dnia 2 lipca 2009 r. w sprawie powierzenia Specjalnej Strefie Ekonomicznej Ma\u0142ej Przedsi\u0119biorczo\u015bci S.A. udzielania zezwole\u0144 na prowadzenie dzia\u0142alno\u015bci gospodarczej na terenie Kamiennog\u00f3rskiej Specjalnej Strefy Ekonomicznej Ma\u0142ej Przedsi\u0119biorczo\u015bci oraz wykonywania kontroli realizacji warunk\u00f3w zezwolenia<\/p>\n<p align=\"center\"><strong>zaprasza do uczestnictwa w przetargu \u0142\u0105cznym<\/strong><strong>\u00a0<\/strong><\/p>\n<p>maj\u0105cym na celu wy\u0142onienie przedsi\u0119biorcy, kt\u00f3ry uzyska zezwolenie na prowadzenie dzia\u0142alno\u015bci gospodarczej na terenie Kamiennog\u00f3rskiej Specjalnej Strefy Ekonomicznej Ma\u0142ej Przedsi\u0119biorczo\u015bci uprawniaj\u0105ce do korzystania z\u00a0pomocy publicznej <strong><em>(\u201eZezwolenie\u201d<\/em>)<\/strong> oraz nab\u0119dzie prawo w\u0142asno\u015bci nieruchomo\u015bci opisanej w punkcie 2\u00a0poni\u017cej, na kt\u00f3rej b\u0119dzie prowadzona dzia\u0142alno\u015b\u0107 gospodarcza(\u201e<strong><em>Nieruchomo\u015b\u0107\u201d<\/em><\/strong>).<\/p>\n<table border=\"0\" cellspacing=\"0\" cellpadding=\"0\">\n<tbody>\n<tr>\n<td width=\"660\">\n<ol>\n<li>W przetargu mog\u0105 uczestniczy\u0107 wy\u0142\u0105cznie przedsi\u0119biorcy zamierzaj\u0105cy podj\u0105\u0107 na terenie Kamiennog\u00f3rskiej Specjalnej Strefy Ekonomicznej Ma\u0142ej Przedsi\u0119biorczo\u015bci dzia\u0142alno\u015b\u0107 gospodarcz\u0105 na podstawie Zezwolenia, spe\u0142niaj\u0105cy wymogi okre\u015blone w ustawie z dnia 20.10.1994r. o specjalnych strefach ekonomicznych (tekst jednolity z 2007r. Dz. U. Nr 42, poz. 274 z p\u00f3\u017an. zm.) i w rozporz\u0105dzeniu Rady Ministr\u00f3w z dnia 10.12.2008 r. w sprawie pomocy publicznej udzielanej przedsi\u0119biorcom dzia\u0142aj\u0105cym na podstawie zezwolenia na prowadzenie dzia\u0142alno\u015bci gospodarczej na terenach specjalnych stref ekonomicznych (Dz. U. Nr 232, poz. 1548, z p\u00f3\u017an. zm.).<\/li>\n<li>W sk\u0142ad mienia obj\u0119tego przetargiem wchodzi prawo w\u0142asno\u015bci nieruchomo\u015bci (niezabudowanej) o\u00a0\u0142\u0105cznej powierzchni<strong> 6,0929 ha, <\/strong>po\u0142o\u017conej w\u00a0wojew\u00f3dztwie dolno\u015bl\u0105skim, powiecie zgorzeleckim, miejscowo\u015bci Zgorzelec, w Podstrefie Zgorzelec Kamiennog\u00f3rskiej Specjalnej Strefy Ekonomicznej, <strong>b\u0119d\u0105cej w\u0142asno\u015bci\u0105 Gminy Zgorzelec, <\/strong>sk\u0142adaj\u0105cej si\u0119 z \u00a0dzia\u0142ki Nr 4\/3,1\/3, 17\/4 ksi\u0119ga wieczysta JG1Z\/00015507\/3. Prawo w\u0142asno\u015bci Nieruchomo\u015bci b\u0119dzie zbywane w drodze przetargu zgodnie z ustaw\u0105 z dnia 21.08.1997 r. o gospodarce nieruchomo\u015bciami (t.j. Dz.U. z 2010 r. Nr 102 pz.651 z p\u00f3\u017an. zm.) Nieruchomo\u015b\u0107 jest wolna od wszelkich obci\u0105\u017ce\u0144 i zobowi\u0105za\u0144 na rzecz os\u00f3b trzecich.- za wyj\u0105tkiem obci\u0105\u017ce\u0144\u00a0 faktycznych, o kt\u00f3rych mowa poni\u017cej.<\/li>\n<li>Cena wywo\u0142awcza Nieruchomo\u015bci okre\u015blona zosta\u0142a na kwot\u0119 <strong>3.967.440,00 PLN<\/strong> (s\u0142ownie: trzy miliony dziewi\u0119\u0107set sze\u015b\u0107dziesi\u0105t siedem tysi\u0119cy czterysta czterdzie\u015bci z\u0142otych). Podana cena jest cen\u0105 brutto ( w tym podatek VAT)<\/li>\n<li><strong>Minimalne post\u0105pienie wynosi: <\/strong>1% ceny wywo\u0142awczej Nieruchomo\u015bci w zaokr\u0105gleniu w g\u00f3r\u0119 do pe\u0142nych dziesi\u0105tek z\u0142otych.<\/li>\n<li>Warunkiem udzia\u0142u w przetargu jest<br \/>\n<strong>&#8211;<\/strong> wykupienie od Specjalnej Strefy Ekonomicznej Specyfikacji istotnych warunk\u00f3w przetargu \u0142\u0105cznego (Specyfikacji)<br \/>\n<strong>&#8211;<\/strong> wp\u0142acenie wadium<br \/>\n<strong> &#8211;<\/strong> z\u0142o\u017cenie pisemnej oferty wraz z warunkami planowanego na terenie strefy przedsi\u0119wzi\u0119cia<\/li>\n<li>Wadium w pieni\u0105dzu wynosi 10 % ceny wywo\u0142awczej Nieruchomo\u015bci tj. <strong>396.744,00 z\u0142 <\/strong>(s\u0142ownie: trzysta dziewi\u0119\u0107dziesi\u0105t sze\u015b\u0107\u00a0 tysi\u0119cy siedemset czterdzie\u015bci cztery z\u0142ote) i\u00a0p\u0142atne jest do dnia <strong>\u00a06 sierpnia\u00a0 2012 r.<\/strong> na rachunek bankowy Specjalnej Strefy Ekonomicznej Ma\u0142ej Przedsi\u0119biorczo\u015bci.<\/li>\n<li>Specyfikacj\u0119, kt\u00f3ra zawiera szczeg\u00f3\u0142owe warunki przetargu mo\u017cna otrzyma\u0107 codziennie \u2013 opr\u00f3cz sob\u00f3t, niedziel i\u00a0\u015bwi\u0105t \u2013 w godzinach <strong>7<sup>45 <\/sup><\/strong>\u2013 <strong>15<sup>00<\/sup><\/strong> w siedzibie Specjalnej Strefy Ekonomicznej Ma\u0142ej Przedsi\u0119biorczo\u015bci S.A. w Kamiennej G\u00f3rze, po wp\u0142aceniu kwoty <strong>10.000,00 z\u0142<\/strong> (s\u0142ownie: dziesi\u0119\u0107 tysi\u0119cy z\u0142otych) netto plus podatek VAT wg przepis\u00f3w obowi\u0105zuj\u0105cych \u2013 na rachunek bankowy Specjalnej Strefy Ekonomicznej Ma\u0142ej Przedsi\u0119biorczo\u015bci nr\u00a002 1090 1942 0000 0005 1800 9564 w BZ WBK S.A. O\/Kamienna G\u00f3ra. Nie przewiduje si\u0119 dodatkowych warunk\u00f3w przetargu, poza opisanymi w niniejszym zaproszeniu i w Specyfikacji.<\/li>\n<li>Opis Nieruchomo\u015bci: nieruchomo\u015b\u0107 niezabudowana\u00a0 po\u0142o\u017cona w Zgorzelcu w strefie peryferyjnej miasta, przy rondzie wylotowym ze Zgorzelca w kierunku na Bogatyni\u0119, i Sulik\u00f3w. Nieruchomo\u015b\u0107 obj\u0119ta granicami Kamiennog\u00f3rskiej Specjalne Strefy Ekonomicznej Ma\u0142ej Przedsi\u0119biorczo\u015bci- Podstrefa Zgorzelec, kompleks\u00a0 nr III. Od \u015bcis\u0142ego centrum miasta nieruchomo\u015b\u0107 dzieli ok. 3 km. Wewn\u0105trz obszaru dzia\u0142ki 17\/4 znajduje si\u0119 dzia\u0142ka nr 7\/2 stanowi\u0105ca odr\u0119bn\u0105 nieruchomo\u015b\u0107, bez dost\u0119pu do drogi publicznej. Kompleks dzia\u0142ek posiada dost\u0119p do drogi publicznej od strony ul. Sulikowskiej.\u00a0 Dost\u0119pno\u015b\u0107 do urz\u0105dze\u0144 infrastruktury technicznej- dobra. Dzia\u0142ki po\u0142o\u017cone s\u0105 na obszarze oznaczonym w planie zagospodarowania przestrzennego symbolem 1PU- tereny zabudowy produkcyjnej i us\u0142ugowej.<\/li>\n<li>Przedsi\u0119wzi\u0119cia gospodarcze, kt\u00f3re maj\u0105 by\u0107 podj\u0119te na terenie Kamiennog\u00f3rskiej Specjalnej Strefy Ekonomicznej\u00a0 Ma\u0142ej Przedsi\u0119biorczo\u015bci i okre\u015blone w ofertach podlegaj\u0105 ocenie w oparciu o kryteria zawarte w\u00a0\u00a7\u00a011 rozporz\u0105dzenia Ministra Gospodarki i Pracy z dnia 15 listopada 2004r. w sprawie przetarg\u00f3w i rokowa\u0144 oraz kryteri\u00f3w oceny zamierze\u0144 co do przedsi\u0119wzi\u0119\u0107 gospodarczych, kt\u00f3re maj\u0105 by\u0107 podj\u0119te przez przedsi\u0119biorc\u00f3w na terenie Kamiennog\u00f3rskiej Specjalnej Strefy Ekonomicznej Ma\u0142ej Przedsi\u0119biorczo\u015bci (Dz. U. Nr 254, poz.\u00a02539 z p\u00f3\u017a. zm).oraz w oparciu o kryteria zawarte w Koncepcji Rozwoju Specjalnych Stref Ekonomicznych \u2013dokument przyj\u0119ty przez Rad\u0119 Ministr\u00f3w dnia 27 stycznia 2009 r.<\/li>\n<li>Oferty pisemne nale\u017cy sk\u0142ada\u0107 w zamkni\u0119tych kopertach w siedzibie Specjalnej Strefy Ekonomicznej Ma\u0142ej Przedsi\u0119biorczo\u015bci S.A. (w Sekretariacie) w\u00a0terminie do dnia <strong>6 sierpnia<\/strong> <strong>2012 r.<\/strong> do godz. <strong>15<sup>00<\/sup><\/strong>. Spos\u00f3b przygotowania oferty okre\u015bla Specyfikacja.<\/li>\n<li>Otwarcie ofert nast\u0105pi w siedzibie Specjalnej Strefy Ekonomicznej Ma\u0142ej Przedsi\u0119biorczo\u015bci w dniu<strong>\u00a0\u00a0\u00a0\u00a0\u00a0\u00a0\u00a0\u00a0\u00a0\u00a0\u00a0\u00a0\u00a0\u00a0\u00a0\u00a0\u00a0\u00a0\u00a0\u00a0\u00a0\u00a0\u00a0\u00a0\u00a0\u00a0\u00a0\u00a0\u00a0\u00a0\u00a0 \u00a010 sierpnia\u00a0 2012r. <\/strong>o<strong> godz. 10.00<\/strong>.<\/li>\n<li>W przypadku uchylenia si\u0119 przez przedsi\u0119biorc\u0119 wybranego w trakcie przetargu od zawarcia umowy sprzeda\u017cy, wadium nie podlega zwrotowi.<\/li>\n<li>Zarz\u0105dzaj\u0105cy Kamiennog\u00f3rsk\u0105 Specjaln\u0105 Stref\u0105 Ekonomiczn\u0105 Ma\u0142ej Przedsi\u0119biorczo\u015bci lub Burmistrz Gminy Zgorzelec mog\u0105 zamkn\u0105\u0107 przetarg bez wybrania kt\u00f3rejkolwiek z ofert lub odwo\u0142a\u0107 og\u0142oszony przetarg jedynie z wa\u017cnych powod\u00f3w. W takim przypadku stosowna informacja zostanie podana do publicznej wiadomo\u015bci ze wskazaniem przyczyny odwo\u0142ania przetargu. W takim przypadku wadium podlega zwrotowi.<\/li>\n<li>Zarz\u0105dzaj\u0105cy Kamiennog\u00f3rsk\u0105 Specjaln\u0105 Stref\u0105 Ekonomiczn\u0105 Ma\u0142ej Przedsi\u0119biorczo\u015bci mo\u017ce uniewa\u017cni\u0107 przetarg w\u00a0przypadku, gdy wyst\u0105pi istotna zmiana okoliczno\u015bci powoduj\u0105ca, \u017ce prowadzenie post\u0119powania nie le\u017cy w\u00a0interesie publicznym, czego nie mo\u017cna by\u0142o wcze\u015bniej przewidzie\u0107 lub\/i gdy post\u0119powanie obarczone b\u0119dzie wad\u0105 uniemo\u017cliwiaj\u0105c\u0105 wydanie Zezwolenia lub zawarcie wa\u017cnej umowy sprzeda\u017cy Nieruchomo\u015bci. O\u00a0uniewa\u017cnieniu post\u0119powania Zarz\u0105dzaj\u0105cy zawiadomi pisemnie r\u00f3wnocze\u015bnie wszystkich oferent\u00f3w podaj\u0105c uzasadnienie faktyczne i prawne.<\/li>\n<li>The content of the following invitation in English version has been published on the website of the Special Economic Zone for Medium Business PLC. (SSEMP S.A.).: <a href=\"https:\/\/old-ssemp.sowiak.dev\/\">www.ssemp.pl<\/a><\/li>\n<\/ol>\n<\/td>\n<\/tr>\n<\/tbody>\n<\/table>\n","protected":false},"excerpt":{"rendered":"<p>Og\u0142oszenie Specjalna Strefa Ekonomiczna Ma\u0142ej Przedsi\u0119biorczo\u015bci S.A. z siedzib\u0105 w Kamiennej G\u00f3rze 58-400 Kamienna G\u00f3ra, ul. Papie\u017ca Jana Paw\u0142a II 11 a tel.: (+48 75) 645 20 30, fax: (+48 75) 645 20 33 jako Zarz\u0105dzaj\u0105cy Specjaln\u0105 Stref\u0105 Ekonomiczn\u0105 Ma\u0142ej Przedsi\u0119biorczo\u015bci S.A. w Kamiennej G\u00f3rze oraz dzia\u0142aj\u0105c na zlecenie Burmistrza Gminy Zgorzelec oraz na podstawie [&hellip;]<\/p>\n","protected":false},"author":1,"featured_media":0,"parent":0,"menu_order":0,"comment_status":"closed","ping_status":"closed","template":"","meta":{"footnotes":""},"class_list":["post-9872","page","type-page","status-publish","hentry"],"_links":{"self":[{"href":"https:\/\/old-ssemp.sowiak.dev\/index.php?rest_route=\/wp\/v2\/pages\/9872","targetHints":{"allow":["GET"]}}],"collection":[{"href":"https:\/\/old-ssemp.sowiak.dev\/index.php?rest_route=\/wp\/v2\/pages"}],"about":[{"href":"https:\/\/old-ssemp.sowiak.dev\/index.php?rest_route=\/wp\/v2\/types\/page"}],"author":[{"embeddable":true,"href":"https:\/\/old-ssemp.sowiak.dev\/index.php?rest_route=\/wp\/v2\/users\/1"}],"replies":[{"embeddable":true,"href":"https:\/\/old-ssemp.sowiak.dev\/index.php?rest_route=%2Fwp%2Fv2%2Fcomments&post=9872"}],"version-history":[{"count":1,"href":"https:\/\/old-ssemp.sowiak.dev\/index.php?rest_route=\/wp\/v2\/pages\/9872\/revisions"}],"predecessor-version":[{"id":9883,"href":"https:\/\/old-ssemp.sowiak.dev\/index.php?rest_route=\/wp\/v2\/pages\/9872\/revisions\/9883"}],"wp:attachment":[{"href":"https:\/\/old-ssemp.sowiak.dev\/index.php?rest_route=%2Fwp%2Fv2%2Fmedia&parent=9872"}],"curies":[{"name":"wp","href":"https:\/\/api.w.org\/{rel}","templated":true}]}}