{"id":9864,"date":"2016-05-19T17:26:23","date_gmt":"2016-05-19T15:26:23","guid":{"rendered":"http:\/\/ssemp.pl\/wordpress\/?page_id=9864"},"modified":"2016-05-19T17:26:23","modified_gmt":"2016-05-19T15:26:23","slug":"kamienna-gora-10-05-2011-pl","status":"publish","type":"page","link":"https:\/\/old-ssemp.sowiak.dev\/?page_id=9864","title":{"rendered":"Kamienna G\u00f3ra &#8211; 10.05.2011 [PL]"},"content":{"rendered":"<p align=\"center\"><strong>SPECJALNA STREFA EKONOMICZNA<\/strong><br \/>\n<strong>MA\u0141EJ PRZEDSI\u0118BIORCZO\u015aCI S.A<\/strong><br \/>\n<strong>W KAMIENNEJ G\u00d3RZE<\/strong><br \/>\n58-400 Kamienna G\u00f3ra, ul. Papie\u017ca Jana Paw\u0142a II 11 A<br \/>\ntel. 075\u00a0 645 20 30, fax 075 \u00a0645 20 33<br \/>\n<a href=\"https:\/\/old-ssemp.sowiak.dev\/\">www.ssemp.pl<\/a><\/p>\n<p><strong><br \/>\njako zarz\u0105dzaj\u0105cy Kamiennog\u00f3rsk\u0105 Specjaln\u0105 Stref\u0105 Ekonomiczn\u0105 Ma\u0142ej Przedsi\u0119biorczo\u015bci<\/strong> oraz dzia\u0142aj\u0105c na zlecenie \u201eBO-WA-DE 2\u201d Sp. z .o.o. oraz na podstawie rozporz\u0105dzenia Ministra Gospodarki i Pracy z dnia 15 listopada 2004r. w sprawie przetarg\u00f3w i\u00a0rokowa\u0144 oraz kryteri\u00f3w oceny zamierze\u0144 co do przedsi\u0119wzi\u0119\u0107 gospodarczych, kt\u00f3re maj\u0105 by\u0107 podj\u0119te przez przedsi\u0119biorc\u00f3w na terenie Specjalnej Strefy Ekonomicznej Ma\u0142ej Przedsi\u0119biorczo\u015bci S.A. w\u00a0Kamiennej G\u00f3rze (Dz. U. Nr 254, poz. 2539 z p\u00f3\u017an. zmianami) oraz Rozporz\u0105dzenia Ministra Gospodarki z\u00a0dnia 2 lipca 2009 r. w\u00a0sprawie powierzenia Specjalnej Strefie Ekonomicznej Ma\u0142ej Przedsi\u0119biorczo\u015bci S.A. udzielania zezwole\u0144 na prowadzenie dzia\u0142alno\u015bci gospodarczej na terenie Kamiennog\u00f3rskiej Specjalnej Strefy Ekonomicznej Ma\u0142ej Przedsi\u0119biorczo\u015bci oraz wykonywania kontroli realizacji warunk\u00f3w zezwolenia<\/p>\n<p align=\"center\"><strong>zaprasza do przetargu \u0142\u0105cznego<\/strong><\/p>\n<p>maj\u0105cego na celu ustalenie przedsi\u0119biorcy, kt\u00f3ry uzyska zezwolenie na prowadzenie dzia\u0142alno\u015bci gospodarczej na terenie Kamiennog\u00f3rskiej Specjalnej Strefy Ekonomicznej Ma\u0142ej Przedsi\u0119biorczo\u015bci i nab\u0119dzie prawo u\u017cytkowania wieczystego nieruchomo\u015bci wraz z prawem w\u0142asno\u015bci budynku, b\u0119d\u0105cej przedmiotem przetargu, po\u0142o\u017conej w miejscowo\u015bci Kamienna G\u00f3ra, na obszarze Kamiennog\u00f3rskiej Specjalnej Strefy Ekonomicznej Ma\u0142ej Przedsi\u0119biorczo\u015bci, na kt\u00f3rej b\u0119dzie prowadzona dzia\u0142alno\u015b\u0107 gospodarcza obj\u0119ta zezwoleniem.<\/p>\n<p>1.W sk\u0142ad mienia obj\u0119tego przetargiem wchodzi prawo u\u017cytkowania wieczystego nieruchomo\u015bci wraz z prawem w\u0142asno\u015bci zabudowa\u0144. Prawo u\u017cytkowania wieczystego i prawo w\u0142asno\u015bci zabudowa\u0144 przys\u0142uguje Przedsi\u0119biorstwu Wielobran\u017cowemu \u201eBO-WA-DE 2\u201d Sp. z .o.o. w Kamiennej G\u00f3rze. Nieruchomo\u015b\u0107 po\u0142o\u017cona jest przy ul. Papie\u017ca Jana Paw\u0142a II nr 10, na wydzielonej dzia\u0142ce gruntu nr 83\/28 o powierzchni 1760 m<sup>2<\/sup>. Nieruchomo\u015b\u0107 zabudowana jest obiektem wolnostoj\u0105cym, parterowym, nie podpiwniczonym o wymiarach: d\u0142ugo\u015b\u0107 49 m, szeroko\u015b\u0107 14 m, wysoko\u015b\u0107 4,10 m, Nr Kw JG1K\/00019956\/1. Dojazd od strony ul. Papie\u017ca Jana Paw\u0142a. Budynek mo\u017cna u\u017cytkowa\u0107 w stanie istniej\u0105cym \u2013po dokonaniu remontu od\u015bwie\u017caj\u0105cego jako obiekt produkcyjny, magazynowy lub \u0142\u0105cz\u0105c obie funkcje. Nieruchomo\u015b\u0107 jest obci\u0105\u017cona prawami os\u00f3b trzecich, w tym hipotekami. Szczeg\u00f3\u0142owy wykaz obci\u0105\u017ce\u0144 uwidoczniony zosta\u0142 w ksi\u0119dze wieczystej, informacje na jego temat mo\u017cna uzyska\u0107 tak\u017ce w siedzibie SSEMP S.A. (w\u0142a\u015bciciel nieruchomo\u015bci dysponuje porozumieniami z wierzycielami hipotecznymi, co do sposobu zaspokojenia i wykre\u015blenia hipotek)<\/p>\n<p>2. Cena wywo\u0142awcza Nieruchomo\u015bci okre\u015blona zosta\u0142a na kwot\u0119 <strong>300.000,00 z\u0142otych<\/strong> (s\u0142ownie: trzysta tysi\u0119cy z\u0142otych) plus podatek od towar\u00f3w i us\u0142ug wg przepis\u00f3w obowi\u0105zuj\u0105cych.<\/p>\n<p>3.\u00a0Warunkiem udzia\u0142u w przetargu\u00a0 jest:<\/p>\n<p>&#8211; wykupienie\u00a0 od SSEMP. S.A Specyfikacji Istotnych Warunk\u00f3w Przetargu,<\/p>\n<p>&#8211; wp\u0142acenie wadium,<\/p>\n<p>&#8211; z\u0142o\u017cenie pisemnej oferty wraz z warunkami planowanego na terenie strefy przedsi\u0119wzi\u0119cia<\/p>\n<p>4. Wadium w pieni\u0105dzu wynosi 10 % ceny wywo\u0142awczej netto Nieruchomo\u015bci tj. 30.000,00 PLN (s\u0142ownie: trzydzie\u015bci tysi\u0119cy z\u0142otych) i p\u0142atne jest do dnia 2 czerwca 2011 r. na rachunek bankowy Specjalnej Strefy Ekonomicznej Ma\u0142ej Przedsi\u0119biorczo\u015bci S.A.. Szczeg\u00f3\u0142y na temat wysoko\u015bci, formy i termin wnoszenia wadium oraz przes\u0142anki jego przepadku okre\u015bla \u201eSpecyfikacja Istotnych Warunk\u00f3w Przetargu \u0141\u0105cznego\u201d.<\/p>\n<p>5. Specyfikacj\u0119 Istotnych Warunk\u00f3w Przetargu \u0141\u0105cznego mo\u017cna otrzyma\u0107 codziennie, opr\u00f3cz sob\u00f3t i niedziel, w godz. 8. 00 \u2013 15. 30, w siedzibie Sp\u00f3\u0142ki, po okazaniu dowodu wp\u0142aty kwoty 10.000,00 z\u0142otych netto plus podatek VAT wg przepis\u00f3w obowi\u0105zuj\u0105cych na rachunek bankowy Specjalnej Strefy Ekonomicznej Ma\u0142ej Przedsi\u0119biorczo\u015bci S.A. w BZ WBK S.A, numer rachunku\u00a0 02 1090 1942 0000 0005 1800 9564<\/p>\n<p>6. Oferty powinny zawiera\u0107 wszystkie elementy wymienione w &#8222;Specyfikacji Istotnych Warunk\u00f3w Przetargu \u0141\u0105cznego\u201d.<\/p>\n<p>7.Oferty i przedstawione w nich przedsi\u0119wzi\u0119cia gospodarcze podlegaj\u0105 ocenie w oparciu o kryteria zawarte w \u201eSpecyfikacji Istotnych Warunk\u00f3w Przetargu \u0141\u0105cznego\u201d i rozporz\u0105dzeniu Ministra Gospodarki i Pracy z dnia 15.11.2004 r. w sprawie przetarg\u00f3w i rokowa\u0144 oraz kryteri\u00f3w oceny zamierze\u0144, co do przedsi\u0119wzi\u0119\u0107 gospodarczych, kt\u00f3re maj\u0105 by\u0107 podj\u0119te przez przedsi\u0119biorc\u00f3w na terenie Kamiennog\u00f3rskiej Specjalnej Strefy Ekonomicznej Ma\u0142ej Przedsi\u0119biorczo\u015bci (Dz.U. Nr 254, poz.2539 z p\u00f3\u017an. zmianami).<\/p>\n<p>8. Oferty nale\u017cy sk\u0142ada\u0107 w trwale zamkni\u0119tej kopercie w siedzibie Specjalnej Strefy Ekonomicznej Ma\u0142ej Przedsi\u0119biorczo\u015bci S.A. ul. Papie\u017ca Jana Paw\u0142a II 11 A (w sekretariacie) codzienne opr\u00f3cz sob\u00f3t i\u00a0niedziel w\u00a0godz. od 8.00\u00a0do\u00a015.30. Ostateczny termin z\u0142o\u017cenia oferty up\u0142ywa w\u00a0dniu <strong>\u00a002.06.2011<\/strong>r. o\u00a0godz. <strong>15.00.<\/strong><\/p>\n<p>9.\u00a0Komisyjne otwarcie ofert nast\u0105pi w siedzibie Specjalnej Strefy Ekonomicznej Ma\u0142ej Przedsi\u0119biorczo\u015bci S.A. w\u00a0dniu <strong>06 .06.2011r. o godz. 12.00<\/strong>.<\/p>\n<p>10. Informacji na temat przetargu \u0142\u0105cznego oraz \u201eSpecyfikacji Istotnych Warunk\u00f3w Przetargu \u0141\u0105cznego\u201d, udziela si\u0119 w siedzibie Specjalnej Strefy Ekonomicznej Ma\u0142ej Przedsi\u0119biorczo\u015bci S.A. w Kamiennej G\u00f3rze lub telefonicznie pod numerem 75 645 20 30.<\/p>\n<p>11. Specjalna Strefa Ekonomiczna Ma\u0142ej Przedsi\u0119biorczo\u015bci S.A. zastrzega sobie prawo odst\u0105pienia od przetargu, gdy wyst\u0105pi istotna zmiana okoliczno\u015bci powoduj\u0105ca, \u017ce prowadzenie post\u0119powania nie le\u017cy w interesie publicznym, czego nie mo\u017cna by\u0142o wcze\u015bniej przewidzie\u0107 lub\/i gdy post\u0119powanie obarczone jest wad\u0105 uniemo\u017cliwiaj\u0105c\u0105 wydanie zezwolenia. O uniewa\u017cnieniu post\u0119powania SSEMP S.A. powiadomi pisemnie r\u00f3wnocze\u015bnie wszystkich oferent\u00f3w, podaj\u0105c uzasadnienie faktyczne i prawne.<\/p>\n<p>12. The content of the following invitation in English version is published on the website of the SSEMP S.A. at: <a href=\"https:\/\/old-ssemp.sowiak.dev\/\">www.ssemp.pl<\/a><\/p>\n","protected":false},"excerpt":{"rendered":"<p>SPECJALNA STREFA EKONOMICZNA MA\u0141EJ PRZEDSI\u0118BIORCZO\u015aCI S.A W KAMIENNEJ G\u00d3RZE 58-400 Kamienna G\u00f3ra, ul. Papie\u017ca Jana Paw\u0142a II 11 A tel. 075\u00a0 645 20 30, fax 075 \u00a0645 20 33 www.ssemp.pl jako zarz\u0105dzaj\u0105cy Kamiennog\u00f3rsk\u0105 Specjaln\u0105 Stref\u0105 Ekonomiczn\u0105 Ma\u0142ej Przedsi\u0119biorczo\u015bci oraz dzia\u0142aj\u0105c na zlecenie \u201eBO-WA-DE 2\u201d Sp. z .o.o. oraz na podstawie rozporz\u0105dzenia Ministra Gospodarki i Pracy [&hellip;]<\/p>\n","protected":false},"author":1,"featured_media":0,"parent":0,"menu_order":0,"comment_status":"closed","ping_status":"closed","template":"","meta":{"footnotes":""},"class_list":["post-9864","page","type-page","status-publish","hentry"],"_links":{"self":[{"href":"https:\/\/old-ssemp.sowiak.dev\/index.php?rest_route=\/wp\/v2\/pages\/9864","targetHints":{"allow":["GET"]}}],"collection":[{"href":"https:\/\/old-ssemp.sowiak.dev\/index.php?rest_route=\/wp\/v2\/pages"}],"about":[{"href":"https:\/\/old-ssemp.sowiak.dev\/index.php?rest_route=\/wp\/v2\/types\/page"}],"author":[{"embeddable":true,"href":"https:\/\/old-ssemp.sowiak.dev\/index.php?rest_route=\/wp\/v2\/users\/1"}],"replies":[{"embeddable":true,"href":"https:\/\/old-ssemp.sowiak.dev\/index.php?rest_route=%2Fwp%2Fv2%2Fcomments&post=9864"}],"version-history":[{"count":1,"href":"https:\/\/old-ssemp.sowiak.dev\/index.php?rest_route=\/wp\/v2\/pages\/9864\/revisions"}],"predecessor-version":[{"id":9874,"href":"https:\/\/old-ssemp.sowiak.dev\/index.php?rest_route=\/wp\/v2\/pages\/9864\/revisions\/9874"}],"wp:attachment":[{"href":"https:\/\/old-ssemp.sowiak.dev\/index.php?rest_route=%2Fwp%2Fv2%2Fmedia&parent=9864"}],"curies":[{"name":"wp","href":"https:\/\/api.w.org\/{rel}","templated":true}]}}