{"id":9845,"date":"2016-05-19T17:22:03","date_gmt":"2016-05-19T15:22:03","guid":{"rendered":"http:\/\/ssemp.pl\/wordpress\/?page_id=9845"},"modified":"2016-05-19T17:22:03","modified_gmt":"2016-05-19T15:22:03","slug":"jelenia-gora-dzialka-523-483-pl","status":"publish","type":"page","link":"https:\/\/old-ssemp.sowiak.dev\/?page_id=9845","title":{"rendered":"Jelenia G\u00f3ra (dzia\u0142ka 52\/3 48\/3) [PL]"},"content":{"rendered":"<p align=\"center\"><strong>Og\u0142oszenie<br \/>\nSpecjalna Strefa Ekonomiczna Ma\u0142ej Przedsi\u0119biorczo\u015bci S.A.<br \/>\nz siedzib\u0105 w Kamiennej G\u00f3rze<br \/>\n58-400 Kamienna G\u00f3ra, ul. Papie\u017ca Jana Paw\u0142a II 11 a<br \/>\ntel.: (+48 75) 645 15 03, fax: (+48 75) 744 20 17<\/strong><\/p>\n<p><strong>\u00a0<\/strong>jako Zarz\u0105dzaj\u0105cy Specjaln\u0105 Stref\u0105 Ekonomiczn\u0105 Ma\u0142ej Przedsi\u0119biorczo\u015bci S.A. w Kamiennej G\u00f3rze oraz dzia\u0142aj\u0105c na zlecenie Miasta Jelenia G\u00f3ra oraz na podstawie rozporz\u0105dzenia Ministra Gospodarki i Pracy z dnia 15 listopada 2004r. w sprawie przetarg\u00f3w i rokowa\u0144 oraz kryteri\u00f3w oceny zamierze\u0144 co do przedsi\u0119wzi\u0119\u0107 gospodarczych, kt\u00f3re maj\u0105 by\u0107 podj\u0119te przez przedsi\u0119biorc\u00f3w na terenie Specjalnej Strefy Ekonomicznej Ma\u0142ej Przedsi\u0119biorczo\u015bci S.A. w Kamiennej G\u00f3rze (Dz. U. Nr 254, poz. 2539 z p\u00f3\u017an. zmianami) oraz Rozporz\u0105dzenia Ministra Gospodarki z dnia 2 lipca 2009 r. w sprawie powierzenia Specjalnej Strefie Ekonomicznej Ma\u0142ej Przedsi\u0119biorczo\u015bci S.A. udzielania zezwole\u0144 na prowadzenie dzia\u0142alno\u015bci gospodarczej na terenie Kamiennog\u00f3rskiej Specjalnej Strefy Ekonomicznej Ma\u0142ej Przedsi\u0119biorczo\u015bci oraz wykonywania kontroli realizacji warunk\u00f3w zezwolenia<\/p>\n<p align=\"center\"><strong>zaprasza do uczestnictwa w przetargu \u0142\u0105cznym<\/strong><\/p>\n<p>maj\u0105cym na celu wy\u0142onienie przedsi\u0119biorcy, kt\u00f3ry uzyska zezwolenie na prowadzenie dzia\u0142alno\u015bci gospodarczej na terenie Kamiennog\u00f3rskiej Specjalnej Strefy Ekonomicznej Ma\u0142ej Przedsi\u0119biorczo\u015bci uprawniaj\u0105ce do korzystania z\u00a0pomocy publicznej <strong><em>(\u201eZezwolenie\u201d<\/em>)<\/strong> oraz nab\u0119dzie prawo w\u0142asno\u015bci nieruchomo\u015bci opisanej w punkcie 2\u00a0poni\u017cej, na kt\u00f3rej b\u0119dzie prowadzona dzia\u0142alno\u015b\u0107 gospodarcza(\u201e<strong><em>Nieruchomo\u015b\u0107\u201d<\/em><\/strong>).<\/p>\n<p><strong>1.\u00a0\u00a0\u00a0\u00a0\u00a0<\/strong>W przetargu mog\u0105 uczestniczy\u0107 wy\u0142\u0105cznie przedsi\u0119biorcy zamierzaj\u0105cy podj\u0105\u0107 na terenie Kamiennog\u00f3rskiej Specjalnej Strefy Ekonomicznej Ma\u0142ej Przedsi\u0119biorczo\u015bci dzia\u0142alno\u015b\u0107 gospodarcz\u0105 na podstawie Zezwolenia, spe\u0142niaj\u0105cy wymogi okre\u015blone w\u00a0ustawie z\u00a0dnia 20.10.1994r. o\u00a0specjalnych strefach ekonomicznych (tekst jednolity z 2007r. Dz. U. Nr 42, poz. 274 z p\u00f3\u017an. zm.) i\u00a0w\u00a0rozporz\u0105dzeniu Rady Ministr\u00f3w z dnia 10.12.2008 r. w sprawie pomocy publicznej udzielanej przedsi\u0119biorcom dzia\u0142aj\u0105cym na podstawie zezwolenia na prowadzenie dzia\u0142alno\u015bci gospodarczej na terenach specjalnych stref ekonomicznych (Dz. U. Nr 232, poz. 1548, z\u00a0p\u00f3\u017an. zm.).<\/p>\n<p><strong>2.\u00a0\u00a0\u00a0\u00a0\u00a0<\/strong>Przedmiotem przetargu s\u0105<strong> nieruchomo\u015bci niezabudowane<\/strong>:<\/p>\n<p><strong>\u00a0\u00a0\u00a0\u00a0\u00a0\u00a0\u00a0 &#8211; <\/strong>\u00a0dzia\u0142ka <strong>Nr 52\/3 <\/strong>o pow. 5\u00a0000 m<sup>2<\/sup>, dla kt\u00f3rej S\u0105d Rejonowy w Jeleniej G\u00f3rze prowadzi ksi\u0119g\u0119 wieczyst\u0105 Nr JG1J\/00072653\/5 po\u0142o\u017cona w\u00a0wojew\u00f3dztwie dolno\u015bl\u0105skim, mie\u015bcie Jelenia G\u00f3ra, obr\u0119b Cieplice II, AM 5 w\u00a0Podstrefie Jelenia G\u00f3ra Kamiennog\u00f3rskiej Specjalnej Strefy Ekonomicznej Ma\u0142ej Przedsi\u0119biorczo\u015bci, <strong>b\u0119d\u0105ca w\u0142asno\u015bci\u0105 Gminy Jelenia G\u00f3ra, <\/strong>obci\u0105\u017cona sieci\u0105 kanalizacji sanitarnej ze studzienkami, rowem melioracyjnym, studzienk\u0105 kanalizacji deszczowej , dla kt\u00f3rej ustalono cen\u0119 <strong>269\u00a0200,00\u00a0PLN netto <\/strong>(s\u0142ownie: dwie\u015bcie sze\u015b\u0107dziesi\u0105t dziewi\u0119\u0107 tysi\u0119cy dwie\u015bcie z\u0142otych)<\/p>\n<p><strong>\u00a0\u00a0\u00a0\u00a0\u00a0\u00a0\u00a0 oraz <\/strong><\/p>\n<p><strong>\u00a0\u00a0\u00a0\u00a0\u00a0\u00a0\u00a0 &#8211;\u00a0\u00a0 <\/strong>dzia\u0142ka <strong>Nr 48\/3<\/strong> o pow. 5\u00a0000 m<sup>2<\/sup>, dla kt\u00f3rej S\u0105d Rejonowy w Jeleniej G\u00f3rze prowadzi ksi\u0119g\u0119 wieczyst\u0105 Nr JG1J\/00072652\/8 po\u0142o\u017cona w\u00a0wojew\u00f3dztwie dolno\u015bl\u0105skim, mie\u015bcie Jelenia G\u00f3ra, obr\u0119b Cieplice II, AM 5 w\u00a0Podstrefie Jelenia G\u00f3ra Kamiennog\u00f3rskiej Specjalnej Strefy Ekonomicznej Ma\u0142ej Przedsi\u0119biorczo\u015bci, <strong>b\u0119d\u0105ca w\u0142asno\u015bci\u0105 Gminy Jelenia G\u00f3ra, <\/strong>obci\u0105\u017cona rowem melioracyjnym na obrze\u017cu dzia\u0142ki przy kt\u00f3rym ro\u015bnie kilka m\u0142odych drzewek bez grubizny u\u017cytkowej, dla kt\u00f3rej ustalono cen\u0119 <strong>269\u00a0200,00\u00a0PLN netto<\/strong> (s\u0142ownie: dwie\u015bcie sze\u015b\u0107dziesi\u0105t dziewi\u0119\u0107 tysi\u0119cy dwie\u015bcie z\u0142otych)<\/p>\n<p><strong>kt\u00f3re b\u0119d\u0105 sprzedawane \u0142\u0105cznie jako ca\u0142o\u015b\u0107 gospodarcza,<\/strong> na kt\u00f3rej prowadzona b\u0119dzie dzia\u0142alno\u015b\u0107 gospodarcza w\u00a0oparciu o Zezwolenie. Cen\u0119 wywo\u0142awcz\u0105 Nieruchomo\u015bci (sk\u0142adaj\u0105cej si\u0119 z dzia\u0142ek nr 52\/3 i\u00a048\/3) okre\u015blono na kwot\u0119 <strong>538.400,00 PLN<\/strong> (s\u0142ownie: pi\u0119\u0107set trzydzie\u015bci osiem tysi\u0119cy czterysta z\u0142otych). Podana cena jest cen\u0105 netto, do kt\u00f3rej nale\u017cy doliczy\u0107 22% VAT.<\/p>\n<p><strong>\u00a0\u00a0\u00a0\u00a0\u00a0\u00a0 Minimalne post\u0105pienie wynosi: <\/strong>1% ceny wywo\u0142awczej nieruchomo\u015bci w zaokr\u0105gleniu do pe\u0142nych z\u0142otych tj. 5.384,00 z\u0142.<\/p>\n<p>Prawo w\u0142asno\u015bci b\u0119dzie zbywane w drodze przetargu zgodnie z ustaw\u0105 z dnia 21.08.1997 r. o gospodarce nieruchomo\u015bciami (t.j. Dz.U. z 2010 r. Nr 102 pz.651 z p\u00f3\u017an.zm.).<\/p>\n<p><strong>\u00a0\u00a0\u00a0\u00a0\u00a0\u00a0 <\/strong>Prawo w\u0142asno\u015bci Nieruchomo\u015bci jest wolne od wszelkich obci\u0105\u017ce\u0144 i zobowi\u0105za\u0144 na rzecz os\u00f3b trzecich.<\/p>\n<p>W przypadku, gdy przebiegaj\u0105ce sieci i urz\u0105dzenia wyst\u0119puj\u0105ce na nieruchomo\u015bci koliduj\u0105 z realizacj\u0105 zamierzonej inwestycji, nabywca zobowi\u0105zany jest do ich prze\u0142o\u017cenia w\u0142asnym kosztem i staraniem w\u00a0uzgodnieniu z jednostkami bran\u017cowymi i\u00a0w\u0142a\u015bcicielami sieci.<\/p>\n<p><strong>3.\u00a0\u00a0\u00a0\u00a0\u00a0<\/strong>Warunkiem udzia\u0142u w przetargu jest<\/p>\n<p><strong>\u00a0\u00a0\u00a0\u00a0\u00a0\u00a0\u00a0 &#8211;<\/strong> wykupienie od Specjalnej Strefy Ekonomicznej Specyfikacji istotnych warunk\u00f3w przetargu \u0142\u0105cznego (Specyfikacji)<\/p>\n<p><strong>\u00a0\u00a0\u00a0\u00a0\u00a0\u00a0\u00a0 &#8211;<\/strong> wp\u0142acenie wadium<\/p>\n<p><strong>\u00a0\u00a0\u00a0\u00a0\u00a0\u00a0\u00a0 &#8211;<\/strong> z\u0142o\u017cenie pisemnej oferty wraz z warunkami planowanego na terenie strefy przedsi\u0119wzi\u0119cia<\/p>\n<p><strong>4.\u00a0\u00a0\u00a0\u00a0\u00a0<\/strong>Wadium w pieni\u0105dzu wynosi 10 % ceny wywo\u0142awczej netto Nieruchomo\u015bci tj. <strong>53\u00a0840,00 PLN <\/strong>(s\u0142ownie: pi\u0119\u0107dziesi\u0105t trzy tysi\u0105ce osiemset czterdzie\u015bci z\u0142otych) i\u00a0p\u0142atne jest do dnia <strong>12 pa\u017adziernika 2010<\/strong><strong> r.<\/strong> na rachunek bankowy Specjalnej Strefy Ekonomicznej Ma\u0142ej Przedsi\u0119biorczo\u015bci. Szczeg\u00f3\u0142y na temat wysoko\u015bci, formy i\u00a0termin wnoszenia wadium oraz przes\u0142anki jego przepadku okre\u015bla \u201eSpecyfikacja Istotnych Warunk\u00f3w Przetargu \u0141\u0105cznego\u201d.<\/p>\n<p><strong>5.<\/strong>\u00a0 Specyfikacj\u0119, kt\u00f3ra zawiera szczeg\u00f3\u0142owe warunki przetargu mo\u017cna otrzyma\u0107 codziennie \u2013 opr\u00f3cz sob\u00f3t, niedziel i\u00a0\u015bwi\u0105t \u2013 w\u00a0godzinach <strong>8<sup>00 <\/sup><\/strong>\u2013 <strong>15<sup>30<\/sup><\/strong> w siedzibie Specjalnej Strefy Ekonomicznej Ma\u0142ej Przedsi\u0119biorczo\u015bci S.A. w Kamiennej G\u00f3rze, po wp\u0142aceniu kwoty <strong>10.000,00 <\/strong>z\u0142 (s\u0142ownie: dziesi\u0119\u0107 tysi\u0119cy z\u0142otych) netto plus 22% VAT \u2013 na rachunek bankowy Specjalnej Strefy Ekonomicznej Ma\u0142ej Przedsi\u0119biorczo\u015bci <strong>nr\u00a002 1090 1942 0000 0005 1800 9564 w BZ WBK S.A<\/strong>. O\/Kamienna G\u00f3ra. Nie przewiduje si\u0119 dodatkowych warunk\u00f3w przetargu, poza opisanymi w niniejszym zaproszeniu i\u00a0w\u00a0Specyfikacji.<\/p>\n<p><strong>6.<\/strong> Dnia 16 grudnia 2003 roku Uchwa\u0142\u0105 Nr 162\/XVI\/2003 Rady Miejskiej Jeleniej G\u00f3ra uchwalony zosta\u0142 miejscowy plan zagospodarowania przestrzennego rejonu ulic Sp\u00f3\u0142dzielcza \u2013 Luba\u0144ska obejmuj\u0105cy przedmiotow\u0105 Nieruchomo\u015b\u0107. Zgodnie z\u00a0planem teren ten oznaczony jest symbolem <strong>P, DG <\/strong>\u2013 okre\u015blanym jako przemys\u0142 i\u00a0dzia\u0142alno\u015b\u0107 gospodarcza.<\/p>\n<p><strong>\u00a07.\u00a0\u00a0<\/strong>Oferty i przedstawione w nich przedsi\u0119wzi\u0119cia gospodarcze podlegaj\u0105 ocenie w oparciu o kryteria zawarte w\u00a0\u201eSpecyfikacji Istotnych Warunk\u00f3w Przetargu \u0141\u0105cznego\u201d i\u00a0rozporz\u0105dzeniu Ministra Gospodarki i Pracy z dnia 15.11.2004 r. w sprawie przetarg\u00f3w i rokowa\u0144 oraz kryteri\u00f3w oceny zamierze\u0144, co do przedsi\u0119wzi\u0119\u0107 gospodarczych, kt\u00f3re maj\u0105 by\u0107 podj\u0119te przez przedsi\u0119biorc\u00f3w na terenie Kamiennog\u00f3rskiej Specjalnej Strefy Ekonomicznej Ma\u0142ej Przedsi\u0119biorczo\u015bci (Dz.U. Nr 254, poz.2539 z p\u00f3\u017an. zmianami).<\/p>\n<p><strong>8. \u00a0<\/strong>Oferty pisemne nale\u017cy sk\u0142ada\u0107 w zamkni\u0119tych kopertach w siedzibie Specjalnej Strefy Ekonomicznej Ma\u0142ej Przedsi\u0119biorczo\u015bci S.A. (w\u00a0Sekretariacie) w\u00a0terminie do <strong>dnia 12 pa\u017adziernika 2010 r.<\/strong> do godz. <strong>15<sup>00<\/sup><\/strong>. Spos\u00f3b przygotowania oferty okre\u015bla Specyfikacja.<\/p>\n<p><strong>9. <\/strong>Otwarcie ofert nast\u0105pi w siedzibie Specjalnej Strefy Ekonomicznej Ma\u0142ej Przedsi\u0119biorczo\u015bci w dniu<\/p>\n<p><strong>18 pa\u017adziernika 2010 r. o godz. 12.00<\/strong>.<\/p>\n<p><strong>10.\u00a0 <\/strong>W przypadku uchylenia si\u0119 przez przedsi\u0119biorc\u0119 wy\u0142onionego w trakcie przetargu od zawarcia umowy sprzeda\u017cy, wadium nie podlega zwrotowi.<\/p>\n<p><strong>11.\u00a0 <\/strong>Zarz\u0105dzaj\u0105cy Kamiennog\u00f3rsk\u0105 Specjaln\u0105 Stref\u0105 Ekonomiczn\u0105 Ma\u0142ej Przedsi\u0119biorczo\u015bci lub Prezydent Miasta Jelenia G\u00f3ra mog\u0105 zamkn\u0105\u0107 przetarg bez wybrania kt\u00f3rejkolwiek z ofert lub odwo\u0142a\u0107 og\u0142oszony przetarg jedynie z wa\u017cnych powod\u00f3w. W takim przypadku stosowna informacja zostanie podana do publicznej wiadomo\u015bci ze wskazaniem przyczyny odwo\u0142ania przetargu. W takim przypadku wadium podlega zwrotowi.<\/p>\n<p><strong>12<\/strong>. Zarz\u0105dzaj\u0105cy Kamiennog\u00f3rsk\u0105 Specjaln\u0105 Stref\u0105 Ekonomiczn\u0105 Ma\u0142ej Przedsi\u0119biorczo\u015bci mo\u017ce uniewa\u017cni\u0107 przetarg w\u00a0przypadku, gdy wyst\u0105pi istotna zmiana okoliczno\u015bci powoduj\u0105ca, \u017ce prowadzenie post\u0119powania nie le\u017cy w\u00a0interesie publicznym, czego nie mo\u017cna by\u0142o wcze\u015bniej przewidzie\u0107 lub\/i gdy post\u0119powanie obarczone b\u0119dzie wad\u0105 uniemo\u017cliwiaj\u0105c\u0105 wydanie Zezwolenia lub zawarcie wa\u017cnej umowy sprzeda\u017cy Nieruchomo\u015bci. O\u00a0uniewa\u017cnieniu post\u0119powania Zarz\u0105dzaj\u0105cy zawiadomi pisemnie r\u00f3wnocze\u015bnie wszystkich oferent\u00f3w podaj\u0105c uzasadnienie faktyczne i prawne.<\/p>\n<p><strong>13.\u00a0 <\/strong>W odniesieniu do Nieruchomo\u015bci prawo pierwokupu w zakresie prawa w\u0142asno\u015bci przys\u0142uguje: Specjalnej Strefie Ekonomicznej Ma\u0142ej Przedsi\u0119biorczo\u015bci\u2013 zgodnie z art. 8 ust. 2 ustawy z dnia 20 pa\u017adziernika 1994r. o specjalnych strefach ekonomicznych (tekst jednolity z 2007r. Dz. U. Nr 42, poz. 274 z p\u00f3\u017an. zm.). Prawo pierwokupu mo\u017ce by\u0107 wykonane w terminie jednego miesi\u0105ca od daty zawiadomienia o zawarciu warunkowej umowy sprzeda\u017cy prawa w\u0142asno\u015bci Nieruchomo\u015bci.<\/p>\n<p><strong>14.\u00a0 <\/strong>W <strong>6-tygodniowym <\/strong>terminie wyznaczonym obwieszczeniem Prezydenta Miasta Jeleniej G\u00f3ry w\u00a0sprawie ustalenia wykazu nieruchomo\u015bci przeznaczonych do zbycia, kt\u00f3re to obj\u0119te s\u0105 niniejszym og\u0142oszeniem, nie wp\u0142yn\u0119\u0142y \u017cadne wnioski od os\u00f3b, kt\u00f3rym przys\u0142uguje pierwsze\u0144stwo w nabyciu Nieruchomo\u015bci na podstawie art. 34 ust. 1 pkt 1 i 2 ustawy o gospodarce nieruchomo\u015bciami (tekst jednolity 2010 r. Dz. U. Nr 102, poz. 651 ze zmianami).<\/p>\n<p><strong>15.\u00a0 <\/strong>Nabywca nieruchomo\u015bci gruntowej zobowi\u0105zany jest do jej zabudowy <strong>w terminie 3 lat, <\/strong>co oznacza wybudowanie budynku w stanie surowym zamkni\u0119tym. Termin ten biegnie od dnia sprzeda\u017cy gruntu (akt notarialny) i obowi\u0105zuje tak\u017ce nast\u0119pc\u00f3w prawnych. Po wybudowaniu budynku zgodnie z przeznaczeniem, nabywca zobowi\u0105zany jest do jego zg\u0142oszenia do u\u017cytkowania we w\u0142a\u015bciwym Urz\u0119dzie.<\/p>\n<p><strong>\u00a0\u00a0\u00a0\u00a0\u00a0\u00a0\u00a0 W\u00a0 razie niedotrzymania wy\u017cej okre\u015blonego terminu zabudowy gruntu nabywca zobowi\u0105zany jest do zap\u0142aty kar umownych w wysoko\u015bci: 10% ceny nabycia nieruchomo\u015bci gruntowej w pierwszym roku po bezskutecznym up\u0142ywie terminu jej zagospodarowania, a za ka\u017cdy nast\u0119pny rok o\u00a0dalsze 10% tej ceny. Zap\u0142ata kar umownych zabezpieczona zostanie poprzez ustanowienie na nieruchomo\u015bci hipoteki kaucyjnej lub wp\u0142at\u0119 kaucji w wysoko\u015bci 20% tej ceny.<\/strong><\/p>\n<p><strong>\u00a0\u00a0\u00a0\u00a0\u00a0\u00a0\u00a0 <\/strong>W celu zabezpieczenia roszcze\u0144 Gminy Jelenia G\u00f3ra, kt\u00f3re mog\u0105 powsta\u0107 z tytu\u0142u niezap\u0142acenia kary umownej (dotyczy hipoteki kaucyjnej), nabywca poddaje si\u0119 rygorom egzekucji na podstawie <strong>art.777 \u00a7 1 pkt.5 k.p.c. <\/strong>do kwoty <strong>20% <\/strong>ceny nieruchomo\u015bci na rzecz Gminy Jelenia G\u00f3ra.<\/p>\n<p>W przypadku <strong>wyboru wp\u0142aty kaucji <\/strong>jako formy zabezpieczenia terminu realizacji zagospodarowania nieruchomo\u015bci; w\u00a0pierwszym roku po bezskutecznym up\u0142ywie terminu jej zagospodarowania <strong>nast\u0119puje przepadek 50% kwoty kaucji na rzecz Miasta (co stanowi 10% ceny nabycia nieruchomo\u015bci) <\/strong>a w drugim roku kolejne <strong>50 % kwoty kaucji.<\/strong><\/p>\n<p><strong>Za ka\u017cdy nast\u0119pny rok op\u00f3\u017anienia w zagospodarowaniu nieruchomo\u015bci kara zostaje zwi\u0119kszona o kolejne 10% ceny nabycia nieruchomo\u015bci.<\/strong><\/p>\n<p><strong>\u00a0\u00a0\u00a0\u00a0\u00a0\u00a0\u00a0 Zwrot kaucji nast\u0105pi po zako\u0144czeniu zabudowy w przypadku dotrzymania wyznaczonego terminu zabudowy nieruchomo\u015bci.<\/strong><\/p>\n<p><strong>16<\/strong>.\u00a0 Przed przyst\u0105pieniem do przetargu uczestnik zobowi\u0105zany jest zapozna\u0107 si\u0119 z przedmiotem przetargu.<\/p>\n<p><strong>17.\u00a0 <\/strong>Nabywca przejmuje nieruchomo\u015b\u0107 w stanie istniej\u0105cym.<\/p>\n<p><strong>18.\u00a0 <\/strong>Cena dzia\u0142ki nie zawiera wznowienia znak\u00f3w granicznych. W przypadku ewentualnej potrzeby okazania granic nabywca ustali warunki tego okazania z wybranym przez siebie geodet\u0105. Okazanie granic nast\u0105pi na koszt <strong>nabywcy.<\/strong><\/p>\n<p><strong>19.\u00a0 <\/strong>The content of the following invitation in English version has been published on the website of the Special Economic Zone\u00a0\u00a0 for Medium Business PLC. (SSEMP S.A.).: <a href=\"https:\/\/old-ssemp.sowiak.dev\/\">www.ssemp.pl<\/a><\/p>\n","protected":false},"excerpt":{"rendered":"<p>Og\u0142oszenie Specjalna Strefa Ekonomiczna Ma\u0142ej Przedsi\u0119biorczo\u015bci S.A. z siedzib\u0105 w Kamiennej G\u00f3rze 58-400 Kamienna G\u00f3ra, ul. Papie\u017ca Jana Paw\u0142a II 11 a tel.: (+48 75) 645 15 03, fax: (+48 75) 744 20 17 \u00a0jako Zarz\u0105dzaj\u0105cy Specjaln\u0105 Stref\u0105 Ekonomiczn\u0105 Ma\u0142ej Przedsi\u0119biorczo\u015bci S.A. w Kamiennej G\u00f3rze oraz dzia\u0142aj\u0105c na zlecenie Miasta Jelenia G\u00f3ra oraz na podstawie [&hellip;]<\/p>\n","protected":false},"author":1,"featured_media":0,"parent":0,"menu_order":0,"comment_status":"closed","ping_status":"closed","template":"","meta":{"footnotes":""},"class_list":["post-9845","page","type-page","status-publish","hentry"],"_links":{"self":[{"href":"https:\/\/old-ssemp.sowiak.dev\/index.php?rest_route=\/wp\/v2\/pages\/9845","targetHints":{"allow":["GET"]}}],"collection":[{"href":"https:\/\/old-ssemp.sowiak.dev\/index.php?rest_route=\/wp\/v2\/pages"}],"about":[{"href":"https:\/\/old-ssemp.sowiak.dev\/index.php?rest_route=\/wp\/v2\/types\/page"}],"author":[{"embeddable":true,"href":"https:\/\/old-ssemp.sowiak.dev\/index.php?rest_route=\/wp\/v2\/users\/1"}],"replies":[{"embeddable":true,"href":"https:\/\/old-ssemp.sowiak.dev\/index.php?rest_route=%2Fwp%2Fv2%2Fcomments&post=9845"}],"version-history":[{"count":1,"href":"https:\/\/old-ssemp.sowiak.dev\/index.php?rest_route=\/wp\/v2\/pages\/9845\/revisions"}],"predecessor-version":[{"id":9855,"href":"https:\/\/old-ssemp.sowiak.dev\/index.php?rest_route=\/wp\/v2\/pages\/9845\/revisions\/9855"}],"wp:attachment":[{"href":"https:\/\/old-ssemp.sowiak.dev\/index.php?rest_route=%2Fwp%2Fv2%2Fmedia&parent=9845"}],"curies":[{"name":"wp","href":"https:\/\/api.w.org\/{rel}","templated":true}]}}