{"id":9843,"date":"2016-05-19T17:21:26","date_gmt":"2016-05-19T15:21:26","guid":{"rendered":"http:\/\/ssemp.pl\/wordpress\/?page_id=9843"},"modified":"2016-05-19T17:21:27","modified_gmt":"2016-05-19T15:21:27","slug":"luban-dzialka-20-pl","status":"publish","type":"page","link":"https:\/\/old-ssemp.sowiak.dev\/?page_id=9843","title":{"rendered":"Luba\u0144 (dzia\u0142ka 20) &#8211; [PL]"},"content":{"rendered":"<p align=\"center\"><strong>SPECJALNA STREFA EKONOMICZNA<\/strong><strong><br \/>\nMA\u0141EJ PRZEDSI\u0118BIORCZO\u015aCI S.A<br \/>\nW KAMIENNEJ G\u00d3RZE<\/strong><br \/>\n58-400 Kamienna G\u00f3ra, ul. Papie\u017ca Jana Paw\u0142a II 11 A<br \/>\ntel. 075\u00a0 645 15 03, fax 075 \u00a0744 20 17<br \/>\nwww.ssemp.pl<strong><br \/>\njako zarz\u0105dzaj\u0105cy<\/strong> <strong>Kamiennog\u00f3rsk\u0105 Specjaln\u0105 Stref\u0105 Ekonomiczn\u0105 Ma\u0142ej Przedsi\u0119biorczo\u015bci oraz <\/strong><strong>dzia\u0142aj\u0105c na zlecenie Miasta Luba\u0144<\/strong><\/p>\n<p>na podstawie Rozporz\u0105dzenia Ministra Gospodarki i Pracy z dnia 15.11.2004 r. w sprawie przetarg\u00f3w i\u00a0rokowa\u0144 oraz kryteri\u00f3w oceny zamierze\u0144 co do przedsi\u0119wzi\u0119\u0107 gospodarczych, kt\u00f3re maj\u0105 by\u0107 podj\u0119te przez przedsi\u0119biorc\u00f3w na terenie Kamiennog\u00f3rskiej Specjalnej Strefy Ekonomicznej Ma\u0142ej Przedsi\u0119biorczo\u015bci (Dz.U. Nr 254, poz.2539), Rozporz\u0105dzenia Ministra Gospodarki z dnia 2 lipca 2009 r. w sprawie powierzenia Specjalnej Strefie Ekonomicznej Ma\u0142ej Przedsi\u0119biorczo\u015bci S.A. udzielania zezwole\u0144 na prowadzenie dzia\u0142alno\u015bci gospodarczej na terenie Kamiennog\u00f3rskiej Specjalnej Strefy Ekonomicznej Ma\u0142ej Przedsi\u0119biorczo\u015bci oraz wykonywania kontroli realizacji warunk\u00f3w zezwolenia oraz na podstawie Koncepcji rozwoju specjalnych stref ekonomicznych, dokumentu przyj\u0119tego przez Rad\u0119 Ministr\u00f3w dnia 27 stycznia 2009 r. (dokument dost\u0119pny na <a href=\"https:\/\/old-ssemp.sowiak.dev\/\">www.ssemp.pl<\/a>, zak\u0142adka &#8211; Akty prawne)<\/p>\n<p>&nbsp;<\/p>\n<p align=\"center\"><strong>zaprasza do przetargu \u0142\u0105cznego<\/strong><\/p>\n<p>maj\u0105cego na celu ustalenie przedsi\u0119biorcy, kt\u00f3ry uzyska zezwolenie na prowadzenie dzia\u0142alno\u015bci gospodarczej na terenie Kamiennog\u00f3rskiej Specjalnej Strefy Ekonomicznej Ma\u0142ej Przedsi\u0119biorczo\u015bci i\u00a0nab\u0119dzie prawo w\u0142asno\u015bci nieruchomo\u015bci, b\u0119d\u0105cej przedmiotem przetargu, po\u0142o\u017conej w miejscowo\u015bci Luba\u0144, na obszarze Kamiennog\u00f3rskiej Specjalnej Strefy Ekonomicznej Ma\u0142ej Przedsi\u0119biorczo\u015bci, na kt\u00f3rej b\u0119dzie prowadzona dzia\u0142alno\u015b\u0107 gospodarcza obj\u0119ta zezwoleniem.<\/p>\n<p>1. W sk\u0142ad mienia obj\u0119tego przetargiem wchodzi nieruchomo\u015b\u0107 niezabudowana o\u00a0powierzchni<strong> 16 469 m<sup>2<\/sup>, <\/strong>po\u0142o\u017cona w\u00a0wojew\u00f3dztwie dolno\u015bl\u0105skim, powiecie luba\u0144skim, miejscowo\u015bci Luba\u0144, obr\u0119b geodezyjny I, AM 7, w\u00a0Podstrefie Luba\u0144 &#8211; Kamiennog\u00f3rskiej Specjalnej Strefy Ekonomicznej Ma\u0142ej Przedsi\u0119biorczo\u015bci, sk\u0142adaj\u0105ca si\u0119 z \u00a0dzia\u0142ki gruntu <strong>Nr 20 <\/strong>dla kt\u00f3rej S\u0105d Rejonowy w Lubaniu prowadzi ksi\u0119g\u0119 wieczyst\u0105\u00a0 KW 18707. Nieruchomo\u015b\u0107 jest w\u0142asno\u015bci\u0105 Gminy Miejskiej Luba\u0144. Nieruchomo\u015b\u0107 nie posiada wykonanych przy\u0142\u0105czy uzbrojenia w infrastruktur\u0119 techniczn\u0105, ale posiada mo\u017cliwo\u015b\u0107 uzbrojenia w sie\u0107 energii elektrycznej, gazowej, wodnej, kanalizacyjnej.\u00a0Nieruchomo\u015b\u0107 zlokalizowana jest przy drodze wyjazdowej w kierunku Nowogrod\u017aca i\u00a0Boles\u0142awca. Zgodnie ze\u00a0studium uwarunkowa\u0144 i kierunk\u00f3w zagospodarowania przestrzennego miasta Luba\u0144 nieruchomo\u015b\u0107 po\u0142o\u017cona jest na terenach przemys\u0142u, us\u0142ug komercyjnych. Nieruchomo\u015b\u0107 jest wolna od obci\u0105\u017ce\u0144 i zobowi\u0105za\u0144 na rzecz os\u00f3b trzecich.<\/p>\n<p>2. Cena wywo\u0142awcza Nieruchomo\u015bci okre\u015blona zosta\u0142a na kwot\u0119 <strong>274.500,00 z\u0142otych<\/strong> (s\u0142ownie: dwie\u015bcie siedemdziesi\u0105t cztery tysi\u0105ce \u00a0pi\u0119\u0107set z\u0142otych). Podana cena jest cen\u0105 netto. (Cena netto uzyskana w przetargu podlega opodatkowaniu VAT wg przepis\u00f3w obowi\u0105zuj\u0105cych.)<\/p>\n<p><strong>Minimalne post\u0105pienie wynosi: <\/strong>1% ceny wywo\u0142awczej nieruchomo\u015bci w zaokr\u0105gleniu do pe\u0142nych z\u0142otych tj. <strong>2.745,00 z\u0142.<\/strong><\/p>\n<p>3.\u00a0Warunkiem udzia\u0142u w przetargu\u00a0 jest:<\/p>\n<p>&#8211;\u00a0\u00a0\u00a0\u00a0\u00a0\u00a0\u00a0\u00a0\u00a0 wykupienie\u00a0 od SSEMP. S.A Specyfikacji Istotnych Warunk\u00f3w Przetargu,<\/p>\n<p>&#8211;\u00a0\u00a0\u00a0\u00a0\u00a0\u00a0\u00a0\u00a0\u00a0 wp\u0142acenie wadium,<\/p>\n<p>&#8211; \u00a0\u00a0\u00a0\u00a0z\u0142o\u017cenie pisemnej oferty wraz z warunkami planowanego na terenie strefy przedsi\u0119wzi\u0119cia<\/p>\n<p>4. Wadium w pieni\u0105dzu wynosi 10 % ceny wywo\u0142awczej netto Nieruchomo\u015bci tj<strong>. 27.450,00 PLN<\/strong> (s\u0142ownie: dwadzie\u015bcia siedem tysi\u0119cy czterysta pi\u0119\u0107dziesi\u0105t z\u0142otych) i p\u0142atne jest do dnia <strong>12 lipca 2010 r.<\/strong> na rachunek bankowy Specjalnej Strefy Ekonomicznej Ma\u0142ej Przedsi\u0119biorczo\u015bci S.A. Szczeg\u00f3\u0142y na temat wysoko\u015bci, formy i\u00a0termin wnoszenia wadium oraz przes\u0142anki jego przepadku okre\u015bla \u201eSpecyfikacja Istotnych Warunk\u00f3w Przetargu \u0141\u0105cznego\u201d.<\/p>\n<p>5. Specyfikacj\u0119 Istotnych Warunk\u00f3w Przetargu \u0141\u0105cznego mo\u017cna otrzyma\u0107 codziennie, opr\u00f3cz sob\u00f3t i\u00a0niedziel, w\u00a0godz. 8. 00 \u2013 15. 30, w siedzibie Sp\u00f3\u0142ki, po okazaniu dowodu wp\u0142aty kwoty 10.000,00 z\u0142otych netto plus 22% VAT (s\u0142ownie: dziesi\u0119\u0107 tysi\u0119cy z\u0142otych i 00\/100) na rachunek bankowy Specjalnej Strefy Ekonomicznej Ma\u0142ej Przedsi\u0119biorczo\u015bci S.A. w BZ WBK S.A, numer rachunku\u00a0 02 1090 1942 0000 0005 1800 9564.<\/p>\n<p>6. Oferty powinny zawiera\u0107 wszystkie elementy wymienione w &#8222;Specyfikacji Istotnych Warunk\u00f3w Przetargu \u0141\u0105cznego\u201d.<\/p>\n<p>7.Oferty i przedstawione w nich przedsi\u0119wzi\u0119cia gospodarcze podlegaj\u0105 ocenie w oparciu o kryteria zawarte w\u00a0\u201eSpecyfikacji Istotnych Warunk\u00f3w Przetargu \u0141\u0105cznego\u201d i\u00a0Rozporz\u0105dzeniu Ministra Gospodarki i Pracy z dnia 15.11.2004 r. w sprawie przetarg\u00f3w i rokowa\u0144 oraz kryteri\u00f3w oceny zamierze\u0144, co do przedsi\u0119wzi\u0119\u0107 gospodarczych, kt\u00f3re maj\u0105 by\u0107 podj\u0119te przez przedsi\u0119biorc\u00f3w na terenie Kamiennog\u00f3rskiej Specjalnej Strefy Ekonomicznej Ma\u0142ej Przedsi\u0119biorczo\u015bci (Dz.U. Nr 254, poz.2539) oraz Koncepcji rozwoju specjalnych stref ekonomicznych, dokumentu przyj\u0119tego przez Rad\u0119 Ministr\u00f3w dnia 27 stycznia 2009 r.<\/p>\n<p>8. Oferty nale\u017cy sk\u0142ada\u0107 w trwale zamkni\u0119tej kopercie w siedzibie Specjalnej Strefy Ekonomicznej Ma\u0142ej Przedsi\u0119biorczo\u015bci S.A. ul. Papie\u017ca Jana Paw\u0142a II 11 A (w sekretariacie) codzienne opr\u00f3cz sob\u00f3t i\u00a0niedziel w\u00a0godz. od 8.00\u00a0do\u00a015.30. Ostateczny termin z\u0142o\u017cenia oferty up\u0142ywa w\u00a0dniu <strong>\u00a012 lipca 2010<\/strong>r. o\u00a0godz. <strong>15.00. <\/strong><\/p>\n<p>9.\u00a0Komisyjne otwarcie ofert nast\u0105pi w siedzibie Specjalnej Strefy Ekonomicznej Ma\u0142ej Przedsi\u0119biorczo\u015bci S.A. w\u00a0dniu <strong>16 lipca 2010r. o godz. 12.00<\/strong>.<\/p>\n<p>10.Informacji na temat przetargu \u0142\u0105cznego oraz \u201eSpecyfikacji Istotnych Warunk\u00f3w Przetargu \u0141\u0105cznego\u201d, udziela si\u0119 w siedzibie Specjalnej Strefy Ekonomicznej Ma\u0142ej Przedsi\u0119biorczo\u015bci S.A. w\u00a0Kamiennej G\u00f3rze lub telefonicznie pod numerem 75 645 15 03.<\/p>\n<p>11. Specjalna Strefa Ekonomiczna Ma\u0142ej Przedsi\u0119biorczo\u015bci S.A. zastrzega sobie prawo odst\u0105pienia od przetargu, gdy wyst\u0105pi istotna zmiana okoliczno\u015bci powoduj\u0105ca, \u017ce prowadzenie post\u0119powania nie le\u017cy w\u00a0interesie publicznym, czego nie mo\u017cna by\u0142o wcze\u015bniej przewidzie\u0107 lub\/i gdy post\u0119powanie obarczone jest wad\u0105 uniemo\u017cliwiaj\u0105c\u0105 wydanie zezwolenia. O uniewa\u017cnieniu post\u0119powania SSEMP S.A. powiadomi pisemnie r\u00f3wnocze\u015bnie wszystkich oferent\u00f3w, podaj\u0105c uzasadnienie faktyczne i\u00a0prawne.<\/p>\n<p>12. Zarz\u0105dzaj\u0105cy Kamiennog\u00f3rsk\u0105 Specjaln\u0105 Stref\u0105 Ekonomiczn\u0105 Ma\u0142ej Przedsi\u0119biorczo\u015bci lub Burmistrz Miasta Luba\u0144 mog\u0105 zamkn\u0105\u0107 przetarg bez wybrania kt\u00f3rejkolwiek z ofert lub odwo\u0142a\u0107 og\u0142oszony przetarg jedynie z\u00a0wa\u017cnych powod\u00f3w. W takim przypadku stosowna informacja zostanie podana do publicznej wiadomo\u015bci ze wskazaniem przyczyny odwo\u0142ania przetargu. W takim przypadku wadium podlega zwrotowi.<\/p>\n<p><strong>13. <\/strong>W odniesieniu do Nieruchomo\u015bci prawo pierwokupu w zakresie prawa w\u0142asno\u015bci przys\u0142uguje: Specjalnej Strefie Ekonomicznej Ma\u0142ej Przedsi\u0119biorczo\u015bci S.A.\u2013 zgodnie z art. 8 ust. 2 ustawy z dnia 20 pa\u017adziernika 1994r. o specjalnych strefach ekonomicznych (tekst jednolity z 2007r. Dz. U. Nr 42, poz. 274). Prawo pierwokupu mo\u017ce by\u0107 wykonane w terminie jednego miesi\u0105ca od daty zawiadomienia o zawarciu warunkowej umowy sprzeda\u017cy prawa w\u0142asno\u015bci Nieruchomo\u015bci.<\/p>\n<p><strong>14. <\/strong>W <strong>6-tygodniowym <\/strong>terminie wyznaczonym obwieszczeniem Burmistrza Miasta Lubania w\u00a0sprawie ustalenia wykazu nieruchomo\u015bci przeznaczonych do zbycia, kt\u00f3re to obj\u0119te s\u0105 niniejszym og\u0142oszeniem, nie wp\u0142yn\u0119\u0142y \u017cadne wnioski od os\u00f3b, kt\u00f3rym przys\u0142uguje pierwsze\u0144stwo w nabyciu Nieruchomo\u015bci na podstawie art. 34 ust. 1 pkt 1 i 2 ustawy o gospodarce nieruchomo\u015bciami (tekst jednolity 2004 r. Dz. U. Nr 261, poz. 2603 ze zmianami).<\/p>\n<p><strong>15<\/strong>. Przed przyst\u0105pieniem do przetargu uczestnik zobowi\u0105zany jest zapozna\u0107 si\u0119 z przedmiotem przetargu.<\/p>\n<p><strong>16. <\/strong>Nabywca przejmuje nieruchomo\u015b\u0107 w stanie istniej\u0105cym.<\/p>\n<p><strong>17<\/strong>. The content of the following invitation in English version is published on the website of the SSEMP S.A. at: <a href=\"https:\/\/old-ssemp.sowiak.dev\/\">www.ssemp.pl<\/a><\/p>\n","protected":false},"excerpt":{"rendered":"<p>SPECJALNA STREFA EKONOMICZNA MA\u0141EJ PRZEDSI\u0118BIORCZO\u015aCI S.A W KAMIENNEJ G\u00d3RZE 58-400 Kamienna G\u00f3ra, ul. Papie\u017ca Jana Paw\u0142a II 11 A tel. 075\u00a0 645 15 03, fax 075 \u00a0744 20 17 www.ssemp.pl jako zarz\u0105dzaj\u0105cy Kamiennog\u00f3rsk\u0105 Specjaln\u0105 Stref\u0105 Ekonomiczn\u0105 Ma\u0142ej Przedsi\u0119biorczo\u015bci oraz dzia\u0142aj\u0105c na zlecenie Miasta Luba\u0144 na podstawie Rozporz\u0105dzenia Ministra Gospodarki i Pracy z dnia 15.11.2004 r. [&hellip;]<\/p>\n","protected":false},"author":1,"featured_media":0,"parent":0,"menu_order":0,"comment_status":"closed","ping_status":"closed","template":"","meta":{"footnotes":""},"class_list":["post-9843","page","type-page","status-publish","hentry"],"_links":{"self":[{"href":"https:\/\/old-ssemp.sowiak.dev\/index.php?rest_route=\/wp\/v2\/pages\/9843","targetHints":{"allow":["GET"]}}],"collection":[{"href":"https:\/\/old-ssemp.sowiak.dev\/index.php?rest_route=\/wp\/v2\/pages"}],"about":[{"href":"https:\/\/old-ssemp.sowiak.dev\/index.php?rest_route=\/wp\/v2\/types\/page"}],"author":[{"embeddable":true,"href":"https:\/\/old-ssemp.sowiak.dev\/index.php?rest_route=\/wp\/v2\/users\/1"}],"replies":[{"embeddable":true,"href":"https:\/\/old-ssemp.sowiak.dev\/index.php?rest_route=%2Fwp%2Fv2%2Fcomments&post=9843"}],"version-history":[{"count":1,"href":"https:\/\/old-ssemp.sowiak.dev\/index.php?rest_route=\/wp\/v2\/pages\/9843\/revisions"}],"predecessor-version":[{"id":9853,"href":"https:\/\/old-ssemp.sowiak.dev\/index.php?rest_route=\/wp\/v2\/pages\/9843\/revisions\/9853"}],"wp:attachment":[{"href":"https:\/\/old-ssemp.sowiak.dev\/index.php?rest_route=%2Fwp%2Fv2%2Fmedia&parent=9843"}],"curies":[{"name":"wp","href":"https:\/\/api.w.org\/{rel}","templated":true}]}}