{"id":9842,"date":"2016-05-19T17:21:07","date_gmt":"2016-05-19T15:21:07","guid":{"rendered":"http:\/\/ssemp.pl\/wordpress\/?page_id=9842"},"modified":"2016-05-19T17:21:07","modified_gmt":"2016-05-19T15:21:07","slug":"luban-dzialka-20-en","status":"publish","type":"page","link":"https:\/\/old-ssemp.sowiak.dev\/?page_id=9842","title":{"rendered":"Luba\u0144 (dzia\u0142ka 20) &#8211; [EN]"},"content":{"rendered":"<p align=\"center\"><strong>\u00a0SPECJALNA STREFA EKONOMICZNA<br \/>\nMA\u0141EJ PRZEDSI\u0118BIORCZO\u015aCI S.A.<br \/>\n(Special Economic Zone for Medium Business Inc)<br \/>\nIN KAMIENNA G\u00d3RA<br \/>\n58-400 Kamienna G\u00f3ra, ul. Papie\u017ca Jana Paw\u0142a II 11 A<br \/>\nphone. 75 \/ 645 15 03, fax 75 \/ 744 20 17<br \/>\ne-mail:strefa@ssemp.pl <a href=\"https:\/\/old-ssemp.sowiak.dev\/\">www.ssemp.pl<\/a><\/strong><\/p>\n<p>\u00a0as the managing company of Kamienna G\u00f3ra Special Economic Zone for Medium Business (Kamiennog\u00f3rska Specjalna Strefa Ekonomiczna Ma\u0142ej Przedsi\u0119biorczo\u015bci) and acting on the order of the Town Luba\u0144<\/p>\n<p>on the basis of the Decree of the Minister of Economy and Labour dated November 15th 2004 (Journal of Laws No. 254, item 2539) regarding tenders and negotiations as well as the intentions\u2019 evaluation criteria concerning business activities to be taken by entrepreneurs within the area of the Kamienna G\u00f3ra Special Economic Zone for Medium Business, on the basis of the Decree of the Minister of Economy dated July 2nd 2009 on entrusting the SSEMP S.A with granting permits for on economic activity and executing\u00a0 supervision over business activities\u00a0 in the Kamienna G\u00f3ra Special Economic Zone and on the basis of the Conception of development of special economic zones<\/p>\n<p align=\"center\"><strong>announces an INVITATION TO JOINT TENDER<\/strong><\/p>\n<p>aimed at selecting an entrepreneur who will receive the permission to conduct a business activity within the territory of the Special Economic Zone for Medium Business and will purchase the right of the ownership of the real estate, which is the subject to the tender procedure, located in the Kamienna G\u00f3ra Special Economic Zone for Medium Business, on which the business activity will be conducted.<\/p>\n<p>1. Tendered property comprises of the ownership rights to the <strong>16 469<strong> m sq.<\/strong><\/strong> landed property (free of structures) situated in the province of Lower Silesia in the town of Luba\u0144, area I, AM 7, in the Special Economic Sub-Zone for Medium Business and which is owned by the Commune of Luba\u0144 and comprises of plot <strong>No 20 <\/strong>for which the District Court in Luba\u0144 keeps the land register (Ksiega Wieczysta) No 18707). The plot is undeveloped and it has good road access. According to the study of conditions and directions of spatial development, the property is located in the area designated for\u00a0 industry \u2013production. The rights to the property are unencumbered and free of any rights and obligations In favour of any third parties.<\/p>\n<p>2. The calling price for the Property has been set at\u00a0<strong>274.500,00 PLN<\/strong>. This is a net price and the VAT\u00a0 should be added to it. <strong>Minimum for the tender bidding amounts to: <\/strong>1 percent over the calling price rounded up to a full zloty, i.e<strong>. PLN 2,745.00.<\/strong><\/p>\n<p>3. Taking part in the tender is conditioned by the following:<\/p>\n<p>&#8211; purchasing from the Special Economic Zone for Medium Business Inc the \u201cSpecification of the essential conditions of the joint tender\u201d,<\/p>\n<p>&#8211; paying the deposit,<\/p>\n<p>&#8211; making of a written offer containing conditions of the intended enterprise within the zone.<\/p>\n<p>4. The pecuniary value of the deposit amounts to 10 percent of the net calling price, i.e. <strong>PLN 27.450, 00 <\/strong>\u00a0and is payable not later than <strong>12 July 2010 <\/strong>to the bank account of Special Economic Zone for Medium Business.The details concerning the amount, the form, the term of the deposit payment as well as the circumstances of its forfeit are defined within the \u201cSpecification of the essential conditions of the joint tender\u201d<\/p>\n<p>5. The \u201cSpecification of the essential conditions of the joint tender\u201d can be obtained in the seat of \u00a0the Special Economic Zone every weekday from 8:00 a.m. to 3:30 p.m. after presenting the receipt of the amount of 10.000,00 PLN net plus 22% VAT (in words: ten thousand zlotys net) being paid into the account of SSEMP S.A. conducted in the Bank Zachodni WBK S.A , account no. 02 1090 1942 0000 0005 1800 9564.<\/p>\n<p>6. Offers should include all the elements mentioned in the \u201cSpecification of the essential conditions of the joint tender\u201d.<\/p>\n<p>7. The evaluation of the business enterprise presented in the offer will be conducted on the basis of the criteria in accordance with the \u201cSpecification of the essential conditions of the joint tender\u201d and the Decree of the Minister of Economy and Labour dated on the 15th November 2004 (Journal of Laws No. 254, item 2539)and the Conception of development of special economic zones.<\/p>\n<p>8. The written offers should be submitted in closed envelope at the seat of the Special Economic Zone for Medium Business (the secretary\u2019s office) in Kamienna G\u00f3ra, ul.Papie\u017ca Jana II 11 A, until the <strong>12.07.2010, till 3:00 p.m.<\/strong><\/p>\n<p>9. The offers will be opened by the committee in the seat of the Kamienna Gora on <strong>16.07.2010 at 12:00 a.m.<\/strong><\/p>\n<p>10. Information about the tender and the \u201cSpecification of the essential conditions of the joint tender\u201d are issued at the seat of the Special Economic Zone for Medium Business in Kamienna G\u00f3ra or under the following phone number\u00a0+48\u00a075\u00a0645\u00a015\u00a003<\/p>\n<p>11. The Special Economic Zone for Medium Business Inc. (SSEMP S.A.) may invalidate the negotiations in the event of a material change of circumstances resulting in that the continuation of the negotiations procedure is not in the public interest, which could not have been predicted earlier or\/and when the negotiations procedure has a defect which makes it impossible to issue the permission. The Special Economic Zone for Medium Business Inc. will inform all offerers at the same time, in writing, about invalidation of the procedure, giving the factual and legal reasons therefore.<\/p>\n<p>12. Either the Management of Kamienna Gora Special Economic Zone for Medium Business or the Mayor of the Town of \u00a0Luba\u0144 can cancel the tender not choosing any offers or declare the tender null and void in case of serious reasons to do so. In such a case an appropriate information will be issued to public giving the reason for the tender for having cancelled the tender. In such a case the deposit shall be returned.<\/p>\n<p>13.Regarding the Property, the pre-emption rights regarding the property ownership rights belongs to: Special Economic Zone for Medium Business \u2013 pursuant to article 8 section 2 of the law dated 20 October 1994 regarding the special economic zones (consolidated text of 2007 Journal of Laws No 42, position 274). The pre-emption rights can by only executed within one month from the day of notification regarding the preliminary sale \u2013 purchase agreement to the ownership rights to the Property.<\/p>\n<p>14. Within a <strong>6-week <\/strong>date established by the announcement made by the Mayor of the Town of Luba\u0144 regarding the list of the properties put on sale that pertain to the said announcement, no applications have been received from any person who has the pre-emption rights to purchase such a Property pursuant to article 34, section 1 point 1 and 2 of the law regarding the property management (consolidated text of 2004, Journal of Laws No 261, position 2603 with further amendments).<\/p>\n<p>15. Prior to the tender participant is obligated to get acquainted with the subject of the tender.<\/p>\n<p>16. The purchaser acquires the real estate as is.<\/p>\n<p>17. The content of the following invitation in Polish version is published on the website of the Special Economic Zone for Medium Business Inc. (SSEMP S.A.).: www.ssemp.pl<\/p>\n","protected":false},"excerpt":{"rendered":"<p>\u00a0SPECJALNA STREFA EKONOMICZNA MA\u0141EJ PRZEDSI\u0118BIORCZO\u015aCI S.A. (Special Economic Zone for Medium Business Inc) IN KAMIENNA G\u00d3RA 58-400 Kamienna G\u00f3ra, ul. Papie\u017ca Jana Paw\u0142a II 11 A phone. 75 \/ 645 15 03, fax 75 \/ 744 20 17 e-mail:strefa@ssemp.pl www.ssemp.pl \u00a0as the managing company of Kamienna G\u00f3ra Special Economic Zone for Medium Business (Kamiennog\u00f3rska Specjalna [&hellip;]<\/p>\n","protected":false},"author":1,"featured_media":0,"parent":0,"menu_order":0,"comment_status":"closed","ping_status":"closed","template":"","meta":{"footnotes":""},"class_list":["post-9842","page","type-page","status-publish","hentry"],"_links":{"self":[{"href":"https:\/\/old-ssemp.sowiak.dev\/index.php?rest_route=\/wp\/v2\/pages\/9842","targetHints":{"allow":["GET"]}}],"collection":[{"href":"https:\/\/old-ssemp.sowiak.dev\/index.php?rest_route=\/wp\/v2\/pages"}],"about":[{"href":"https:\/\/old-ssemp.sowiak.dev\/index.php?rest_route=\/wp\/v2\/types\/page"}],"author":[{"embeddable":true,"href":"https:\/\/old-ssemp.sowiak.dev\/index.php?rest_route=\/wp\/v2\/users\/1"}],"replies":[{"embeddable":true,"href":"https:\/\/old-ssemp.sowiak.dev\/index.php?rest_route=%2Fwp%2Fv2%2Fcomments&post=9842"}],"version-history":[{"count":1,"href":"https:\/\/old-ssemp.sowiak.dev\/index.php?rest_route=\/wp\/v2\/pages\/9842\/revisions"}],"predecessor-version":[{"id":9852,"href":"https:\/\/old-ssemp.sowiak.dev\/index.php?rest_route=\/wp\/v2\/pages\/9842\/revisions\/9852"}],"wp:attachment":[{"href":"https:\/\/old-ssemp.sowiak.dev\/index.php?rest_route=%2Fwp%2Fv2%2Fmedia&parent=9842"}],"curies":[{"name":"wp","href":"https:\/\/api.w.org\/{rel}","templated":true}]}}