{"id":9827,"date":"2016-05-19T17:17:51","date_gmt":"2016-05-19T15:17:51","guid":{"rendered":"http:\/\/ssemp.pl\/wordpress\/?page_id=9827"},"modified":"2016-05-19T17:17:51","modified_gmt":"2016-05-19T15:17:51","slug":"kamienna-gora-dzialki-1317-1318-1319-13113-pl","status":"publish","type":"page","link":"https:\/\/old-ssemp.sowiak.dev\/?page_id=9827","title":{"rendered":"Kamienna G\u00f3ra (dzia\u0142ki 131\/7, 131\/8, 131\/9, 131\/13) [PL]"},"content":{"rendered":"<p align=\"center\">SPECJALNA STREFA EKONOMICZNA<br \/>\nMA\u0141EJ PRZEDSI\u0118BIORCZO\u015aCI S.A.<br \/>\n(Special Economic Zone for Medium Business Inc)<br \/>\nIN KAMIENNA G\u00d3RA<br \/>\n58-400 Kamienna G\u00f3ra, ul. Papie\u017ca Jana Paw\u0142a II 11 A<br \/>\nphone. 75 \/ 645 15 03, fax 75 \/ 744 20 17<br \/>\ne-mail:strefa@ssemp.pl <a href=\"https:\/\/old-ssemp.sowiak.dev\/\">www.ssemp.pl<\/a><\/p>\n<p>\u00a0as the managing company of Kamienna G\u00f3ra Special Economic Zone for Medium Business (Kamiennog\u00f3rska Specjalna Strefa Ekonomiczna Ma\u0142ej Przedsi\u0119biorczo\u015bci)on the basis of the Decree of the Minister of Economy and Labour dated November 15th 2004 (Journal of Laws No. 254, item 2539) regarding tenders and negotiations as well as the intentions\u2019 evaluation criteria concerning business activities to be taken by entrepreneurs within the area of the Kamienna G\u00f3ra Special Economic Zone for Medium Business \u00a0and on the basis of the Decree of the Minister of Economy dated July 2nd 2009 on entrusting the SSEMP S.A with granting permits for on economic activity and executing\u00a0 supervision over business activities\u00a0 in the Kamienna G\u00f3ra Special Economic Zone<\/p>\n<p align=\"center\">announces an INVITATION TO JOINT TENDER<\/p>\n<p>\u00a0aimed at selecting an entrepreneur who will receive the permission to conduct a business activity within the territory of the Special Economic Zone for Medium Business and will purchase the right of the ownership of the real estate, which is the subject to the tender procedure, located in the Kamienna G\u00f3ra Special Economic Zone for Medium Business, on which the business activity will be conducted.<\/p>\n<p>1. Tendered property comprises of the ownership rights to the <strong>9555 m sq.<\/strong> landed property (free of structures) situated in the province of Lower Silesia in the town of Kamienna G\u00f3ra, area 04 Kamienna G\u00f3ra, in the Special Economic Sub-Zone for Medium Business and which is owned by Special Economic Zone for Medium Business and comprises of plot No 131\/7,131\/8,131\/9,131\/13 for which the District Court in Kamienna G\u00f3ra keeps the land register (Ksiega Wieczysta) No 18250).The plot is developed and it has good road access. According to the local spatial development plan, the property is located in the area designated for\u00a0 industry -production .<\/p>\n<p>2. The calling price for the Property has been set at\u00a0 182.000,00 PLN. This is a net price and the VAT\u00a0 should be added to it.<\/p>\n<p>3. Taking part in the tender is conditioned by the following:<\/p>\n<p>&#8211; purchasing from the Special Economic Zone for Medium Business Inc the \u201cSpecification of the essential conditions of the joint tender\u201d,<\/p>\n<p>&#8211; paying the deposit,<\/p>\n<p>&#8211; making of a written offer containing conditions of the intended enterprise within the zone.<\/p>\n<p>4. The pecuniary value of the deposit amounts to 10 percent of the net calling price, i.e. <strong>PLN 18.200, 00 <\/strong>\u00a0and is payable not later than <strong>26 March 2010 <\/strong>to the bank account of Special Economic Zone for Medium Business.The details concerning the amount, the form, the term of the deposit payment as well as the circumstances of its forfeit are defined within the \u201cSpecification of the essential conditions of the joint tender\u201d<\/p>\n<p>5. The \u201cSpecification of the essential conditions of the joint tender\u201d can be obtained in the seat of \u00a0the Special Economic Zone every weekday from 8:00 a.m. to 3:30 p.m. after presenting the receipt of the amount of 10.000,00 PLN net plus 22% VAT (in words: ten thousand zlotys net) being paid into the account of SSEMP S.A. conducted in the Bank Zachodni WBK S.A , account no. 02 1090 1942 0000 0005 1800 9564.<\/p>\n<p>6. Offers should include all the elements mentioned in the \u201cSpecification of the essential conditions of the joint tender\u201d.<\/p>\n<p>7. The evaluation of the business enterprise presented in the offer will be conducted on the basis of the criteria in accordance with the \u201cSpecification of the essential conditions of the joint tender\u201d and the Decree of the Minister of Economy and Labour dated on the 15th November 2004 (Journal of Laws No. 254, item 2539).<\/p>\n<p>8. The written offers should be submitted in closed envelope at the seat of the Special Economic Zone for Medium Business (the secretary\u2019s office) in Kamienna G\u00f3ra, ul.Papie\u017ca Jana II 11 A, until the 26.03.2010, till 3:00 p.m.<\/p>\n<p>9. The offers will be opened by the committee in the seat of the Kamienna Gora on <strong>29.03.2010 at 12:00 a.m.<\/strong><\/p>\n<p>10. Information about the tender and the \u201cSpecification of the essential conditions of the joint tender\u201d are issued at the seat of the Special Economic Zone for Medium Business in Kamienna G\u00f3ra or under the following phone number +48 75 645 15 03<\/p>\n<p>11. The Special Economic Zone for Medium Business Inc. (SSEMP S.A.) may invalidate the negotiations in the event of a material change of circumstances resulting in that the continuation of the negotiations procedure is not in the public interest, which could not have been predicted earlier or\/and when the negotiations procedure has a defect which makes it impossible to issue the permission. The Special Economic Zone for Medium Business Inc. will inform all offerers at the same time, in writing, about invalidation of the procedure, giving the factual and legal reasons therefore.<\/p>\n<p>12. The content of the following invitation in Polish version is published on the website of the Special Economic Zone for Medium Business Inc. (SSEMP S.A.).: www.ssemp.pl<\/p>\n","protected":false},"excerpt":{"rendered":"<p>SPECJALNA STREFA EKONOMICZNA MA\u0141EJ PRZEDSI\u0118BIORCZO\u015aCI S.A. (Special Economic Zone for Medium Business Inc) IN KAMIENNA G\u00d3RA 58-400 Kamienna G\u00f3ra, ul. Papie\u017ca Jana Paw\u0142a II 11 A phone. 75 \/ 645 15 03, fax 75 \/ 744 20 17 e-mail:strefa@ssemp.pl www.ssemp.pl \u00a0as the managing company of Kamienna G\u00f3ra Special Economic Zone for Medium Business (Kamiennog\u00f3rska Specjalna [&hellip;]<\/p>\n","protected":false},"author":1,"featured_media":0,"parent":0,"menu_order":0,"comment_status":"closed","ping_status":"closed","template":"","meta":{"footnotes":""},"class_list":["post-9827","page","type-page","status-publish","hentry"],"_links":{"self":[{"href":"https:\/\/old-ssemp.sowiak.dev\/index.php?rest_route=\/wp\/v2\/pages\/9827","targetHints":{"allow":["GET"]}}],"collection":[{"href":"https:\/\/old-ssemp.sowiak.dev\/index.php?rest_route=\/wp\/v2\/pages"}],"about":[{"href":"https:\/\/old-ssemp.sowiak.dev\/index.php?rest_route=\/wp\/v2\/types\/page"}],"author":[{"embeddable":true,"href":"https:\/\/old-ssemp.sowiak.dev\/index.php?rest_route=\/wp\/v2\/users\/1"}],"replies":[{"embeddable":true,"href":"https:\/\/old-ssemp.sowiak.dev\/index.php?rest_route=%2Fwp%2Fv2%2Fcomments&post=9827"}],"version-history":[{"count":1,"href":"https:\/\/old-ssemp.sowiak.dev\/index.php?rest_route=\/wp\/v2\/pages\/9827\/revisions"}],"predecessor-version":[{"id":9837,"href":"https:\/\/old-ssemp.sowiak.dev\/index.php?rest_route=\/wp\/v2\/pages\/9827\/revisions\/9837"}],"wp:attachment":[{"href":"https:\/\/old-ssemp.sowiak.dev\/index.php?rest_route=%2Fwp%2Fv2%2Fmedia&parent=9827"}],"curies":[{"name":"wp","href":"https:\/\/api.w.org\/{rel}","templated":true}]}}