{"id":9822,"date":"2016-05-19T17:16:28","date_gmt":"2016-05-19T15:16:28","guid":{"rendered":"http:\/\/ssemp.pl\/wordpress\/?page_id=9822"},"modified":"2016-05-19T17:16:28","modified_gmt":"2016-05-19T15:16:28","slug":"luban-dzialka-246-pl","status":"publish","type":"page","link":"https:\/\/old-ssemp.sowiak.dev\/?page_id=9822","title":{"rendered":"Luba\u0144 (dzia\u0142ka 2\/46) [PL]"},"content":{"rendered":"<p><strong>SPECJALNA STREFA EKONOMICZNA<\/strong><br \/>\n<strong>MA\u0141EJ PRZEDSI\u0118BIORCZO\u015aCI S.A.<\/strong><br \/>\n<strong>W KAMIENNEJ G\u00d3RZE<\/strong><br \/>\n58-400 Kamienna G\u00f3ra, ul. Papie\u017ca Jana Paw\u0142a II 11 A<br \/>\ntel. 075\u00a0 645 15 03 , fax 075\u00a0 744 20 17<br \/>\ne-mail:strefa@ssemp.pl<br \/>\n<a href=\"https:\/\/old-ssemp.sowiak.dev\/\">www.ssemp.pl<\/a><strong>\u00a0<\/strong><\/p>\n<p align=\"center\"><strong>zaprasza do uczestnictwa w\u00a0 przetargu pisemnym\u00a0nieograniczonym<\/strong><\/p>\n<p>\u00a0W przetargu mog\u0105 uczestniczy\u0107 osoby fizyczne, prawne i cudzoziemcy na zasadach okre\u015blonych w ustawie z dnia 24 marca\u00a0 1920 r. o nabywaniu nieruchomo\u015bci przez cudzoziemc\u00f3w (tekst jednolity\u00a0 Dz. U. z 2004 r. nr 167, poz. 1758 z p\u00f3\u017an. zm).<\/p>\n<p>W sk\u0142ad mienia obj\u0119tego przetargiem wchodzi <strong>prawo u\u017cytkowania wieczystego nieruchomo\u015bci niezabudowanej o\u00a0 powierzchni 2500 m<sup>2<\/sup><\/strong><strong>, <\/strong>po\u0142o\u017conej w\u00a0wojew\u00f3dztwie dolno\u015bl\u0105skim, powiecie luba\u0144skim, miejscowo\u015bci Luba\u0144, obr\u0119b geodezyjny NR IV-\u00a0 Luba\u0144, \u00a0w podstrefie Luba\u0144 Kamiennog\u00f3rskiej Specjalnej Strefy Ekonomicznej Ma\u0142ej Przedsi\u0119biorczo\u015bci, sk\u0142adaj\u0105cej si\u0119 z \u00a0dzia\u0142ki gruntu <strong>Nr 2\/46 <\/strong>\u2013dzia\u0142ka powsta\u0142a z podzia\u0142u dzia\u0142ki nr 2\/30 arkusz mapy 9 obr\u0119b 4 (decyzja podzia\u0142owa z dnia 17.02.2009), dla kt\u00f3rej S\u0105d Rejonowy w Lubaniu prowadzi ksi\u0119g\u0119 wieczyst\u0105 KW Nr 25852. Nieruchomo\u015b\u0107 w u\u017cytkowaniu wieczystym Specjalnej Strefy Ekonomicznej Ma\u0142ej Przedsi\u0119biorczo\u015bci S.A. (SSEMP S.A) do dnia 05.12. 2089 r. Nieruchomo\u015b\u0107 usytuowana jest na terenie by\u0142ych Zak\u0142ad\u00f3w Naprawczych Taboru Kolejowego S.A w Lubaniu. Teren posiada pe\u0142ne uzbrojenie w infrastruktur\u0119 techniczna. Dojazd do nieruchomo\u015bci dobry. Zgodnie z miejscowym planem zagospodarowania przestrzennego nieruchomo\u015b\u0107 zlokalizowana jest na terenie oznaczonym symbolem 1AG o przeznaczeniu podstawowym- tereny aktywno\u015bci gospodarczej.<\/p>\n<p><strong>Cena wywo\u0142awcza prawa u\u017cytkowania wieczystego nieruchomo\u015bci<\/strong> okre\u015blona zosta\u0142a na kwot\u0119 <strong>75.000,00 <\/strong><strong>z\u0142otych<\/strong> (s\u0142ownie: siedemdziesi\u0105t pi\u0119\u0107 tysi\u0119cy 00\/100). Podana cena jest cen\u0105 netto. (Cena netto uzyskana w przetargu podlega opodatkowaniu VAT wg przepis\u00f3w obowi\u0105zuj\u0105cych.) Szczeg\u00f3\u0142owe informacje o zasadach i warunkach przetargu zawiera <strong>Specyfikacja Istotnych Warunk\u00f3w Przetargu (Specyfikacja). <\/strong><strong>Warunkiem udzia\u0142u w przetargu jest wykupienie Specyfikacji od SSEMP S.A i wp\u0142acenie wadium.<\/strong><\/p>\n<p>Specyfikacj\u0119 mo\u017cna otrzyma\u0107 codziennie, opr\u00f3cz sob\u00f3t i niedziel, w godz. 8. 00 &#8211; 15 30, w siedzibie Sp\u00f3\u0142ki, po okazaniu dowodu wp\u0142aty kwoty 10.000,00 PLN netto plus 22% VAT (s\u0142ownie: dziesi\u0119\u0107 tysi\u0119cy 00\/100) na rachunek bankowy Specjalnej Strefy Ekonomicznej Ma\u0142ej Przedsi\u0119biorczo\u015bci S.A. w BZ WBK S.A, numer rachunku\u00a0 02 1090 1942 0000 0005 1800 9564. Wadium (w pieni\u0105dzu) w wysoko\u015bci 10% ceny wywo\u0142awczej tj. 7.500 z\u0142otych &#8211; nale\u017cy wp\u0142aca\u0107\u00a0 na rachunek\u00a0 bankowy SSEMP. S.A wskazany powy\u017cej. W przypadku uchylenia si\u0119 od zawarcia umowy przeniesienia prawa u\u017cytkowania wieczystego przez oferenta wadium ulega przepadkowi. Szczeg\u00f3\u0142y dotycz\u0105ce wnoszenia wadium oraz przes\u0142anki jego przepadku okre\u015bla Specyfikacja. Oferty nale\u017cy sk\u0142ada\u0107 w trwale zamkni\u0119tej kopercie w siedzibie Specjalnej Strefy Ekonomicznej Ma\u0142ej Przedsi\u0119biorczo\u015bci S.A. ul. Papie\u017ca Jana Paw\u0142a II 11 A (w sekretariacie) codzienne opr\u00f3cz sob\u00f3t i\u00a0niedziel do dnia <strong>04.12<\/strong><strong>. 2009<\/strong> r. do\u00a0godz. <strong>15.00. <\/strong>Komisyjne otwarcie ofert nast\u0105pi w siedzibie Specjalnej Strefy Ekonomicznej Ma\u0142ej Przedsi\u0119biorczo\u015bci S.A. w\u00a0<strong>dniu 07.12.2009 r.<\/strong> o godz. 10.30.<\/p>\n<p>Informacji na temat przetargu oraz Specyfikacji, udziela si\u0119 w siedzibie Specjalnej Strefy Ekonomicznej Ma\u0142ej Przedsi\u0119biorczo\u015bci S.A. w Kamiennej G\u00f3rze lub telefonicznie pod numerem 075 645 15 03. SSEMP S.A mo\u017ce uniewa\u017cni\u0107 przetarg, gdy wyst\u0105pi istotna zmiana okoliczno\u015bci powoduj\u0105ca, \u017ce prowadzenie post\u0119powania nie le\u017cy w interesie SSEMP S.A, czego nie mo\u017cna by\u0142o wcze\u015bniej przewidzie\u0107. O\u00a0uniewa\u017cnieniu post\u0119powania SSEMP S.A. zawiadomi pisemnie r\u00f3wnocze\u015bnie wszystkich oferent\u00f3w, podaj\u0105c uzasadnienie faktyczne i\u00a0prawne.<\/p>\n","protected":false},"excerpt":{"rendered":"<p>SPECJALNA STREFA EKONOMICZNA MA\u0141EJ PRZEDSI\u0118BIORCZO\u015aCI S.A. W KAMIENNEJ G\u00d3RZE 58-400 Kamienna G\u00f3ra, ul. Papie\u017ca Jana Paw\u0142a II 11 A tel. 075\u00a0 645 15 03 , fax 075\u00a0 744 20 17 e-mail:strefa@ssemp.pl www.ssemp.pl\u00a0 zaprasza do uczestnictwa w\u00a0 przetargu pisemnym\u00a0nieograniczonym \u00a0W przetargu mog\u0105 uczestniczy\u0107 osoby fizyczne, prawne i cudzoziemcy na zasadach okre\u015blonych w ustawie z dnia 24 [&hellip;]<\/p>\n","protected":false},"author":1,"featured_media":0,"parent":0,"menu_order":0,"comment_status":"closed","ping_status":"closed","template":"","meta":{"footnotes":""},"class_list":["post-9822","page","type-page","status-publish","hentry"],"_links":{"self":[{"href":"https:\/\/old-ssemp.sowiak.dev\/index.php?rest_route=\/wp\/v2\/pages\/9822","targetHints":{"allow":["GET"]}}],"collection":[{"href":"https:\/\/old-ssemp.sowiak.dev\/index.php?rest_route=\/wp\/v2\/pages"}],"about":[{"href":"https:\/\/old-ssemp.sowiak.dev\/index.php?rest_route=\/wp\/v2\/types\/page"}],"author":[{"embeddable":true,"href":"https:\/\/old-ssemp.sowiak.dev\/index.php?rest_route=\/wp\/v2\/users\/1"}],"replies":[{"embeddable":true,"href":"https:\/\/old-ssemp.sowiak.dev\/index.php?rest_route=%2Fwp%2Fv2%2Fcomments&post=9822"}],"version-history":[{"count":1,"href":"https:\/\/old-ssemp.sowiak.dev\/index.php?rest_route=\/wp\/v2\/pages\/9822\/revisions"}],"predecessor-version":[{"id":9832,"href":"https:\/\/old-ssemp.sowiak.dev\/index.php?rest_route=\/wp\/v2\/pages\/9822\/revisions\/9832"}],"wp:attachment":[{"href":"https:\/\/old-ssemp.sowiak.dev\/index.php?rest_route=%2Fwp%2Fv2%2Fmedia&parent=9822"}],"curies":[{"name":"wp","href":"https:\/\/api.w.org\/{rel}","templated":true}]}}