{"id":9809,"date":"2016-05-19T17:14:00","date_gmt":"2016-05-19T15:14:00","guid":{"rendered":"http:\/\/ssemp.pl\/wordpress\/?page_id=9809"},"modified":"2016-05-19T17:14:00","modified_gmt":"2016-05-19T15:14:00","slug":"kamienna-gora-dzialka-1737-pl","status":"publish","type":"page","link":"https:\/\/old-ssemp.sowiak.dev\/?page_id=9809","title":{"rendered":"Kamienna G\u00f3ra (dzia\u0142ka 173\/7) [PL]"},"content":{"rendered":"<p><strong>SPECJALNA STREFA EKONOMICZNA<\/strong><br \/>\n<strong>MA\u0141EJ PRZEDSI\u0118BIORCZO\u015aCI S.A.<\/strong><br \/>\n<strong>W KAMIENNEJ G\u00d3RZE<\/strong><br \/>\n58-400 Kamienna G\u00f3ra, ul. Papie\u017ca Jana Paw\u0142a II 11 A<br \/>\ntel. 075\u00a0 645 15 03 do 06, fax 075\u00a0 744 20 17<br \/>\n<a href=\"https:\/\/old-ssemp.sowiak.dev\/\">www.ssemp.pl<\/a><\/p>\n<p><strong>\u00a0<\/strong><strong>zaprasza do uczestnictwa w\u00a0 przetargu pisemnym nieograniczonym<\/strong><\/p>\n<p>W przetargu mog\u0105 uczestniczy\u0107\u00a0osoby fizyczne, prawne i cudzoziemcy na zasadach okre\u015blonych w ustawie z dnia 24 marca\u00a0 1920 r. o nabywaniu nieruchomo\u015bci przez cudzoziemc\u00f3w ( tekst jednolity\u00a0 Dz. U. z 2004 r. nr 167, poz. 1758 z p\u00f3\u017an. zm).<\/p>\n<p>W sk\u0142ad mienia obj\u0119tego przetargiem wchodzi <strong>prawo u\u017cytkowania wieczystego nieruchomo\u015bci o\u00a0 powierzchni 2715 m<sup>2<\/sup> <\/strong><strong>, <\/strong>po\u0142o\u017conej w\u00a0wojew\u00f3dztwie dolno\u015bl\u0105skim, powiecie kamiennog\u00f3rskim, miejscowo\u015bci Kamienna G\u00f3ra, obr\u0119b geodezyjny NR 6- Kamienna G\u00f3ra, \u00a0sk\u0142adaj\u0105cej si\u0119 z \u00a0dzia\u0142ki gruntu <strong>Nr 173\/7 <\/strong>dla kt\u00f3rej S\u0105d Rejonowy w Kamiennej G\u00f3rze prowadzi ksi\u0119g\u0119 wieczyst\u0105 KW 6704 <strong>wraz z prawem\u00a0 w\u0142asno\u015bci zabudowa\u0144 posadowionych na dzia\u0142ce 173\/7,<\/strong> o kt\u00f3rej mowa powy\u017cej.<\/p>\n<p>Dzia\u0142ki gruntu w u\u017cytkowaniu wieczystym Specjalnej Strefy Ekonomicznej Ma\u0142ej Przedsi\u0119biorczo\u015bci S.A. do dnia 05.12. 2089 r., obiekty posadowione na dzia\u0142ce\u00a0 173\/7 stanowi\u0105 w\u0142asno\u015b\u0107 Specjalnej Strefy Ekonomicznej Ma\u0142ej Przedsi\u0119biorczo\u015bci S.A. Nieruchomo\u015b\u0107 po\u0142o\u017cona jest w centrum miasta. Teren posiada uzbrojenie w infrastruktur\u0119\u00a0 techniczn\u0105, dojazd do nieruchomo\u015bci dobry. Dzia\u0142ka 173\/7 zabudowana jest budynkiem biurowym oraz biurowo-produkcyjnym (zabudowa zwarta). Powierzchnia u\u017cytkowa budynk\u00f3w wynosi og\u00f3\u0142em 2382,70 m<strong><sup>2<\/sup><\/strong>.<\/p>\n<p>Nieruchomo\u015b\u0107 jest\u00a0 wolna od obci\u0105\u017ce\u0144 i zobowi\u0105za\u0144 na rzecz os\u00f3b trzecich.<\/p>\n<p><strong>Cena wywo\u0142awcza Nieruchomo\u015bci<\/strong> okre\u015blona zosta\u0142a na kwot\u0119 <strong>500\u00a0000,00<\/strong><strong> PLN<\/strong> (s\u0142ownie: pi\u0119\u0107set tysi\u0119cy z\u0142otych). Podana cena jest cen\u0105 netto. (Cena netto uzyskana w przetargu podlega opodatkowaniu VAT wg przepis\u00f3w obowi\u0105zuj\u0105cych.)<\/p>\n<p>Szczeg\u00f3\u0142owe informacje o zasadach i warunkach przetargu zawiera <strong>Specyfikacja Istotnych Warunk\u00f3w Przetargu\u00a0 (Specyfikacja).<\/strong><\/p>\n<p>Specyfikacj\u0119 mo\u017cna otrzyma\u0107 codziennie, opr\u00f3cz sob\u00f3t i niedziel, w godz. 8 00 &#8211; 15 30, w siedzibie Sp\u00f3\u0142ki, po okazaniu dowodu wp\u0142aty kwoty 10.000,00 PLN netto plus 22% VAT (s\u0142ownie:\u00a0 00\/100) na rachunek bankowy Specjalnej Strefy Ekonomicznej Ma\u0142ej Przedsi\u0119biorczo\u015bci S.A. w BZ WBK S.A, numer rachunku\u00a0 02 1090 1942 0000 0005 1800 9564.<\/p>\n<p>Oferty nale\u017cy sk\u0142ada\u0107 w trwale zamkni\u0119tej kopercie w siedzibie Specjalnej Strefy Ekonomicznej Ma\u0142ej Przedsi\u0119biorczo\u015bci S.A. ul. Papie\u017ca Jana Paw\u0142a II 11 A (w sekretariacie) codzienne opr\u00f3cz sob\u00f3t i\u00a0niedziel do\u00a0 <strong>20.11<\/strong><strong>. 2009<\/strong> r. do\u00a0godz. <strong>15.00. <\/strong><\/p>\n<p>Komisyjne otwarcie ofert nast\u0105pi w siedzibie Specjalnej Strefy Ekonomicznej Ma\u0142ej Przedsi\u0119biorczo\u015bci S.A. w\u00a0<strong>dniu 23.11.2009 r.<\/strong> o godz 12.00.<\/p>\n<p>Informacji na temat przetargu oraz \u201eSpecyfikacji\u201d, udziela si\u0119 w siedzibie Specjalnej Strefy Ekonomicznej Ma\u0142ej Przedsi\u0119biorczo\u015bci S.A. w Kamiennej G\u00f3rze lub telefonicznie pod numerem 075 645 15 03.<\/p>\n<p>Warunkiem udzia\u0142u w niniejszym przetargu jest wp\u0142acenie wadium na rzecz\u00a0 SSEMP S.A w wysoko\u015bci 10% ceny wywo\u0142awczej, tj.50.000,00- BZ WBK S.A, numer rachunku\u00a0 02 1090 1942 0000 0005 1800 9564. W przypadku uchylenia si\u0119 od zawarcia umowy przeniesienia nieruchomo\u015bci\/ prawa u\u017cytkowania wieczystego przez oferenta wadium ulega przepadkowi Szczeg\u00f3\u0142y dotycz\u0105ce wnoszenia wadium oraz przes\u0142anki jego przepadku okre\u015bla Specyfikacja.<\/p>\n<p>SSEMP S.A mo\u017ce uniewa\u017cni\u0107 przetarg, gdy wyst\u0105pi istotna zmiana okoliczno\u015bci powoduj\u0105ca, \u017ce prowadzenie post\u0119powania nie le\u017cy w interesie SSEMP S.A, czego nie mo\u017cna by\u0142o wcze\u015bniej przewidzie\u0107. O\u00a0uniewa\u017cnieniu post\u0119powania SSEMP S.A. zawiadomi pisemnie r\u00f3wnocze\u015bnie wszystkich oferent\u00f3w, podaj\u0105c uzasadnienie faktyczne i\u00a0prawne.<\/p>\n","protected":false},"excerpt":{"rendered":"<p>SPECJALNA STREFA EKONOMICZNA MA\u0141EJ PRZEDSI\u0118BIORCZO\u015aCI S.A. W KAMIENNEJ G\u00d3RZE 58-400 Kamienna G\u00f3ra, ul. Papie\u017ca Jana Paw\u0142a II 11 A tel. 075\u00a0 645 15 03 do 06, fax 075\u00a0 744 20 17 www.ssemp.pl \u00a0zaprasza do uczestnictwa w\u00a0 przetargu pisemnym nieograniczonym W przetargu mog\u0105 uczestniczy\u0107\u00a0osoby fizyczne, prawne i cudzoziemcy na zasadach okre\u015blonych w ustawie z dnia 24 [&hellip;]<\/p>\n","protected":false},"author":1,"featured_media":0,"parent":0,"menu_order":0,"comment_status":"closed","ping_status":"closed","template":"","meta":{"footnotes":""},"class_list":["post-9809","page","type-page","status-publish","hentry"],"_links":{"self":[{"href":"https:\/\/old-ssemp.sowiak.dev\/index.php?rest_route=\/wp\/v2\/pages\/9809","targetHints":{"allow":["GET"]}}],"collection":[{"href":"https:\/\/old-ssemp.sowiak.dev\/index.php?rest_route=\/wp\/v2\/pages"}],"about":[{"href":"https:\/\/old-ssemp.sowiak.dev\/index.php?rest_route=\/wp\/v2\/types\/page"}],"author":[{"embeddable":true,"href":"https:\/\/old-ssemp.sowiak.dev\/index.php?rest_route=\/wp\/v2\/users\/1"}],"replies":[{"embeddable":true,"href":"https:\/\/old-ssemp.sowiak.dev\/index.php?rest_route=%2Fwp%2Fv2%2Fcomments&post=9809"}],"version-history":[{"count":1,"href":"https:\/\/old-ssemp.sowiak.dev\/index.php?rest_route=\/wp\/v2\/pages\/9809\/revisions"}],"predecessor-version":[{"id":9819,"href":"https:\/\/old-ssemp.sowiak.dev\/index.php?rest_route=\/wp\/v2\/pages\/9809\/revisions\/9819"}],"wp:attachment":[{"href":"https:\/\/old-ssemp.sowiak.dev\/index.php?rest_route=%2Fwp%2Fv2%2Fmedia&parent=9809"}],"curies":[{"name":"wp","href":"https:\/\/api.w.org\/{rel}","templated":true}]}}