{"id":9808,"date":"2016-05-19T17:13:44","date_gmt":"2016-05-19T15:13:44","guid":{"rendered":"http:\/\/ssemp.pl\/wordpress\/?page_id=9808"},"modified":"2016-05-19T17:13:44","modified_gmt":"2016-05-19T15:13:44","slug":"kamienna-gora-dzialka-1737-en","status":"publish","type":"page","link":"https:\/\/old-ssemp.sowiak.dev\/?page_id=9808","title":{"rendered":"Kamienna G\u00f3ra (dzia\u0142ka 173\/7) [EN]"},"content":{"rendered":"<p align=\"center\">SPECJALNA STREFA EKONOMICZNA<br \/>\nMA\u0141EJ PRZEDSI\u0118BIORCZO\u015aCI S.A.<br \/>\n(Special Economic Zone for Medium Business Inc)<br \/>\nIN KAMIENNA G\u00d3RA<br \/>\n58-400 Kamienna G\u00f3ra, ul. Papie\u017ca Jana Paw\u0142a II 11 A<br \/>\nphone. 75 \/ 645 15 03, fax 75 \/ 744 20 17<br \/>\ne-mail:strefa@ssemp.pl www.ssemp.pl<\/p>\n<p>announces an INVITATION TO WRITTEN OFFER TENDER<\/p>\n<p>The tender is opened\u00a0 to the natural persons, legal persons, foreigners on the terms settled in the\u00a0 act dated on the 24th\u00a0 March 1920 regarding purchase of the\u00a0 real estate\u00a0 by foreigners (consolidated text Journal of Laws No. 167 , item 1758 with further amendments)<\/p>\n<p>The estate to be tendered includes a right of permanent user of \u00a0estate of the total surface area of 2715 m<strong><sup>2<\/sup><\/strong>., located in Kamienna G\u00f3ra, dolnosl\u0105skie voivodship, 06 Kamienna G\u00f3ra District, comprises of plot No. <strong>\u00a0<\/strong>173\/7 covered by the Land and Mortgage Register \u00a0KW 6704 and\u00a0 a property rights of the buildings situated on the \u00a0plot mentioned upon The Special Economic Zone for Medium Business Inc is a permanent user of the \u00a0estate till 05.12.2089, the buildings situated on the plot are the property of the Special Economic Zone for Medium Business. The estate is\u00a0 located in Centrum of\u00a0 the town. \u00a0The plot is developed and it has good road access. The plot is build-up with the office building and the office- production building (compact settlement). The total usable floor area of the buildings is 2382,70 m<strong><sup>2<\/sup><\/strong>.<\/p>\n<p>The calling price for the Property has been set at 500.000,00 PLN. This is a net price.<\/p>\n<p>The \u201cSpecification of the essential conditions of the tender\u201d can be obtained in the seat of \u00a0the Special Economic Zone every weekday from 8:00 a.m. to 3:30 p.m. after presenting the receipt of the amount of 10.000,00 PLN net plus 22% VAT (in words: ten thousand zlotys net) being paid into the account of SSEMP S.A. conducted in the Bank Zachodni WBK S.A , account no. 02 1090 1942 0000 0005 1800 9564. Information about the tender and the \u201cSpecification of the essential conditions of the tender\u201d are issued at the seat of the Special Economic Zone for Medium Business in Kamienna G\u00f3ra or under the following phone number +48 75 645 15 03 The written offers should be submitted in closed envelope at the seat of the Special Economic Zone for Medium Business (the secretary\u2019s office) in Kamienna G\u00f3ra, ul. Papie\u017ca Jana II 11 A, until the 20.11.2009, till 3:00 p.m. The offers will be opened by the committee in the seat of the Kamienna Gora on 23.11.2009 at 12:00 a.m.<\/p>\n<p>The participation in the tender is conditional on payment of the deposit. The pecuniary value of the deposit amounts to 10 % of the calling price i.e. 50.000,00 PLN, paid to the bank account in the Bank Zachodni WBK S.A , account no. 02 1090 1942 0000 0005 1800 9564. In case of the winning, entrepreneur refrains from entering into a sake purchase agreement, the deposit shall not be returned. The details of the form, the term of the deposit payment as well as the circumstances of its forfeit are defined within the \u201cSpecification of the essential conditions of the joint tender<\/p>\n<p>The Special Economic Zone for Medium Business Inc. (SSEMP S.A.) may invalidate the tender \u00a0in the event of a material change of circumstances resulting in that the continuation of the tender procedure is not in the SSEMP S.A interest, which could not have been predicted earlier or\/and when the tender procedure has a defect which makes it impossible to issue the permission. The Special Economic Zone for Medium Business Inc. will inform all offerers at the same time, in writing, about invalidation of the procedure, giving the factual and legal reasons therefore.<\/p>\n","protected":false},"excerpt":{"rendered":"<p>SPECJALNA STREFA EKONOMICZNA MA\u0141EJ PRZEDSI\u0118BIORCZO\u015aCI S.A. (Special Economic Zone for Medium Business Inc) IN KAMIENNA G\u00d3RA 58-400 Kamienna G\u00f3ra, ul. Papie\u017ca Jana Paw\u0142a II 11 A phone. 75 \/ 645 15 03, fax 75 \/ 744 20 17 e-mail:strefa@ssemp.pl www.ssemp.pl announces an INVITATION TO WRITTEN OFFER TENDER The tender is opened\u00a0 to the natural persons, [&hellip;]<\/p>\n","protected":false},"author":1,"featured_media":0,"parent":0,"menu_order":0,"comment_status":"closed","ping_status":"closed","template":"","meta":{"footnotes":""},"class_list":["post-9808","page","type-page","status-publish","hentry"],"_links":{"self":[{"href":"https:\/\/old-ssemp.sowiak.dev\/index.php?rest_route=\/wp\/v2\/pages\/9808","targetHints":{"allow":["GET"]}}],"collection":[{"href":"https:\/\/old-ssemp.sowiak.dev\/index.php?rest_route=\/wp\/v2\/pages"}],"about":[{"href":"https:\/\/old-ssemp.sowiak.dev\/index.php?rest_route=\/wp\/v2\/types\/page"}],"author":[{"embeddable":true,"href":"https:\/\/old-ssemp.sowiak.dev\/index.php?rest_route=\/wp\/v2\/users\/1"}],"replies":[{"embeddable":true,"href":"https:\/\/old-ssemp.sowiak.dev\/index.php?rest_route=%2Fwp%2Fv2%2Fcomments&post=9808"}],"version-history":[{"count":1,"href":"https:\/\/old-ssemp.sowiak.dev\/index.php?rest_route=\/wp\/v2\/pages\/9808\/revisions"}],"predecessor-version":[{"id":9818,"href":"https:\/\/old-ssemp.sowiak.dev\/index.php?rest_route=\/wp\/v2\/pages\/9808\/revisions\/9818"}],"wp:attachment":[{"href":"https:\/\/old-ssemp.sowiak.dev\/index.php?rest_route=%2Fwp%2Fv2%2Fmedia&parent=9808"}],"curies":[{"name":"wp","href":"https:\/\/api.w.org\/{rel}","templated":true}]}}