{"id":9805,"date":"2016-05-19T17:12:48","date_gmt":"2016-05-19T15:12:48","guid":{"rendered":"http:\/\/ssemp.pl\/wordpress\/?page_id=9805"},"modified":"2016-05-19T17:12:49","modified_gmt":"2016-05-19T15:12:49","slug":"nowogrodziec-dzialki-13552-13582","status":"publish","type":"page","link":"https:\/\/old-ssemp.sowiak.dev\/?page_id=9805","title":{"rendered":"Nowogrodziec (dzia\u0142ki 1355\/2, 1358\/2)"},"content":{"rendered":"<p><strong>Specjalna Strefa Ekonomiczna Ma\u0142ej Przedsi\u0119biorczo\u015bci S.A<br \/>\nz siedzib\u0105 w Kamiennej G\u00f3rze<br \/>\n58- 400 Kamienna G\u00f3ra ul. Papie\u017ca Jana Paw\u0142a II 11 a<br \/>\ntel.: (+48 75 ) 645 15 03, fax.: (+48 75) 744 20 17<\/strong><\/p>\n<p>jako Zarz\u0105dzaj\u0105cy Kamiennog\u00f3rsk\u0105 Specjaln\u0105 Stref\u0105 Ekonomiczn\u0105 Ma\u0142ej Przedsi\u0119biorczo\u015bci oraz dzia\u0142aj\u0105c na zlecenie Gminy Nowogrodziec oraz na podstawie rozporz\u0105dzenia Ministra Gospodarki i Pracy z dnia 15 listopada 2004r. w sprawie przetarg\u00f3w i rokowa\u0144 oraz kryteri\u00f3w oceny zamierze\u0144 co do przedsi\u0119wzi\u0119\u0107 gospodarczych, kt\u00f3re maj\u0105 by\u0107 podj\u0119te przez przedsi\u0119biorc\u00f3w na terenie Kamiennog\u00f3rskiej Specjalnej Strefy Ekonomicznej Ma\u0142ej Przedsi\u0119biorczo\u015bci (Dz. U. Nr 254, poz. 2539)<br \/>\n<strong><br \/>\nzaprasza do uczestnictwa w przetargu \u0142\u0105cznym<\/strong><\/p>\n<p>maj\u0105cym na celu wy\u0142onienie przedsi\u0119biorcy, kt\u00f3ry uzyska zezwolenie na prowadzenie dzia\u0142alno\u015bci gospodarczej na terenie Kamiennog\u00f3rskiej Specjalnej Strefy Ekonomicznej Ma\u0142ej Przedsi\u0119biorczo\u015bci uprawniaj\u0105ce do korzystania z pomocy publicznej (\u201eZezwolenie\u201d) oraz nab\u0119dzie prawo w\u0142asno\u015bci nieruchomo\u015bci opisanej w punkcie 2 poni\u017cej, na kt\u00f3rej b\u0119dzie prowadzona dzia\u0142alno\u015b\u0107 gospodarcza.(Nieruchomo\u015b\u0107)<\/p>\n<p>1. W przetargu mog\u0105 uczestniczy\u0107 wy\u0142\u0105cznie przedsi\u0119biorcy zamierzaj\u0105cy podj\u0105\u0107 na terenie Kamiennog\u00f3rskiej Specjalnej Strefy Ekonomicznej Ma\u0142ej Przedsi\u0119biorczo\u015bci dzia\u0142alno\u015b\u0107 gospodarcz\u0105 na podstawie Zezwolenia, spe\u0142niaj\u0105cy wymogi okre\u015blone w ustawie z dnia 20.10.1994r. o specjalnych strefach ekonomicznych (tekst jednolity z 2007r. Dz. U. Nr 42, poz. 274 z p\u00f3\u017an. zm.), w rozporz\u0105dzeniu Rady Ministr\u00f3w z dnia 15.12.2008r. w sprawie kamiennog\u00f3rskiej specjalnej strefy ekonomicznej (Dz. U. Nr 232, poz. 1549) i w rozporz\u0105dzeniu Rady Ministr\u00f3w z dnia 10.12.2008 r. w sprawie pomocy publicznej udzielanej przedsi\u0119biorcom dzia\u0142aj\u0105cym na podstawie zezwolenia na prowadzenie dzia\u0142alno\u015bci gospodarczej na terenach specjalnych stref ekonomicznych (Dz.U. Nr 232, poz. 1549) .<\/p>\n<p>2. W sk\u0142ad mienia obj\u0119tego przetargiem wchodzi prawo w\u0142asno\u015bci nieruchomo\u015bci (niezabudowanej) o \u0142\u0105cznej powierzchni 7,7507 ha, po\u0142o\u017conej w wojew\u00f3dztwie dolno\u015bl\u0105skim, powiecie boles\u0142awieckim, miejscowo\u015bci Wykroty, obr\u0119b geodezyjny, w Podstrefie Nowogrodziec Kamiennog\u00f3rskiej Specjalnej Strefy Ekonomicznej, b\u0119d\u0105cej w\u0142asno\u015bci\u0105 Gminy Nowogrodziec, sk\u0142adaj\u0105cej si\u0119 z dzia\u0142ki Nr 1355\/2 dla kt\u00f3rej S\u0105d Rejonowy w Boles\u0142awcu prowadzi ksi\u0119g\u0119 wieczyst\u0105 KW JG1B\/00037187\/2 oraz dzia\u0142ki Nr 1358\/2 dla kt\u00f3rej S\u0105d Rejonowy w Boles\u0142awcu prowadzi ksi\u0119g\u0119 wieczyst\u0105 KW JG1B\/00021784\/2. Prawo w\u0142asno\u015bci Nieruchomo\u015bci b\u0119dzie zbywane w drodze przetargu zgodnie z ustaw\u0105 z dnia 21.08.1997 r. o gospodarce nieruchomo\u015bciami (t.j. Dz.U. z 2004 r. Nr 261 pz.2603 z p\u00f3\u017an. zm.) Nieruchomo\u015b\u0107 jest wolna od wszelkich obci\u0105\u017ce\u0144 i zobowi\u0105za\u0144 na rzecz os\u00f3b trzecich.<\/p>\n<p>3. Cena wywo\u0142awcza Nieruchomo\u015bci okre\u015blona zosta\u0142a na kwot\u0119 5.796.000,00 PLN (s\u0142ownie: pi\u0119\u0107 milion\u00f3w siedemset dziewi\u0119\u0107dziesi\u0105t sze\u015b\u0107 tysi\u0119cy z\u0142otych). Podana cena jest cen\u0105 netto, do kt\u00f3rej nale\u017cy doliczy\u0107 22% VAT.<\/p>\n<p>Minimalne post\u0105pienie wynosi: 1% ceny wywo\u0142awczej Nieruchomo\u015bci tj. 57.960,00 PLN.(s\u0142ownie: pi\u0119\u0107dziesi\u0105t siedem tysi\u0119cy dziewi\u0119\u0107set sze\u015b\u0107dziesi\u0105t z\u0142otych)<\/p>\n<p>4. Warunkiem udzia\u0142u w przetargu jest wykupienie od Specjalnej Strefy Ekonomicznej Specyfikacji istotnych warunk\u00f3w przetargu \u0142\u0105cznego (Specyfikacji) i wp\u0142acenie wadium.<\/p>\n<p>5. Wadium w pieni\u0105dzu wynosi 10 % ceny wywo\u0142awczej netto Nieruchomo\u015bci tj. 579.600,00 PLN (s\u0142ownie: pi\u0119\u0107set siedemdziesi\u0105t dziewi\u0119\u0107 tysi\u0119cy sze\u015b\u0107set z\u0142otych) i p\u0142atne jest do dnia 25 marca 2009 r. na rachunek bankowy Specjalnej Strefy Ekonomicznej Ma\u0142ej Przedsi\u0119biorczo\u015bci.<\/p>\n<p>6. Specyfikacj\u0119, kt\u00f3ra zawiera szczeg\u00f3\u0142owe warunki przetargu mo\u017cna otrzyma\u0107 codziennie \u2013 opr\u00f3cz sob\u00f3t, niedziel i \u015bwi\u0105t \u2013 w godzinach 745 \u2013 1500 w siedzibie Specjalnej Strefy Ekonomicznej Ma\u0142ej Przedsi\u0119biorczo\u015bci S.A.<br \/>\nw Kamiennej G\u00f3rze, po wp\u0142aceniu kwoty 6.000,00 z\u0142 (s\u0142ownie: sze\u015b\u0107 tysi\u0119cy z\u0142otych) netto plus 22% VAT \u2013 na rachunek bankowy Specjalnej Strefy Ekonomicznej Ma\u0142ej Przedsi\u0119biorczo\u015bci nr 02 1090 1942 0000 0005 1800 9564 w BZ WBK S.A. O\/Kamienna G\u00f3ra. Nie przewiduje si\u0119 dodatkowych warunk\u00f3w przetargu, poza opisanymi w niniejszym zaproszeniu i w Specyfikacji.<\/p>\n<p>7. Opis Nieruchomo\u015bci: teren p\u0142aski, suchy, piaszczysty bez ogranicze\u0144 w zakresie inwestowania. Dogodne po\u0142o\u017cenie: oko\u0142o 1 km od zjazdu w Godzieszowie nowobudowanej autostrady A4, w bezpo\u015brednim s\u0105siedztwie skrzy\u017cowania dr\u00f3g krajowych nr 4 (Zgorzelec-Wroc\u0142aw) z drog\u0105 wojew\u00f3dzk\u0105 nr 296 (Jelenia G\u00f3ra-Zielona G\u00f3ra) w s\u0105siedztwie czynnej linii kolejowej W\u0119gliniec-Jelenia G\u00f3ra w s\u0105siedztwie G\u0142\u00f3wnego Punktu Zasilania (GPZ), w niewielkiej odleg\u0142o\u015bci od stacji redukcyjnej gazu, oko\u0142o 17 km od granicy z Niemcami w J\u0119drzychowicach i oko\u0142o 38 km od granicy z Czechami w Zawidowie. Zgodnie z planem zagospodarowania przestrzennego teren jest przeznaczony pod realizacj\u0119 inwestycji w obszarze oznaczonym symbolem SGA 01 P\/S,U \u2013 teren lokalizacji obiekt\u00f3w produkcyjnych i magazynowo-sk\u0142adowych oraz us\u0142ugowych.<\/p>\n<p>8. Przedsi\u0119wzi\u0119cia gospodarcze, kt\u00f3re maj\u0105 by\u0107 podj\u0119te na terenie Kamiennog\u00f3rskiej Specjalnej Strefy Ekonomicznej Ma\u0142ej Przedsi\u0119biorczo\u015bci i okre\u015blone w ofertach podlegaj\u0105 ocenie w oparciu o kryteria zawarte w \u00a7 11 rozporz\u0105dzenia Ministra Gospodarki i Pracy z dnia 15 listopada 2004r. w sprawie przetarg\u00f3w i rokowa\u0144 oraz kryteri\u00f3w oceny zamierze\u0144 co do przedsi\u0119wzi\u0119\u0107 gospodarczych, kt\u00f3re maj\u0105 by\u0107 podj\u0119te przez przedsi\u0119biorc\u00f3w na terenie Kamiennog\u00f3rskiej Specjalnej Strefy Ekonomicznej Ma\u0142ej Przedsi\u0119biorczo\u015bci (Dz. U. Nr 254, poz. 2539).<\/p>\n<p>9. Oferty pisemne nale\u017cy sk\u0142ada\u0107 w zamkni\u0119tych kopertach w siedzibie Specjalnej Strefy Ekonomicznej Ma\u0142ej Przedsi\u0119biorczo\u015bci S.A. (w Sekretariacie) w terminie do dnia 25 marca 2009 r. do godz. 1500. Spos\u00f3b przygotowania oferty okre\u015bla Specyfikacja.<\/p>\n<p>10. Otwarcie ofert nast\u0105pi w siedzibie Specjalnej Strefy Ekonomicznej Ma\u0142ej Przedsi\u0119biorczo\u015bci w dniu 2 kwietnia 2009r. o godz. 12.00.<\/p>\n<p>11. W przypadku uchylenia si\u0119 przez przedsi\u0119biorc\u0119 wybranego w trakcie przetargu od zawarcia umowy sprzeda\u017cy, wadium nie podlega zwrotowi.<\/p>\n<p>12. Zarz\u0105dzaj\u0105cy Kamiennog\u00f3rsk\u0105 Specjaln\u0105 Stref\u0105 Ekonomiczn\u0105 Ma\u0142ej Przedsi\u0119biorczo\u015bci lub Burmistrz Nowogrod\u017aca mog\u0105 zamkn\u0105\u0107 przetarg bez wybrania kt\u00f3rejkolwiek z ofert lub odwo\u0142a\u0107 og\u0142oszony przetarg jedynie z wa\u017cnych powod\u00f3w. W takim przypadku stosowna informacja zostanie podana do publicznej wiadomo\u015bci ze wskazaniem przyczyny odwo\u0142ania przetargu.<\/p>\n<p>13. Zarz\u0105dzaj\u0105cy Kamiennog\u00f3rsk\u0105 Specjaln\u0105 Stref\u0105 Ekonomiczn\u0105 Ma\u0142ej Przedsi\u0119biorczo\u015bci mo\u017ce uniewa\u017cni\u0107 przetarg w przypadku, gdy wyst\u0105pi istotna zmiana okoliczno\u015bci powoduj\u0105ca, \u017ce prowadzenie post\u0119powania nie le\u017cy w interesie publicznym, czego nie mo\u017cna by\u0142o wcze\u015bniej przewidzie\u0107 lub\/i gdy post\u0119powanie obarczone b\u0119dzie wad\u0105 uniemo\u017cliwiaj\u0105c\u0105 wydanie Zezwolenia lub zawarcie wa\u017cnej umowy sprzeda\u017cy Nieruchomo\u015bci. O uniewa\u017cnieniu post\u0119powania Zarz\u0105dzaj\u0105cy zawiadomi pisemnie r\u00f3wnocze\u015bnie wszystkich oferent\u00f3w podaj\u0105c uzasadnienie faktyczne i prawne.<\/p>\n<p>14. W odniesieniu do Nieruchomo\u015bci prawo pierwokupu przys\u0142uguje: Specjalnej Strefie Ekonomicznej Ma\u0142ej Przedsi\u0119biorczo\u015bci\u2013 zgodnie z art. 8 ust. 2 ustawy z dnia 20 pa\u017adziernika 1994r. o specjalnych strefach ekonomicznych (tekst jednolity z 2007r. Dz. U. Nr 42, poz. 274). Prawo pierwokupu mo\u017ce by\u0107 wykonane w terminie jednego miesi\u0105ca od daty zawiadomienia o zawarciu warunkowej umowy sprzeda\u017cy prawa u\u017cytkowania wieczystego Nieruchomo\u015bci.<\/p>\n<p>15. W 6-tygodniowym terminie wyznaczonym obwieszczeniem Burmistrza Nowogrod\u017aca w sprawie ustalenia wykazu nieruchomo\u015bci przeznaczonych do zbycia, kt\u00f3re to obj\u0119te s\u0105 niniejszym og\u0142oszeniem, nie wp\u0142yn\u0119\u0142y \u017cadne wnioski od os\u00f3b, kt\u00f3rym przys\u0142uguje pierwsze\u0144stwo w nabyciu Nieruchomo\u015bci na podstawie art. 34 ust. 1 pkt 1 i 2 ustawy o gospodarce nieruchomo\u015bciami (tekst jednolity 2004 r. Dz. U. Nr 261, poz. 2603 ze zmianami).<\/p>\n","protected":false},"excerpt":{"rendered":"<p>Specjalna Strefa Ekonomiczna Ma\u0142ej Przedsi\u0119biorczo\u015bci S.A z siedzib\u0105 w Kamiennej G\u00f3rze 58- 400 Kamienna G\u00f3ra ul. Papie\u017ca Jana Paw\u0142a II 11 a tel.: (+48 75 ) 645 15 03, fax.: (+48 75) 744 20 17 jako Zarz\u0105dzaj\u0105cy Kamiennog\u00f3rsk\u0105 Specjaln\u0105 Stref\u0105 Ekonomiczn\u0105 Ma\u0142ej Przedsi\u0119biorczo\u015bci oraz dzia\u0142aj\u0105c na zlecenie Gminy Nowogrodziec oraz na podstawie rozporz\u0105dzenia Ministra Gospodarki [&hellip;]<\/p>\n","protected":false},"author":1,"featured_media":0,"parent":0,"menu_order":0,"comment_status":"closed","ping_status":"closed","template":"","meta":{"footnotes":""},"class_list":["post-9805","page","type-page","status-publish","hentry"],"_links":{"self":[{"href":"https:\/\/old-ssemp.sowiak.dev\/index.php?rest_route=\/wp\/v2\/pages\/9805","targetHints":{"allow":["GET"]}}],"collection":[{"href":"https:\/\/old-ssemp.sowiak.dev\/index.php?rest_route=\/wp\/v2\/pages"}],"about":[{"href":"https:\/\/old-ssemp.sowiak.dev\/index.php?rest_route=\/wp\/v2\/types\/page"}],"author":[{"embeddable":true,"href":"https:\/\/old-ssemp.sowiak.dev\/index.php?rest_route=\/wp\/v2\/users\/1"}],"replies":[{"embeddable":true,"href":"https:\/\/old-ssemp.sowiak.dev\/index.php?rest_route=%2Fwp%2Fv2%2Fcomments&post=9805"}],"version-history":[{"count":1,"href":"https:\/\/old-ssemp.sowiak.dev\/index.php?rest_route=\/wp\/v2\/pages\/9805\/revisions"}],"predecessor-version":[{"id":9815,"href":"https:\/\/old-ssemp.sowiak.dev\/index.php?rest_route=\/wp\/v2\/pages\/9805\/revisions\/9815"}],"wp:attachment":[{"href":"https:\/\/old-ssemp.sowiak.dev\/index.php?rest_route=%2Fwp%2Fv2%2Fmedia&parent=9805"}],"curies":[{"name":"wp","href":"https:\/\/api.w.org\/{rel}","templated":true}]}}