{"id":9803,"date":"2016-05-19T17:12:11","date_gmt":"2016-05-19T15:12:11","guid":{"rendered":"http:\/\/ssemp.pl\/wordpress\/?page_id=9803"},"modified":"2016-05-19T17:12:11","modified_gmt":"2016-05-19T15:12:11","slug":"jelenia-gora-dzialka-523","status":"publish","type":"page","link":"https:\/\/old-ssemp.sowiak.dev\/?page_id=9803","title":{"rendered":"Jelenia G\u00f3ra (dzia\u0142ka 52\/3)"},"content":{"rendered":"<p><strong>Og\u0142oszenie<br \/>\nSpecjalna Strefa Ekonomiczna Ma\u0142ej Przedsi\u0119biorczo\u015bci S.A<br \/>\nz siedzib\u0105 w Kamiennej G\u00f3rze<br \/>\n58- 400 Kamienna G\u00f3ra ul. Papie\u017ca Jana Paw\u0142a II 11 a<br \/>\ntel.: (+48 75 ) 645 15 03, fax.: (+48 75) 744 20 17<\/strong><\/p>\n<p>jako Zarz\u0105dzaj\u0105cy Specjaln\u0105 Stref\u0105 Ekonomiczn\u0105 Ma\u0142ej Przedsi\u0119biorczo\u015bci S.A. w Kamiennej G\u00f3rze oraz dzia\u0142aj\u0105c na zlecenie Gminy Ostr\u00f3w Wielkopolski oraz na podstawie rozporz\u0105dzenia Ministra Gospodarki i Pracy z dnia 15 listopada 2004r. w sprawie przetarg\u00f3w i rokowa\u0144 oraz kryteri\u00f3w oceny zamierze\u0144 co do przedsi\u0119wzi\u0119\u0107 gospodarczych, kt\u00f3re maj\u0105 by\u0107 podj\u0119te przez przedsi\u0119biorc\u00f3w na terenie Specjalnej Strefy Ekonomicznej Ma\u0142ej Przedsi\u0119biorczo\u015bci S.A. w Kamiennej G\u00f3rze. (Dz. U. Nr 254, poz. 2539)<\/p>\n<p><strong>zaprasza do uczestnictwa w przetargu \u0142\u0105cznym<\/strong><\/p>\n<p>maj\u0105cym na celu wy\u0142onienie przedsi\u0119biorcy, kt\u00f3ry uzyska zezwolenie na prowadzenie dzia\u0142alno\u015bci gospodarczej na terenie Kamiennog\u00f3rskiej Specjalnej Strefy Ekonomicznej Ma\u0142ej Przedsi\u0119biorczo\u015bci, uprawniaj\u0105ce do korzystania z pomocy publicznej (\u201eZezwolenie\u201d) oraz nab\u0119dzie prawo u\u017cytkowania wieczystego Nieruchomo\u015bci opisanej w punkcie 2 poni\u017cej, na kt\u00f3rej b\u0119dzie prowadzona dzia\u0142alno\u015b\u0107 gospodarcza.<\/p>\n<p>1. W przetargu mog\u0105 uczestniczy\u0107 wy\u0142\u0105cznie przedsi\u0119biorcy zamierzaj\u0105cy podj\u0105\u0107 na terenie Kamiennog\u00f3rskiej Specjalnej Strefy Ekonomicznej Ma\u0142ej Przedsi\u0119biorczo\u015bci dzia\u0142alno\u015b\u0107 gospodarcz\u0105 na podstawie Zezwolenia, spe\u0142niaj\u0105cy wymogi okre\u015blone w ustawie z dnia 20.10.1994r. o specjalnych strefach ekonomicznych (tekst jednolity z 2007r. Dz. U. Nr 42, poz. 274) i w rozporz\u0105dzeniu Rady Ministr\u00f3w z dnia 17.11.2006r. w sprawie kamiennog\u00f3rskiej specjalnej strefy ekonomicznej (Dz. U. Nr 211, poz. 1555, z p\u00f3\u017an. zm.).<\/p>\n<p>2. W sk\u0142ad mienia obj\u0119tego przetargiem wchodzi prawo w\u0142asno\u015bci nieruchomo\u015bci (niezabudowanej) o powierzchni 5000 m2, po\u0142o\u017conej w wojew\u00f3dztwie dolno\u015bl\u0105skim, mie\u015bcie Jelenia G\u00f3ra, obr\u0119b Cieplice II, AM 5 w Podstrefie Kamienna G\u00f3ra Kamiennog\u00f3rskiej Specjalnej Strefy Ekonomicznej Ma\u0142ej Przedsi\u0119biorczo\u015bci, b\u0119d\u0105cej w\u0142asno\u015bci\u0105 Gminy Jelenia G\u00f3ra, sk\u0142adaj\u0105cej si\u0119 z dzia\u0142ki Nr 52\/3, dla kt\u00f3rej S\u0105d Rejonowy w Jeleniej G\u00f3rze prowadzi ksi\u0119g\u0119 wieczyst\u0105 Nr JG1J\/00072653\/5. Prawo w\u0142asno\u015bci b\u0119dzie zbywane w drodze przetargu zgodnie z ustaw\u0105 z dnia 21.08.1997 r. o gospodarce nieruchomo\u015bciami (t.j. Dz.U. z 2004 r. Nr 261 pz.2603 z p\u00f3\u017an.zm.).<\/p>\n<p>Prawo w\u0142asno\u015bci Nieruchomo\u015bci jest wolne od wszelkich obci\u0105\u017ce\u0144 i zobowi\u0105za\u0144 na rzecz os\u00f3b trzecich.<\/p>\n<p>Nieruchomo\u015b\u0107 obci\u0105\u017cona jest sieci\u0105 kanalizacji sanitarnej ze studzienkami, rowem melioracyjnym, studzienk\u0105 kanalizacji deszczowej. W przypadku, gdy przebiegaj\u0105ce sieci i urz\u0105dzenia wyst\u0119puj\u0105ce na nieruchomo\u015bci koliduj\u0105 z realizacj\u0105 zamierzonej inwestycji, nabywca zobowi\u0105zany jest do ich prze\u0142o\u017cenia w\u0142asnym kosztem i staraniem w uzgodnieniu z jednostkami bran\u017cowymi i w\u0142a\u015bcicielami sieci.<\/p>\n<p>3. Cena wywo\u0142awcza Nieruchomo\u015bci okre\u015blona zosta\u0142a na kwot\u0119 300.000,00 PLN (s\u0142ownie: trzysta tysi\u0119cy z\u0142otych). Podana cena jest cen\u0105 netto, do kt\u00f3rej nale\u017cy doliczy\u0107 22% VAT.<\/p>\n<p>Minimalne post\u0105pienie wynosi: 1% ceny wywo\u0142awczej nieruchomo\u015bci w zaokr\u0105gleniu do pe\u0142nych z\u0142otych tj. 3.000,00 z\u0142.<\/p>\n<p>4. Warunkiem udzia\u0142u w przetargu jest wykupienie od Specjalnej Strefy Ekonomicznej Specyfikacji istotnych warunk\u00f3w przetargu \u0142\u0105cznego (Specyfikacji) i wp\u0142acenie wadium.<\/p>\n<p>5. Wadium w pieni\u0105dzu wynosi 10 % ceny wywo\u0142awczej netto Nieruchomo\u015bci tj. 30 000 PLN (s\u0142ownie: trzydzie\u015bci tysi\u0119cy z\u0142otych) i p\u0142atne jest do dnia 01 wrze\u015bnia 2008 r. na rachunek bankowy Specjalnej Strefy Ekonomicznej Ma\u0142ej Przedsi\u0119biorczo\u015bci.<\/p>\n<p>6. Specyfikacj\u0119, kt\u00f3ra zawiera szczeg\u00f3\u0142owe warunki przetargu mo\u017cna otrzyma\u0107 codziennie \u2013 opr\u00f3cz sob\u00f3t, niedziel i \u015bwi\u0105t \u2013 w godzinach 745 \u2013 1500 w siedzibie Specjalnej Strefy Ekonomicznej Ma\u0142ej Przedsi\u0119biorczo\u015bci S.A. w Kamiennej G\u00f3rze, po wp\u0142aceniu kwoty 10.000,00 z\u0142 (s\u0142ownie: dziesi\u0119\u0107 tysi\u0119cy z\u0142otych) netto plus 22% VAT \u2013 na rachunek bankowy Specjalnej Strefy Ekonomicznej Ma\u0142ej Przedsi\u0119biorczo\u015bci nr 02 1090 1942 0000 0005 1800 9564 w BZ WBK S.A. O\/Kamienna G\u00f3ra. Nie przewiduje si\u0119 dodatkowych warunk\u00f3w przetargu, poza opisanymi w niniejszym zaproszeniu i w Specyfikacji.<\/p>\n<p>7. Dnia 16 grudnia 2003 roku Uchwa\u0142\u0105 Nr 162\/XVI\/2003 Rady Miejskiej Jeleniej G\u00f3ra uchwalony zosta\u0142 miejscowy plan zagospodarowania przestrzennego rejonu ulic Sp\u00f3\u0142dzielcza \u2013 Luba\u0144ska obejmuj\u0105cy przedmiotow\u0105 Nieruchomo\u015b\u0107. Zgodnie z planem teren ten oznaczony jest symbolem P, DG \u2013 okre\u015blanym jako przemys\u0142 i dzia\u0142alno\u015b\u0107 gospodarcza.<\/p>\n<p>8. Przedsi\u0119wzi\u0119cia gospodarcze, kt\u00f3re maj\u0105 by\u0107 podj\u0119te na terenie Kamiennog\u00f3rskiej Specjalnej Strefy Ekonomicznej Ma\u0142ej Przedsi\u0119biorczo\u015bci i okre\u015blone w ofertach podlegaj\u0105 ocenie w oparciu o kryteria zawarte w \u00a7 11 rozporz\u0105dzenia Ministra Gospodarki i Pracy z dnia 15 listopada 2004r. w sprawie przetarg\u00f3w i rokowa\u0144 oraz kryteri\u00f3w oceny zamierze\u0144 co do przedsi\u0119wzi\u0119\u0107 gospodarczych, kt\u00f3re maj\u0105 by\u0107 podj\u0119te przez przedsi\u0119biorc\u00f3w na terenie Kamiennog\u00f3rskiej Specjalnej Strefy Ekonomicznej Ma\u0142ej Przedsi\u0119biorczo\u015bci (Dz. U. Nr 254, poz. 2539).<\/p>\n<p>9. Oferty pisemne nale\u017cy sk\u0142ada\u0107 w zamkni\u0119tych kopertach w siedzibie Specjalnej Strefy Ekonomicznej Ma\u0142ej Przedsi\u0119biorczo\u015bci S.A. (w Sekretariacie) w terminie do dnia 01 wrze\u015bnia 2008 r. do godz. 1500. Spos\u00f3b przygotowania oferty okre\u015bla Specyfikacja.<\/p>\n<p>10. Otwarcie ofert nast\u0105pi w siedzibie Specjalnej Strefy Ekonomicznej Ma\u0142ej Przedsi\u0119biorczo\u015bci w dniu 05 wrze\u015bnia 2008r. o godz. 12.00.<\/p>\n<p>11. W przypadku uchylenia si\u0119 przez przedsi\u0119biorc\u0119 wy\u0142onionego w trakcie przetargu od zawarcia umowy sprzeda\u017cy, wadium nie podlega zwrotowi.<\/p>\n<p>12. Zarz\u0105dzaj\u0105cy Kamiennog\u00f3rsk\u0105 Specjaln\u0105 Stref\u0105 Ekonomiczn\u0105 Ma\u0142ej Przedsi\u0119biorczo\u015bci lub Prezydent Miasta Jelenia G\u00f3ra mog\u0105 zamkn\u0105\u0107 przetarg bez wybrania kt\u00f3rejkolwiek z ofert lub odwo\u0142a\u0107 og\u0142oszony przetarg jedynie z wa\u017cnych powod\u00f3w. W takim przypadku stosowna informacja zostanie podana do publicznej wiadomo\u015bci ze wskazaniem przyczyny odwo\u0142ania przetargu. W takim przypadku wadium podlega zwrotowi.<\/p>\n<p>13. Zarz\u0105dzaj\u0105cy Kamiennog\u00f3rsk\u0105 Specjaln\u0105 Stref\u0105 Ekonomiczn\u0105 Ma\u0142ej Przedsi\u0119biorczo\u015bci mo\u017ce uniewa\u017cni\u0107 przetarg w przypadku, gdy wyst\u0105pi istotna zmiana okoliczno\u015bci powoduj\u0105ca, \u017ce prowadzenie post\u0119powania nie le\u017cy w interesie publicznym, czego nie mo\u017cna by\u0142o wcze\u015bniej przewidzie\u0107 lub\/i gdy post\u0119powanie obarczone b\u0119dzie wad\u0105 uniemo\u017cliwiaj\u0105c\u0105 wydanie Zezwolenia lub zawarcie wa\u017cnej umowy sprzeda\u017cy Nieruchomo\u015bci. O uniewa\u017cnieniu post\u0119powania Zarz\u0105dzaj\u0105cy zawiadomi pisemnie r\u00f3wnocze\u015bnie wszystkich oferent\u00f3w podaj\u0105c uzasadnienie faktyczne i prawne.<\/p>\n<p>14. W odniesieniu do Nieruchomo\u015bci prawo pierwokupu w zakresie prawa w\u0142asno\u015bci przys\u0142uguje: Specjalnej Strefie Ekonomicznej Ma\u0142ej Przedsi\u0119biorczo\u015bci\u2013 zgodnie z art. 8 ust. 2 ustawy z dnia 20 pa\u017adziernika 1994r. o specjalnych strefach ekonomicznych (tekst jednolity z 2007r. Dz. U. Nr 42, poz. 274). Prawo pierwokupu mo\u017ce by\u0107 wykonane w terminie jednego miesi\u0105ca od daty zawiadomienia o zawarciu warunkowej umowy sprzeda\u017cy prawa w\u0142asno\u015bci Nieruchomo\u015bci.<\/p>\n<p>15. W 6-tygodniowym terminie wyznaczonym obwieszczeniem Prezydenta Miasta Jeleniej G\u00f3ry w sprawie ustalenia wykazu nieruchomo\u015bci przeznaczonych do zbycia, kt\u00f3re to obj\u0119te s\u0105 niniejszym og\u0142oszeniem, nie wp\u0142yn\u0119\u0142y \u017cadne wnioski od os\u00f3b, kt\u00f3rym przys\u0142uguje pierwsze\u0144stwo w nabyciu Nieruchomo\u015bci na podstawie art. 34 ust. 1 pkt 1 i 2 ustawy o gospodarce nieruchomo\u015bciami (tekst jednolity 2004 r. Dz. U. Nr 261, poz. 2603 ze zmianami).<\/p>\n<p>16. Nabywca nieruchomo\u015bci gruntowej zobowi\u0105zany jest do jej zagospodarowania w terminie 3 lat. Termin ten biegnie od dnia sprzeda\u017cy gruntu (akt notarialny) i obowi\u0105zuje tak\u017ce nast\u0119pc\u00f3w prawnych. Po wybudowaniu budynku zgodnie z przeznaczeniem, nabywca zobowi\u0105zany jest do jego zg\u0142oszenia do u\u017cytkowania we w\u0142a\u015bciwym Urz\u0119dzie.<\/p>\n<p>W razie niedotrzymania termin\u00f3w wy\u017cej okre\u015blonych nabywca zobowi\u0105zany jest do zap\u0142aty kar umownych w wysoko\u015bci: 10% ceny nabycia nieruchomo\u015bci gruntowej w pierwszym roku po bezskutecznym up\u0142ywie terminu jej zagospodarowania, a za ka\u017cdy nast\u0119pny rok o dalsze 10% tej ceny. Zap\u0142ata kar umownych zabezpieczona zostanie poprzez ustanowienie na nieruchomo\u015bci hipoteki kaucyjnej lub wp\u0142at\u0119 kaucji w wysoko\u015bci 20% tej ceny.<\/p>\n<p>W celu zabezpieczenia roszcze\u0144 Gminy Jelenia G\u00f3ra, kt\u00f3re mog\u0105 powsta\u0107 z tytu\u0142u niezap\u0142acenia kary umownej (dotyczy hipoteki kaucyjnej), nabywca poddaje si\u0119 rygorom egzekucji na podstawie art.777 \u00a7 1 pkt.5 k.p.c. do kwoty 20% ceny nieruchomo\u015bci na rzecz Gminy Jelenia G\u00f3ra.<\/p>\n<p>W przypadku wyboru wp\u0142aty kaucji jako formy zabezpieczenia terminu realizacji zagospodarowania nieruchomo\u015bci; w pierwszym roku po bezskutecznym up\u0142ywie terminu jej zagospodarowania nast\u0119puje przepadek 50% kwoty kaucji na rzecz Miasta (co stanowi 10% ceny nabycia nieruchomo\u015bci) a w drugim roku kolejne 50 % kwoty kaucji.<\/p>\n<p>Za ka\u017cdy nast\u0119pny rok op\u00f3\u017anienia w zagospodarowaniu nieruchomo\u015bci kara zostaje zwi\u0119kszona o kolejne 10% ceny nabycia nieruchomo\u015bci.<\/p>\n<p>Zwrot kaucji nast\u0105pi po zako\u0144czeniu zabudowy w przypadku dotrzymania wyznaczonego terminu zabudowy nieruchomo\u015bci.<\/p>\n","protected":false},"excerpt":{"rendered":"<p>Og\u0142oszenie Specjalna Strefa Ekonomiczna Ma\u0142ej Przedsi\u0119biorczo\u015bci S.A z siedzib\u0105 w Kamiennej G\u00f3rze 58- 400 Kamienna G\u00f3ra ul. Papie\u017ca Jana Paw\u0142a II 11 a tel.: (+48 75 ) 645 15 03, fax.: (+48 75) 744 20 17 jako Zarz\u0105dzaj\u0105cy Specjaln\u0105 Stref\u0105 Ekonomiczn\u0105 Ma\u0142ej Przedsi\u0119biorczo\u015bci S.A. w Kamiennej G\u00f3rze oraz dzia\u0142aj\u0105c na zlecenie Gminy Ostr\u00f3w Wielkopolski oraz [&hellip;]<\/p>\n","protected":false},"author":1,"featured_media":0,"parent":0,"menu_order":0,"comment_status":"closed","ping_status":"closed","template":"","meta":{"footnotes":""},"class_list":["post-9803","page","type-page","status-publish","hentry"],"_links":{"self":[{"href":"https:\/\/old-ssemp.sowiak.dev\/index.php?rest_route=\/wp\/v2\/pages\/9803","targetHints":{"allow":["GET"]}}],"collection":[{"href":"https:\/\/old-ssemp.sowiak.dev\/index.php?rest_route=\/wp\/v2\/pages"}],"about":[{"href":"https:\/\/old-ssemp.sowiak.dev\/index.php?rest_route=\/wp\/v2\/types\/page"}],"author":[{"embeddable":true,"href":"https:\/\/old-ssemp.sowiak.dev\/index.php?rest_route=\/wp\/v2\/users\/1"}],"replies":[{"embeddable":true,"href":"https:\/\/old-ssemp.sowiak.dev\/index.php?rest_route=%2Fwp%2Fv2%2Fcomments&post=9803"}],"version-history":[{"count":1,"href":"https:\/\/old-ssemp.sowiak.dev\/index.php?rest_route=\/wp\/v2\/pages\/9803\/revisions"}],"predecessor-version":[{"id":9813,"href":"https:\/\/old-ssemp.sowiak.dev\/index.php?rest_route=\/wp\/v2\/pages\/9803\/revisions\/9813"}],"wp:attachment":[{"href":"https:\/\/old-ssemp.sowiak.dev\/index.php?rest_route=%2Fwp%2Fv2%2Fmedia&parent=9803"}],"curies":[{"name":"wp","href":"https:\/\/api.w.org\/{rel}","templated":true}]}}