{"id":9802,"date":"2016-05-19T17:11:56","date_gmt":"2016-05-19T15:11:56","guid":{"rendered":"http:\/\/ssemp.pl\/wordpress\/?page_id=9802"},"modified":"2016-05-19T17:11:56","modified_gmt":"2016-05-19T15:11:56","slug":"ostrow-wlkp-dzialki-170-171","status":"publish","type":"page","link":"https:\/\/old-ssemp.sowiak.dev\/?page_id=9802","title":{"rendered":"Ostr\u00f3w Wlkp (dzia\u0142ki 1\/70, 1\/71)"},"content":{"rendered":"<p><strong>Specjalna Strefa Ekonomiczna Ma\u0142ej Przedsi\u0119biorczo\u015bci S.A<br \/>\nz siedzib\u0105 w Kamiennej G\u00f3rze<br \/>\n58- 400 Kamienna G\u00f3ra ul. Papie\u017ca Jana Paw\u0142a II 11 a<br \/>\ntel.: (+48 75 ) 645 15 03, fax.: (+48 75) 744 20 17<\/strong><\/p>\n<p>jako Zarz\u0105dzaj\u0105cy Specjaln\u0105 Stref\u0105 Ekonomiczn\u0105 Ma\u0142ej Przedsi\u0119biorczo\u015bci S.A. w Kamiennej G\u00f3rze oraz dzia\u0142aj\u0105c na zlecenie Gminy Ostr\u00f3w Wielkopolski oraz na podstawie rozporz\u0105dzenia Ministra Gospodarki i Pracy z dnia 15 listopada 2004r. w sprawie przetarg\u00f3w i rokowa\u0144 oraz kryteri\u00f3w oceny zamierze\u0144 co do przedsi\u0119wzi\u0119\u0107 gospodarczych, kt\u00f3re maj\u0105 by\u0107 podj\u0119te przez przedsi\u0119biorc\u00f3w na terenie Specjalnej Strefy Ekonomicznej Ma\u0142ej Przedsi\u0119biorczo\u015bci S.A. w Kamiennej G\u00f3rze (Dz. U. Nr 254, poz. 2539)<\/p>\n<p><strong><br \/>\nzaprasza do uczestnictwa w przetargu \u0142\u0105cznym<\/strong><\/p>\n<p>maj\u0105cym na celu wy\u0142onienie przedsi\u0119biorcy, kt\u00f3ry uzyska zezwolenie na prowadzenie dzia\u0142alno\u015bci gospodarczej na terenie Kamiennog\u00f3rskiej Specjalnej Strefy Ekonomicznej Ma\u0142ej Przedsi\u0119biorczo\u015bci uprawniaj\u0105ce do korzystania z pomocy publicznej (\u201eZezwolenie\u201d) oraz nab\u0119dzie prawo u\u017cytkowania wieczystego nieruchomo\u015bci opisanej w punkcie 2 poni\u017cej, na kt\u00f3rej b\u0119dzie prowadzona dzia\u0142alno\u015b\u0107 gospodarcza.(Nieruchomo\u015b\u0107)<\/p>\n<p>1. W przetargu mog\u0105 uczestniczy\u0107 wy\u0142\u0105cznie przedsi\u0119biorcy zamierzaj\u0105cy podj\u0105\u0107 na terenie Kamiennog\u00f3rskiej Specjalnej Strefy Ekonomicznej Ma\u0142ej Przedsi\u0119biorczo\u015bci dzia\u0142alno\u015b\u0107 gospodarcz\u0105 na podstawie Zezwolenia, spe\u0142niaj\u0105cy wymogi okre\u015blone w ustawie z dnia 20.10.1994r. o specjalnych strefach ekonomicznych (tekst jednolity z 2007r. Dz. U. Nr 42, poz. 274) i w rozporz\u0105dzeniu Rady Ministr\u00f3w z dnia 17.11.2006r. w sprawie kamiennog\u00f3rskiej specjalnej strefy ekonomicznej (Dz. U. Nr 211, poz. 1555, z p\u00f3\u017an. zm.).<\/p>\n<p>2. W sk\u0142ad mienia obj\u0119tego przetargiem wchodzi prawo u\u017cytkowania wieczystego nieruchomo\u015bci (niezabudowanej) o \u0142\u0105cznej powierzchni 17223 m2, po\u0142o\u017conej w wojew\u00f3dztwie wielkopolskim, powiecie ostrowskim, mie\u015bcie Ostr\u00f3w Wielkopolski, obr\u0119b 0123, w Podstrefie Ostr\u00f3w Wielkopolski Kamiennog\u00f3rskiej Specjalnej Strefy Ekonomicznej, b\u0119d\u0105cej w\u0142asno\u015bci\u0105 Skarbu Pa\u0144stwa, w u\u017cytkowaniu wieczystym gminy Miasto Ostr\u00f3w Wielkopolski, sk\u0142adaj\u0105cej si\u0119 z dzia\u0142ek Nr 1\/70 oraz Nr1\/71, dla kt\u00f3rych S\u0105d Rejonowy w Ostrowie Wielkopolskim prowadzi ksi\u0119g\u0119 wieczyst\u0105 KZ1W\/00080061\/7. Prawo u\u017cytkowania wieczystego b\u0119dzie zbywane w drodze przetargu zgodnie z ustaw\u0105 z dnia 21.08.1997 r. o gospodarce nieruchomo\u015bciami (t.j. Dz.U. z 2004 r. Nr 261 pz.2603 z p\u00f3\u017an.zm.)<\/p>\n<p>Prawo u\u017cytkowania wieczystego Nieruchomo\u015bci jest wolne od wszelkich obci\u0105\u017ce\u0144 i zobowi\u0105za\u0144 na rzecz os\u00f3b trzecich.<\/p>\n<p>3. Cena wywo\u0142awcza Nieruchomo\u015bci okre\u015blona zosta\u0142a na kwot\u0119 861.150,00 PLN (s\u0142ownie: osiemset sze\u015b\u0107dziesi\u0105t jeden tysi\u0119cy sto pi\u0119\u0107dziesi\u0105t z\u0142otych). Podana cena jest cen\u0105 netto, do kt\u00f3rej nale\u017cy doliczy\u0107 22% VAT.<\/p>\n<p>Minimalne post\u0105pienie wynosi: 1% ceny wywo\u0142awczej nieruchomo\u015bci w zaokr\u0105gleniu do pe\u0142nych z\u0142otych tj. 8.612,00 z\u0142.<\/p>\n<p>4. Warunkiem udzia\u0142u w przetargu jest wykupienie od Specjalnej Strefy Ekonomicznej Specyfikacji istotnych warunk\u00f3w przetargu \u0142\u0105cznego (Specyfikacji) i wp\u0142acenie wadium.<\/p>\n<p>5. Wadium w pieni\u0105dzu wynosi 10 % ceny wywo\u0142awczej netto Nieruchomo\u015bci tj. 86 115 PLN (s\u0142ownie: osiemdziesi\u0105t sze\u015b\u0107 tysi\u0119cy sto pi\u0119tna\u015bcie z\u0142otych) i p\u0142atne jest do dnia 10 lipca 2008 r. na rachunek bankowy Specjalnej Strefy Ekonomicznej Ma\u0142ej Przedsi\u0119biorczo\u015bci.<\/p>\n<p>6. Specyfikacj\u0119, kt\u00f3ra zawiera szczeg\u00f3\u0142owe warunki przetargu mo\u017cna otrzyma\u0107 codziennie \u2013 opr\u00f3cz sob\u00f3t, niedziel i \u015bwi\u0105t \u2013 w godzinach 745 \u2013 1500 w siedzibie Specjalnej Strefy Ekonomicznej Ma\u0142ej Przedsi\u0119biorczo\u015bci S.A. w Kamiennej G\u00f3rze, po wp\u0142aceniu kwoty 8.000,00 z\u0142 (s\u0142ownie: osiem tysi\u0119cy z\u0142otych) netto plus 22% VAT \u2013 na rachunek bankowy Specjalnej Strefy Ekonomicznej Ma\u0142ej Przedsi\u0119biorczo\u015bci nr 02109 0194 0000 0005 1800 9564 w BZ WBK S.A. O\/Kamienna G\u00f3ra. Nie przewiduje si\u0119 dodatkowych warunk\u00f3w przetargu, poza opisanymi w niniejszym zaproszeniu i w Specyfikacji.<\/p>\n<p>7. Od dnia 1 stycznia 2004 roku gmina Miasto Ostr\u00f3w Wielkopolski nie ma obowi\u0105zuj\u0105cego planu zagospodarowania przestrzennego na teren, na kt\u00f3rym po\u0142o\u017cona jest Nieruchomo\u015b\u0107. Natomiast w Studium Uwarunkowa\u0144 i Kierunk\u00f3w Zagospodarowania Przestrzennego Gminy Miasto Ostr\u00f3w Wielkopolski przyj\u0119tego Uchwa\u0142\u0105 Rady Miejskiej Ostrowa Wielkopolskiego z dnia 24 lutego 2000 roku Nr XIV\/269\/2000, teren ten oznaczony jest symbolem P \u2013 oznaczaj\u0105cym tereny, na kt\u00f3rych preferuje si\u0119 skoncentrowan\u0105 dzia\u0142alno\u015b\u0107 gospodarcz\u0105, bez prawa wznoszenia nowego mieszkalnictwa, wi\u0119ksze zak\u0142ady produkcyjne, magazyny, sk\u0142ady, bazy (w tym bazy budowlane), wi\u0119ksze zak\u0142ady naprawcze, us\u0142ugi, obiekty i urz\u0105dzenia obs\u0142ugi technicznej miasta (zw\u0142aszcza istotne w skali miasta).<\/p>\n<p>8. Przedsi\u0119wzi\u0119cia gospodarcze, kt\u00f3re maj\u0105 by\u0107 podj\u0119te na terenie Kamiennog\u00f3rskiej Specjalnej Strefy Ekonomicznej Ma\u0142ej Przedsi\u0119biorczo\u015bci i okre\u015blone w ofertach podlegaj\u0105 ocenie w oparciu o kryteria zawarte w \u00a7 11 rozporz\u0105dzenia Ministra Gospodarki i Pracy z dnia 15 listopada 2004r. w sprawie przetarg\u00f3w i rokowa\u0144 oraz kryteri\u00f3w oceny zamierze\u0144 co do przedsi\u0119wzi\u0119\u0107 gospodarczych, kt\u00f3re maj\u0105 by\u0107 podj\u0119te przez przedsi\u0119biorc\u00f3w na terenie Kamiennog\u00f3rskiej Specjalnej Strefy Ekonomicznej Ma\u0142ej Przedsi\u0119biorczo\u015bci (Dz. U. Nr 254, poz. 2539).<\/p>\n<p>9. Oferty pisemne nale\u017cy sk\u0142ada\u0107 w zamkni\u0119tych kopertach w siedzibie Specjalnej Strefy Ekonomicznej Ma\u0142ej Przedsi\u0119biorczo\u015bci S.A. (w Sekretariacie) w terminie do dnia 10 lipca 2008 r. do godz. 1500.<\/p>\n","protected":false},"excerpt":{"rendered":"<p>Specjalna Strefa Ekonomiczna Ma\u0142ej Przedsi\u0119biorczo\u015bci S.A z siedzib\u0105 w Kamiennej G\u00f3rze 58- 400 Kamienna G\u00f3ra ul. Papie\u017ca Jana Paw\u0142a II 11 a tel.: (+48 75 ) 645 15 03, fax.: (+48 75) 744 20 17 jako Zarz\u0105dzaj\u0105cy Specjaln\u0105 Stref\u0105 Ekonomiczn\u0105 Ma\u0142ej Przedsi\u0119biorczo\u015bci S.A. w Kamiennej G\u00f3rze oraz dzia\u0142aj\u0105c na zlecenie Gminy Ostr\u00f3w Wielkopolski oraz na [&hellip;]<\/p>\n","protected":false},"author":1,"featured_media":0,"parent":0,"menu_order":0,"comment_status":"closed","ping_status":"closed","template":"","meta":{"footnotes":""},"class_list":["post-9802","page","type-page","status-publish","hentry"],"_links":{"self":[{"href":"https:\/\/old-ssemp.sowiak.dev\/index.php?rest_route=\/wp\/v2\/pages\/9802","targetHints":{"allow":["GET"]}}],"collection":[{"href":"https:\/\/old-ssemp.sowiak.dev\/index.php?rest_route=\/wp\/v2\/pages"}],"about":[{"href":"https:\/\/old-ssemp.sowiak.dev\/index.php?rest_route=\/wp\/v2\/types\/page"}],"author":[{"embeddable":true,"href":"https:\/\/old-ssemp.sowiak.dev\/index.php?rest_route=\/wp\/v2\/users\/1"}],"replies":[{"embeddable":true,"href":"https:\/\/old-ssemp.sowiak.dev\/index.php?rest_route=%2Fwp%2Fv2%2Fcomments&post=9802"}],"version-history":[{"count":1,"href":"https:\/\/old-ssemp.sowiak.dev\/index.php?rest_route=\/wp\/v2\/pages\/9802\/revisions"}],"predecessor-version":[{"id":9812,"href":"https:\/\/old-ssemp.sowiak.dev\/index.php?rest_route=\/wp\/v2\/pages\/9802\/revisions\/9812"}],"wp:attachment":[{"href":"https:\/\/old-ssemp.sowiak.dev\/index.php?rest_route=%2Fwp%2Fv2%2Fmedia&parent=9802"}],"curies":[{"name":"wp","href":"https:\/\/api.w.org\/{rel}","templated":true}]}}