{"id":9801,"date":"2016-05-19T17:11:28","date_gmt":"2016-05-19T15:11:28","guid":{"rendered":"http:\/\/ssemp.pl\/wordpress\/?page_id=9801"},"modified":"2016-05-19T17:11:28","modified_gmt":"2016-05-19T15:11:28","slug":"luban-dzialki-226-227-167-24","status":"publish","type":"page","link":"https:\/\/old-ssemp.sowiak.dev\/?page_id=9801","title":{"rendered":"Luba\u0144 (dzia\u0142ki 2\/26, 2\/27, 16\/7, 2\/4)"},"content":{"rendered":"<p><strong>SPECJALNA STREFA EKONOMICZNA<br \/>\nMA\u0141EJ PRZEDSI\u0118BIORCZO\u015aCI S.A.<br \/>\nW KAMIENNEJ G\u00d3RZE<br \/>\n58-400 Kamienna G\u00f3ra, ul. Papie\u017ca Jana Paw\u0142a II 11 A<br \/>\ntel. 75 \/ 645 15 03 do 06, fax 75 \/ 744 20 17<br \/>\ne-mail:strefa@ssemp.pl www.ssemp.pl<\/strong><\/p>\n<p>jako zarz\u0105dzaj\u0105cy<br \/>\nKamiennog\u00f3rsk\u0105 Specjaln\u0105 Stref\u0105 Ekonomiczn\u0105 Ma\u0142ej Przedsi\u0119biorczo\u015bci<\/p>\n<p>na podstawie Rozporz\u0105dzenia Ministra Gospodarki i Pracy z dnia 15 listopada 2004 r. w sprawie przetarg\u00f3w i rokowa\u0144 oraz kryteri\u00f3w oceny zamierze\u0144 co do przedsi\u0119wzi\u0119\u0107 gospodarczych, kt\u00f3re maj\u0105 by\u0107 podj\u0119te przez przedsi\u0119biorc\u00f3w na terenie Kamiennog\u00f3rskiej Specjalnej Strefy Ekonomicznej Ma\u0142ej Przedsi\u0119biorczo\u015bci (Dz.U. Nr 254, poz.2539)<\/p>\n<p><strong>zaprasza do przetargu \u0142\u0105cznego<\/strong><\/p>\n<p>maj\u0105cego na celu ustalenie przedsi\u0119biorcy, kt\u00f3ry uzyska zezwolenie na prowadzenie dzia\u0142alno\u015bci gospodarczej na terenie Kamiennog\u00f3rskiej Specjalnej Strefy Ekonomicznej Ma\u0142ej Przedsi\u0119biorczo\u015bci i nab\u0119dzie prawo u\u017cytkowania wieczystego nieruchomo\u015bci wraz z prawem w\u0142asno\u015bci zabudowa\u0144 posadowionych na nieruchomo\u015bci, b\u0119d\u0105cej przedmiotem przetargu, po\u0142o\u017conej w miejscowo\u015bci Luba\u0144, na obszarze Kamiennog\u00f3rskiej Specjalnej Strefy Ekonomicznej Ma\u0142ej Przedsi\u0119biorczo\u015bci, na kt\u00f3rej b\u0119dzie prowadzona dzia\u0142alno\u015b\u0107 gospodarcza obj\u0119ta zezwoleniem.<\/p>\n<p>1.W sk\u0142ad mienia obj\u0119tego przetargiem wchodzi: prawo u\u017cytkowania wieczystego nieruchomo\u015bci o \u0142\u0105cznej powierzchni 0,5572 ha po\u0142o\u017conej w Lubaniu, powiat luba\u0144ski, wojew\u00f3dztwo dolno\u015bl\u0105skie, obr\u0119b geodezyjny IV, sk\u0142adaj\u0105cej si\u0119 z dzia\u0142ek niezabudowanych o numerach 2\/26 i 2\/27, obj\u0119tych ksi\u0119g\u0105 wieczyst\u0105 KW 25852, prowadzon\u0105 przez S\u0105d Rejonowy w Lubaniu oraz dzia\u0142ek nr 16\/7 i 2\/4 zabudowanych budynkiem o powierzchni 369 m2, obj\u0119tych ksi\u0119g\u0105 wieczyst\u0105 KW 25851, prowadzon\u0105 przez S\u0105d Rejonowy w Lubaniu oraz prawo w\u0142asno\u015bci budynku posadowionego na dzia\u0142kach 16\/7 i 2\/4, o kt\u00f3rych mowa powy\u017cej.<\/p>\n<p>Dzia\u0142ki gruntu w u\u017cytkowaniu wieczystym Specjalnej Strefy Ekonomicznej Ma\u0142ej Przedsi\u0119biorczo\u015bci S.A do dnia 05.12. 2089 r., budynek posadowiony na dzia\u0142kach 16\/7 i 2\/4 stanowi w\u0142asno\u015b\u0107 Specjalnej Strefy Ekonomicznej Ma\u0142ej Przedsi\u0119biorczo\u015bci S.A.<\/p>\n<p>2.Warunkiem udzia\u0142u w przetargu jest: wykupienie Specyfikacji Istotnych Warunk\u00f3w Przetargu \u0141\u0105cznego, wp\u0142acenie wadium, z\u0142o\u017cenie pisemnej oferty wraz z warunkami planowanego na terenie strefy przedsi\u0119wzi\u0119cia.<\/p>\n<p>3. Wysoko\u015b\u0107, formy i termin wnoszenia wadium oraz przes\u0142anki jego przepadku okre\u015bla \u201eSpecyfikacja istotnych warunk\u00f3w przetargu \u0142\u0105cznego\u201d.<\/p>\n<p>4. Specyfikacj\u0119 Istotnych Warunk\u00f3w Przetargu \u0141\u0105cznego mo\u017cna otrzyma\u0107 codziennie, opr\u00f3cz sob\u00f3t i niedziel, w godz. 8 00 &#8211; 15 30, w siedzibie Sp\u00f3\u0142ki, po okazaniu dowodu wp\u0142aty kwoty 10.000,00 PLN netto plus 22% VAT (s\u0142ownie: dziesi\u0119\u0107 tysi\u0119cy 00\/100) na rachunek bankowy Specjalnej Strefy Ekonomicznej Ma\u0142ej Przedsi\u0119biorczo\u015bci S.A. w Banku Zachodnim WBK S.A, numer rachunku 02 1090 1942 0000 0005 18009564.<\/p>\n<p>5. Oferty powinny zawiera\u0107 wszystkie elementy wymienione w &#8222;Specyfikacji Istotnych Warunk\u00f3w Przetargu \u0141\u0105cznego\u201d.<\/p>\n<p>6. Oferty i przedstawione w nich przedsi\u0119wzi\u0119cia gospodarcze podlegaj\u0105 ocenie w oparciu o kryteria zawarte w \u201eSpecyfikacji Istotnych Warunk\u00f3w Przetargu \u0141\u0105cznego\u201d i rozporz\u0105dzeniu Ministra Gospodarki i Pracy z dnia 15 listopada 2004 r. w sprawie przetarg\u00f3w i rokowa\u0144 oraz kryteri\u00f3w oceny zamierze\u0144, co do przedsi\u0119wzi\u0119\u0107 gospodarczych, kt\u00f3re maj\u0105 by\u0107 podj\u0119te przez przedsi\u0119biorc\u00f3w na terenie Kamiennog\u00f3rskiej Specjalnej Strefy Ekonomicznej Ma\u0142ej Przedsi\u0119biorczo\u015bci (Dz.U. Nr 254, poz.2539).<\/p>\n<p>7. Oferty nale\u017cy sk\u0142ada\u0107 w trwale zamkni\u0119tej kopercie w siedzibie Specjalnej Strefy Ekonomicznej Ma\u0142ej Przedsi\u0119biorczo\u015bci S.A. ul. Papie\u017ca Jana Paw\u0142a II 11 A (w sekretariacie) codzienne opr\u00f3cz sob\u00f3t i niedziel w godz. od 8.00 do 15.30. Ostateczny termin z\u0142o\u017cenia oferty up\u0142ywa w dniu 20.12. 2007 r. o godz. 15.00.<\/p>\n<p>8. Komisyjne otwarcie ofert nast\u0105pi w siedzibie Specjalnej Strefy Ekonomicznej Ma\u0142ej Przedsi\u0119biorczo\u015bci S.A. w dniu 21.12.2007 r. o godz. 12.00.<\/p>\n<p>9. Informacji na temat przetargu \u0142\u0105cznego oraz \u201eSpecyfikacji Istotnych Warunk\u00f3w Przetargu \u0141\u0105cznego, udziela si\u0119 w siedzibie Specjalnej Strefy Ekonomicznej Ma\u0142ej Przedsi\u0119biorczo\u015bci S.A. w Kamiennej G\u00f3rze lub telefonicznie pod numerem (075) 645 15 03.<\/p>\n<p>10. Specjalna Strefa Ekonomiczna Ma\u0142ej Przedsi\u0119biorczo\u015bci S.A. zastrzega sobie prawo odst\u0105pienia od przetargu, gdy wyst\u0105pi istotna zmiana okoliczno\u015bci powoduj\u0105ca, \u017ce prowadzenie post\u0119powania nie le\u017cy w interesie publicznym, czego nie mo\u017cna by\u0142o wcze\u015bniej przewidzie\u0107 lub\/i gdy post\u0119powanie obarczone jest wad\u0105 uniemo\u017cliwiaj\u0105c\u0105 wydanie zezwolenia. O uniewa\u017cnieniu post\u0119powania SSEMP S.A. powiadomi pisemnie r\u00f3wnocze\u015bnie wszystkich oferent\u00f3w, podaj\u0105c uzasadnienie faktyczne i prawne.<\/p>\n","protected":false},"excerpt":{"rendered":"<p>SPECJALNA STREFA EKONOMICZNA MA\u0141EJ PRZEDSI\u0118BIORCZO\u015aCI S.A. W KAMIENNEJ G\u00d3RZE 58-400 Kamienna G\u00f3ra, ul. Papie\u017ca Jana Paw\u0142a II 11 A tel. 75 \/ 645 15 03 do 06, fax 75 \/ 744 20 17 e-mail:strefa@ssemp.pl www.ssemp.pl jako zarz\u0105dzaj\u0105cy Kamiennog\u00f3rsk\u0105 Specjaln\u0105 Stref\u0105 Ekonomiczn\u0105 Ma\u0142ej Przedsi\u0119biorczo\u015bci na podstawie Rozporz\u0105dzenia Ministra Gospodarki i Pracy z dnia 15 listopada 2004 [&hellip;]<\/p>\n","protected":false},"author":1,"featured_media":0,"parent":0,"menu_order":0,"comment_status":"closed","ping_status":"closed","template":"","meta":{"footnotes":""},"class_list":["post-9801","page","type-page","status-publish","hentry"],"_links":{"self":[{"href":"https:\/\/old-ssemp.sowiak.dev\/index.php?rest_route=\/wp\/v2\/pages\/9801","targetHints":{"allow":["GET"]}}],"collection":[{"href":"https:\/\/old-ssemp.sowiak.dev\/index.php?rest_route=\/wp\/v2\/pages"}],"about":[{"href":"https:\/\/old-ssemp.sowiak.dev\/index.php?rest_route=\/wp\/v2\/types\/page"}],"author":[{"embeddable":true,"href":"https:\/\/old-ssemp.sowiak.dev\/index.php?rest_route=\/wp\/v2\/users\/1"}],"replies":[{"embeddable":true,"href":"https:\/\/old-ssemp.sowiak.dev\/index.php?rest_route=%2Fwp%2Fv2%2Fcomments&post=9801"}],"version-history":[{"count":1,"href":"https:\/\/old-ssemp.sowiak.dev\/index.php?rest_route=\/wp\/v2\/pages\/9801\/revisions"}],"predecessor-version":[{"id":9811,"href":"https:\/\/old-ssemp.sowiak.dev\/index.php?rest_route=\/wp\/v2\/pages\/9801\/revisions\/9811"}],"wp:attachment":[{"href":"https:\/\/old-ssemp.sowiak.dev\/index.php?rest_route=%2Fwp%2Fv2%2Fmedia&parent=9801"}],"curies":[{"name":"wp","href":"https:\/\/api.w.org\/{rel}","templated":true}]}}