{"id":9680,"date":"2016-05-19T16:38:01","date_gmt":"2016-05-19T14:38:01","guid":{"rendered":"http:\/\/ssemp.pl\/wordpress\/?page_id=9680"},"modified":"2016-05-19T16:38:01","modified_gmt":"2016-05-19T14:38:01","slug":"gryfow-slaski","status":"publish","type":"page","link":"https:\/\/old-ssemp.sowiak.dev\/?page_id=9680","title":{"rendered":"Gryf\u00f3w \u015al\u0105ski"},"content":{"rendered":"<p><strong>SPECJALNA STREFA EKONOMICZNA<br \/>\nMA\u0141EJ PRZEDSI\u0118BIORCZO\u015aCI S.A.<br \/>\nW KAMIENNEJ G\u00d3RZE<\/strong><\/p>\n<p>58-400 Kamienna G\u00f3ra, ul. Papie\u017ca Jana Paw\u0142a II 11 A<br \/>\ntel. 75 \/ 645 15 03 do 06, fax 75 \/ 744 20 17<br \/>\ne-mail:strefa@ssemp.pl www.ssemp.pl<\/p>\n<p>jako zarz\u0105dzaj\u0105cy<br \/>\n<strong><br \/>\nKamiennog\u00f3rsk\u0105 Specjaln\u0105 Stref\u0105 Ekonomiczn\u0105 Ma\u0142ej Przedsi\u0119biorczo\u015bci<\/strong><\/p>\n<p>na podstawie Rozporz\u0105dzenia Ministra Gospodarki i Pracy z dnia 15 listopada 2004 r. w sprawie przetarg\u00f3w i rokowa\u0144 oraz kryteri\u00f3w oceny zamierze\u0144 co do przedsi\u0119wzi\u0119\u0107 gospodarczych, kt\u00f3re maj\u0105 by\u0107 podj\u0119te przez przedsi\u0119biorc\u00f3w na terenie Kamiennog\u00f3rskiej Specjalnej Strefy Ekonomicznej Ma\u0142ej Przedsi\u0119biorczo\u015bci (Dz.U. Nr 254, poz.2539) oraz na podstawie Koncepcji rozwoju specjalnych stref ekonomicznych, dokumentu przyj\u0119tego przez Rad\u0119 Ministr\u00f3w dnia 27 stycznia 2009 r. (dokument dost\u0119pny na www.ssemp.pl, zak\u0142adka &#8211; Akty prawne)<\/p>\n<p><strong>zaprasza do rokowa\u0144<\/strong><\/p>\n<p>maj\u0105cych na celu wy\u0142onienie przedsi\u0119biorcy, kt\u00f3ry uzyska zezwolenie na prowadzenie dzia\u0142alno\u015bci gospodarczej na terenie Kamiennog\u00f3rskiej Specjalnej Strefy Ekonomicznej Ma\u0142ej Przedsi\u0119biorczo\u015bci uprawniaj\u0105ce do korzystania z pomocy publicznej (\u201eZezwolenie\u201d)<\/p>\n<p>1. Zaproszenie skierowane jest do przedsi\u0119biorc\u00f3w, kt\u00f3rzy posiadaj\u0105 udokumentowane prawo do dysponowania nieruchomo\u015bci\u0105 po\u0142o\u017con\u0105 na terenie Kamiennog\u00f3rskiej Specjalnej Strefy Ekonomicznej Ma\u0142ej Przedsi\u0119biorczo\u015bci, Podstrefa Gryf\u00f3w \u015al\u0105ski i zamierzaj\u0105 prowadzi\u0107 dzia\u0142alno\u015b\u0107 gospodarcz\u0105 na podstawie zezwolenia.<\/p>\n<p>2. Warunkiem udzia\u0142u w rokowaniach jest:<\/p>\n<p>&#8211; wykupienie od SSEMP. S.A Specyfikacji Istotnych Warunk\u00f3w Rokowa\u0144,<br \/>\n&#8211; z\u0142o\u017cenie pisemnej oferty wraz z warunkami przedsi\u0119wzi\u0119cia gospodarczego planowanego na terenie kamiennog\u00f3rskiej specjalnej strefy ekonomicznej ma\u0142ej przedsi\u0119biorczo\u015bci.<\/p>\n<p>3. Szczeg\u00f3\u0142owe informacje o zasadach i warunkach rokowa\u0144, w tym o warunkach udzielenia Zezwolenia zawiera \u201eSpecyfikacja Istotnych Warunk\u00f3w Rokowa\u0144\u201d.<\/p>\n<p>4. \u201eSpecyfikacj\u0119 Istotnych Warunk\u00f3w Rokowa\u0144&#8221; mo\u017cna otrzyma\u0107 codziennie, opr\u00f3cz sob\u00f3t i niedziel, w godz. 8 00 &#8211; 15 30, w siedzibie Sp\u00f3\u0142ki, po okazaniu dowodu wp\u0142aty kwoty 10.000,00 PLN netto plus 22% VAT (s\u0142ownie: dziesi\u0119\u0107 tysi\u0119cy 00\/100) na rachunek bankowy Specjalnej Strefy Ekonomicznej Ma\u0142ej Przedsi\u0119biorczo\u015bci w Banku Zachodnim WBK S.A, numer rachunku 02 1090 1942 0000 0005 1800 9564.<\/p>\n<p>5. Oferty powinny zawiera\u0107 wszystkie elementy wymienione w &#8222;Specyfikacji Istotnych Warunk\u00f3w Rokowa\u0144\u201d.<\/p>\n<p>6. Oferty i przedstawione w nich przedsi\u0119wzi\u0119cia gospodarcze podlegaj\u0105 ocenie w oparciu o kryteria zawarte w \u201eSpecyfikacji Istotnych Warunk\u00f3w Rokowa\u0144\u201d, Rozporz\u0105dzeniu Ministra Gospodarki i Pracy z dnia 15 listopada 2004 r. w sprawie przetarg\u00f3w i rokowa\u0144 oraz kryteri\u00f3w oceny zamierze\u0144 co do przedsi\u0119wzi\u0119\u0107 gospodarczych, kt\u00f3re maj\u0105 by\u0107 podj\u0119te przez przedsi\u0119biorc\u00f3w na terenie Kamiennog\u00f3rskiej Specjalnej Strefy Ekonomicznej Ma\u0142ej Przedsi\u0119biorczo\u015bci (Dz.U. Nr 254, poz.2539), Koncepcji rozwoju specjalnych stref ekonomicznych, dokumentu przyj\u0119tego przez Rad\u0119 Ministr\u00f3w dnia 27 stycznia 2009 r. oraz kryterium, o kt\u00f3rym mowa w art. 5 ust. 3 pkt. 2 ustawy o specjalnych strefach ekonomicznych z dnia 20. 10.1994 r. (Dz.U. z 2007 r. Nr 42, poz. 274 z p\u00f3\u017a\u0144. zm.) i \u00a7 3 Rozporz\u0105dzenia Rady Ministr\u00f3w z dnia 10 grudnia 2008 r. w sprawie kryteri\u00f3w, kt\u00f3rych spe\u0142nienie umo\u017cliwia obj\u0119cie niekt\u00f3rych grunt\u00f3w specjaln\u0105 stref\u0105 ekonomiczn\u0105 (Dz. U. Nr 224, poz. 1477).<\/p>\n<p>7. Oferty nale\u017cy sk\u0142ada\u0107 w trwale zamkni\u0119tej kopercie w siedzibie Specjalnej Strefy Ekonomicznej Ma\u0142ej Przedsi\u0119biorczo\u015bci S.A. ul. Papie\u017ca Jana Paw\u0142a II 11 A ( w sekretariacie) w Kamiennej G\u00f3rze codzienne opr\u00f3cz sob\u00f3t i niedziel w godz. od 8.00 do 15.30. Ostateczny termin z\u0142o\u017cenia oferty up\u0142ywa w dniu 05.10.2009 roku o godz. 15.00. Spos\u00f3b przygotowania oferty okre\u015bla \u201eSpecyfikacja Istotnych Warunk\u00f3w Rokowa\u0144\u201d.<\/p>\n<p>8. Komisyjne otwarcie ofert nast\u0105pi w siedzibie Specjalnej Strefy Ekonomicznej Ma\u0142ej Przedsi\u0119biorczo\u015bci S.A. w dniu 06.10.2009 r. o godz. 10.00.<\/p>\n<p>9. Informacji na temat rokowa\u0144 oraz \u201eSpecyfikacji Istotnych Warunk\u00f3w Rokowa\u0144, udziela si\u0119 w siedzibie Specjalnej Strefy Ekonomicznej Ma\u0142ej Przedsi\u0119biorczo\u015bci S.A. w Kamiennej G\u00f3rze lub telefonicznie pod numerem (075) 645 15 03.<\/p>\n<p>10. Specjalna Strefa Ekonomiczna Ma\u0142ej Przedsi\u0119biorczo\u015bci S.A. zastrzega sobie prawo odst\u0105pienia od rokowa\u0144, gdy wyst\u0105pi istotna zmiana okoliczno\u015bci powoduj\u0105ca, \u017ce prowadzenie post\u0119powania nie le\u017cy w interesie publicznym, czego nie mo\u017cna by\u0142o wcze\u015bniej przewidzie\u0107 lub\/i gdy post\u0119powanie obarczone jest wad\u0105 uniemo\u017cliwiaj\u0105c\u0105 wydanie zezwolenia. O uniewa\u017cnieniu post\u0119powania SSEMP S.A. powiadomi pisemnie r\u00f3wnocze\u015bnie wszystkich oferent\u00f3w, podaj\u0105c uzasadnienie faktyczne i prawne.<\/p>\n","protected":false},"excerpt":{"rendered":"<p>SPECJALNA STREFA EKONOMICZNA MA\u0141EJ PRZEDSI\u0118BIORCZO\u015aCI S.A. W KAMIENNEJ G\u00d3RZE 58-400 Kamienna G\u00f3ra, ul. Papie\u017ca Jana Paw\u0142a II 11 A tel. 75 \/ 645 15 03 do 06, fax 75 \/ 744 20 17 e-mail:strefa@ssemp.pl www.ssemp.pl jako zarz\u0105dzaj\u0105cy Kamiennog\u00f3rsk\u0105 Specjaln\u0105 Stref\u0105 Ekonomiczn\u0105 Ma\u0142ej Przedsi\u0119biorczo\u015bci na podstawie Rozporz\u0105dzenia Ministra Gospodarki i Pracy z dnia 15 listopada 2004 [&hellip;]<\/p>\n","protected":false},"author":1,"featured_media":0,"parent":0,"menu_order":0,"comment_status":"closed","ping_status":"closed","template":"","meta":{"footnotes":""},"class_list":["post-9680","page","type-page","status-publish","hentry"],"_links":{"self":[{"href":"https:\/\/old-ssemp.sowiak.dev\/index.php?rest_route=\/wp\/v2\/pages\/9680","targetHints":{"allow":["GET"]}}],"collection":[{"href":"https:\/\/old-ssemp.sowiak.dev\/index.php?rest_route=\/wp\/v2\/pages"}],"about":[{"href":"https:\/\/old-ssemp.sowiak.dev\/index.php?rest_route=\/wp\/v2\/types\/page"}],"author":[{"embeddable":true,"href":"https:\/\/old-ssemp.sowiak.dev\/index.php?rest_route=\/wp\/v2\/users\/1"}],"replies":[{"embeddable":true,"href":"https:\/\/old-ssemp.sowiak.dev\/index.php?rest_route=%2Fwp%2Fv2%2Fcomments&post=9680"}],"version-history":[{"count":1,"href":"https:\/\/old-ssemp.sowiak.dev\/index.php?rest_route=\/wp\/v2\/pages\/9680\/revisions"}],"predecessor-version":[{"id":9690,"href":"https:\/\/old-ssemp.sowiak.dev\/index.php?rest_route=\/wp\/v2\/pages\/9680\/revisions\/9690"}],"wp:attachment":[{"href":"https:\/\/old-ssemp.sowiak.dev\/index.php?rest_route=%2Fwp%2Fv2%2Fmedia&parent=9680"}],"curies":[{"name":"wp","href":"https:\/\/api.w.org\/{rel}","templated":true}]}}