{"id":9656,"date":"2016-05-18T18:56:25","date_gmt":"2016-05-18T16:56:25","guid":{"rendered":"http:\/\/ssemp.pl\/wordpress\/?page_id=9656"},"modified":"2022-01-17T17:32:32","modified_gmt":"2022-01-17T16:32:32","slug":"o-klastrze","status":"publish","type":"page","link":"https:\/\/old-ssemp.sowiak.dev\/?page_id=9656","title":{"rendered":"O klastrze"},"content":{"rendered":"<p>[vc_row][vc_column][vc_separator border_width=&#8221;3&#8243;][vc_column_text]<\/p>\n<p style=\"text-align: justify;\"><a href=\"https:\/\/www.facebook.com\/szkolnictwozawodowe\/\"><img loading=\"lazy\" decoding=\"async\" class=\"aligncenter wp-image-11971 \" src=\"https:\/\/old-ssemp.sowiak.dev\/wordpress\/wp-content\/uploads\/2016\/05\/fanpage-klastrowy.png\" alt=\"fanpage klastrowy\" width=\"607\" height=\"509\" srcset=\"https:\/\/old-ssemp.sowiak.dev\/wp-content\/uploads\/2016\/05\/fanpage-klastrowy.png 940w, https:\/\/old-ssemp.sowiak.dev\/wp-content\/uploads\/2016\/05\/fanpage-klastrowy-300x251.png 300w, https:\/\/old-ssemp.sowiak.dev\/wp-content\/uploads\/2016\/05\/fanpage-klastrowy-768x644.png 768w\" sizes=\"auto, (max-width: 607px) 100vw, 607px\" \/><\/a><\/p>\n<hr \/>\n<p><strong>Misja Klastra Edukacyjnego<\/strong><\/p>\n<p>Klaster edukacyjny KSSEMP b\u0119dzie realizowa\u0142 zadania na rzecz rozwoju sytemu kszta\u0142cenia zawodowego w Polsce. Stale b\u0119dzie si\u0119\u00a0 rozwija\u0107 i doskonali\u0107, reagowa\u0107 na zmiany zachodz\u0105ce w \u015bwiecie, w Polsce i w regionie w szczeg\u00f3lno\u015bci na regionalnym rynku pracy.<\/p>\n<p>Celem strategicznym klastra jest inicjowanie wsp\u00f3\u0142pracy szk\u00f3\u0142 z pracodawcami , tworzenie sieci partner\u00f3w dzia\u0142aj\u0105cych w sferze edukacji.<\/p>\n<p>Zapraszamy strefowych inwestor\u00f3w do wzi\u0119cia udzia\u0142u w ankiecie badaj\u0105cej potrzeby kadrowe pracodawc\u00f3w. Przedmiotowa ankieta ma na celu zdefiniowanie po\u017c\u0105danych przez przedsi\u0119biorc\u00f3w kwalifikacji zawodowych i umiej\u0119tno\u015bci posiadanych przez uczni\u00f3w szk\u00f3\u0142 bran\u017cowych i technicznych. Liczymy, \u017ce zebrane dzi\u0119ki Pa\u0144stwu informacje pozwol\u0105 lepiej dostosowa\u0107 kszta\u0142cenie zawodowe pod k\u0105tem realnych oczekiwa\u0144 pracodawc\u00f3w.[\/vc_column_text][vc_separator border_width=&#8221;3&#8243;][vc_empty_space][\/vc_column][\/vc_row][vc_row][vc_column width=&#8221;1\/2&#8243;][vc_column_text css_animation=&#8221;appear&#8221;]<strong><img loading=\"lazy\" decoding=\"async\" class=\"alignnone size-full wp-image-9658\" src=\"https:\/\/old-ssemp.sowiak.dev\/wordpress\/wp-content\/uploads\/2016\/05\/klaster-1.jpg\" alt=\"klaster-1\" width=\"900\" height=\"244\" srcset=\"https:\/\/old-ssemp.sowiak.dev\/wp-content\/uploads\/2016\/05\/klaster-1.jpg 900w, https:\/\/old-ssemp.sowiak.dev\/wp-content\/uploads\/2016\/05\/klaster-1-300x81.jpg 300w, https:\/\/old-ssemp.sowiak.dev\/wp-content\/uploads\/2016\/05\/klaster-1-768x208.jpg 768w\" sizes=\"auto, (max-width: 900px) 100vw, 900px\" \/><\/strong><\/p>\n<p style=\"text-align: justify;\"><strong>Kamiennog\u00f3rska Specjalna Strefa Ekonomiczna Ma\u0142ej Przedsi\u0119biorczo\u015bci<\/strong> pragnie w\u0142\u0105czy\u0107 si\u0119 w rozw\u00f3j systemu kszta\u0142cenia zawodowego w Polsce.<\/p>\n<p style=\"text-align: justify;\">W ramach pracy klastra edukacyjnego Kamiennog\u00f3rskiej Specjalnej Strefy Ekonomicznej Ma\u0142ej Przedsi\u0119biorczo\u015bci\u00a0 priorytetowym dzia\u0142aniem b\u0119dzie \u0142\u0105czenie potencja\u0142u gospodarczego, edukacyjnego i naukowego ze szczeg\u00f3lnym uwzgl\u0119dnieniem szkolnictwa zawodowego zar\u00f3wno dla potrzeb gospodarki, jak i lokalnego rynku pracy.<\/p>\n<p style=\"text-align: justify;\">Klaster edukacyjny KSSEMP b\u0119dzie aktywnie wspiera\u0107\u00a0wielop\u0142aszczyznow\u0105 wsp\u00f3\u0142prac\u0119 mi\u0119dzy szko\u0142ami bran\u017cowymi i technikami a przedsi\u0119biorcami. Chcemy promowa\u0107 firmy strefowe , szkolnictwo zawodowe ze szczeg\u00f3lnym wsparciem dla kszta\u0142cenia dualnego, popularyzowa\u0107 zawody niezb\u0119dne dla lokalnego rynku pracy.<\/p>\n<p><b><img loading=\"lazy\" decoding=\"async\" class=\"alignnone size-full wp-image-9659\" src=\"https:\/\/old-ssemp.sowiak.dev\/wordpress\/wp-content\/uploads\/2016\/05\/klaster-2.jpg\" alt=\"klaster-2\" width=\"900\" height=\"244\" srcset=\"https:\/\/old-ssemp.sowiak.dev\/wp-content\/uploads\/2016\/05\/klaster-2.jpg 900w, https:\/\/old-ssemp.sowiak.dev\/wp-content\/uploads\/2016\/05\/klaster-2-300x81.jpg 300w, https:\/\/old-ssemp.sowiak.dev\/wp-content\/uploads\/2016\/05\/klaster-2-768x208.jpg 768w\" sizes=\"auto, (max-width: 900px) 100vw, 900px\" \/><\/b><\/p>\n<p style=\"text-align: justify;\">Pragniemy przeprowadzi\u0107 weryfikacj\u0119 i analiz\u0119 potrzeb pracodawc\u00f3w w zakresie zapotrzebowania na odpowiednio wykwalifikowanych pracownik\u00f3w oraz informowa\u0107 \u015brodowisko edukacyjne o potrzebie dostosowania oferty edukacyjnej kszta\u0142cenia zawodowego do potrzeb zmieniaj\u0105cego si\u0119 rynku pracy.<\/p>\n<p style=\"text-align: justify;\">Proponujemy wsp\u00f3\u0142prac\u0119 inwestorom przy nawi\u0105zaniu porozumie\u0144 ze szko\u0142ami ponadgimnazjalnymi w zakresie organizacji sta\u017cy i praktyk dla uczni\u00f3w w firmach strefowych, tworzeniu klas patronackich, przy organizacji konferencji po\u015bwi\u0119conych kszta\u0142ceniu zawodowemu, konkurs\u00f3w zawodoznawczych, wizyt studyjnych dla uczni\u00f3w w firmach strefowych, czy podejmowaniu wsp\u00f3lnych przedsi\u0119wzi\u0119\u0107 maj\u0105cych na celu podnoszenie kompetencji i umiej\u0119tno\u015bci zawodowych uczni\u00f3w niezb\u0119dnych na stale zmieniaj\u0105cym si\u0119 rynku pracy.<\/p>\n<p>[\/vc_column_text][\/vc_column][vc_column width=&#8221;1\/2&#8243;][vc_column_text css_animation=&#8221;appear&#8221;]<strong><img loading=\"lazy\" decoding=\"async\" class=\"alignnone size-full wp-image-9661\" src=\"https:\/\/old-ssemp.sowiak.dev\/wordpress\/wp-content\/uploads\/2016\/05\/klaster-4.jpg\" alt=\"klaster-4\" width=\"900\" height=\"244\" srcset=\"https:\/\/old-ssemp.sowiak.dev\/wp-content\/uploads\/2016\/05\/klaster-4.jpg 900w, https:\/\/old-ssemp.sowiak.dev\/wp-content\/uploads\/2016\/05\/klaster-4-300x81.jpg 300w, https:\/\/old-ssemp.sowiak.dev\/wp-content\/uploads\/2016\/05\/klaster-4-768x208.jpg 768w\" sizes=\"auto, (max-width: 900px) 100vw, 900px\" \/><\/strong><\/p>\n<p style=\"text-align: justify;\">Dodatkowym dzia\u0142aniem podejmowanym przez klaster strefowy jest szeroka wsp\u00f3\u0142praca z nauczycielami teoretycznych i praktycznych przedmiot\u00f3w zawodowych w zakresie modyfikacji program\u00f3w praktycznej nauki zawodu i praktyk zawodowych w celu podniesienia jako\u015bci kszta\u0142cenia oraz organizacji doskonalenia zawodowego kadry pedagogicznej z zakresu nowoczesnych metod, technik i technologii stosowanych w przedsi\u0119biorstwach.<\/p>\n<p style=\"text-align: justify;\">Klaster strefowy b\u0119dzie promowa\u0142 dobre praktyki i innowacyjne formy wsp\u00f3\u0142pracy. Powstanie sie\u0107 bran\u017cowych zak\u0142ad\u00f3w pracy , w kt\u00f3rych uczniowie szk\u00f3\u0142 ponadgimnazjalnych prowadz\u0105cych kszta\u0142cenie zawodowe b\u0119d\u0105 odbywa\u0107 kszta\u0142cenie praktyczne.<\/p>\n<p style=\"text-align: justify;\"><b><img loading=\"lazy\" decoding=\"async\" class=\"alignnone size-full wp-image-9660\" src=\"https:\/\/old-ssemp.sowiak.dev\/wordpress\/wp-content\/uploads\/2016\/05\/klaster-3.jpg\" alt=\"klaster-3\" width=\"900\" height=\"244\" srcset=\"https:\/\/old-ssemp.sowiak.dev\/wp-content\/uploads\/2016\/05\/klaster-3.jpg 900w, https:\/\/old-ssemp.sowiak.dev\/wp-content\/uploads\/2016\/05\/klaster-3-300x81.jpg 300w, https:\/\/old-ssemp.sowiak.dev\/wp-content\/uploads\/2016\/05\/klaster-3-768x208.jpg 768w\" sizes=\"auto, (max-width: 900px) 100vw, 900px\" \/><\/b><\/p>\n<p style=\"text-align: justify;\">Wszystkie wskazane dzia\u0142ania maj\u0105 na celu wypracowa\u0107 d\u0142ugofalow\u0105 strategi\u0119 wsp\u00f3\u0142pracy mi\u0119dzy przedsi\u0119biorcami a instytucjami edukacyjnymi odno\u015bnie definiowania kierunk\u00f3w oraz form kszta\u0142cenia zawodowego zgodnie z bie\u017c\u0105cym zapotrzebowaniem na rynku pracy.<\/p>\n<p style=\"text-align: justify;\">W efekcie podj\u0119tych dzia\u0142a\u0144 przedstawiona zostanie oferta edukacyjna szk\u00f3\u0142 adekwatna do potrzeb gospodarki rynkowej, a w konsekwencji dobrze wykszta\u0142cony absolwent szko\u0142y zawodowej, przygotowany do wykonywania zawodu oraz elastycznie reaguj\u0105cy na zmieniaj\u0105ce si\u0119 potrzeby rynku pracy dopasowany zar\u00f3wno do aktualnych, jak i przysz\u0142ych potrzeb rynku pracy.<\/p>\n<p>[\/vc_column_text][\/vc_column][\/vc_row][vc_row][vc_column][vc_btn title=&#8221;Deklaracja przyst\u0105pienia do Klastra Edukacyjnego SSEMP S.A.&#8221; style=&#8221;3d&#8221; shape=&#8221;round&#8221; color=&#8221;primary&#8221; size=&#8221;lg&#8221; align=&#8221;center&#8221; link=&#8221;url:http%3A%2F%2Fssemp.pl%2Fwordpress%2Fwp-content%2Fuploads%2F2016%2F05%2FNowa-deklaracja.pdf||target:%20_blank&#8221;][vc_btn title=&#8221;Regulamin Strefowego Klastra Edukacyjnego SSEMP S.A. w Kamiennej G\u00f3rze&#8221; style=&#8221;3d&#8221; shape=&#8221;round&#8221; color=&#8221;primary&#8221; size=&#8221;lg&#8221; align=&#8221;center&#8221; link=&#8221;url:http%3A%2F%2Fssemp.pl%2Fwordpress%2Fwp-content%2Fuploads%2F2016%2F05%2FRegulamin-SKE-2019-AKTUEL.pdf||target:%20_blank&#8221;][vc_separator][\/vc_column][\/vc_row][vc_row][vc_column][\/vc_column][\/vc_row]<\/p>\n","protected":false},"excerpt":{"rendered":"<p>[vc_row][vc_column][vc_separator border_width=&#8221;3&#8243;][vc_column_text] Misja Klastra Edukacyjnego Klaster edukacyjny KSSEMP b\u0119dzie realizowa\u0142 zadania na rzecz rozwoju sytemu kszta\u0142cenia zawodowego w Polsce. Stale b\u0119dzie si\u0119\u00a0 rozwija\u0107 i doskonali\u0107, reagowa\u0107 na zmiany zachodz\u0105ce w \u015bwiecie, w Polsce i w regionie w szczeg\u00f3lno\u015bci na regionalnym rynku pracy. Celem strategicznym klastra jest inicjowanie wsp\u00f3\u0142pracy szk\u00f3\u0142 z pracodawcami , tworzenie sieci partner\u00f3w [&hellip;]<\/p>\n","protected":false},"author":1,"featured_media":0,"parent":0,"menu_order":0,"comment_status":"closed","ping_status":"closed","template":"","meta":{"footnotes":""},"class_list":["post-9656","page","type-page","status-publish","hentry"],"_links":{"self":[{"href":"https:\/\/old-ssemp.sowiak.dev\/index.php?rest_route=\/wp\/v2\/pages\/9656","targetHints":{"allow":["GET"]}}],"collection":[{"href":"https:\/\/old-ssemp.sowiak.dev\/index.php?rest_route=\/wp\/v2\/pages"}],"about":[{"href":"https:\/\/old-ssemp.sowiak.dev\/index.php?rest_route=\/wp\/v2\/types\/page"}],"author":[{"embeddable":true,"href":"https:\/\/old-ssemp.sowiak.dev\/index.php?rest_route=\/wp\/v2\/users\/1"}],"replies":[{"embeddable":true,"href":"https:\/\/old-ssemp.sowiak.dev\/index.php?rest_route=%2Fwp%2Fv2%2Fcomments&post=9656"}],"version-history":[{"count":27,"href":"https:\/\/old-ssemp.sowiak.dev\/index.php?rest_route=\/wp\/v2\/pages\/9656\/revisions"}],"predecessor-version":[{"id":16744,"href":"https:\/\/old-ssemp.sowiak.dev\/index.php?rest_route=\/wp\/v2\/pages\/9656\/revisions\/16744"}],"wp:attachment":[{"href":"https:\/\/old-ssemp.sowiak.dev\/index.php?rest_route=%2Fwp%2Fv2%2Fmedia&parent=9656"}],"curies":[{"name":"wp","href":"https:\/\/api.w.org\/{rel}","templated":true}]}}