{"id":9553,"date":"2016-05-17T00:02:06","date_gmt":"2016-05-16T22:02:06","guid":{"rendered":"http:\/\/ssemp.pl\/wordpress\/?page_id=9553"},"modified":"2016-05-17T00:02:06","modified_gmt":"2016-05-16T22:02:06","slug":"brak-ofert-28-01-2016r","status":"publish","type":"page","link":"https:\/\/old-ssemp.sowiak.dev\/?page_id=9553","title":{"rendered":"Brak ofert &#8211; 28.01.2016r"},"content":{"rendered":"<p><center><strong>INFORMACJA O KWALIFIKACJI DO PRZETARGU \u0141\u0104CZNEGO<\/strong><strong>z dnia 28 stycznia 2016 roku<\/strong><\/p>\n<p>(dotyczy zaproszenia do przetargu \u0142\u0105cznego og\u0142oszonego dnia 20 listopada 2015 r.)<\/p>\n<p><\/center>Komisja ds. przetargu \u0142\u0105cznego powo\u0142ana Zarz\u0105dzeniem Prezesa Zarz\u0105du Specjalnej Strefy Ekonomicznej Ma\u0142ej Przedsi\u0119biorczo\u015bci S.A. Nr 02\/2016 z dnia 25 stycznia 2016 r. informuje, \u017ce w wyniku kwalifikacji do uczestnictwa w przetargu \u0142\u0105cznym maj\u0105cym na celu ustalenie przedsi\u0119biorcy, kt\u00f3ry uzyska zezwolenie na prowadzenie dzia\u0142alno\u015bci gospodarczej i nab\u0119dzie prawo w\u0142asno\u015bci nieruchomo\u015bci niezabudowanej o \u0142\u0105cznej powierzchni 22,6851 ha, sk\u0142adaj\u0105ca si\u0119 z nast\u0119puj\u0105cych dzia\u0142ek- nr 1026\/5 o pow. 0,6851 ha, nr 1026\/13 o pow.0,4848 ha, nr 1026\/17 o pow. 7,1256 ha,<br \/>\nnr 1026\/14 o pow. 0,7667 ha, nr 1026\/15 o pow. 11,1596 ha i nr 1026\/16 o pow. 2,4633 ha \u2013 stanowi\u0105ce w\u0142asno\u015b\u0107 Gminy Nowogrodziec \u2013 po\u0142o\u017cone oko\u0142o 1 km od zjazdu autostrady A4 w Godzieszowie, w s\u0105siedztwie skrzy\u017cowania drogi krajowej nr 94 (Zgorzelec-Wroc\u0142aw) z drog\u0105 wojew\u00f3dzk\u0105 nr 296 (Jelenia G\u00f3ra-Zielona G\u00f3ra), w obr\u0119bie Wykroty, dla kt\u00f3rych S\u0105d Rejonowy w Boles\u0142awcu prowadzi ksi\u0119g\u0119 wieczyst\u0105 Nr JG1B\/00021784\/2 (Nieruchomo\u015b\u0107), po\u0142o\u017conej w odleg\u0142o\u015bci ok. 17 km od granicy<br \/>\nz Niemcami w J\u0119drzychowicach, w obszarze Kamiennog\u00f3rskiej Specjalnej Strefy Ekonomicznej Ma\u0142ej Przedsi\u0119biorczo\u015bci, na kt\u00f3rej prowadzona b\u0119dzie dzia\u0142alno\u015b\u0107 gospodarcza w\u00a0oparciu o\u00a0Zezwolenie<\/p>\n<p><strong>nie zakwalifikowano \u017cadnego przedsi\u0119biorcy ze wzgl\u0119du na brak ofert.<\/strong><\/p>\n<p>&nbsp;<\/p>\n<p>Przewodnicz\u0105ca Komisji<\/p>\n<p>Danuta Lewandowska<\/p>\n","protected":false},"excerpt":{"rendered":"<p>INFORMACJA O KWALIFIKACJI DO PRZETARGU \u0141\u0104CZNEGOz dnia 28 stycznia 2016 roku (dotyczy zaproszenia do przetargu \u0142\u0105cznego og\u0142oszonego dnia 20 listopada 2015 r.) Komisja ds. przetargu \u0142\u0105cznego powo\u0142ana Zarz\u0105dzeniem Prezesa Zarz\u0105du Specjalnej Strefy Ekonomicznej Ma\u0142ej Przedsi\u0119biorczo\u015bci S.A. Nr 02\/2016 z dnia 25 stycznia 2016 r. informuje, \u017ce w wyniku kwalifikacji do uczestnictwa w przetargu \u0142\u0105cznym maj\u0105cym [&hellip;]<\/p>\n","protected":false},"author":1,"featured_media":0,"parent":0,"menu_order":0,"comment_status":"closed","ping_status":"closed","template":"","meta":{"footnotes":""},"class_list":["post-9553","page","type-page","status-publish","hentry"],"_links":{"self":[{"href":"https:\/\/old-ssemp.sowiak.dev\/index.php?rest_route=\/wp\/v2\/pages\/9553","targetHints":{"allow":["GET"]}}],"collection":[{"href":"https:\/\/old-ssemp.sowiak.dev\/index.php?rest_route=\/wp\/v2\/pages"}],"about":[{"href":"https:\/\/old-ssemp.sowiak.dev\/index.php?rest_route=\/wp\/v2\/types\/page"}],"author":[{"embeddable":true,"href":"https:\/\/old-ssemp.sowiak.dev\/index.php?rest_route=\/wp\/v2\/users\/1"}],"replies":[{"embeddable":true,"href":"https:\/\/old-ssemp.sowiak.dev\/index.php?rest_route=%2Fwp%2Fv2%2Fcomments&post=9553"}],"version-history":[{"count":1,"href":"https:\/\/old-ssemp.sowiak.dev\/index.php?rest_route=\/wp\/v2\/pages\/9553\/revisions"}],"predecessor-version":[{"id":9555,"href":"https:\/\/old-ssemp.sowiak.dev\/index.php?rest_route=\/wp\/v2\/pages\/9553\/revisions\/9555"}],"wp:attachment":[{"href":"https:\/\/old-ssemp.sowiak.dev\/index.php?rest_route=%2Fwp%2Fv2%2Fmedia&parent=9553"}],"curies":[{"name":"wp","href":"https:\/\/api.w.org\/{rel}","templated":true}]}}