{"id":9552,"date":"2016-05-17T00:01:40","date_gmt":"2016-05-16T22:01:40","guid":{"rendered":"http:\/\/ssemp.pl\/wordpress\/?page_id=9552"},"modified":"2016-05-17T00:01:40","modified_gmt":"2016-05-16T22:01:40","slug":"solar-eco-energia-jaroslaw-mielniczyn-2015-10-14","status":"publish","type":"page","link":"https:\/\/old-ssemp.sowiak.dev\/?page_id=9552","title":{"rendered":"Solar Eco Energia Jaros\u0142aw Mielniczyn &#8211; 2015.10.14"},"content":{"rendered":"<p><center><strong>INFORMACJA O ZAKWALIFIKOWANIU<br \/>\nDO PRZETARGU \u0141\u0104CZNEGO<\/strong><strong>z dnia 14 pa\u017adziernika 2015 roku<\/strong><\/p>\n<p><\/center><br \/>\n(dotyczy zaproszenia do przetargu \u0142\u0105cznego og\u0142oszonego dnia 10 wrze\u015bnia 2015 r.,<br \/>\nprzetarg wyznaczony na dzie\u0144 16 pa\u017adziernika 2015r.)<\/p>\n<p>Komisja ds. przetargu \u0142\u0105cznego powo\u0142ana Zarz\u0105dzeniem Prezesa Specjalnej Strefy Ekonomicznej Ma\u0142ej Przedsi\u0119biorczo\u015bci S.A. Nr 09\/2015 z dnia 13 pa\u017adziernika 2015 r. informuje, \u017ce w wyniku kwalifikacji do uczestnictwa w przetargu \u0142\u0105cznym maj\u0105cego na celu ustalenie przedsi\u0119biorcy, kt\u00f3ry uzyska zezwolenie na prowadzenie dzia\u0142alno\u015bci gospodarczej oraz nab\u0119dzie prawo w\u0142asno\u015bci nieruchomo\u015bci niezabudowanej, dzia\u0142ki \u2013 stanowi\u0105cej w\u0142asno\u015b\u0107 Gminy Gryf\u00f3w \u015al\u0105ski \u2013 po\u0142o\u017conej w wojew\u00f3dztwie dolno\u015bl\u0105skim, mie\u015bcie Gryf\u00f3w \u015al\u0105ski, w cz\u0119\u015bci us\u0142ugowej miasta przy drodze krajowej nr 30 w kierunku Zgorzelca, oznaczonej geodezyjnie jako dzia\u0142ka nr 54\/28 o powierzchni 1,0447 ha, obr\u0119b 1 Gryf\u00f3w \u015al\u0105ski, AM-1, dla kt\u00f3rej S\u0105d Rejonowy w Lw\u00f3wku \u015al\u0105skim prowadzi ksi\u0119g\u0119 wieczyst\u0105 Nr JG1S\/00030461\/4<\/p>\n<p><center>do uczestnictwa w przetargu \u0142\u0105cznym zakwalifikowano :<strong>Jaros\u0142awa Mielniczyna prowadz\u0105cego dzia\u0142alno\u015b\u0107 gospodarcz\u0105 pod firm\u0105<br \/>\nSolar Eco Energia Centrum Odnawialnych \u0179r\u00f3de\u0142 Energii i Techniki Grzewczej Jaros\u0142aw Mielniczyn<br \/>\nWie\u017ca 38 B<br \/>\n59-620 Gryf\u00f3w \u015al\u0105ski<\/strong><\/p>\n<p><\/center>Przewodnicz\u0105ca Komisji<br \/>\nDanuta Lewandowska<\/p>\n","protected":false},"excerpt":{"rendered":"<p>INFORMACJA O ZAKWALIFIKOWANIU DO PRZETARGU \u0141\u0104CZNEGOz dnia 14 pa\u017adziernika 2015 roku (dotyczy zaproszenia do przetargu \u0142\u0105cznego og\u0142oszonego dnia 10 wrze\u015bnia 2015 r., przetarg wyznaczony na dzie\u0144 16 pa\u017adziernika 2015r.) Komisja ds. przetargu \u0142\u0105cznego powo\u0142ana Zarz\u0105dzeniem Prezesa Specjalnej Strefy Ekonomicznej Ma\u0142ej Przedsi\u0119biorczo\u015bci S.A. Nr 09\/2015 z dnia 13 pa\u017adziernika 2015 r. informuje, \u017ce w wyniku kwalifikacji [&hellip;]<\/p>\n","protected":false},"author":1,"featured_media":0,"parent":0,"menu_order":0,"comment_status":"closed","ping_status":"closed","template":"","meta":{"footnotes":""},"class_list":["post-9552","page","type-page","status-publish","hentry"],"_links":{"self":[{"href":"https:\/\/old-ssemp.sowiak.dev\/index.php?rest_route=\/wp\/v2\/pages\/9552","targetHints":{"allow":["GET"]}}],"collection":[{"href":"https:\/\/old-ssemp.sowiak.dev\/index.php?rest_route=\/wp\/v2\/pages"}],"about":[{"href":"https:\/\/old-ssemp.sowiak.dev\/index.php?rest_route=\/wp\/v2\/types\/page"}],"author":[{"embeddable":true,"href":"https:\/\/old-ssemp.sowiak.dev\/index.php?rest_route=\/wp\/v2\/users\/1"}],"replies":[{"embeddable":true,"href":"https:\/\/old-ssemp.sowiak.dev\/index.php?rest_route=%2Fwp%2Fv2%2Fcomments&post=9552"}],"version-history":[{"count":2,"href":"https:\/\/old-ssemp.sowiak.dev\/index.php?rest_route=\/wp\/v2\/pages\/9552\/revisions"}],"predecessor-version":[{"id":9556,"href":"https:\/\/old-ssemp.sowiak.dev\/index.php?rest_route=\/wp\/v2\/pages\/9552\/revisions\/9556"}],"wp:attachment":[{"href":"https:\/\/old-ssemp.sowiak.dev\/index.php?rest_route=%2Fwp%2Fv2%2Fmedia&parent=9552"}],"curies":[{"name":"wp","href":"https:\/\/api.w.org\/{rel}","templated":true}]}}