{"id":9543,"date":"2016-05-17T00:00:51","date_gmt":"2016-05-16T22:00:51","guid":{"rendered":"http:\/\/ssemp.pl\/wordpress\/?page_id=9543"},"modified":"2016-05-17T00:00:51","modified_gmt":"2016-05-16T22:00:51","slug":"brak-ofert-26-11-2013-r","status":"publish","type":"page","link":"https:\/\/old-ssemp.sowiak.dev\/?page_id=9543","title":{"rendered":"Brak ofert &#8211; 26.11.2013 r"},"content":{"rendered":"<p><center><strong> INFORMACJA O KWALIFIKACJI DO PRZETARGU \u0141\u0104CZNEGO<\/strong><strong>z dnia 26 listopada 2013 roku<\/strong><\/p>\n<p>(dotyczy zaproszenia do przetargu \u0142\u0105cznego og\u0142oszonego dnia 23 pa\u017adziernika 2013 r.)<\/p>\n<p><\/center><\/p>\n<p>Komisja ds. przetargu \u0142\u0105cznego powo\u0142ana Zarz\u0105dzeniem Prezesa Zarz\u0105du Specjalnej Strefy Ekonomicznej Ma\u0142ej Przedsi\u0119biorczo\u015bci S.A. Nr 17\/2013 z dnia 25 listopada 2013 r. oraz Zarz\u0105dzeniem Nr 120.56.2013 Burmistrza Gminy \u017bmigr\u00f3d z dnia 20 listopada 2013 r. informuje, \u017ce w wyniku kwalifikacji do uczestnictwa w przetargu \u0142\u0105cznym maj\u0105cym na celu ustalenie przedsi\u0119biorcy, kt\u00f3ry uzyska zezwolenie na prowadzenie dzia\u0142alno\u015bci gospodarczej i nab\u0119dzie w ramach umowy dzier\u017cawy prawo do nieruchomo\u015bci (niezabudowanej) o \u0142\u0105cznej powierzchni 7,8402 ha, po\u0142o\u017conej w wojew\u00f3dztwie dolno\u015bl\u0105skim, powiecie trzebnickim, miejscowo\u015bci \u017bmigr\u00f3d obr\u0119b geodezyjny \u017bmigr\u00f3d, w Podstrefie \u017bmigr\u00f3d Kamiennog\u00f3rskiej Specjalnej Strefy Ekonomicznej, b\u0119d\u0105cej w\u0142asno\u015bci\u0105 Gminy \u017bmigr\u00f3d, sk\u0142adaj\u0105cej si\u0119 z dzia\u0142ek Nr 8\/24 AM 16, 14\/3, 14\/4, 14\/5, 14\/6, 14\/7 AM 17 ksi\u0119ga wieczysta WR1W\/00035982\/1, 15\/2, 15\/3 AM 17 ksi\u0119ga wieczysta WR1W\/00045768\/8 na kt\u00f3rej prowadzona b\u0119dzie dzia\u0142alno\u015b\u0107 gospodarcza w oparciu o Zezwolenie<\/p>\n<p><strong>nie zakwalifikowano \u017cadnego przedsi\u0119biorcy ze wzgl\u0119du na brak ofert<\/strong>.<\/p>\n<p>Przewodnicz\u0105ca Komisji<br \/>\nDanuta Lewandowska<\/p>\n","protected":false},"excerpt":{"rendered":"<p>INFORMACJA O KWALIFIKACJI DO PRZETARGU \u0141\u0104CZNEGOz dnia 26 listopada 2013 roku (dotyczy zaproszenia do przetargu \u0142\u0105cznego og\u0142oszonego dnia 23 pa\u017adziernika 2013 r.) Komisja ds. przetargu \u0142\u0105cznego powo\u0142ana Zarz\u0105dzeniem Prezesa Zarz\u0105du Specjalnej Strefy Ekonomicznej Ma\u0142ej Przedsi\u0119biorczo\u015bci S.A. Nr 17\/2013 z dnia 25 listopada 2013 r. oraz Zarz\u0105dzeniem Nr 120.56.2013 Burmistrza Gminy \u017bmigr\u00f3d z dnia 20 listopada [&hellip;]<\/p>\n","protected":false},"author":1,"featured_media":0,"parent":0,"menu_order":0,"comment_status":"closed","ping_status":"closed","template":"","meta":{"footnotes":""},"class_list":["post-9543","page","type-page","status-publish","hentry"],"_links":{"self":[{"href":"https:\/\/old-ssemp.sowiak.dev\/index.php?rest_route=\/wp\/v2\/pages\/9543","targetHints":{"allow":["GET"]}}],"collection":[{"href":"https:\/\/old-ssemp.sowiak.dev\/index.php?rest_route=\/wp\/v2\/pages"}],"about":[{"href":"https:\/\/old-ssemp.sowiak.dev\/index.php?rest_route=\/wp\/v2\/types\/page"}],"author":[{"embeddable":true,"href":"https:\/\/old-ssemp.sowiak.dev\/index.php?rest_route=\/wp\/v2\/users\/1"}],"replies":[{"embeddable":true,"href":"https:\/\/old-ssemp.sowiak.dev\/index.php?rest_route=%2Fwp%2Fv2%2Fcomments&post=9543"}],"version-history":[{"count":1,"href":"https:\/\/old-ssemp.sowiak.dev\/index.php?rest_route=\/wp\/v2\/pages\/9543\/revisions"}],"predecessor-version":[{"id":9550,"href":"https:\/\/old-ssemp.sowiak.dev\/index.php?rest_route=\/wp\/v2\/pages\/9543\/revisions\/9550"}],"wp:attachment":[{"href":"https:\/\/old-ssemp.sowiak.dev\/index.php?rest_route=%2Fwp%2Fv2%2Fmedia&parent=9543"}],"curies":[{"name":"wp","href":"https:\/\/api.w.org\/{rel}","templated":true}]}}