{"id":9542,"date":"2016-05-16T23:59:46","date_gmt":"2016-05-16T21:59:46","guid":{"rendered":"http:\/\/ssemp.pl\/wordpress\/?page_id=9542"},"modified":"2016-05-16T23:59:46","modified_gmt":"2016-05-16T21:59:46","slug":"industrial-packaging-solutions-jelenia-gora-sp-z-o-o-16-09-2013","status":"publish","type":"page","link":"https:\/\/old-ssemp.sowiak.dev\/?page_id=9542","title":{"rendered":"INDUSTRIAL PACKAGING SOLUTIONS JELENIA G\u00d3RA Sp. z o.o. -16.09.2013"},"content":{"rendered":"<p><center><strong> INFORMACJA O ZAKWALIFIKOWANIU<br \/>\nDO PRZETARGU \u0141\u0104CZNEGO <\/strong><strong> z dnia 16 wrze\u015bnia 2013 roku <\/strong><br \/>\n(dotyczy zaproszenia do przetargu \u0142\u0105cznego og\u0142oszonego dnia 12 lipca 2013 r.,<br \/>\nprzetarg wyznaczony na dzie\u0144 18 wrze\u015bnia 2013r.)<\/p>\n<p><\/center>&nbsp;<\/p>\n<p>Komisja ds. przetargu \u0142\u0105cznego powo\u0142ana Zarz\u0105dzeniem Prezesa Specjalnej Strefy Ekonomicznej Ma\u0142ej Przedsi\u0119biorczo\u015bci S.A. Nr 11\/2013 z dnia 09 wrze\u015bnia 2013 r. informuje, \u017ce w wyniku kwalifikacji do uczestnictwa w przetargu \u0142\u0105cznym maj\u0105cego na celu ustalenie przedsi\u0119biorcy, kt\u00f3ry uzyska zezwolenie na prowadzenie dzia\u0142alno\u015bci gospodarczej oraz nab\u0119dzie prawo w\u0142asno\u015bci nieruchomo\u015bci niezabudowanej \u2013 stanowi\u0105cej w\u0142asno\u015b\u0107 Gminy Jelenia G\u00f3ra, po\u0142o\u017conej przy ul. Objazdowej, oznaczonej geodezyjnie jako dzia\u0142ka nr 77\/5 o powierzchni 1,7989 ha, obr\u0119b Cieplice II, AM-4, dla kt\u00f3rej S\u0105d Rejonowy w Jeleniej G\u00f3rze prowadzi ksi\u0119g\u0119 wieczyst\u0105 Nr JG1J\/00072654\/2<br \/>\ndo uczestnictwa w przetargu \u0142\u0105cznym zakwalifikowano :<\/p>\n<p><center><strong> INDUSTRIAL PACKAGING SOLUTIONS JELENIA G\u00d3RA Sp. z o.o.<br \/>\nul. Wojew\u00f3dzka 13 a<br \/>\n58-560 Jelenia G\u00f3ra <\/strong><\/center><br \/>\nPrzewodnicz\u0105cy Komisji<br \/>\nDanuta Lewandowska<\/p>\n","protected":false},"excerpt":{"rendered":"<p>INFORMACJA O ZAKWALIFIKOWANIU DO PRZETARGU \u0141\u0104CZNEGO z dnia 16 wrze\u015bnia 2013 roku (dotyczy zaproszenia do przetargu \u0142\u0105cznego og\u0142oszonego dnia 12 lipca 2013 r., przetarg wyznaczony na dzie\u0144 18 wrze\u015bnia 2013r.) &nbsp; Komisja ds. przetargu \u0142\u0105cznego powo\u0142ana Zarz\u0105dzeniem Prezesa Specjalnej Strefy Ekonomicznej Ma\u0142ej Przedsi\u0119biorczo\u015bci S.A. Nr 11\/2013 z dnia 09 wrze\u015bnia 2013 r. informuje, \u017ce w [&hellip;]<\/p>\n","protected":false},"author":1,"featured_media":0,"parent":0,"menu_order":0,"comment_status":"closed","ping_status":"closed","template":"","meta":{"footnotes":""},"class_list":["post-9542","page","type-page","status-publish","hentry"],"_links":{"self":[{"href":"https:\/\/old-ssemp.sowiak.dev\/index.php?rest_route=\/wp\/v2\/pages\/9542","targetHints":{"allow":["GET"]}}],"collection":[{"href":"https:\/\/old-ssemp.sowiak.dev\/index.php?rest_route=\/wp\/v2\/pages"}],"about":[{"href":"https:\/\/old-ssemp.sowiak.dev\/index.php?rest_route=\/wp\/v2\/types\/page"}],"author":[{"embeddable":true,"href":"https:\/\/old-ssemp.sowiak.dev\/index.php?rest_route=\/wp\/v2\/users\/1"}],"replies":[{"embeddable":true,"href":"https:\/\/old-ssemp.sowiak.dev\/index.php?rest_route=%2Fwp%2Fv2%2Fcomments&post=9542"}],"version-history":[{"count":1,"href":"https:\/\/old-ssemp.sowiak.dev\/index.php?rest_route=\/wp\/v2\/pages\/9542\/revisions"}],"predecessor-version":[{"id":9549,"href":"https:\/\/old-ssemp.sowiak.dev\/index.php?rest_route=\/wp\/v2\/pages\/9542\/revisions\/9549"}],"wp:attachment":[{"href":"https:\/\/old-ssemp.sowiak.dev\/index.php?rest_route=%2Fwp%2Fv2%2Fmedia&parent=9542"}],"curies":[{"name":"wp","href":"https:\/\/api.w.org\/{rel}","templated":true}]}}