{"id":9541,"date":"2016-05-16T23:59:14","date_gmt":"2016-05-16T21:59:14","guid":{"rendered":"http:\/\/ssemp.pl\/wordpress\/?page_id=9541"},"modified":"2016-05-16T23:59:14","modified_gmt":"2016-05-16T21:59:14","slug":"lechmet-2013-05-22","status":"publish","type":"page","link":"https:\/\/old-ssemp.sowiak.dev\/?page_id=9541","title":{"rendered":"LECHMET &#8211; 2013-05-22"},"content":{"rendered":"<p><strong>INFORMACJA O ZAKWALIFIKOWANIU DO PRZETARGU \u0141\u0104CZNEGO<br \/>\nz dnia 22 maja 2013 roku<\/strong><br \/>\n(dotyczy zaproszenia do przetargu \u0142\u0105cznego og\u0142oszonego dnia 19 kwietnia 2013 r.<br \/>\nprzetarg wyznaczony na dzie\u0144 24 maja 2013r.)<\/p>\n<p>Komisja ds. przetargu \u0142\u0105cznego powo\u0142ana Zarz\u0105dzeniem Prezesa Specjalnej Strefy Ekonomicznej Ma\u0142ej Przedsi\u0119biorczo\u015bci S.A. Nr 04\/2013 z dnia 17 maja 2013 r. oraz Zarz\u0105dzeniem Nr 120.23.2013 Burmistrza Gminy \u017bmigr\u00f3d z dnia 14 maja 2013 r. informuje, \u017ce w wyniku kwalifikacji do uczestnictwa w przetargu \u0142\u0105cznym maj\u0105cego na celu ustalenie przedsi\u0119biorcy, kt\u00f3ry uzyska zezwolenie na prowadzenie dzia\u0142alno\u015bci gospodarczej i nab\u0119dzie prawo w\u0142asno\u015bci nieruchomo\u015bci (niezabudowanej) o\u00a0\u0142\u0105cznej powierzchni 0,9815 ha, po\u0142o\u017conej w\u00a0wojew\u00f3dztwie dolno\u015bl\u0105skim, powiecie trzebnickim, miejscowo\u015bci \u017bmigr\u00f3d obr\u0119b geodezyjny \u017bmigr\u00f3d, w Podstrefie \u017bmigr\u00f3d Kamiennog\u00f3rskiej Specjalnej Strefy Ekonomicznej, b\u0119d\u0105cej w\u0142asno\u015bci\u0105 Gminy \u017bmigr\u00f3d, sk\u0142adaj\u0105cej si\u0119 z \u00a0dzia\u0142ki Nr 14\/2, AM 17, ksi\u0119ga wieczysta WR1W\/00035982\/1<\/p>\n<p align=\"center\">do uczestnictwa w przetargu \u0142\u0105cznym zakwalifikowano :<br \/>\n<strong>Sylwestra Lecha prowadz\u0105cego dzia\u0142alno\u015b\u0107 gospodarcz\u0105 pod nazw\u0105<br \/>\nPPHU \u201eLECHMET\u201d Sylwester Lech<br \/>\nUl. Ko\u015bciuszki 9<br \/>\n55-140 \u017bmigr\u00f3d<\/strong><\/p>\n<p align=\"center\">Przewodnicz\u0105cy Komisj<br \/>\nDanuta Lewandowska<\/p>\n","protected":false},"excerpt":{"rendered":"<p>INFORMACJA O ZAKWALIFIKOWANIU DO PRZETARGU \u0141\u0104CZNEGO z dnia 22 maja 2013 roku (dotyczy zaproszenia do przetargu \u0142\u0105cznego og\u0142oszonego dnia 19 kwietnia 2013 r. przetarg wyznaczony na dzie\u0144 24 maja 2013r.) Komisja ds. przetargu \u0142\u0105cznego powo\u0142ana Zarz\u0105dzeniem Prezesa Specjalnej Strefy Ekonomicznej Ma\u0142ej Przedsi\u0119biorczo\u015bci S.A. Nr 04\/2013 z dnia 17 maja 2013 r. oraz Zarz\u0105dzeniem Nr 120.23.2013 [&hellip;]<\/p>\n","protected":false},"author":1,"featured_media":0,"parent":0,"menu_order":0,"comment_status":"closed","ping_status":"closed","template":"","meta":{"footnotes":""},"class_list":["post-9541","page","type-page","status-publish","hentry"],"_links":{"self":[{"href":"https:\/\/old-ssemp.sowiak.dev\/index.php?rest_route=\/wp\/v2\/pages\/9541","targetHints":{"allow":["GET"]}}],"collection":[{"href":"https:\/\/old-ssemp.sowiak.dev\/index.php?rest_route=\/wp\/v2\/pages"}],"about":[{"href":"https:\/\/old-ssemp.sowiak.dev\/index.php?rest_route=\/wp\/v2\/types\/page"}],"author":[{"embeddable":true,"href":"https:\/\/old-ssemp.sowiak.dev\/index.php?rest_route=\/wp\/v2\/users\/1"}],"replies":[{"embeddable":true,"href":"https:\/\/old-ssemp.sowiak.dev\/index.php?rest_route=%2Fwp%2Fv2%2Fcomments&post=9541"}],"version-history":[{"count":1,"href":"https:\/\/old-ssemp.sowiak.dev\/index.php?rest_route=\/wp\/v2\/pages\/9541\/revisions"}],"predecessor-version":[{"id":9548,"href":"https:\/\/old-ssemp.sowiak.dev\/index.php?rest_route=\/wp\/v2\/pages\/9541\/revisions\/9548"}],"wp:attachment":[{"href":"https:\/\/old-ssemp.sowiak.dev\/index.php?rest_route=%2Fwp%2Fv2%2Fmedia&parent=9541"}],"curies":[{"name":"wp","href":"https:\/\/api.w.org\/{rel}","templated":true}]}}