{"id":9539,"date":"2016-05-16T23:58:00","date_gmt":"2016-05-16T21:58:00","guid":{"rendered":"http:\/\/ssemp.pl\/wordpress\/?page_id=9539"},"modified":"2016-05-16T23:58:01","modified_gmt":"2016-05-16T21:58:01","slug":"energomontaz-zachod-17-11-2011","status":"publish","type":"page","link":"https:\/\/old-ssemp.sowiak.dev\/?page_id=9539","title":{"rendered":"Energomonta\u017c Zach\u00f3d &#8211; 17.11.2011"},"content":{"rendered":"<p><strong>INFORMACJA O ZAKWALIFIKOWANIU DO PRZETARGU \u0141\u0104CZNEGO<\/strong><strong>\u00a0<\/strong><\/p>\n<p align=\"center\"><strong>z dnia 17 listopada 2011 roku<\/strong><\/p>\n<p align=\"center\">(dotyczy zaproszenia do przetargu \u0142\u0105cznego og\u0142oszonego dnia 14 wrze\u015bnia 2011 r. przetarg wyznaczony na dzie\u0144 22 listopada 2011r.)<\/p>\n<p>Komisja ds. przetargu \u0142\u0105cznego powo\u0142ana Zarz\u0105dzeniem Prezesa Specjalnej Strefy Ekonomicznej Ma\u0142ej Przedsi\u0119biorczo\u015bci S.A. Nr 13\/11 z dnia 17 pa\u017adziernika 2011 r. oraz Zarz\u0105dzeniem Nr 120.56.2011 Burmistrza Gminy \u017bmigr\u00f3d z dnia 14 listopada 2011 r. informuje, \u017ce w wyniku kwalifikacji do uczestnictwa w przetargu \u0142\u0105cznym maj\u0105cego na celu ustalenie przedsi\u0119biorcy, kt\u00f3ry uzyska zezwolenie na prowadzenie dzia\u0142alno\u015bci gospodarczej i nab\u0119dzie prawo w\u0142asno\u015bci nieruchomo\u015bci (niezabudowanej) o\u00a0\u0142\u0105cznej powierzchni o\u00a0\u00a0\u0142\u0105cznej powierzchni 2,2773 ha, po\u0142o\u017conej w\u00a0wojew\u00f3dztwie dolno\u015bl\u0105skim, powiecie trzebnickim, miejscowo\u015bci \u017bmigr\u00f3d\u00a0 obr\u0119b geodezyjny \u017bmigr\u00f3d, w Podstrefie \u017bmigr\u00f3d Kamiennog\u00f3rskiej Specjalnej Strefy Ekonomicznej, b\u0119d\u0105cej w\u0142asno\u015bci\u0105 Gminy \u017bmigr\u00f3d, sk\u0142adaj\u0105cej si\u0119 z \u00a0dzia\u0142ki Nr 11\/6,11\/7,11\/8,11\/9, AM 17, ksi\u0119ga wieczysta WR1W\/00035982\/1.<\/p>\n<p align=\"center\">do uczestnictwa w przetargu \u0142\u0105cznym zakwalifikowano :<\/p>\n<p align=\"center\"><strong>Energomonta\u017c Zach\u00f3d Wroc\u0142aw Sp. z o.o.<\/strong><\/p>\n<p align=\"center\"><strong>Ul. Rac\u0142awicka 15\/19<\/strong><\/p>\n<p align=\"center\"><strong>53-149 Wroc\u0142aw<\/strong><\/p>\n<p align=\"center\">Przewodnicz\u0105cy Komisji<\/p>\n<p align=\"center\">Anna Komorowska<\/p>\n","protected":false},"excerpt":{"rendered":"<p>INFORMACJA O ZAKWALIFIKOWANIU DO PRZETARGU \u0141\u0104CZNEGO\u00a0 z dnia 17 listopada 2011 roku (dotyczy zaproszenia do przetargu \u0142\u0105cznego og\u0142oszonego dnia 14 wrze\u015bnia 2011 r. przetarg wyznaczony na dzie\u0144 22 listopada 2011r.) Komisja ds. przetargu \u0142\u0105cznego powo\u0142ana Zarz\u0105dzeniem Prezesa Specjalnej Strefy Ekonomicznej Ma\u0142ej Przedsi\u0119biorczo\u015bci S.A. Nr 13\/11 z dnia 17 pa\u017adziernika 2011 r. oraz Zarz\u0105dzeniem Nr 120.56.2011 [&hellip;]<\/p>\n","protected":false},"author":1,"featured_media":0,"parent":0,"menu_order":0,"comment_status":"closed","ping_status":"closed","template":"","meta":{"footnotes":""},"class_list":["post-9539","page","type-page","status-publish","hentry"],"_links":{"self":[{"href":"https:\/\/old-ssemp.sowiak.dev\/index.php?rest_route=\/wp\/v2\/pages\/9539","targetHints":{"allow":["GET"]}}],"collection":[{"href":"https:\/\/old-ssemp.sowiak.dev\/index.php?rest_route=\/wp\/v2\/pages"}],"about":[{"href":"https:\/\/old-ssemp.sowiak.dev\/index.php?rest_route=\/wp\/v2\/types\/page"}],"author":[{"embeddable":true,"href":"https:\/\/old-ssemp.sowiak.dev\/index.php?rest_route=\/wp\/v2\/users\/1"}],"replies":[{"embeddable":true,"href":"https:\/\/old-ssemp.sowiak.dev\/index.php?rest_route=%2Fwp%2Fv2%2Fcomments&post=9539"}],"version-history":[{"count":1,"href":"https:\/\/old-ssemp.sowiak.dev\/index.php?rest_route=\/wp\/v2\/pages\/9539\/revisions"}],"predecessor-version":[{"id":9546,"href":"https:\/\/old-ssemp.sowiak.dev\/index.php?rest_route=\/wp\/v2\/pages\/9539\/revisions\/9546"}],"wp:attachment":[{"href":"https:\/\/old-ssemp.sowiak.dev\/index.php?rest_route=%2Fwp%2Fv2%2Fmedia&parent=9539"}],"curies":[{"name":"wp","href":"https:\/\/api.w.org\/{rel}","templated":true}]}}