{"id":9538,"date":"2016-05-16T23:57:01","date_gmt":"2016-05-16T21:57:01","guid":{"rendered":"http:\/\/ssemp.pl\/wordpress\/?page_id=9538"},"modified":"2016-05-16T23:57:01","modified_gmt":"2016-05-16T21:57:01","slug":"energomontaz-zachod-wroclaw-28-04-2011","status":"publish","type":"page","link":"https:\/\/old-ssemp.sowiak.dev\/?page_id=9538","title":{"rendered":"Energomonta\u017c Zach\u00f3d Wroc\u0142aw &#8211; 28.04.2011"},"content":{"rendered":"<p align=\"center\"><strong>INFORMACJA O ZAKWALIFIKOWANIU DO PRZETARGU \u0141\u0104CZNEGO<\/strong><\/p>\n<p align=\"center\"><strong>z dnia 28 kwietnia 2011 roku<\/strong><\/p>\n<p align=\"center\">(dotyczy zaproszenia do przetargu \u0142\u0105cznego og\u0142oszonego dnia 23 lutego 2011 r.)<\/p>\n<p>Komisja ds. przetargu \u0142\u0105cznego powo\u0142ana Zarz\u0105dzeniem Prezesa Specjalnej Strefy Ekonomicznej Ma\u0142ej Przedsi\u0119biorczo\u015bci S.A. Nr 02\/11 z dnia 26 kwietnia 2011 r. oraz Zarz\u0105dzeniem Nr 120.16.2011 Burmistrza Gminy \u017bmigr\u00f3d z dnia 14 kwietnia 2011 r. informuje, \u017ce w wyniku kwalifikacji do uczestnictwa w przetargu \u0142\u0105cznym maj\u0105cego na celu ustalenie przedsi\u0119biorcy, kt\u00f3ry uzyska zezwolenie na prowadzenie dzia\u0142alno\u015bci gospodarczej i nab\u0119dzie prawo w\u0142asno\u015bci nieruchomo\u015bci (niezabudowanej) o \u0142\u0105cznej powierzchni o \u0142\u0105cznej powierzchni 3,0587 ha, po\u0142o\u017conej w wojew\u00f3dztwie dolno\u015bl\u0105skim, powiecie trzebnickim, miejscowo\u015bci \u017bmigr\u00f3d obr\u0119b geodezyjny \u017bmigr\u00f3d, w Podstrefie \u017bmigr\u00f3d Kamiennog\u00f3rskiej Specjalnej Strefy Ekonomicznej Ma\u0142ej Przedsi\u0119biorczo\u015bci, b\u0119d\u0105cej w\u0142asno\u015bci\u0105 Gminy \u017bmigr\u00f3d, sk\u0142adaj\u0105cej si\u0119 z \u00a0dzia\u0142ki Nr 8\/38, 8\/39, 8\/40, AM 16, ksi\u0119ga wieczysta WR1W\/00035982\/1<\/p>\n<p align=\"center\">do uczestnictwa w przetargu \u0142\u0105cznym zakwalifikowano :<\/p>\n<p align=\"center\"><strong>Energomonta\u017c Zach\u00f3d Wroc\u0142aw Sp. z o.o.<br \/>\nUl. Rac\u0142awicka 15\/19<br \/>\n53-149 Wroc\u0142aw<\/strong><\/p>\n<p align=\"right\">Przewodnicz\u0105cy Komisji<br \/>\nDanuta Lewandowska<\/p>\n","protected":false},"excerpt":{"rendered":"<p>INFORMACJA O ZAKWALIFIKOWANIU DO PRZETARGU \u0141\u0104CZNEGO z dnia 28 kwietnia 2011 roku (dotyczy zaproszenia do przetargu \u0142\u0105cznego og\u0142oszonego dnia 23 lutego 2011 r.) Komisja ds. przetargu \u0142\u0105cznego powo\u0142ana Zarz\u0105dzeniem Prezesa Specjalnej Strefy Ekonomicznej Ma\u0142ej Przedsi\u0119biorczo\u015bci S.A. Nr 02\/11 z dnia 26 kwietnia 2011 r. oraz Zarz\u0105dzeniem Nr 120.16.2011 Burmistrza Gminy \u017bmigr\u00f3d z dnia 14 kwietnia [&hellip;]<\/p>\n","protected":false},"author":1,"featured_media":0,"parent":0,"menu_order":0,"comment_status":"closed","ping_status":"closed","template":"","meta":{"footnotes":""},"class_list":["post-9538","page","type-page","status-publish","hentry"],"_links":{"self":[{"href":"https:\/\/old-ssemp.sowiak.dev\/index.php?rest_route=\/wp\/v2\/pages\/9538","targetHints":{"allow":["GET"]}}],"collection":[{"href":"https:\/\/old-ssemp.sowiak.dev\/index.php?rest_route=\/wp\/v2\/pages"}],"about":[{"href":"https:\/\/old-ssemp.sowiak.dev\/index.php?rest_route=\/wp\/v2\/types\/page"}],"author":[{"embeddable":true,"href":"https:\/\/old-ssemp.sowiak.dev\/index.php?rest_route=\/wp\/v2\/users\/1"}],"replies":[{"embeddable":true,"href":"https:\/\/old-ssemp.sowiak.dev\/index.php?rest_route=%2Fwp%2Fv2%2Fcomments&post=9538"}],"version-history":[{"count":1,"href":"https:\/\/old-ssemp.sowiak.dev\/index.php?rest_route=\/wp\/v2\/pages\/9538\/revisions"}],"predecessor-version":[{"id":9545,"href":"https:\/\/old-ssemp.sowiak.dev\/index.php?rest_route=\/wp\/v2\/pages\/9538\/revisions\/9545"}],"wp:attachment":[{"href":"https:\/\/old-ssemp.sowiak.dev\/index.php?rest_route=%2Fwp%2Fv2%2Fmedia&parent=9538"}],"curies":[{"name":"wp","href":"https:\/\/api.w.org\/{rel}","templated":true}]}}