{"id":9529,"date":"2016-05-16T23:55:46","date_gmt":"2016-05-16T21:55:46","guid":{"rendered":"http:\/\/ssemp.pl\/wordpress\/?page_id=9529"},"modified":"2016-05-16T23:55:46","modified_gmt":"2016-05-16T21:55:46","slug":"i-przetarg-ustny-kamienna-gora","status":"publish","type":"page","link":"https:\/\/old-ssemp.sowiak.dev\/?page_id=9529","title":{"rendered":"I Przetarg ustny &#8211; Kamienna G\u00f3ra"},"content":{"rendered":"<p><strong>Kamiennog\u00f3rska Specjalna Strefa Ekonomiczna<br \/>\nMa\u0142ej Przedsi\u0119biorczo\u015bci<\/strong><\/p>\n<p>og\u0142asza<\/p>\n<p><strong><br \/>\nI PUBLICZNY NIEOGRANICZONY PRZETARG USTNY<\/strong><\/p>\n<p>na sprzeda\u017c nieruchomo\u015bci gruntowych, stanowi\u0105cych w\u0142asno\u015b\u0107 Specjalnej Strefy Ekonomicznej Ma\u0142ej Przedsi\u0119biorczo\u015bci S.A. w Kamiennej G\u00f3rze, uregulowanych<br \/>\nw KW nr 14378 po\u0142o\u017conych w Kamiennej G\u00f3rze na kt\u00f3re sk\u0142adaj\u0105 si\u0119:<br \/>\nKompleks 1 o powierzchni 2,3867 ha &#8211; dzia\u0142ka o nr 5\/2, obr. II<br \/>\nKompleks 2 o powierzchni 3,0560 ha \u2013 dzia\u0142ki o nr 6\/2, 8 ,7, 6\/1, 10, 9, 11, 12 \u2013 obr. II<\/p>\n<p>Cena wywo\u0142awcza dla Kompleksu 1 wynosi 716 010,00 z\u0142 netto*<br \/>\nCena wywo\u0142awcza dla Kompleksu 2 wynosi 916 800,00 z\u0142 netto*<\/p>\n<p>Wadium: dla Kompleksu 1 &#8211; 71 000,00 z\u0142, dla Kompleksu 2 \u2013 91 000,00 z\u0142<\/p>\n<p>* Do ceny wynegocjowanej w przetargu doliczony zostanie podatek VAT wg stawki 22 %.<\/p>\n<p>Przedmiotem przetargu jest sprzeda\u017c ww. nieruchomo\u015bci gruntowych.<\/p>\n<p>(p\u0142atne 100% wylicytowanej ceny gruntu wraz z podatkiem VAT przed podpisaniem umowy notarialnej).<\/p>\n<p>W planie zagospodarowania przestrzennego dla dzia\u0142ek tych ustala si\u0119 jako u\u017cytkowanie podstawowe &#8211; produkcj\u0119 i drobn\u0105 wytw\u00f3rczo\u015b\u0107 z dopuszczeniem cz\u0119\u015bci mieszkalnych<br \/>\n(w pzp. ozn. symb. 28 P\/M).<\/p>\n<p>Kompleksy po\u0142o\u017cone s\u0105 bezpo\u015brednio przy planowanej obwodnicy Kamiennej G\u00f3ry i w bezpo\u015bredniej blisko\u015bci przyj\u0119tej do realizacji drogi szybkiego ruch<br \/>\nS 3 (p\u00f3\u0142noc \u2013 po\u0142udnie).<\/p>\n<p>Przetarg odb\u0119dzie si\u0119 w dniu 07.11.2008r. o godz. 12.00 w siedzibie SSEMP S.A.,<br \/>\nul. Papie\u017ca Jana Paw\u0142a II 11 a, 58 -400 Kamienna G\u00f3ra, pok. nr 16.<\/p>\n<p>Wadium, w got\u00f3wce, w wysoko\u015bci okre\u015blonej jak wy\u017cej nale\u017cy wp\u0142aci\u0107 na konto<br \/>\nSSEMP S.A. \u2013 Bank Zachodni WBK S.A. Nr 02 1090 1942 0000 0005 1800 9564 do dnia 06.11.2008 r.<\/p>\n<p>Uczestnicy przetargu zobowi\u0105zani s\u0105 posiada\u0107 dokumenty to\u017csamo\u015bci, potwierdzenie wniesienia wadium, a podmioty inne ni\u017c osoby fizyczne dodatkowo wyci\u0105g z w\u0142a\u015bciwego rejestru oraz pe\u0142nomocnictwo do udzia\u0142u w przetargu.<\/p>\n<p>Dowodem wniesienia wadium jest potwierdzenie z banku lub poczty. Wadium wp\u0142acone przez uczestnika, kt\u00f3ry wygra\u0142 przetarg zalicza si\u0119 na poczet op\u0142aty z tytu\u0142u kupna &#8211; pozosta\u0142ym uczestnikom wadium zwraca si\u0119 po zako\u0144czeniu przetargu na wskazane konta. Wadium przepada na rzecz sprzedaj\u0105cego w przypadku uchylenia si\u0119 przez osob\u0119 wy\u0142onion\u0105 w przetargu jako nabywca nieruchomo\u015bci od zawarcia umowy b\u0105d\u017a nie stawienia si\u0119 bez usprawiedliwienia, w terminie i miejscu zawarcia umowy, o kt\u00f3rym wcze\u015bniej zosta\u0142a powiadomiona przez organizatora przetargu.<\/p>\n<p>Bli\u017csze informacje na temat przetargu mo\u017cna uzyska\u0107 w siedzibie SSEMP S.A. &#8211; sekretariat, tel. 075 645 15 03, e-mail: strefa@ssemp.pl.<\/p>\n<p>Zastrzega si\u0119 prawo odwo\u0142ania przetargu z uzasadnionej przyczyny.<\/p>\n<p>Na nabywcy spoczywaj\u0105 koszty zwi\u0105zane z przeniesieniem w\u0142asno\u015bci nieruchomo\u015bci. Podpisanie aktu notarialnego nast\u0105pi po uzyskaniu zgody na sprzeda\u017c od odpowiednich organ\u00f3w sp\u00f3\u0142ki SSEMP S.A.<\/p>\n","protected":false},"excerpt":{"rendered":"<p>Kamiennog\u00f3rska Specjalna Strefa Ekonomiczna Ma\u0142ej Przedsi\u0119biorczo\u015bci og\u0142asza I PUBLICZNY NIEOGRANICZONY PRZETARG USTNY na sprzeda\u017c nieruchomo\u015bci gruntowych, stanowi\u0105cych w\u0142asno\u015b\u0107 Specjalnej Strefy Ekonomicznej Ma\u0142ej Przedsi\u0119biorczo\u015bci S.A. w Kamiennej G\u00f3rze, uregulowanych w KW nr 14378 po\u0142o\u017conych w Kamiennej G\u00f3rze na kt\u00f3re sk\u0142adaj\u0105 si\u0119: Kompleks 1 o powierzchni 2,3867 ha &#8211; dzia\u0142ka o nr 5\/2, obr. II Kompleks 2 [&hellip;]<\/p>\n","protected":false},"author":1,"featured_media":0,"parent":0,"menu_order":0,"comment_status":"closed","ping_status":"closed","template":"","meta":{"footnotes":""},"class_list":["post-9529","page","type-page","status-publish","hentry"],"_links":{"self":[{"href":"https:\/\/old-ssemp.sowiak.dev\/index.php?rest_route=\/wp\/v2\/pages\/9529","targetHints":{"allow":["GET"]}}],"collection":[{"href":"https:\/\/old-ssemp.sowiak.dev\/index.php?rest_route=\/wp\/v2\/pages"}],"about":[{"href":"https:\/\/old-ssemp.sowiak.dev\/index.php?rest_route=\/wp\/v2\/types\/page"}],"author":[{"embeddable":true,"href":"https:\/\/old-ssemp.sowiak.dev\/index.php?rest_route=\/wp\/v2\/users\/1"}],"replies":[{"embeddable":true,"href":"https:\/\/old-ssemp.sowiak.dev\/index.php?rest_route=%2Fwp%2Fv2%2Fcomments&post=9529"}],"version-history":[{"count":1,"href":"https:\/\/old-ssemp.sowiak.dev\/index.php?rest_route=\/wp\/v2\/pages\/9529\/revisions"}],"predecessor-version":[{"id":9537,"href":"https:\/\/old-ssemp.sowiak.dev\/index.php?rest_route=\/wp\/v2\/pages\/9529\/revisions\/9537"}],"wp:attachment":[{"href":"https:\/\/old-ssemp.sowiak.dev\/index.php?rest_route=%2Fwp%2Fv2%2Fmedia&parent=9529"}],"curies":[{"name":"wp","href":"https:\/\/api.w.org\/{rel}","templated":true}]}}