{"id":9528,"date":"2016-05-16T23:54:12","date_gmt":"2016-05-16T21:54:12","guid":{"rendered":"http:\/\/ssemp.pl\/wordpress\/?page_id=9528"},"modified":"2016-05-16T23:54:12","modified_gmt":"2016-05-16T21:54:12","slug":"jucon-2-09-2008","status":"publish","type":"page","link":"https:\/\/old-ssemp.sowiak.dev\/?page_id=9528","title":{"rendered":"Jucon &#8211; 2.09.2008"},"content":{"rendered":"<p><strong>INFORMACJA O ZAKWALIFIKOWANIU DO PRZETARGU \u0141\u0104CZNEGO<\/strong><\/p>\n<p>z dnia 2 wrze\u015bnia 2008 roku<\/p>\n<p>(dotyczy zaproszenia do przetargu \u0142\u0105cznego og\u0142oszonego dnia 31 lipca 2008 r.)<\/p>\n<p>Komisja ds. przetargu \u0142\u0105cznego powo\u0142ana Zarz\u0105dzeniem Prezesa Specjalnej Strefy Ekonomicznej Ma\u0142ej Przedsi\u0119biorczo\u015bci Nr 7\/08 z dnia 25 sierpnia 2008 r. informuje, \u017ce w wyniku kwalifikacji do uczestnictwa w przetargu \u0142\u0105cznym maj\u0105cego na celu ustalenie przedsi\u0119biorcy, kt\u00f3ry uzyska zezwolenie na prowadzenie dzia\u0142alno\u015bci gospodarczej i nab\u0119dzie prawo u\u017cytkowania wieczystego nieruchomo\u015bci niezabudowanej o \u0142\u0105cznej powierzchni 6045 m2, po\u0142o\u017conej w wojew\u00f3dztwie wielkopolskim, powiecie ostrowskim, mie\u015bcie Ostr\u00f3w Wielkopolski, obr\u0119b 0123, w Podstrefie Ostr\u00f3w Wielkopolski Kamiennog\u00f3rskiej Specjalnej Strefy Ekonomicznej, b\u0119d\u0105cej w\u0142asno\u015bci\u0105 Skarbu Pa\u0144stwa, w u\u017cytkowaniu wieczystym gminy Miasto Ostr\u00f3w Wielkopolski, stanowi\u0105cej dzia\u0142k\u0119 Nr 2\/3, dla kt\u00f3rej S\u0105d Rejonowy w Ostrowie Wielkopolskim prowadzi ksi\u0119g\u0119 wieczyst\u0105 KZ1W\/00080061\/7 na kt\u00f3rej b\u0119dzie prowadzona dzia\u0142alno\u015b\u0107 gospodarcza<\/p>\n<p>do uczestnictwa w przetargu \u0142\u0105cznym zakwalifikowano :<\/p>\n<p><strong>El\u017cbiet\u0119 Linkowsk\u0105<br \/>\nprowadz\u0105c\u0105 dzia\u0142alno\u015b\u0107 gospodarcz\u0105<br \/>\npod firm\u0105 JUCON<\/strong><\/p>\n<p>Ul. Gorzycka 45<br \/>\n63-400 Ostr\u00f3w Wielkopolski<\/p>\n<p>Przewodnicz\u0105cy Komisji<\/p>\n","protected":false},"excerpt":{"rendered":"<p>INFORMACJA O ZAKWALIFIKOWANIU DO PRZETARGU \u0141\u0104CZNEGO z dnia 2 wrze\u015bnia 2008 roku (dotyczy zaproszenia do przetargu \u0142\u0105cznego og\u0142oszonego dnia 31 lipca 2008 r.) Komisja ds. przetargu \u0142\u0105cznego powo\u0142ana Zarz\u0105dzeniem Prezesa Specjalnej Strefy Ekonomicznej Ma\u0142ej Przedsi\u0119biorczo\u015bci Nr 7\/08 z dnia 25 sierpnia 2008 r. informuje, \u017ce w wyniku kwalifikacji do uczestnictwa w przetargu \u0142\u0105cznym maj\u0105cego na [&hellip;]<\/p>\n","protected":false},"author":1,"featured_media":0,"parent":0,"menu_order":0,"comment_status":"closed","ping_status":"closed","template":"","meta":{"footnotes":""},"class_list":["post-9528","page","type-page","status-publish","hentry"],"_links":{"self":[{"href":"https:\/\/old-ssemp.sowiak.dev\/index.php?rest_route=\/wp\/v2\/pages\/9528","targetHints":{"allow":["GET"]}}],"collection":[{"href":"https:\/\/old-ssemp.sowiak.dev\/index.php?rest_route=\/wp\/v2\/pages"}],"about":[{"href":"https:\/\/old-ssemp.sowiak.dev\/index.php?rest_route=\/wp\/v2\/types\/page"}],"author":[{"embeddable":true,"href":"https:\/\/old-ssemp.sowiak.dev\/index.php?rest_route=\/wp\/v2\/users\/1"}],"replies":[{"embeddable":true,"href":"https:\/\/old-ssemp.sowiak.dev\/index.php?rest_route=%2Fwp%2Fv2%2Fcomments&post=9528"}],"version-history":[{"count":1,"href":"https:\/\/old-ssemp.sowiak.dev\/index.php?rest_route=\/wp\/v2\/pages\/9528\/revisions"}],"predecessor-version":[{"id":9536,"href":"https:\/\/old-ssemp.sowiak.dev\/index.php?rest_route=\/wp\/v2\/pages\/9528\/revisions\/9536"}],"wp:attachment":[{"href":"https:\/\/old-ssemp.sowiak.dev\/index.php?rest_route=%2Fwp%2Fv2%2Fmedia&parent=9528"}],"curies":[{"name":"wp","href":"https:\/\/api.w.org\/{rel}","templated":true}]}}