{"id":9525,"date":"2016-05-16T23:52:23","date_gmt":"2016-05-16T21:52:23","guid":{"rendered":"http:\/\/ssemp.pl\/wordpress\/?page_id=9525"},"modified":"2016-05-16T23:52:23","modified_gmt":"2016-05-16T21:52:23","slug":"brak-ofert-31-03-2009","status":"publish","type":"page","link":"https:\/\/old-ssemp.sowiak.dev\/?page_id=9525","title":{"rendered":"Brak ofert &#8211; 31.03.2009"},"content":{"rendered":"<p><strong>INFORMACJA O KWALIFIKACJI DO PRZETARGU \u0141\u0104CZNEGO<\/strong><\/p>\n<p>z dnia 31 marca 2009 roku<\/p>\n<p>(dotyczy zaproszenia do przetargu \u0142\u0105cznego og\u0142oszonego dnia 23 stycznia 2009 r.)<\/p>\n<p>Komisja ds. przetargu \u0142\u0105cznego powo\u0142ana Zarz\u0105dzeniem Prezesa Specjalnej Strefy Ekonomicznej Ma\u0142ej Przedsi\u0119biorczo\u015bci Nr 2\/09 z dnia 26 marca 2009 r. informuje, \u017ce w wyniku kwalifikacji do uczestnictwa w przetargu \u0142\u0105cznym maj\u0105cego na celu ustalenie przedsi\u0119biorcy, kt\u00f3ry uzyska zezwolenie na prowadzenie dzia\u0142alno\u015bci gospodarczej i nab\u0119dzie prawo w\u0142asno\u015bci nieruchomo\u015bci niezabudowanej o \u0142\u0105cznej powierzchni 3,1484 ha, po\u0142o\u017conej w wojew\u00f3dztwie dolno\u015bl\u0105skim, powiecie boles\u0142awieckim, miejscowo\u015bci Wykroty, obr\u0119b geodezyjny Wykroty,<br \/>\nw Podstrefie Nowogrodziec Kamiennog\u00f3rskiej Specjalnej Strefy Ekonomicznej, b\u0119d\u0105cej w\u0142asno\u015bci\u0105 Gminy Nowogrodziec, sk\u0142adaj\u0105cej si\u0119 z dzia\u0142ki Nr 1026\/16 oraz dzia\u0142ki Nr 1026\/5 dla kt\u00f3rej S\u0105d Rejonowy w Boles\u0142awcu prowadzi ksi\u0119g\u0119 wieczyst\u0105 KW JG1B\/00021784\/2 na kt\u00f3rej b\u0119dzie prowadzona dzia\u0142alno\u015b\u0107 gospodarcza<\/p>\n<p><strong>do uczestnictwa w przetargu \u0142\u0105cznym nie zakwalifikowano \u017cadnego przedsi\u0119biorcy ze wzgl\u0119du na brak ofert.<\/strong><\/p>\n<p>Przewodnicz\u0105cy Komisji Jaros\u0142aw G\u0119borys<\/p>\n","protected":false},"excerpt":{"rendered":"<p>INFORMACJA O KWALIFIKACJI DO PRZETARGU \u0141\u0104CZNEGO z dnia 31 marca 2009 roku (dotyczy zaproszenia do przetargu \u0142\u0105cznego og\u0142oszonego dnia 23 stycznia 2009 r.) Komisja ds. przetargu \u0142\u0105cznego powo\u0142ana Zarz\u0105dzeniem Prezesa Specjalnej Strefy Ekonomicznej Ma\u0142ej Przedsi\u0119biorczo\u015bci Nr 2\/09 z dnia 26 marca 2009 r. informuje, \u017ce w wyniku kwalifikacji do uczestnictwa w przetargu \u0142\u0105cznym maj\u0105cego na [&hellip;]<\/p>\n","protected":false},"author":1,"featured_media":0,"parent":0,"menu_order":0,"comment_status":"closed","ping_status":"closed","template":"","meta":{"footnotes":""},"class_list":["post-9525","page","type-page","status-publish","hentry"],"_links":{"self":[{"href":"https:\/\/old-ssemp.sowiak.dev\/index.php?rest_route=\/wp\/v2\/pages\/9525","targetHints":{"allow":["GET"]}}],"collection":[{"href":"https:\/\/old-ssemp.sowiak.dev\/index.php?rest_route=\/wp\/v2\/pages"}],"about":[{"href":"https:\/\/old-ssemp.sowiak.dev\/index.php?rest_route=\/wp\/v2\/types\/page"}],"author":[{"embeddable":true,"href":"https:\/\/old-ssemp.sowiak.dev\/index.php?rest_route=\/wp\/v2\/users\/1"}],"replies":[{"embeddable":true,"href":"https:\/\/old-ssemp.sowiak.dev\/index.php?rest_route=%2Fwp%2Fv2%2Fcomments&post=9525"}],"version-history":[{"count":1,"href":"https:\/\/old-ssemp.sowiak.dev\/index.php?rest_route=\/wp\/v2\/pages\/9525\/revisions"}],"predecessor-version":[{"id":9533,"href":"https:\/\/old-ssemp.sowiak.dev\/index.php?rest_route=\/wp\/v2\/pages\/9525\/revisions\/9533"}],"wp:attachment":[{"href":"https:\/\/old-ssemp.sowiak.dev\/index.php?rest_route=%2Fwp%2Fv2%2Fmedia&parent=9525"}],"curies":[{"name":"wp","href":"https:\/\/api.w.org\/{rel}","templated":true}]}}