{"id":9524,"date":"2016-05-16T23:52:13","date_gmt":"2016-05-16T21:52:13","guid":{"rendered":"http:\/\/ssemp.pl\/wordpress\/?page_id=9524"},"modified":"2016-05-16T23:52:13","modified_gmt":"2016-05-16T21:52:13","slug":"contur-2000-s-c-04-07-2010","status":"publish","type":"page","link":"https:\/\/old-ssemp.sowiak.dev\/?page_id=9524","title":{"rendered":"CONTUR 2000 s.c. &#8211; 04.07.2010"},"content":{"rendered":"<p align=\"center\"><strong>\u00a0<\/strong><strong>INFORMACJA O ZAKWALIFIKOWANIU DO PRZETARGU \u0141\u0104CZNEGO<\/strong><\/p>\n<p align=\"center\"><strong>\u00a0<\/strong><strong>z dnia 14 lipca 2010 roku<\/strong><\/p>\n<p align=\"center\"><strong>\u00a0<\/strong>(dotyczy zaproszenia do przetargu \u0142\u0105cznego og\u0142oszonego dnia 09 czerwca 2010 r.)<\/p>\n<p>Komisja ds. przetargu \u0142\u0105cznego powo\u0142ana Zarz\u0105dzeniem Prezesa Specjalnej Strefy Ekonomicznej Ma\u0142ej Przedsi\u0119biorczo\u015bci Nr 06\/10 z dnia 13 lipca 2010 r. informuje, \u017ce w wyniku kwalifikacji do uczestnictwa w przetargu \u0142\u0105cznym maj\u0105cego na celu ustalenie przedsi\u0119biorcy, kt\u00f3ry uzyska zezwolenie na prowadzenie dzia\u0142alno\u015bci gospodarczej i nab\u0119dzie prawo w\u0142asno\u015bci nieruchomo\u015bci niezabudowanej <strong>sk\u0142adaj\u0105cej si\u0119 z\u00a0dzia\u0142ki gruntu nr 20 na arkuszu mapy 7, obr\u0119b geodezyjny I o\u00a0powierzchni 16 469 m<sup>2<\/sup>, dla kt\u00f3rej S\u0105d Rejonowy w Lubaniu prowadzi ksi\u0119g\u0119 wieczyst\u0105 Nr KW 18707, po\u0142o\u017conej w<\/strong><strong>\u00a0wojew\u00f3dztwie dolno\u015bl\u0105skim, powiecie luba\u0144skim, miejscowo\u015bci Luba\u0144, b\u0119d\u0105cej w\u0142asno\u015bci\u0105 Gminy Miejskiej Luba\u0144<\/strong> na kt\u00f3rej b\u0119dzie prowadzona dzia\u0142alno\u015b\u0107 gospodarcza<\/p>\n<p align=\"center\">\u00a0do uczestnictwa w przetargu \u0142\u0105cznym zakwalifikowano :<\/p>\n<p align=\"center\"><strong>\u00a0<\/strong><strong>CONTUR 2000 s.c.<br \/>\nUl. Kolejowa 25<br \/>\n59-800 LUBA\u0143<br \/>\nPiotr Trzci\u0144ski, Grzegorz Wi\u0119ckowski<\/strong><\/p>\n<p align=\"right\">Przewodnicz\u0105ca Komisji<\/p>\n<p>Anna Komorowska<\/p>\n","protected":false},"excerpt":{"rendered":"<p>\u00a0INFORMACJA O ZAKWALIFIKOWANIU DO PRZETARGU \u0141\u0104CZNEGO \u00a0z dnia 14 lipca 2010 roku \u00a0(dotyczy zaproszenia do przetargu \u0142\u0105cznego og\u0142oszonego dnia 09 czerwca 2010 r.) Komisja ds. przetargu \u0142\u0105cznego powo\u0142ana Zarz\u0105dzeniem Prezesa Specjalnej Strefy Ekonomicznej Ma\u0142ej Przedsi\u0119biorczo\u015bci Nr 06\/10 z dnia 13 lipca 2010 r. informuje, \u017ce w wyniku kwalifikacji do uczestnictwa w przetargu \u0142\u0105cznym maj\u0105cego na [&hellip;]<\/p>\n","protected":false},"author":1,"featured_media":0,"parent":0,"menu_order":0,"comment_status":"closed","ping_status":"closed","template":"","meta":{"footnotes":""},"class_list":["post-9524","page","type-page","status-publish","hentry"],"_links":{"self":[{"href":"https:\/\/old-ssemp.sowiak.dev\/index.php?rest_route=\/wp\/v2\/pages\/9524","targetHints":{"allow":["GET"]}}],"collection":[{"href":"https:\/\/old-ssemp.sowiak.dev\/index.php?rest_route=\/wp\/v2\/pages"}],"about":[{"href":"https:\/\/old-ssemp.sowiak.dev\/index.php?rest_route=\/wp\/v2\/types\/page"}],"author":[{"embeddable":true,"href":"https:\/\/old-ssemp.sowiak.dev\/index.php?rest_route=\/wp\/v2\/users\/1"}],"replies":[{"embeddable":true,"href":"https:\/\/old-ssemp.sowiak.dev\/index.php?rest_route=%2Fwp%2Fv2%2Fcomments&post=9524"}],"version-history":[{"count":1,"href":"https:\/\/old-ssemp.sowiak.dev\/index.php?rest_route=\/wp\/v2\/pages\/9524\/revisions"}],"predecessor-version":[{"id":9532,"href":"https:\/\/old-ssemp.sowiak.dev\/index.php?rest_route=\/wp\/v2\/pages\/9524\/revisions\/9532"}],"wp:attachment":[{"href":"https:\/\/old-ssemp.sowiak.dev\/index.php?rest_route=%2Fwp%2Fv2%2Fmedia&parent=9524"}],"curies":[{"name":"wp","href":"https:\/\/api.w.org\/{rel}","templated":true}]}}