{"id":9523,"date":"2016-05-16T23:50:54","date_gmt":"2016-05-16T21:50:54","guid":{"rendered":"http:\/\/ssemp.pl\/wordpress\/?page_id=9523"},"modified":"2016-05-16T23:50:54","modified_gmt":"2016-05-16T21:50:54","slug":"o-p-s-o-sp-z-o-o-15-10-2010","status":"publish","type":"page","link":"https:\/\/old-ssemp.sowiak.dev\/?page_id=9523","title":{"rendered":"O.P.S.O. Sp. z o.o. &#8211; 15.10.2010"},"content":{"rendered":"<p align=\"center\"><strong>INFORMACJA O ZAKWALIFIKOWANIU<br \/>\nDO PRZETARGU \u0141\u0104CZNEGO<\/strong><\/p>\n<p align=\"center\"><strong>z dnia 15 pa\u017adziernika 2010 roku<\/strong><br \/>\n(dotyczy zaproszenia do przetargu \u0142\u0105cznego og\u0142oszonego dnia 10 sierpnia 2010 r.)<\/p>\n<p>Komisja ds. przetargu \u0142\u0105cznego powo\u0142ana Zarz\u0105dzeniem Prezesa Specjalnej Strefy Ekonomicznej Ma\u0142ej Przedsi\u0119biorczo\u015bci Nr 9\/10 z dnia 14 pa\u017adziernika 2010 r. informuje, \u017ce w wyniku kwalifikacji do uczestnictwa w przetargu \u0142\u0105cznym maj\u0105cego na celu ustalenie przedsi\u0119biorcy, kt\u00f3ry uzyska zezwolenie na prowadzenie dzia\u0142alno\u015bci gospodarczej na terenie Kamiennog\u00f3rskiej Specjalnej Strefy Ekonomicznej Ma\u0142ej Przedsi\u0119biorczo\u015bci i nab\u0119dzie prawo w\u0142asno\u015bci nieruchomo\u015bci niezabudowanych:<\/p>\n<p><strong>&#8211;\u00a0<\/strong>dzia\u0142ki <strong>Nr 52\/3 <\/strong>o pow. 5\u00a0000 m<sup>2<\/sup>, dla kt\u00f3rej S\u0105d Rejonowy w Jeleniej G\u00f3rze prowadzi ksi\u0119g\u0119 wieczyst\u0105 Nr JG1J\/00072653\/5 po\u0142o\u017conej w\u00a0wojew\u00f3dztwie dolno\u015bl\u0105skim, mie\u015bcie Jelenia G\u00f3ra, obr\u0119b Cieplice II, AM 5 w\u00a0Podstrefie Jelenia G\u00f3ra Kamiennog\u00f3rskiej Specjalnej Strefy Ekonomicznej Ma\u0142ej Przedsi\u0119biorczo\u015bci, <strong>b\u0119d\u0105cej w\u0142asno\u015bci\u0105 Gminy Jelenia G\u00f3ra, <\/strong><\/p>\n<p><strong>oraz &#8211; <\/strong>dzia\u0142ki <strong>Nr 48\/3<\/strong> o pow. 5\u00a0000 m<sup>2<\/sup>, dla kt\u00f3rej S\u0105d Rejonowy w Jeleniej G\u00f3rze prowadzi ksi\u0119g\u0119 wieczyst\u0105 Nr JG1J\/00072652\/8 po\u0142o\u017conej w\u00a0wojew\u00f3dztwie dolno\u015bl\u0105skim, mie\u015bcie Jelenia G\u00f3ra, obr\u0119b Cieplice II, AM 5 w\u00a0Podstrefie Jelenia G\u00f3ra Kamiennog\u00f3rskiej Specjalnej Strefy Ekonomicznej Ma\u0142ej Przedsi\u0119biorczo\u015bci, <strong>b\u0119d\u0105cej w\u0142asno\u015bci\u0105 Gminy Jelenia G\u00f3ra,<\/strong><\/p>\n<p><strong>kt\u00f3re b\u0119d\u0105 sprzedawane \u0142\u0105cznie jako ca\u0142o\u015b\u0107 gospodarcza <\/strong><strong>(Nieruchomo\u015b\u0107) o\u00a0\u0142\u0105cznej powierzchni 10\u00a0000 <\/strong><strong>m<sup>2<\/sup><\/strong><strong>,<\/strong> na kt\u00f3rej prowadzona b\u0119dzie dzia\u0142alno\u015b\u0107 gospodarcza w oparciu o Zezwolenie<\/p>\n<p align=\"center\">do uczestnictwa w przetargu \u0142\u0105cznym zakwalifikowano :<strong>\u00a0<\/strong><\/p>\n<p align=\"center\"><strong>O.P.S.O. Sp. z o.o.<br \/>\nul. Kr\u00f3lowej Marysie\u0144ki 5<br \/>\n02-954 WARSZAWA <\/strong><\/p>\n<p align=\"right\">Przewodnicz\u0105cy Komisji<br \/>\nAnna Komorowska<\/p>\n<p align=\"center\"><strong>INFORMACJA O ZAKWALIFIKOWANIU<br \/>\nDO PRZETARGU \u0141\u0104CZNEGO<\/strong><\/p>\n<p align=\"center\"><strong>z dnia 15 pa\u017adziernika 2010 roku<\/strong><br \/>\n(dotyczy zaproszenia do przetargu \u0142\u0105cznego og\u0142oszonego dnia 10 sierpnia 2010 r.)<\/p>\n<p>Komisja ds. przetargu \u0142\u0105cznego powo\u0142ana Zarz\u0105dzeniem Prezesa Specjalnej Strefy Ekonomicznej Ma\u0142ej Przedsi\u0119biorczo\u015bci Nr 9\/10 z dnia 14 pa\u017adziernika 2010 r. informuje, \u017ce w wyniku kwalifikacji do uczestnictwa w przetargu \u0142\u0105cznym maj\u0105cego na celu ustalenie przedsi\u0119biorcy, kt\u00f3ry uzyska zezwolenie na prowadzenie dzia\u0142alno\u015bci gospodarczej na terenie Kamiennog\u00f3rskiej Specjalnej Strefy Ekonomicznej Ma\u0142ej Przedsi\u0119biorczo\u015bci i nab\u0119dzie prawo w\u0142asno\u015bci nieruchomo\u015bci niezabudowanych:<\/p>\n<p><strong>&#8211;\u00a0<\/strong>dzia\u0142ki <strong>Nr 52\/3 <\/strong>o pow. 5\u00a0000 m<sup>2<\/sup>, dla kt\u00f3rej S\u0105d Rejonowy w Jeleniej G\u00f3rze prowadzi ksi\u0119g\u0119 wieczyst\u0105 Nr JG1J\/00072653\/5 po\u0142o\u017conej w\u00a0wojew\u00f3dztwie dolno\u015bl\u0105skim, mie\u015bcie Jelenia G\u00f3ra, obr\u0119b Cieplice II, AM 5 w\u00a0Podstrefie Jelenia G\u00f3ra Kamiennog\u00f3rskiej Specjalnej Strefy Ekonomicznej Ma\u0142ej Przedsi\u0119biorczo\u015bci, <strong>b\u0119d\u0105cej w\u0142asno\u015bci\u0105 Gminy Jelenia G\u00f3ra, <\/strong><\/p>\n<p><strong>oraz &#8211; <\/strong>dzia\u0142ki <strong>Nr 48\/3<\/strong> o pow. 5\u00a0000 m<sup>2<\/sup>, dla kt\u00f3rej S\u0105d Rejonowy w Jeleniej G\u00f3rze prowadzi ksi\u0119g\u0119 wieczyst\u0105 Nr JG1J\/00072652\/8 po\u0142o\u017conej w\u00a0wojew\u00f3dztwie dolno\u015bl\u0105skim, mie\u015bcie Jelenia G\u00f3ra, obr\u0119b Cieplice II, AM 5 w\u00a0Podstrefie Jelenia G\u00f3ra Kamiennog\u00f3rskiej Specjalnej Strefy Ekonomicznej Ma\u0142ej Przedsi\u0119biorczo\u015bci, <strong>b\u0119d\u0105cej w\u0142asno\u015bci\u0105 Gminy Jelenia G\u00f3ra,<\/strong><\/p>\n<p><strong>kt\u00f3re b\u0119d\u0105 sprzedawane \u0142\u0105cznie jako ca\u0142o\u015b\u0107 gospodarcza <\/strong><strong>(Nieruchomo\u015b\u0107) o\u00a0\u0142\u0105cznej powierzchni 10\u00a0000 <\/strong><strong>m<sup>2<\/sup><\/strong><strong>,<\/strong> na kt\u00f3rej prowadzona b\u0119dzie dzia\u0142alno\u015b\u0107 gospodarcza w oparciu o Zezwolenie<\/p>\n<p align=\"center\">do uczestnictwa w przetargu \u0142\u0105cznym zakwalifikowano :<strong>\u00a0<\/strong><\/p>\n<p align=\"center\"><strong>O.P.S.O. Sp. z o.o.<br \/>\nul. Kr\u00f3lowej Marysie\u0144ki 5<br \/>\n02-954 WARSZAWA <\/strong><\/p>\n<p align=\"right\">Przewodnicz\u0105cy Komisji<br \/>\nAnna Komorowska<\/p>\n","protected":false},"excerpt":{"rendered":"<p>INFORMACJA O ZAKWALIFIKOWANIU DO PRZETARGU \u0141\u0104CZNEGO z dnia 15 pa\u017adziernika 2010 roku (dotyczy zaproszenia do przetargu \u0142\u0105cznego og\u0142oszonego dnia 10 sierpnia 2010 r.) Komisja ds. przetargu \u0142\u0105cznego powo\u0142ana Zarz\u0105dzeniem Prezesa Specjalnej Strefy Ekonomicznej Ma\u0142ej Przedsi\u0119biorczo\u015bci Nr 9\/10 z dnia 14 pa\u017adziernika 2010 r. informuje, \u017ce w wyniku kwalifikacji do uczestnictwa w przetargu \u0142\u0105cznym maj\u0105cego na [&hellip;]<\/p>\n","protected":false},"author":1,"featured_media":0,"parent":0,"menu_order":0,"comment_status":"closed","ping_status":"closed","template":"","meta":{"footnotes":""},"class_list":["post-9523","page","type-page","status-publish","hentry"],"_links":{"self":[{"href":"https:\/\/old-ssemp.sowiak.dev\/index.php?rest_route=\/wp\/v2\/pages\/9523","targetHints":{"allow":["GET"]}}],"collection":[{"href":"https:\/\/old-ssemp.sowiak.dev\/index.php?rest_route=\/wp\/v2\/pages"}],"about":[{"href":"https:\/\/old-ssemp.sowiak.dev\/index.php?rest_route=\/wp\/v2\/types\/page"}],"author":[{"embeddable":true,"href":"https:\/\/old-ssemp.sowiak.dev\/index.php?rest_route=\/wp\/v2\/users\/1"}],"replies":[{"embeddable":true,"href":"https:\/\/old-ssemp.sowiak.dev\/index.php?rest_route=%2Fwp%2Fv2%2Fcomments&post=9523"}],"version-history":[{"count":1,"href":"https:\/\/old-ssemp.sowiak.dev\/index.php?rest_route=\/wp\/v2\/pages\/9523\/revisions"}],"predecessor-version":[{"id":9531,"href":"https:\/\/old-ssemp.sowiak.dev\/index.php?rest_route=\/wp\/v2\/pages\/9523\/revisions\/9531"}],"wp:attachment":[{"href":"https:\/\/old-ssemp.sowiak.dev\/index.php?rest_route=%2Fwp%2Fv2%2Fmedia&parent=9523"}],"curies":[{"name":"wp","href":"https:\/\/api.w.org\/{rel}","templated":true}]}}