{"id":9522,"date":"2016-05-16T23:50:05","date_gmt":"2016-05-16T21:50:05","guid":{"rendered":"http:\/\/ssemp.pl\/wordpress\/?page_id=9522"},"modified":"2016-05-16T23:50:05","modified_gmt":"2016-05-16T21:50:05","slug":"enforest-sp-z-o-o-28-10-2010","status":"publish","type":"page","link":"https:\/\/old-ssemp.sowiak.dev\/?page_id=9522","title":{"rendered":"ENFOREST SP. Z O.O. &#8211; 28.10.2010"},"content":{"rendered":"<p>INFORMACJA O ZAKWALIFIKOWANIU DO PRZETARGU \u0141\u0104CZNEGO<\/p>\n<p>z dnia 28 pa\u017adziernika 2010 roku<\/p>\n<p>(dotyczy zaproszenia do przetargu \u0142\u0105cznego og\u0142oszonego dnia 26 sierpnia 2010 r.)<\/p>\n<p>Komisja ds. przetargu \u0142\u0105cznego powo\u0142ana Zarz\u0105dzeniem Prezesa Specjalnej Strefy Ekonomicznej Ma\u0142ej Przedsi\u0119biorczo\u015bci S.A. Nr 10\/2010 z dnia 18 pa\u017adziernika 2010 r. oraz Zarz\u0105dzeniem NR 0152\/74\/10 Burmistrza Gminy \u017bmigr\u00f3d \u017bmigr\u00f3d z dnia 18 pa\u017adziernika 2010r. informuje, \u017ce w wyniku kwalifikacji do uczestnictwa w przetargu \u0142\u0105cznym maj\u0105cego na celu ustalenie przedsi\u0119biorcy, kt\u00f3ry uzyska zezwolenie na prowadzenie dzia\u0142alno\u015bci gospodarczej i nab\u0119dzie prawo w\u0142asno\u015bci nieruchomo\u015bci (niezabudowanej) o \u0142\u0105cznej powierzchni 2,7497 ha, po\u0142o\u017conej w wojew\u00f3dztwie dolno\u015bl\u0105skim, powiecie trzebnickim, miejscowo\u015bci \u017bmigr\u00f3d obr\u0119b geodezyjny \u017bmigr\u00f3d, w Podstrefie \u017bmigr\u00f3d Kamiennog\u00f3rskiej Specjalnej Strefy Ekonomicznej, b\u0119d\u0105cej w\u0142asno\u015bci\u0105 Gminy \u017bmigr\u00f3d, sk\u0142adaj\u0105cej si\u0119 z dzia\u0142ek Nr 8\/41, 8\/42, 8\/43, 8\/44, 8\/45, AM 16, ksi\u0119ga wieczysta WR1W\/00035982\/1<\/p>\n<p>do uczestnictwa w przetargu \u0142\u0105cznym zakwalifikowano :<\/p>\n<p>ENFOREST SP. Z O.O.<\/p>\n<p>UL. ADAMA MICKIEWICZA 29<\/p>\n<p>56-160 WI\u0143SKO<\/p>\n","protected":false},"excerpt":{"rendered":"<p>INFORMACJA O ZAKWALIFIKOWANIU DO PRZETARGU \u0141\u0104CZNEGO z dnia 28 pa\u017adziernika 2010 roku (dotyczy zaproszenia do przetargu \u0142\u0105cznego og\u0142oszonego dnia 26 sierpnia 2010 r.) Komisja ds. przetargu \u0142\u0105cznego powo\u0142ana Zarz\u0105dzeniem Prezesa Specjalnej Strefy Ekonomicznej Ma\u0142ej Przedsi\u0119biorczo\u015bci S.A. Nr 10\/2010 z dnia 18 pa\u017adziernika 2010 r. oraz Zarz\u0105dzeniem NR 0152\/74\/10 Burmistrza Gminy \u017bmigr\u00f3d \u017bmigr\u00f3d z dnia 18 [&hellip;]<\/p>\n","protected":false},"author":1,"featured_media":0,"parent":0,"menu_order":0,"comment_status":"closed","ping_status":"closed","template":"","meta":{"footnotes":""},"class_list":["post-9522","page","type-page","status-publish","hentry"],"_links":{"self":[{"href":"https:\/\/old-ssemp.sowiak.dev\/index.php?rest_route=\/wp\/v2\/pages\/9522","targetHints":{"allow":["GET"]}}],"collection":[{"href":"https:\/\/old-ssemp.sowiak.dev\/index.php?rest_route=\/wp\/v2\/pages"}],"about":[{"href":"https:\/\/old-ssemp.sowiak.dev\/index.php?rest_route=\/wp\/v2\/types\/page"}],"author":[{"embeddable":true,"href":"https:\/\/old-ssemp.sowiak.dev\/index.php?rest_route=\/wp\/v2\/users\/1"}],"replies":[{"embeddable":true,"href":"https:\/\/old-ssemp.sowiak.dev\/index.php?rest_route=%2Fwp%2Fv2%2Fcomments&post=9522"}],"version-history":[{"count":1,"href":"https:\/\/old-ssemp.sowiak.dev\/index.php?rest_route=\/wp\/v2\/pages\/9522\/revisions"}],"predecessor-version":[{"id":9530,"href":"https:\/\/old-ssemp.sowiak.dev\/index.php?rest_route=\/wp\/v2\/pages\/9522\/revisions\/9530"}],"wp:attachment":[{"href":"https:\/\/old-ssemp.sowiak.dev\/index.php?rest_route=%2Fwp%2Fv2%2Fmedia&parent=9522"}],"curies":[{"name":"wp","href":"https:\/\/api.w.org\/{rel}","templated":true}]}}