{"id":9514,"date":"2016-05-16T23:47:42","date_gmt":"2016-05-16T21:47:42","guid":{"rendered":"http:\/\/ssemp.pl\/wordpress\/?page_id=9514"},"modified":"2016-05-16T23:47:42","modified_gmt":"2016-05-16T21:47:42","slug":"informacja-o-zakonczeniu-przetargu-brak-ofert-29-01-2016r","status":"publish","type":"page","link":"https:\/\/old-ssemp.sowiak.dev\/?page_id=9514","title":{"rendered":"Informacja o zako\u0144czeniu przetargu &#8211; brak ofert 29.01.2016r."},"content":{"rendered":"<p><center><strong>INFORMACJA O WYBORZE OFERTY<\/strong><strong>z dnia 29 stycznia 2016 roku<\/strong><\/p>\n<p>(dotyczy zaproszenia do przetargu \u0142\u0105cznego og\u0142oszonego dnia 20 listopada 2015 r.)<\/p>\n<p><\/center><br \/>\nZgodnie z \u00a7 12 ust. 1 Rozporz\u0105dzenia Rady Ministr\u00f3w z dnia 14 wrze\u015bnia 2004r. w sprawie sposobu oraz trybu przeprowadzania przetarg\u00f3w oraz rokowa\u0144 na zbycie nieruchomo\u015bci (Dz. U. z 2014 r. poz. 1490 z p\u00f3\u017an.zm.) w zwi\u0105zku z art. 40 ust. 4 Ustawy o gospodarce nieruchomo\u015bciami z dnia 21 sierpnia 1997 r. (Dz. U. z 2015 r.<br \/>\npoz. 518 z p\u00f3\u017an.zm.) oraz \u00a7 8 pkt. 1 Rozporz\u0105dzenia Ministra Gospodarki i Pracy z dnia 15 listopada 2004r. w sprawie przetarg\u00f3w i rokowa\u0144 oraz kryteri\u00f3w oceny zamierze\u0144 co do przedsi\u0119wzi\u0119\u0107 gospodarczych, kt\u00f3re maj\u0105 by\u0107 podj\u0119te przez przedsi\u0119biorc\u00f3w na terenie Kamiennog\u00f3rskiej Specjalnej Strefy Ekonomicznej Ma\u0142ej Przedsi\u0119biorczo\u015bci (Dz. U. 254, poz. 2539 z p\u00f3\u017an.zm.)<\/p>\n<p>Zarz\u0105dzaj\u0105cy Kamiennog\u00f3rsk\u0105 Specjaln\u0105 Stref\u0105 Ekonomiczn\u0105 Ma\u0142ej Przedsi\u0119biorczo\u015bci<br \/>\ninformuje,<\/p>\n<p>\u017ce pisemny przetarg \u0142\u0105czny maj\u0105cy na celu ustalenie przedsi\u0119biorcy, kt\u00f3ry uzyska zezwolenie na prowadzenie dzia\u0142alno\u015bci gospodarczej i nab\u0119dzie prawo w\u0142asno\u015bci nieruchomo\u015bci niezabudowanej o \u0142\u0105cznej powierzchni 22,6851 ha, sk\u0142adaj\u0105ca si\u0119<br \/>\nz nast\u0119puj\u0105cych dzia\u0142ek &#8211; nr 1026\/5 o pow. 0,6851 ha, nr 1026\/13o pow.0,4848 ha,<br \/>\nnr 1026\/17 o pow. 7,1256 ha, nr 1026\/14 o pow. 0,7667 ha, nr 1026\/15 o pow. 11,1596 ha i nr 1026\/16 o pow. 2,4633 ha, na kt\u00f3rej b\u0119dzie prowadzona dzia\u0142alno\u015b\u0107 gospodarcza na terenie Podstrefy Nowogrodziec<\/p>\n<p><center><strong>zako\u0144czy\u0142 si\u0119 wynikiem negatywnym z powodu braku ofert<\/strong><\/center><br \/>\nPrzewodnicz\u0105ca Komisji<\/p>\n<p>Danuta Lewandowska<\/p>\n","protected":false},"excerpt":{"rendered":"<p>INFORMACJA O WYBORZE OFERTYz dnia 29 stycznia 2016 roku (dotyczy zaproszenia do przetargu \u0142\u0105cznego og\u0142oszonego dnia 20 listopada 2015 r.) Zgodnie z \u00a7 12 ust. 1 Rozporz\u0105dzenia Rady Ministr\u00f3w z dnia 14 wrze\u015bnia 2004r. w sprawie sposobu oraz trybu przeprowadzania przetarg\u00f3w oraz rokowa\u0144 na zbycie nieruchomo\u015bci (Dz. U. z 2014 r. poz. 1490 z p\u00f3\u017an.zm.) [&hellip;]<\/p>\n","protected":false},"author":1,"featured_media":0,"parent":0,"menu_order":0,"comment_status":"closed","ping_status":"closed","template":"","meta":{"footnotes":""},"class_list":["post-9514","page","type-page","status-publish","hentry"],"_links":{"self":[{"href":"https:\/\/old-ssemp.sowiak.dev\/index.php?rest_route=\/wp\/v2\/pages\/9514","targetHints":{"allow":["GET"]}}],"collection":[{"href":"https:\/\/old-ssemp.sowiak.dev\/index.php?rest_route=\/wp\/v2\/pages"}],"about":[{"href":"https:\/\/old-ssemp.sowiak.dev\/index.php?rest_route=\/wp\/v2\/types\/page"}],"author":[{"embeddable":true,"href":"https:\/\/old-ssemp.sowiak.dev\/index.php?rest_route=\/wp\/v2\/users\/1"}],"replies":[{"embeddable":true,"href":"https:\/\/old-ssemp.sowiak.dev\/index.php?rest_route=%2Fwp%2Fv2%2Fcomments&post=9514"}],"version-history":[{"count":1,"href":"https:\/\/old-ssemp.sowiak.dev\/index.php?rest_route=\/wp\/v2\/pages\/9514\/revisions"}],"predecessor-version":[{"id":9520,"href":"https:\/\/old-ssemp.sowiak.dev\/index.php?rest_route=\/wp\/v2\/pages\/9514\/revisions\/9520"}],"wp:attachment":[{"href":"https:\/\/old-ssemp.sowiak.dev\/index.php?rest_route=%2Fwp%2Fv2%2Fmedia&parent=9514"}],"curies":[{"name":"wp","href":"https:\/\/api.w.org\/{rel}","templated":true}]}}