{"id":9512,"date":"2016-05-16T23:46:15","date_gmt":"2016-05-16T21:46:15","guid":{"rendered":"http:\/\/ssemp.pl\/wordpress\/?page_id=9512"},"modified":"2016-05-16T23:46:16","modified_gmt":"2016-05-16T21:46:16","slug":"informacja-o-zakonczeniu-przetargu-brak-ofert-21-12-2015","status":"publish","type":"page","link":"https:\/\/old-ssemp.sowiak.dev\/?page_id=9512","title":{"rendered":"Informacja o zako\u0144czeniu przetargu &#8211; brak ofert 21.12.2015"},"content":{"rendered":"<p><center><strong>INFORMACJA O WYBORZE OFERTY<\/strong><strong>z dnia 21 grudnia 2015 roku<\/strong><\/p>\n<p>(dotyczy zaproszenia do przetargu \u0142\u0105cznego og\u0142oszonego dnia 24 listopada 2015r.)<\/p>\n<p><\/center><br \/>\nZgodnie z \u00a7 8 pkt. 1 Rozporz\u0105dzenia Ministra Gospodarki i Pracy z dnia 15 listopada 2004r. w sprawie przetarg\u00f3w i rokowa\u0144 oraz kryteri\u00f3w oceny zamierze\u0144 co do przedsi\u0119wzi\u0119\u0107 gospodarczych, kt\u00f3re maj\u0105 by\u0107 podj\u0119te na terenie Kamiennog\u00f3rskiej Specjalnej Strefy Ekonomicznej Ma\u0142ej Przedsi\u0119biorczo\u015bci (Dz. U. nr 254, poz.2539<br \/>\nz p\u00f3\u017an.zm.)<\/p>\n<p>Zarz\u0105dzaj\u0105cy Kamiennog\u00f3rsk\u0105 Specjaln\u0105 Stref\u0105 Ekonomiczn\u0105 Ma\u0142ej Przedsi\u0119biorczo\u015bci<br \/>\ninformuje,<br \/>\n\u017ce pisemny przetarg \u0142\u0105czny maj\u0105cy na celu ustalenie przedsi\u0119biorcy, kt\u00f3ry uzyska zezwolenie na prowadzenie dzia\u0142alno\u015bci gospodarczej i nab\u0119dzie prawo u\u017cytkowania wieczystego nieruchomo\u015bci (niezabudowanej) o \u0142\u0105cznej powierzchni 6,6855 ha, na kt\u00f3rej b\u0119dzie prowadzona dzia\u0142alno\u015b\u0107 gospodarcza na terenie Podstrefy Jawor<\/p>\n<p><center><strong>zako\u0144czy\u0142 si\u0119 wynikiem negatywnym z powodu braku ofert<\/strong><\/center>&nbsp;<\/p>\n<p>Przewodnicz\u0105ca Komisji<br \/>\nDanuta Lewandowska<\/p>\n","protected":false},"excerpt":{"rendered":"<p>INFORMACJA O WYBORZE OFERTYz dnia 21 grudnia 2015 roku (dotyczy zaproszenia do przetargu \u0142\u0105cznego og\u0142oszonego dnia 24 listopada 2015r.) Zgodnie z \u00a7 8 pkt. 1 Rozporz\u0105dzenia Ministra Gospodarki i Pracy z dnia 15 listopada 2004r. w sprawie przetarg\u00f3w i rokowa\u0144 oraz kryteri\u00f3w oceny zamierze\u0144 co do przedsi\u0119wzi\u0119\u0107 gospodarczych, kt\u00f3re maj\u0105 by\u0107 podj\u0119te na terenie Kamiennog\u00f3rskiej [&hellip;]<\/p>\n","protected":false},"author":1,"featured_media":0,"parent":0,"menu_order":0,"comment_status":"closed","ping_status":"closed","template":"","meta":{"footnotes":""},"class_list":["post-9512","page","type-page","status-publish","hentry"],"_links":{"self":[{"href":"https:\/\/old-ssemp.sowiak.dev\/index.php?rest_route=\/wp\/v2\/pages\/9512","targetHints":{"allow":["GET"]}}],"collection":[{"href":"https:\/\/old-ssemp.sowiak.dev\/index.php?rest_route=\/wp\/v2\/pages"}],"about":[{"href":"https:\/\/old-ssemp.sowiak.dev\/index.php?rest_route=\/wp\/v2\/types\/page"}],"author":[{"embeddable":true,"href":"https:\/\/old-ssemp.sowiak.dev\/index.php?rest_route=\/wp\/v2\/users\/1"}],"replies":[{"embeddable":true,"href":"https:\/\/old-ssemp.sowiak.dev\/index.php?rest_route=%2Fwp%2Fv2%2Fcomments&post=9512"}],"version-history":[{"count":1,"href":"https:\/\/old-ssemp.sowiak.dev\/index.php?rest_route=\/wp\/v2\/pages\/9512\/revisions"}],"predecessor-version":[{"id":9518,"href":"https:\/\/old-ssemp.sowiak.dev\/index.php?rest_route=\/wp\/v2\/pages\/9512\/revisions\/9518"}],"wp:attachment":[{"href":"https:\/\/old-ssemp.sowiak.dev\/index.php?rest_route=%2Fwp%2Fv2%2Fmedia&parent=9512"}],"curies":[{"name":"wp","href":"https:\/\/api.w.org\/{rel}","templated":true}]}}