{"id":9511,"date":"2016-05-16T23:45:32","date_gmt":"2016-05-16T21:45:32","guid":{"rendered":"http:\/\/ssemp.pl\/wordpress\/?page_id=9511"},"modified":"2016-05-16T23:45:32","modified_gmt":"2016-05-16T21:45:32","slug":"informacja-o-wyborze-solar-eco-energia-jaroslaw-mielniczyn-2015-10-16","status":"publish","type":"page","link":"https:\/\/old-ssemp.sowiak.dev\/?page_id=9511","title":{"rendered":"Informacja o wyborze &#8211; Solar Eco Energia Jaroslaw Mielniczyn &#8211; 2015.10.16"},"content":{"rendered":"<p><center>INFORMACJA O WYBORZE OFERTYz dnia 16 pa\u017adziernika 2015 roku<\/p>\n<p>(dotyczy zaproszenia do przetargu \u0142\u0105cznego og\u0142oszonego dnia 10 wrze\u015bnia 2015 r.)<\/p>\n<p><\/center>Zgodnie z \u00a7 8 pkt. 1 Rozporz\u0105dzenia Ministra Gospodarki i Pracy z dnia 15 listopada 2004 r. w sprawie przetarg\u00f3w i rokowa\u0144 oraz kryteri\u00f3w oceny zamierze\u0144 co do przedsi\u0119wzi\u0119\u0107 gospodarczych, kt\u00f3re maj\u0105 by\u0107 podj\u0119te przez przedsi\u0119biorc\u00f3w na terenie Kamiennog\u00f3rskiej Specjalnej Strefy Ekonomicznej Ma\u0142ej Przedsi\u0119biorczo\u015bci (Dz.U. 254, poz. 2539 z p\u00f3\u017an. zm.), Zarz\u0105dzaj\u0105cy Kamiennog\u00f3rsk\u0105 Specjaln\u0105 Stref\u0105 Ekonomiczn\u0105 Ma\u0142ej Przedsi\u0119biorczo\u015bci<br \/>\ninformuje,<br \/>\n\u017ce w wyniku pisemnego przetargu \u0142\u0105cznego maj\u0105cego na celu wy\u0142onienie przedsi\u0119biorcy, kt\u00f3ry uzyska zezwolenie na prowadzenie dzia\u0142alno\u015bci gospodarczej na terenie Kamiennog\u00f3rskiej Specjalnej Strefy Ekonomicznej Ma\u0142ej Przedsi\u0119biorczo\u015bci uprawniaj\u0105ce do korzystania z pomocy publicznej i nab\u0119dzie prawo w\u0142asno\u015bci nieruchomo\u015bci niezabudowanej, dzia\u0142ki \u2013 stanowi\u0105cej w\u0142asno\u015b\u0107 Gminy Gryf\u00f3w \u015al\u0105ski \u2013 po\u0142o\u017conej w wojew\u00f3dztwie dolno\u015bl\u0105skim, mie\u015bcie Gryf\u00f3w \u015al\u0105ski, w cz\u0119\u015bci us\u0142ugowej miasta przy drodze krajowej nr 30 w kierunku Zgorzelca, oznaczonej geodezyjnie jako dzia\u0142ka nr 54\/28 o powierzchni 1,0447 ha, obr\u0119b 1 Gryf\u00f3w \u015al\u0105ski, AM-1, dla kt\u00f3rej S\u0105d Rejonowy w Lw\u00f3wku \u015al\u0105skim prowadzi ksi\u0119g\u0119 wieczyst\u0105 Nr JG1S\/00030461\/4, na kt\u00f3rej prowadzona b\u0119dzie dzia\u0142alno\u015b\u0107 gospodarcza w oparciu o Zezwolenie<\/p>\n<p><center>wybrano ofert\u0119 przedsi\u0119biorcy:Jaros\u0142awa Mielniczyna prowadz\u0105cego dzia\u0142alno\u015b\u0107 gospodarcz\u0105 pod firm\u0105<br \/>\nSolar Eco Energia Centrum Odnawialnych \u0179r\u00f3de\u0142 Energii i Techniki Grzewczej Jaros\u0142aw Mielniczyn<br \/>\nWie\u017ca 38 B<br \/>\n59-620 Gryf\u00f3w \u015al\u0105ski<\/p>\n<p><\/center>Przewodnicz\u0105ca Komisji Przetargowej<br \/>\nDanuta Lewandowska<\/p>\n","protected":false},"excerpt":{"rendered":"<p>INFORMACJA O WYBORZE OFERTYz dnia 16 pa\u017adziernika 2015 roku (dotyczy zaproszenia do przetargu \u0142\u0105cznego og\u0142oszonego dnia 10 wrze\u015bnia 2015 r.) Zgodnie z \u00a7 8 pkt. 1 Rozporz\u0105dzenia Ministra Gospodarki i Pracy z dnia 15 listopada 2004 r. w sprawie przetarg\u00f3w i rokowa\u0144 oraz kryteri\u00f3w oceny zamierze\u0144 co do przedsi\u0119wzi\u0119\u0107 gospodarczych, kt\u00f3re maj\u0105 by\u0107 podj\u0119te przez [&hellip;]<\/p>\n","protected":false},"author":1,"featured_media":0,"parent":0,"menu_order":0,"comment_status":"closed","ping_status":"closed","template":"","meta":{"footnotes":""},"class_list":["post-9511","page","type-page","status-publish","hentry"],"_links":{"self":[{"href":"https:\/\/old-ssemp.sowiak.dev\/index.php?rest_route=\/wp\/v2\/pages\/9511","targetHints":{"allow":["GET"]}}],"collection":[{"href":"https:\/\/old-ssemp.sowiak.dev\/index.php?rest_route=\/wp\/v2\/pages"}],"about":[{"href":"https:\/\/old-ssemp.sowiak.dev\/index.php?rest_route=\/wp\/v2\/types\/page"}],"author":[{"embeddable":true,"href":"https:\/\/old-ssemp.sowiak.dev\/index.php?rest_route=\/wp\/v2\/users\/1"}],"replies":[{"embeddable":true,"href":"https:\/\/old-ssemp.sowiak.dev\/index.php?rest_route=%2Fwp%2Fv2%2Fcomments&post=9511"}],"version-history":[{"count":1,"href":"https:\/\/old-ssemp.sowiak.dev\/index.php?rest_route=\/wp\/v2\/pages\/9511\/revisions"}],"predecessor-version":[{"id":9517,"href":"https:\/\/old-ssemp.sowiak.dev\/index.php?rest_route=\/wp\/v2\/pages\/9511\/revisions\/9517"}],"wp:attachment":[{"href":"https:\/\/old-ssemp.sowiak.dev\/index.php?rest_route=%2Fwp%2Fv2%2Fmedia&parent=9511"}],"curies":[{"name":"wp","href":"https:\/\/api.w.org\/{rel}","templated":true}]}}