{"id":9510,"date":"2016-05-16T23:44:34","date_gmt":"2016-05-16T21:44:34","guid":{"rendered":"http:\/\/ssemp.pl\/wordpress\/?page_id=9510"},"modified":"2016-05-16T23:44:34","modified_gmt":"2016-05-16T21:44:34","slug":"informacja-o-wyborze-kermaan-26-08-2015","status":"publish","type":"page","link":"https:\/\/old-ssemp.sowiak.dev\/?page_id=9510","title":{"rendered":"informacja o wyborze &#8211; KERMAAN 26.08.2015"},"content":{"rendered":"<p><center><strong>INFORMACJA O WYBORZE OFERTY<\/strong><strong>z dnia 26 sierpnia 2015 roku<\/strong><\/p>\n<p>(dotyczy zaproszenia do rokowa\u0144 og\u0142oszonego dnia 30.07.2015 r.)<br \/>\nZgodnie z \u00a7 8, pkt. 1 Rozporz\u0105dzenia Ministra Gospodarki i Pracy z dnia<br \/>\n15 listopada 2004 r. w sprawie przetarg\u00f3w i rokowa\u0144 oraz kryteri\u00f3w oceny zamierze\u0144 co do przedsi\u0119wzi\u0119\u0107 gospodarczych, kt\u00f3re maj\u0105 by\u0107 podj\u0119te przez przedsi\u0119biorc\u00f3w na terenie Kamiennog\u00f3rskiej Specjalnej Strefy Ekonomicznej Ma\u0142ej Przedsi\u0119biorczo\u015bci (Dz.U. Nr 254, poz. 2539 p\u00f3\u017an.zm.)<br \/>\nZarz\u0105dzaj\u0105cy Kamiennog\u00f3rsk\u0105 Specjaln\u0105 Stref\u0105 Ekonomiczn\u0105<br \/>\nMa\u0142ej Przedsi\u0119biorczo\u015bci informuje,<br \/>\n\u017ce w wyniku rokowa\u0144 maj\u0105cych na celu ustalenie przedsi\u0119biorcy, kt\u00f3ry uzyska Zezwolenie na prowadzenie dzia\u0142alno\u015bci gospodarczej<br \/>\nna terenie Podstrefy Luba\u0144<br \/>\nwybrano ofert\u0119 z\u0142o\u017con\u0105 przez <strong>Rafa\u0142a Gruc\u0119 i Daniela Jab\u0142o\u0144skiego<\/strong> prowadz\u0105cych dzia\u0142alno\u015b\u0107 gospodarcz\u0105 pod firm\u0105:<\/p>\n<p><strong>KERMAAN S.C.<br \/>\nul. Graniczna 24A<br \/>\n05-090 Raszyn, Janki<\/strong><\/p>\n<p><\/center>Przewodnicz\u0105ca Komisji Rokowa\u0144<\/p>\n<p>Karolina Podlasek<\/p>\n","protected":false},"excerpt":{"rendered":"<p>INFORMACJA O WYBORZE OFERTYz dnia 26 sierpnia 2015 roku (dotyczy zaproszenia do rokowa\u0144 og\u0142oszonego dnia 30.07.2015 r.) Zgodnie z \u00a7 8, pkt. 1 Rozporz\u0105dzenia Ministra Gospodarki i Pracy z dnia 15 listopada 2004 r. w sprawie przetarg\u00f3w i rokowa\u0144 oraz kryteri\u00f3w oceny zamierze\u0144 co do przedsi\u0119wzi\u0119\u0107 gospodarczych, kt\u00f3re maj\u0105 by\u0107 podj\u0119te przez przedsi\u0119biorc\u00f3w na terenie [&hellip;]<\/p>\n","protected":false},"author":1,"featured_media":0,"parent":0,"menu_order":0,"comment_status":"closed","ping_status":"closed","template":"","meta":{"footnotes":""},"class_list":["post-9510","page","type-page","status-publish","hentry"],"_links":{"self":[{"href":"https:\/\/old-ssemp.sowiak.dev\/index.php?rest_route=\/wp\/v2\/pages\/9510","targetHints":{"allow":["GET"]}}],"collection":[{"href":"https:\/\/old-ssemp.sowiak.dev\/index.php?rest_route=\/wp\/v2\/pages"}],"about":[{"href":"https:\/\/old-ssemp.sowiak.dev\/index.php?rest_route=\/wp\/v2\/types\/page"}],"author":[{"embeddable":true,"href":"https:\/\/old-ssemp.sowiak.dev\/index.php?rest_route=\/wp\/v2\/users\/1"}],"replies":[{"embeddable":true,"href":"https:\/\/old-ssemp.sowiak.dev\/index.php?rest_route=%2Fwp%2Fv2%2Fcomments&post=9510"}],"version-history":[{"count":1,"href":"https:\/\/old-ssemp.sowiak.dev\/index.php?rest_route=\/wp\/v2\/pages\/9510\/revisions"}],"predecessor-version":[{"id":9516,"href":"https:\/\/old-ssemp.sowiak.dev\/index.php?rest_route=\/wp\/v2\/pages\/9510\/revisions\/9516"}],"wp:attachment":[{"href":"https:\/\/old-ssemp.sowiak.dev\/index.php?rest_route=%2Fwp%2Fv2%2Fmedia&parent=9510"}],"curies":[{"name":"wp","href":"https:\/\/api.w.org\/{rel}","templated":true}]}}