{"id":9495,"date":"2016-05-16T23:39:42","date_gmt":"2016-05-16T21:39:42","guid":{"rendered":"http:\/\/ssemp.pl\/wordpress\/?page_id=9495"},"modified":"2016-05-16T23:39:43","modified_gmt":"2016-05-16T21:39:43","slug":"informacja-o-wyborze-miranda-3-sp-z-o-o-w-organizacji-24-06-2014","status":"publish","type":"page","link":"https:\/\/old-ssemp.sowiak.dev\/?page_id=9495","title":{"rendered":"Informacja o wyborze &#8211; MIRANDA 3 Sp. z o.o. w organizacji &#8211; 24.06.2014"},"content":{"rendered":"<p><center><strong>INFORMACJA O WYBORZE OFERTY<\/strong><strong><br \/>\nz dnia 24 czerwca 2014 roku<\/strong><\/p>\n<p><\/center>(dotyczy zaproszenia do rokowa\u0144 og\u0142oszonego dnia 28.05.2014r.)<\/p>\n<p>Zgodnie z \u00a7 8, pkt. 1 Rozporz\u0105dzenia Ministra Gospodarki i Pracy z dnia<br \/>\n15 listopada 2004 r. w sprawie przetarg\u00f3w i rokowa\u0144 oraz kryteri\u00f3w oceny zamierze\u0144 co do przedsi\u0119wzi\u0119\u0107 gospodarczych, kt\u00f3re maj\u0105 by\u0107 podj\u0119te przez przedsi\u0119biorc\u00f3w na terenie Kamiennog\u00f3rskiej Specjalnej Strefy Ekonomicznej Ma\u0142ej Przedsi\u0119biorczo\u015bci (Dz.U. 254, poz.2539 z 2004 r. z p\u00f3\u017an. zmianami)<\/p>\n<p><center>Zarz\u0105dzaj\u0105cy Kamiennog\u00f3rsk\u0105 Specjaln\u0105 Stref\u0105 Ekonomiczn\u0105<br \/>\nMa\u0142ej Przedsi\u0119biorczo\u015bci informuje,\u017ce w wyniku rokowa\u0144 maj\u0105cych na celu ustalenie przedsi\u0119biorcy, kt\u00f3ry uzyska Zezwolenie na prowadzenie dzia\u0142alno\u015bci gospodarczej na terenie<br \/>\nPodstrefy Kamienna G\u00f3ra<br \/>\nwybrano ofert\u0119 przedsi\u0119biorcy:<\/p>\n<p><strong>MIRANDA 3 Sp. z o.o. w organizacji<br \/>\nul. Ma\u0142gorzaty Fornalskiej 30<br \/>\n58-400 Kamienna G\u00f3ra<\/strong><\/p>\n<p><\/center><br \/>\nPrzewodnicz\u0105ca Komisji Rokowa\u0144<\/p>\n<p>Danuta Lewandowska<\/p>\n","protected":false},"excerpt":{"rendered":"<p>INFORMACJA O WYBORZE OFERTY z dnia 24 czerwca 2014 roku (dotyczy zaproszenia do rokowa\u0144 og\u0142oszonego dnia 28.05.2014r.) Zgodnie z \u00a7 8, pkt. 1 Rozporz\u0105dzenia Ministra Gospodarki i Pracy z dnia 15 listopada 2004 r. w sprawie przetarg\u00f3w i rokowa\u0144 oraz kryteri\u00f3w oceny zamierze\u0144 co do przedsi\u0119wzi\u0119\u0107 gospodarczych, kt\u00f3re maj\u0105 by\u0107 podj\u0119te przez przedsi\u0119biorc\u00f3w na terenie [&hellip;]<\/p>\n","protected":false},"author":1,"featured_media":0,"parent":0,"menu_order":0,"comment_status":"closed","ping_status":"closed","template":"","meta":{"footnotes":""},"class_list":["post-9495","page","type-page","status-publish","hentry"],"_links":{"self":[{"href":"https:\/\/old-ssemp.sowiak.dev\/index.php?rest_route=\/wp\/v2\/pages\/9495","targetHints":{"allow":["GET"]}}],"collection":[{"href":"https:\/\/old-ssemp.sowiak.dev\/index.php?rest_route=\/wp\/v2\/pages"}],"about":[{"href":"https:\/\/old-ssemp.sowiak.dev\/index.php?rest_route=\/wp\/v2\/types\/page"}],"author":[{"embeddable":true,"href":"https:\/\/old-ssemp.sowiak.dev\/index.php?rest_route=\/wp\/v2\/users\/1"}],"replies":[{"embeddable":true,"href":"https:\/\/old-ssemp.sowiak.dev\/index.php?rest_route=%2Fwp%2Fv2%2Fcomments&post=9495"}],"version-history":[{"count":2,"href":"https:\/\/old-ssemp.sowiak.dev\/index.php?rest_route=\/wp\/v2\/pages\/9495\/revisions"}],"predecessor-version":[{"id":9505,"href":"https:\/\/old-ssemp.sowiak.dev\/index.php?rest_route=\/wp\/v2\/pages\/9495\/revisions\/9505"}],"wp:attachment":[{"href":"https:\/\/old-ssemp.sowiak.dev\/index.php?rest_route=%2Fwp%2Fv2%2Fmedia&parent=9495"}],"curies":[{"name":"wp","href":"https:\/\/api.w.org\/{rel}","templated":true}]}}