{"id":9481,"date":"2016-05-16T23:34:00","date_gmt":"2016-05-16T21:34:00","guid":{"rendered":"http:\/\/ssemp.pl\/wordpress\/?page_id=9481"},"modified":"2016-05-16T23:34:00","modified_gmt":"2016-05-16T21:34:00","slug":"informacja-o-wyborze-elettroplast-24-12-2013","status":"publish","type":"page","link":"https:\/\/old-ssemp.sowiak.dev\/?page_id=9481","title":{"rendered":"Informacja o wyborze &#8211; Elettroplast &#8211; 24.12.2013"},"content":{"rendered":"<p><center><strong>INFORMACJA O WYBORZE OFERTY<\/strong><strong><br \/>\nz dnia 24 grudnia 2013 roku<\/strong><\/p>\n<p>(dotyczy zaproszenia do rokowa\u0144 og\u0142oszonego dnia 29.11.2013r.)<\/p>\n<p>Zgodnie z \u00a7 8, pkt. 1 Rozporz\u0105dzenia Ministra Gospodarki i Pracy z dnia<br \/>\n15 listopada 2004 r. w sprawie przetarg\u00f3w i rokowa\u0144 oraz kryteri\u00f3w oceny zamierze\u0144 co do przedsi\u0119wzi\u0119\u0107 gospodarczych, kt\u00f3re maj\u0105 by\u0107 podj\u0119te przez przedsi\u0119biorc\u00f3w na terenie Kamiennog\u00f3rskiej Specjalnej Strefy Ekonomicznej Ma\u0142ej Przedsi\u0119biorczo\u015bci (Dz.U. 254, poz.2539 z 2004 r. z p\u00f3\u017an. zmianami)<\/p>\n<p>Zarz\u0105dzaj\u0105cy Kamiennog\u00f3rsk\u0105 Specjaln\u0105 Stref\u0105 Ekonomiczn\u0105<br \/>\nMa\u0142ej Przedsi\u0119biorczo\u015bci informuje,<\/p>\n<p>\u017ce w wyniku rokowa\u0144 maj\u0105cych na celu ustalenie przedsi\u0119biorcy, kt\u00f3ry uzyska Zezwolenie na prowadzenie dzia\u0142alno\u015bci gospodarczej na terenie<br \/>\nPodstrefy Luba\u0144<br \/>\nwybrano ofert\u0119 przedsi\u0119biorcy:<\/p>\n<p><strong>Elettroplast Polska Sp. z o.o.<br \/>\nul. Gazowa 4<br \/>\n59-800 Luba\u0144<\/strong><\/p>\n<p><\/center><br \/>\nPrzewodnicz\u0105ca Komisji Rokowa\u0144<\/p>\n<p>Karolina Podlasek<\/p>\n","protected":false},"excerpt":{"rendered":"<p>INFORMACJA O WYBORZE OFERTY z dnia 24 grudnia 2013 roku (dotyczy zaproszenia do rokowa\u0144 og\u0142oszonego dnia 29.11.2013r.) Zgodnie z \u00a7 8, pkt. 1 Rozporz\u0105dzenia Ministra Gospodarki i Pracy z dnia 15 listopada 2004 r. w sprawie przetarg\u00f3w i rokowa\u0144 oraz kryteri\u00f3w oceny zamierze\u0144 co do przedsi\u0119wzi\u0119\u0107 gospodarczych, kt\u00f3re maj\u0105 by\u0107 podj\u0119te przez przedsi\u0119biorc\u00f3w na terenie [&hellip;]<\/p>\n","protected":false},"author":1,"featured_media":0,"parent":0,"menu_order":0,"comment_status":"closed","ping_status":"closed","template":"","meta":{"footnotes":""},"class_list":["post-9481","page","type-page","status-publish","hentry"],"_links":{"self":[{"href":"https:\/\/old-ssemp.sowiak.dev\/index.php?rest_route=\/wp\/v2\/pages\/9481","targetHints":{"allow":["GET"]}}],"collection":[{"href":"https:\/\/old-ssemp.sowiak.dev\/index.php?rest_route=\/wp\/v2\/pages"}],"about":[{"href":"https:\/\/old-ssemp.sowiak.dev\/index.php?rest_route=\/wp\/v2\/types\/page"}],"author":[{"embeddable":true,"href":"https:\/\/old-ssemp.sowiak.dev\/index.php?rest_route=\/wp\/v2\/users\/1"}],"replies":[{"embeddable":true,"href":"https:\/\/old-ssemp.sowiak.dev\/index.php?rest_route=%2Fwp%2Fv2%2Fcomments&post=9481"}],"version-history":[{"count":1,"href":"https:\/\/old-ssemp.sowiak.dev\/index.php?rest_route=\/wp\/v2\/pages\/9481\/revisions"}],"predecessor-version":[{"id":9489,"href":"https:\/\/old-ssemp.sowiak.dev\/index.php?rest_route=\/wp\/v2\/pages\/9481\/revisions\/9489"}],"wp:attachment":[{"href":"https:\/\/old-ssemp.sowiak.dev\/index.php?rest_route=%2Fwp%2Fv2%2Fmedia&parent=9481"}],"curies":[{"name":"wp","href":"https:\/\/api.w.org\/{rel}","templated":true}]}}