{"id":9475,"date":"2016-05-16T23:27:35","date_gmt":"2016-05-16T21:27:35","guid":{"rendered":"http:\/\/ssemp.pl\/wordpress\/?page_id=9475"},"modified":"2016-05-16T23:27:35","modified_gmt":"2016-05-16T21:27:35","slug":"informacja-o-zakonczeniu-przetargu-brak-ofert-29-11-2013","status":"publish","type":"page","link":"https:\/\/old-ssemp.sowiak.dev\/?page_id=9475","title":{"rendered":"Informacja o zako\u0144czeniu przetargu &#8211; brak ofert 29.11.2013"},"content":{"rendered":"<p><center><strong>INFORMACJA O WYBORZE OFERTY<\/strong><strong>z dnia 29 listopada 2013 roku<\/strong><\/p>\n<p>(dotyczy zaproszenia do przetargu \u0142\u0105cznego og\u0142oszonego dnia 23 pa\u017adziernika 2013 r.)<\/p>\n<p><\/center><br \/>\nZgodnie z \u00a7 12 ust. 1 Rozporz\u0105dzenia Rady Ministr\u00f3w z dnia 14 wrze\u015bnia 2004 r. w sprawie sposobu oraz trybu przeprowadzania przetarg\u00f3w oraz rokowa\u0144 na zbycie nieruchomo\u015bci ( Dz.U. 207, poz. 2108) w zwi\u0105zku z art. 40 ust. 4 Ustawy o gospodarce nieruchomo\u015bciami z dnia 21 sierpnia 1997 r. (tekst jednolity z 2010 r. Dz. U. nr 102, poz 651 z p\u00f3\u017an. zmianami) oraz \u00a7 8 pkt. 1 Rozporz\u0105dzenia Ministra Gospodarki i Pracy z dnia 15 listopada 2004 r. w sprawie przetarg\u00f3w i rokowa\u0144 oraz kryteri\u00f3w oceny zamierze\u0144 co do przedsi\u0119wzi\u0119\u0107 gospodarczych, kt\u00f3re maj\u0105 by\u0107 podj\u0119te przez przedsi\u0119biorc\u00f3w na terenie Kamiennog\u00f3rskiej Specjalnej Strefy Ekonomicznej Ma\u0142ej Przedsi\u0119biorczo\u015bci (Dz. U. 254, poz.2539 z p\u00f3\u017an. zm.)<\/p>\n<p>Zarz\u0105dzaj\u0105cy Kamiennog\u00f3rsk\u0105 Specjaln\u0105 Stref\u0105 Ekonomiczn\u0105 Ma\u0142ej Przedsi\u0119biorczo\u015bci<br \/>\ninformuje,<br \/>\n\u017ce pisemny przetarg \u0142\u0105czny maj\u0105cy na celu ustalenie przedsi\u0119biorcy, kt\u00f3ry uzyska zezwolenie na prowadzenie dzia\u0142alno\u015bci gospodarczej i nab\u0119dzie w ramach umowy dzier\u017cawy prawo do nieruchomo\u015bci (niezabudowanej) o \u0142\u0105cznej powierzchni 7,8402 ha, na kt\u00f3rej b\u0119dzie prowadzona dzia\u0142alno\u015b\u0107 gospodarcza na terenie Podstrefy \u017bmigr\u00f3d<\/p>\n<p><center><strong><br \/>\nzako\u0144czy\u0142 si\u0119 wynikiem negatywnym z powodu braku ofert<\/strong><\/center>Przewodnicz\u0105ca Komisji<\/p>\n<p>Danuta Lewandowska<\/p>\n","protected":false},"excerpt":{"rendered":"<p>INFORMACJA O WYBORZE OFERTYz dnia 29 listopada 2013 roku (dotyczy zaproszenia do przetargu \u0142\u0105cznego og\u0142oszonego dnia 23 pa\u017adziernika 2013 r.) Zgodnie z \u00a7 12 ust. 1 Rozporz\u0105dzenia Rady Ministr\u00f3w z dnia 14 wrze\u015bnia 2004 r. w sprawie sposobu oraz trybu przeprowadzania przetarg\u00f3w oraz rokowa\u0144 na zbycie nieruchomo\u015bci ( Dz.U. 207, poz. 2108) w zwi\u0105zku z [&hellip;]<\/p>\n","protected":false},"author":1,"featured_media":0,"parent":0,"menu_order":0,"comment_status":"closed","ping_status":"closed","template":"","meta":{"footnotes":""},"class_list":["post-9475","page","type-page","status-publish","hentry"],"_links":{"self":[{"href":"https:\/\/old-ssemp.sowiak.dev\/index.php?rest_route=\/wp\/v2\/pages\/9475","targetHints":{"allow":["GET"]}}],"collection":[{"href":"https:\/\/old-ssemp.sowiak.dev\/index.php?rest_route=\/wp\/v2\/pages"}],"about":[{"href":"https:\/\/old-ssemp.sowiak.dev\/index.php?rest_route=\/wp\/v2\/types\/page"}],"author":[{"embeddable":true,"href":"https:\/\/old-ssemp.sowiak.dev\/index.php?rest_route=\/wp\/v2\/users\/1"}],"replies":[{"embeddable":true,"href":"https:\/\/old-ssemp.sowiak.dev\/index.php?rest_route=%2Fwp%2Fv2%2Fcomments&post=9475"}],"version-history":[{"count":1,"href":"https:\/\/old-ssemp.sowiak.dev\/index.php?rest_route=\/wp\/v2\/pages\/9475\/revisions"}],"predecessor-version":[{"id":9483,"href":"https:\/\/old-ssemp.sowiak.dev\/index.php?rest_route=\/wp\/v2\/pages\/9475\/revisions\/9483"}],"wp:attachment":[{"href":"https:\/\/old-ssemp.sowiak.dev\/index.php?rest_route=%2Fwp%2Fv2%2Fmedia&parent=9475"}],"curies":[{"name":"wp","href":"https:\/\/api.w.org\/{rel}","templated":true}]}}