{"id":9466,"date":"2016-05-16T23:26:22","date_gmt":"2016-05-16T21:26:22","guid":{"rendered":"http:\/\/ssemp.pl\/wordpress\/?page_id=9466"},"modified":"2016-05-16T23:26:22","modified_gmt":"2016-05-16T21:26:22","slug":"informacja-o-wyborze-industrial-packaging-solutions-jelenia-gora-sp-z-o-o-18-09-2013","status":"publish","type":"page","link":"https:\/\/old-ssemp.sowiak.dev\/?page_id=9466","title":{"rendered":"Informacja o wyborze &#8211; INDUSTRIAL PACKAGING SOLUTIONS JELENIA G\u00d3RA Sp. z o.o. 18-09-2013"},"content":{"rendered":"<p><center><strong> INFORMACJA O WYBORZE OFERTY <\/strong><strong> z dnia 18 wrze\u015bnia 2013 roku <\/strong><\/p>\n<p>(dotyczy zaproszenia do przetargu \u0142\u0105cznego og\u0142oszonego dnia 12 lipca 2013 r.)<\/p>\n<p><\/center>Zgodnie z \u00a7 8 pkt. 1 Rozporz\u0105dzenia Ministra Gospodarki i Pracy z dnia 15 listopada 2004 r. w sprawie przetarg\u00f3w i rokowa\u0144 oraz kryteri\u00f3w oceny zamierze\u0144 co do przedsi\u0119wzi\u0119\u0107 gospodarczych, kt\u00f3re maj\u0105 by\u0107 podj\u0119te przez przedsi\u0119biorc\u00f3w na terenie Kamiennog\u00f3rskiej Specjalnej Strefy Ekonomicznej Ma\u0142ej Przedsi\u0119biorczo\u015bci (Dz.U. 254, poz. 2539 z p\u00f3\u017an. zm.), Zarz\u0105dzaj\u0105cy Kamiennog\u00f3rsk\u0105 Specjaln\u0105 Stref\u0105 Ekonomiczn\u0105 Ma\u0142ej Przedsi\u0119biorczo\u015bci<br \/>\ninformuje,<br \/>\n\u017ce w wyniku pisemnego przetargu \u0142\u0105cznego maj\u0105cego na celu wy\u0142onienie przedsi\u0119biorcy, kt\u00f3ry uzyska zezwolenie na prowadzenie dzia\u0142alno\u015bci gospodarczej na terenie Kamiennog\u00f3rskiej Specjalnej Strefy Ekonomicznej Ma\u0142ej Przedsi\u0119biorczo\u015bci uprawniaj\u0105ce do korzystania z pomocy publicznej i nab\u0119dzie prawo w\u0142asno\u015bci nieruchomo\u015bci niezabudowanej, dzia\u0142ki \u2013 stanowi\u0105cej w\u0142asno\u015b\u0107 Gminy Jelenia G\u00f3ra, po\u0142o\u017conej w wojew\u00f3dztwie dolno\u015bl\u0105skim, mie\u015bcie Jelenia G\u00f3ra, w Podstrefie Jelenia G\u00f3ra Kamiennog\u00f3rskiej Specjalnej Strefy Ekonomicznej Ma\u0142ej Przedsi\u0119biorczo\u015bci, przy ul. Objazdowej, oznaczonej geodezyjnie jako dzia\u0142ka nr 77\/5 o powierzchni 1,7989 ha, obr\u0119b Cieplice II, AM-4, dla kt\u00f3rej S\u0105d Rejonowy w Jeleniej G\u00f3rze prowadzi ksi\u0119g\u0119 wieczyst\u0105 Nr JG1J\/00072654\/2, na kt\u00f3rej prowadzona b\u0119dzie dzia\u0142alno\u015b\u0107 gospodarcza w oparciu o Zezwolenie.<\/p>\n<p>wybrano ofert\u0119 przedsi\u0119biorcy:<\/p>\n<p><center><strong> INDUSTRIAL PACKAGING SOLUTIONS JELENIA G\u00d3RA Sp. z o.o.<br \/>\nul. Wojew\u00f3dzka 13 a<br \/>\n58-560 Jelenia G\u00f3ra <\/strong><\/center>Przewodnicz\u0105ca Komisji Przetargowej<br \/>\nDanuta Lewandowska<\/p>\n","protected":false},"excerpt":{"rendered":"<p>INFORMACJA O WYBORZE OFERTY z dnia 18 wrze\u015bnia 2013 roku (dotyczy zaproszenia do przetargu \u0142\u0105cznego og\u0142oszonego dnia 12 lipca 2013 r.) Zgodnie z \u00a7 8 pkt. 1 Rozporz\u0105dzenia Ministra Gospodarki i Pracy z dnia 15 listopada 2004 r. w sprawie przetarg\u00f3w i rokowa\u0144 oraz kryteri\u00f3w oceny zamierze\u0144 co do przedsi\u0119wzi\u0119\u0107 gospodarczych, kt\u00f3re maj\u0105 by\u0107 podj\u0119te [&hellip;]<\/p>\n","protected":false},"author":1,"featured_media":0,"parent":0,"menu_order":0,"comment_status":"closed","ping_status":"closed","template":"","meta":{"footnotes":""},"class_list":["post-9466","page","type-page","status-publish","hentry"],"_links":{"self":[{"href":"https:\/\/old-ssemp.sowiak.dev\/index.php?rest_route=\/wp\/v2\/pages\/9466","targetHints":{"allow":["GET"]}}],"collection":[{"href":"https:\/\/old-ssemp.sowiak.dev\/index.php?rest_route=\/wp\/v2\/pages"}],"about":[{"href":"https:\/\/old-ssemp.sowiak.dev\/index.php?rest_route=\/wp\/v2\/types\/page"}],"author":[{"embeddable":true,"href":"https:\/\/old-ssemp.sowiak.dev\/index.php?rest_route=\/wp\/v2\/users\/1"}],"replies":[{"embeddable":true,"href":"https:\/\/old-ssemp.sowiak.dev\/index.php?rest_route=%2Fwp%2Fv2%2Fcomments&post=9466"}],"version-history":[{"count":1,"href":"https:\/\/old-ssemp.sowiak.dev\/index.php?rest_route=\/wp\/v2\/pages\/9466\/revisions"}],"predecessor-version":[{"id":9474,"href":"https:\/\/old-ssemp.sowiak.dev\/index.php?rest_route=\/wp\/v2\/pages\/9466\/revisions\/9474"}],"wp:attachment":[{"href":"https:\/\/old-ssemp.sowiak.dev\/index.php?rest_route=%2Fwp%2Fv2%2Fmedia&parent=9466"}],"curies":[{"name":"wp","href":"https:\/\/api.w.org\/{rel}","templated":true}]}}