{"id":9464,"date":"2016-05-16T23:24:44","date_gmt":"2016-05-16T21:24:44","guid":{"rendered":"http:\/\/ssemp.pl\/wordpress\/?page_id=9464"},"modified":"2016-05-16T23:24:44","modified_gmt":"2016-05-16T21:24:44","slug":"pphu-lechmet-sylwester-lech-2013-05-29","status":"publish","type":"page","link":"https:\/\/old-ssemp.sowiak.dev\/?page_id=9464","title":{"rendered":"PPHU \u201eLECHMET\u201d Sylwester Lech &#8211; 2013.05.29"},"content":{"rendered":"<p align=\"center\"><strong>INFORMACJA O WYBORZE OFERTY<\/strong><strong>\u00a0<\/strong><\/p>\n<p align=\"center\"><strong>z dnia 29 maja 2013 roku<\/strong><\/p>\n<p align=\"center\">(dotyczy zaproszenia do przetargu \u0142\u0105cznego og\u0142oszonego dnia 19 kwietnia 2013 r.)<\/p>\n<p>Zgodnie z \u00a7 8 pkt. 1 Rozporz\u0105dzenia Ministra Gospodarki i Pracy z dnia 15 listopada 2004 r. w sprawie przetarg\u00f3w i rokowa\u0144 oraz kryteri\u00f3w oceny zamierze\u0144 co do przedsi\u0119wzi\u0119\u0107 gospodarczych, kt\u00f3re maj\u0105 by\u0107 podj\u0119te przez przedsi\u0119biorc\u00f3w na terenie Kamiennog\u00f3rskiej Specjalnej Strefy Ekonomicznej Ma\u0142ej Przedsi\u0119biorczo\u015bci (Dz.U. 254, poz. 2539 z p\u00f3\u017an. zm.), Zarz\u0105dzaj\u0105cy Kamiennog\u00f3rsk\u0105 Specjaln\u0105 Stref\u0105 Ekonomiczn\u0105 Ma\u0142ej Przedsi\u0119biorczo\u015bci<\/p>\n<p align=\"center\">informuje,<\/p>\n<p>\u017ce w wyniku pisemnego przetargu \u0142\u0105cznego maj\u0105cego na celu wy\u0142onienie przedsi\u0119biorcy, kt\u00f3ry uzyska zezwolenie na prowadzenie dzia\u0142alno\u015bci gospodarczej na terenie Kamiennog\u00f3rskiej Specjalnej Strefy Ekonomicznej Ma\u0142ej Przedsi\u0119biorczo\u015bci uprawniaj\u0105ce do korzystania z pomocy publicznej i nab\u0119dzie prawo w\u0142asno\u015bci nieruchomo\u015bci (niezabudowanej) o\u00a0\u0142\u0105cznej powierzchni 0,9815 ha, po\u0142o\u017conej w\u00a0wojew\u00f3dztwie dolno\u015bl\u0105skim, powiecie trzebnickim, miejscowo\u015bci \u017bmigr\u00f3d obr\u0119b geodezyjny \u017bmigr\u00f3d, w Podstrefie \u017bmigr\u00f3d Kamiennog\u00f3rskiej Specjalnej Strefy Ekonomicznej, b\u0119d\u0105cej w\u0142asno\u015bci\u0105 Gminy \u017bmigr\u00f3d, sk\u0142adaj\u0105cej si\u0119 z \u00a0dzia\u0142ki Nr 14\/2, AM 17, na kt\u00f3rej prowadzona b\u0119dzie dzia\u0142alno\u015b\u0107 gospodarcza w\u00a0oparciu o Zezwolenie<\/p>\n<p align=\"center\">wybrano ofert\u0119 przedsi\u0119biorcy:<\/p>\n<p align=\"center\"><strong>Sylwestra Lecha prowadz\u0105cego dzia\u0142alno\u015b\u0107 gospodarcz\u0105 pod nazw\u0105<br \/>\nPPHU \u201eLECHMET\u201d Sylwester Lech<br \/>\nUl. Ko\u015bciuszki 9<br \/>\n55-140 \u017bmigr\u00f3d<\/strong><\/p>\n<p>Przewodnicz\u0105ca Komisji Przetargowej<\/p>\n<p>Danuta Lewandowska<\/p>\n","protected":false},"excerpt":{"rendered":"<p>INFORMACJA O WYBORZE OFERTY\u00a0 z dnia 29 maja 2013 roku (dotyczy zaproszenia do przetargu \u0142\u0105cznego og\u0142oszonego dnia 19 kwietnia 2013 r.) Zgodnie z \u00a7 8 pkt. 1 Rozporz\u0105dzenia Ministra Gospodarki i Pracy z dnia 15 listopada 2004 r. w sprawie przetarg\u00f3w i rokowa\u0144 oraz kryteri\u00f3w oceny zamierze\u0144 co do przedsi\u0119wzi\u0119\u0107 gospodarczych, kt\u00f3re maj\u0105 by\u0107 podj\u0119te [&hellip;]<\/p>\n","protected":false},"author":1,"featured_media":0,"parent":0,"menu_order":0,"comment_status":"closed","ping_status":"closed","template":"","meta":{"footnotes":""},"class_list":["post-9464","page","type-page","status-publish","hentry"],"_links":{"self":[{"href":"https:\/\/old-ssemp.sowiak.dev\/index.php?rest_route=\/wp\/v2\/pages\/9464","targetHints":{"allow":["GET"]}}],"collection":[{"href":"https:\/\/old-ssemp.sowiak.dev\/index.php?rest_route=\/wp\/v2\/pages"}],"about":[{"href":"https:\/\/old-ssemp.sowiak.dev\/index.php?rest_route=\/wp\/v2\/types\/page"}],"author":[{"embeddable":true,"href":"https:\/\/old-ssemp.sowiak.dev\/index.php?rest_route=\/wp\/v2\/users\/1"}],"replies":[{"embeddable":true,"href":"https:\/\/old-ssemp.sowiak.dev\/index.php?rest_route=%2Fwp%2Fv2%2Fcomments&post=9464"}],"version-history":[{"count":1,"href":"https:\/\/old-ssemp.sowiak.dev\/index.php?rest_route=\/wp\/v2\/pages\/9464\/revisions"}],"predecessor-version":[{"id":9472,"href":"https:\/\/old-ssemp.sowiak.dev\/index.php?rest_route=\/wp\/v2\/pages\/9464\/revisions\/9472"}],"wp:attachment":[{"href":"https:\/\/old-ssemp.sowiak.dev\/index.php?rest_route=%2Fwp%2Fv2%2Fmedia&parent=9464"}],"curies":[{"name":"wp","href":"https:\/\/api.w.org\/{rel}","templated":true}]}}