{"id":9463,"date":"2016-05-16T23:24:00","date_gmt":"2016-05-16T21:24:00","guid":{"rendered":"http:\/\/ssemp.pl\/wordpress\/?page_id=9463"},"modified":"2016-05-16T23:24:00","modified_gmt":"2016-05-16T21:24:00","slug":"dr-schneider-automotive-polska-sp-z-o-o-2013-03-29","status":"publish","type":"page","link":"https:\/\/old-ssemp.sowiak.dev\/?page_id=9463","title":{"rendered":"Dr. Schneider Automotive Polska Sp. z o.o. &#8211; 2013.03.29"},"content":{"rendered":"<p align=\"center\"><strong>INFORMACJA O WYBORZE OFERTY<\/strong><\/p>\n<p align=\"center\"><strong>z dnia 29 marca 2013 roku<\/strong><\/p>\n<p align=\"center\">(dotyczy zaproszenia do rokowa\u0144 og\u0142oszonego dnia 01.03.2013 r.)<\/p>\n<p>\u00a0\u00a0\u00a0\u00a0\u00a0\u00a0\u00a0\u00a0 Zgodnie z \u00a7 8, pkt. 1 Rozporz\u0105dzenia Ministra Gospodarki i Pracy z dnia 15 listopada 2004 r. w sprawie przetarg\u00f3w i rokowa\u0144 oraz kryteri\u00f3w oceny zamierze\u0144 co do przedsi\u0119wzi\u0119\u0107 gospodarczych, kt\u00f3re maj\u0105 by\u0107 podj\u0119te przez przedsi\u0119biorc\u00f3w na terenie Kamiennog\u00f3rskiej Specjalnej Strefy Ekonomicznej Ma\u0142ej Przedsi\u0119biorczo\u015bci (Dz.U. 254, poz.2539 z 2004 r. z p\u00f3\u017an. zmianami)<\/p>\n<p align=\"center\">Zarz\u0105dzaj\u0105cy Kamiennog\u00f3rsk\u0105 Specjaln\u0105 Stref\u0105 Ekonomiczn\u0105<\/p>\n<p align=\"center\">Ma\u0142ej Przedsi\u0119biorczo\u015bci<\/p>\n<p align=\"center\">informuje,<\/p>\n<p align=\"center\">\u017ce w wyniku rokowa\u0144 maj\u0105cych na celu ustalenie przedsi\u0119biorcy, kt\u00f3ry uzyska zezwolenie na prowadzenie dzia\u0142alno\u015bci gospodarczej na terenie<\/p>\n<p align=\"center\">\u00a0Podstrefy \u00a0Janowice Wielkie<\/p>\n<p align=\"center\">wybrano ofert\u0119 przedsi\u0119biorcy:<\/p>\n<p align=\"center\"><strong>Dr. Schneider Automotive Polska Sp. z o.o.<\/strong><strong><br \/>\nRadomierz 1d<br \/>\n58-520 Janowice Wielkie<\/strong><strong>\u00a0<\/strong><\/p>\n<p>&nbsp;<\/p>\n<p>Przewodnicz\u0105ca Komisji Rokowa\u0144<\/p>\n<p>Anna Komorowska<\/p>\n","protected":false},"excerpt":{"rendered":"<p>INFORMACJA O WYBORZE OFERTY z dnia 29 marca 2013 roku (dotyczy zaproszenia do rokowa\u0144 og\u0142oszonego dnia 01.03.2013 r.) \u00a0\u00a0\u00a0\u00a0\u00a0\u00a0\u00a0\u00a0 Zgodnie z \u00a7 8, pkt. 1 Rozporz\u0105dzenia Ministra Gospodarki i Pracy z dnia 15 listopada 2004 r. w sprawie przetarg\u00f3w i rokowa\u0144 oraz kryteri\u00f3w oceny zamierze\u0144 co do przedsi\u0119wzi\u0119\u0107 gospodarczych, kt\u00f3re maj\u0105 by\u0107 podj\u0119te przez przedsi\u0119biorc\u00f3w [&hellip;]<\/p>\n","protected":false},"author":1,"featured_media":0,"parent":0,"menu_order":0,"comment_status":"closed","ping_status":"closed","template":"","meta":{"footnotes":""},"class_list":["post-9463","page","type-page","status-publish","hentry"],"_links":{"self":[{"href":"https:\/\/old-ssemp.sowiak.dev\/index.php?rest_route=\/wp\/v2\/pages\/9463","targetHints":{"allow":["GET"]}}],"collection":[{"href":"https:\/\/old-ssemp.sowiak.dev\/index.php?rest_route=\/wp\/v2\/pages"}],"about":[{"href":"https:\/\/old-ssemp.sowiak.dev\/index.php?rest_route=\/wp\/v2\/types\/page"}],"author":[{"embeddable":true,"href":"https:\/\/old-ssemp.sowiak.dev\/index.php?rest_route=\/wp\/v2\/users\/1"}],"replies":[{"embeddable":true,"href":"https:\/\/old-ssemp.sowiak.dev\/index.php?rest_route=%2Fwp%2Fv2%2Fcomments&post=9463"}],"version-history":[{"count":1,"href":"https:\/\/old-ssemp.sowiak.dev\/index.php?rest_route=\/wp\/v2\/pages\/9463\/revisions"}],"predecessor-version":[{"id":9471,"href":"https:\/\/old-ssemp.sowiak.dev\/index.php?rest_route=\/wp\/v2\/pages\/9463\/revisions\/9471"}],"wp:attachment":[{"href":"https:\/\/old-ssemp.sowiak.dev\/index.php?rest_route=%2Fwp%2Fv2%2Fmedia&parent=9463"}],"curies":[{"name":"wp","href":"https:\/\/api.w.org\/{rel}","templated":true}]}}