{"id":9461,"date":"2016-05-16T23:22:01","date_gmt":"2016-05-16T21:22:01","guid":{"rendered":"http:\/\/ssemp.pl\/wordpress\/?page_id=9461"},"modified":"2016-05-16T23:22:01","modified_gmt":"2016-05-16T21:22:01","slug":"aerosol-international-sp-z-o-o","status":"publish","type":"page","link":"https:\/\/old-ssemp.sowiak.dev\/?page_id=9461","title":{"rendered":"Aerosol International Sp. z o.o."},"content":{"rendered":"<p align=\"center\"><strong>INFORMACJA O WYBORZE OFERTY<br \/>\nz dnia 10 sierpnia 2012 roku<\/strong><\/p>\n<p align=\"center\">(dotyczy zaproszenia do przetargu \u0142\u0105cznego og\u0142oszonego dnia 5 czerwca 2012 r.)<\/p>\n<p>Zgodnie z \u00a7 8 pkt. 1 Rozporz\u0105dzenia Ministra Gospodarki i Pracy z dnia 15 listopada 2004 r. w sprawie przetarg\u00f3w i rokowa\u0144 oraz kryteri\u00f3w oceny zamierze\u0144 co do przedsi\u0119wzi\u0119\u0107 gospodarczych, kt\u00f3re maj\u0105 by\u0107 podj\u0119te przez przedsi\u0119biorc\u00f3w na terenie Kamiennog\u00f3rskiej Specjalnej Strefy Ekonomicznej Ma\u0142ej Przedsi\u0119biorczo\u015bci (Dz.U. 254, poz. 2539 z p\u00f3\u017an. zm.), Zarz\u0105dzaj\u0105cy Kamiennog\u00f3rsk\u0105 Specjaln\u0105 Stref\u0105 Ekonomiczn\u0105 Ma\u0142ej Przedsi\u0119biorczo\u015bci<br \/>\ninformuje,<\/p>\n<p>\u017ce w wyniku pisemnego przetargu \u0142\u0105cznego maj\u0105cego na celu wy\u0142onienie przedsi\u0119biorcy, kt\u00f3ry uzyska zezwolenie na prowadzenie dzia\u0142alno\u015bci gospodarczej na terenie Kamiennog\u00f3rskiej Specjalnej Strefy Ekonomicznej Ma\u0142ej Przedsi\u0119biorczo\u015bci uprawniaj\u0105ce do korzystania z pomocy publicznej i nab\u0119dzie prawo w\u0142asno\u015bci nieruchomo\u015bci (niezabudowanej) b\u0119d\u0105cej w\u0142asno\u015bci\u0105 Gminy Miejskiej Zgorzelec, sk\u0142adaj\u0105cej si\u0119 z \u00a0dzia\u0142ki Nr 4\/3,1\/3, 17\/4 (ksi\u0119ga wieczysta JG1Z\/00015507\/3) o \u0142\u0105cznej powierzchni 6,0929 ha, po\u0142o\u017conej w wojew\u00f3dztwie dolno\u015bl\u0105skim, powiecie zgorzeleckim, miejscowo\u015bci Zgorzelec w Podstrefie Zgorzelec Kamiennog\u00f3rskiej Specjalnej Strefy Ekonomicznej Ma\u0142ej Przedsi\u0119biorczo\u015bci, na kt\u00f3rej b\u0119dzie prowadzona dzia\u0142alno\u015b\u0107 gospodarcza,<\/p>\n<p align=\"center\">wybrano ofert\u0119 przedsi\u0119biorcy:<br \/>\n<strong>Aerosol International Sp. z o.o.<br \/>\nUl. Papie\u017ca Jana Paw\u0142a II 11 A<br \/>\n58-400 Kamienna G\u00f3ra<\/strong><\/p>\n<p>Przewodnicz\u0105ca Komisji Przetargowej<br \/>\nDanuta Lewandowska<\/p>\n","protected":false},"excerpt":{"rendered":"<p>INFORMACJA O WYBORZE OFERTY z dnia 10 sierpnia 2012 roku (dotyczy zaproszenia do przetargu \u0142\u0105cznego og\u0142oszonego dnia 5 czerwca 2012 r.) Zgodnie z \u00a7 8 pkt. 1 Rozporz\u0105dzenia Ministra Gospodarki i Pracy z dnia 15 listopada 2004 r. w sprawie przetarg\u00f3w i rokowa\u0144 oraz kryteri\u00f3w oceny zamierze\u0144 co do przedsi\u0119wzi\u0119\u0107 gospodarczych, kt\u00f3re maj\u0105 by\u0107 podj\u0119te [&hellip;]<\/p>\n","protected":false},"author":1,"featured_media":0,"parent":0,"menu_order":0,"comment_status":"closed","ping_status":"closed","template":"","meta":{"footnotes":""},"class_list":["post-9461","page","type-page","status-publish","hentry"],"_links":{"self":[{"href":"https:\/\/old-ssemp.sowiak.dev\/index.php?rest_route=\/wp\/v2\/pages\/9461","targetHints":{"allow":["GET"]}}],"collection":[{"href":"https:\/\/old-ssemp.sowiak.dev\/index.php?rest_route=\/wp\/v2\/pages"}],"about":[{"href":"https:\/\/old-ssemp.sowiak.dev\/index.php?rest_route=\/wp\/v2\/types\/page"}],"author":[{"embeddable":true,"href":"https:\/\/old-ssemp.sowiak.dev\/index.php?rest_route=\/wp\/v2\/users\/1"}],"replies":[{"embeddable":true,"href":"https:\/\/old-ssemp.sowiak.dev\/index.php?rest_route=%2Fwp%2Fv2%2Fcomments&post=9461"}],"version-history":[{"count":1,"href":"https:\/\/old-ssemp.sowiak.dev\/index.php?rest_route=\/wp\/v2\/pages\/9461\/revisions"}],"predecessor-version":[{"id":9469,"href":"https:\/\/old-ssemp.sowiak.dev\/index.php?rest_route=\/wp\/v2\/pages\/9461\/revisions\/9469"}],"wp:attachment":[{"href":"https:\/\/old-ssemp.sowiak.dev\/index.php?rest_route=%2Fwp%2Fv2%2Fmedia&parent=9461"}],"curies":[{"name":"wp","href":"https:\/\/api.w.org\/{rel}","templated":true}]}}